{"id":243352,"date":"2025-03-05T10:13:03","date_gmt":"2025-03-05T09:13:03","guid":{"rendered":"https:\/\/digalco.com\/tienda\/hp-elitebook-830-g7-133-reconditionne-core-i5-17ghz-16-gb-ram-256-gb-ssd-m2-1920x1080-fr-13329\/"},"modified":"2025-12-12T10:03:23","modified_gmt":"2025-12-12T09:03:23","slug":"hp-elitebook-830-g7-133-reconditionne-core-i5-17ghz-16-gb-ram-256-gb-ssd-m2-1920x1080-fr-13329","status":"publish","type":"product","link":"https:\/\/digalco.com\/fr\/produit\/hp-elitebook-830-g7-133-reconditionne-core-i5-17ghz-16-gb-ram-256-gb-ssd-m2-1920x1080-fr-13329\/","title":{"rendered":"HP EliteBook 830 G7 13.3\u00a0\u00bb | Reconditionn\u00e9 | Core i5 1.7GHz | 16 GB RAM | 256 GB SSD M2 1920&#215;1080"},"content":{"rendered":"<p><strong>Processeur<\/strong><br \/>Intel Core i5 10310U 1.7 GHz.<br \/><strong>M\u00e9moire RAM<\/strong><br \/>16 Gb. SO-DDR4 RAM<br \/><strong>Disque dur<\/strong><br \/>256 Gb. SSD M2<br \/><strong>Cartes<\/strong><br \/>Graphique: Intel UHD Graphics<br \/>Son: Bang&amp;Olufsen Audio<br \/><strong>Syst\u00e8me op\u00e9ratif<\/strong><br \/>Windows 11 Pro<br \/><strong>Ports<\/strong><br \/>2x USB 3.0<br \/>2x USB-C<br \/><strong>\u00c9cran<\/strong><br \/>IPS 13.3 \u00a0\u00bb FullHD 16:9 \u00b7 R\u00e9solution 1920&#215;1080<br \/><strong>Ports vid\u00e9o<\/strong><br \/>HDMI<br \/><strong>Multim\u00e9dias<\/strong><br \/>Webcam<br \/>Lecteur d&#8217;empreintes<br \/>Lecteur carte d&rsquo;identit\u00e9<br \/><strong>Connectivit\u00e9<\/strong><br \/>WIFI<br \/>Bluetooth<br \/><strong>Notebook sp\u00e9cifique<\/strong><br \/>Langue du clavier International (autocollants espagnols)<br \/><strong>Autres<\/strong><br \/>hR emballage<br \/><strong>Dimensions<\/strong><br \/>30.7&#215;20.4&#215;1.8 cm.<br \/><strong>Poids<\/strong><br \/>1.24 Kg.<br \/><strong>Sp\u00e9cifications suppl\u00e9mentaires<\/strong><br \/>Le HP EliteBook 830 G7 est un ordinateur portable ultra-compact alliant performances et portabilit\u00e9, id\u00e9al pour les professionnels \u00e0 la recherche d&rsquo;un appareil fiable pour un usage quotidien. Sa conception haut de gamme et son ch\u00e2ssis durable garantissent la durabilit\u00e9 sans sacrifier la l\u00e9g\u00e8ret\u00e9.\u00c9quip\u00e9 d&rsquo;un processeur Intel Core i5 10310U \u00e0 1,7 GHz et de 16 Go de RAM SO-DDR4, il offre des performances fluides dans les applications multit\u00e2ches et exigeantes. Son SSD M.2 de 256 Go offre des d\u00e9marrages rapides et une vitesse de gestion des fichiers plus rapide.Son \u00e9cran IPS FullHD de 13,3&Prime; au format 16:9 avec une r\u00e9solution de 1920&#215;1080 offre des images nettes et des couleurs pr\u00e9cises, parfaites pour les longues journ\u00e9es de travail. De plus, il int\u00e8gre une webcam qui facilite la communication lors des appels vid\u00e9o et des r\u00e9unions virtuelles.Avec Windows 11 Pro, l&rsquo;appareil est pr\u00eat pour un environnement professionnel, garantissant une compatibilit\u00e9 avec les logiciels professionnels et des performances optimis\u00e9es. Bon aspect ext\u00e9rieur. Il peut y avoir de l\u00e9g\u00e8res traces d&rsquo;utilisation sur le bo\u00eetier. Regardez dans \u00ab + Photos \u00bb et \u00ab Vid\u00e9o \u00bb et si vous avez des questions, appelez-nous ou utilisez notre chat pour plus d&rsquo;informations ou pour demander plus de d\u00e9tails.<\/p>\n","protected":false},"excerpt":{"rendered":"<p>Intel Core i5 10310U 1.7 GHz. \u00b7 16 Gb. SO-DDR4 RAM \u00b7 256 Gb. SSD M2 \u00b7 <strong>Windows 11 Pro<\/strong> \u00b7 IPS 13.3 \u00a0\u00bb FullHD 16:9\u00b7 Webcam \u00b7<u>Clavier international avec autocollants Fran\u00e7ais<\/u> [&#8230;]<\/p>\n<p><a class=\"btn btn-secondary understrap-read-more-link\" href=\"https:\/\/digalco.com\/fr\/produit\/hp-elitebook-830-g7-133-reconditionne-core-i5-17ghz-16-gb-ram-256-gb-ssd-m2-1920x1080-fr-13329\/\">Lire la suite\u2026<span class=\"screen-reader-text\"> from HP EliteBook 830 G7 13.3\u00a0\u00bb | Reconditionn\u00e9 | Core i5 1.7GHz | 16 GB RAM | 256 GB SSD M2 1920&#215;1080<\/span><\/a><\/p>\n","protected":false},"featured_media":243302,"template":"","meta":[],"product_brand":[3854],"product_cat":[3755,1517],"product_tag":[],"class_list":{"0":"post-243352","1":"product","2":"type-product","3":"status-publish","4":"has-post-thumbnail","6":"product_brand-hp","7":"product_cat-notebooks-13-fr","8":"product_cat-notebooks-fr","10":"first","11":"outofstock","12":"taxable","13":"shipping-taxable","14":"purchasable","15":"product-type-simple"},"bundled_by":[],"bundle_stock_status":"outofstock","bundle_stock_quantity":0,"bundle_virtual":false,"bundle_layout":"","bundle_add_to_cart_form_location":"","bundle_editable_in_cart":false,"bundle_sold_individually_context":"","bundle_item_grouping":"","bundle_min_size":"","bundle_max_size":"","bundle_price":[],"bundled_items":[],"bundle_sell_ids":[],"exclude_global_add_ons":true,"addons":{"keyboard-iso-upgrades":{"name":"Choisir langue du clavier","type":"multiple_choice","position":0,"required":false,"title_format":"heading","default":"","description_enable":false,"description":"","placeholder_enable":false,"placeholder":"","display":"radiobutton","restrictions_type":"any_text","adjust_price":false,"price":"","price_type":"quantity_based","restrictions":false,"min":"0","max":"0","options":[{"label":"Autocollants espagnols [AMP00082]","price":"0.0000","price_type":"quantity_based","image":0,"visibility":true},{"label":"Autocollants fran\u00e7ais [AMP00084]","price":"0.0000","price_type":"quantity_based","image":0,"visibility":true},{"label":"Autocollants portugais [AMP00083]","price":"0.0000","price_type":"quantity_based","image":0,"visibility":true}]},"docking-station-upgrades":{"name":"Extension Docking Station","type":"multiple_choice","position":0,"required":false,"title_format":"heading","default":"","description_enable":false,"description":"","placeholder_enable":false,"placeholder":"","display":"radiobutton","restrictions_type":"any_text","adjust_price":false,"price":"","price_type":"quantity_based","restrictions":false,"min":"0","max":"0","options":[{"label":"HP USB-C Docking Station [AMP00091]","price":"55.0000","price_type":"quantity_based","image":0,"visibility":true}]},"ram-memory-upgrades":{"name":"Extension RAM","type":"multiple_choice","position":0,"required":false,"title_format":"heading","default":"","description_enable":false,"description":"","placeholder_enable":false,"placeholder":"","display":"radiobutton","restrictions_type":"any_text","adjust_price":false,"price":"","price_type":"quantity_based","restrictions":false,"min":"0","max":"0","options":[{"label":"Extension de 32 Gb de RAM SODIMM [AMP00098]","price":120,"price_type":"quantity_based","image":0,"visibility":true}]},"hdd-upgrades":{"name":"Extension disque dur","type":"multiple_choice","position":0,"required":false,"title_format":"heading","default":"","description_enable":false,"description":"","placeholder_enable":false,"placeholder":"","display":"radiobutton","restrictions_type":"any_text","adjust_price":false,"price":"","price_type":"quantity_based","restrictions":false,"min":"0","max":"0","options":[{"label":"Passez au disque SSD de 500 Gb. M.2 2280PCIe [AMP00106]","price":65,"price_type":"quantity_based","image":0,"visibility":true},{"label":"Passez au disque SSD 1 Tb. M.2 2280 PCIe [AMP00107]","price":120,"price_type":"quantity_based","image":0,"visibility":true}]},"os-upgrades":{"name":"Expansion SO","type":"multiple_choice","position":0,"required":false,"title_format":"heading","default":"","description_enable":false,"description":"","placeholder_enable":false,"placeholder":"","display":"radiobutton","restrictions_type":"any_text","adjust_price":false,"price":"","price_type":"quantity_based","restrictions":false,"min":"0","max":"0","options":[{"label":"Changer la langue en fran\u00e7ais [AMP00125]","price":"0.0000","price_type":"quantity_based","image":0,"visibility":true},{"label":"Changer la langue en anglais [AMP00008]","price":"0.0000","price_type":"quantity_based","image":0,"visibility":true},{"label":"Changer la langue en portugais [AMP00009]","price":"0.0000","price_type":"quantity_based","image":0,"visibility":true}]},"briefcase-upgrades":{"name":"Porte-documents","type":"multiple_choice","position":0,"required":false,"title_format":"heading","default":"","description_enable":false,"description":"","placeholder_enable":false,"placeholder":"","display":"radiobutton","restrictions_type":"any_text","adjust_price":false,"price":"","price_type":"quantity_based","restrictions":false,"min":"0","max":"0","options":[{"label":"Mallette Notebook [AMP00041]","price":"5.0000","price_type":"quantity_based","image":0,"visibility":true}]}},"df_price":265,"df_sale_price":"","df_regular_price":265,"df_image_link":"https:\/\/digalco.com\/wp-content\/uploads\/images\/product\/13329\/hp02901_01-300x225.jpg","_links":{"self":[{"href":"https:\/\/digalco.com\/fr\/wp-json\/wp\/v2\/product\/243352","targetHints":{"allow":["GET"]}}],"collection":[{"href":"https:\/\/digalco.com\/fr\/wp-json\/wp\/v2\/product"}],"about":[{"href":"https:\/\/digalco.com\/fr\/wp-json\/wp\/v2\/types\/product"}],"wp:featuredmedia":[{"embeddable":true,"href":"https:\/\/digalco.com\/fr\/wp-json\/wp\/v2\/media\/243302"}],"wp:attachment":[{"href":"https:\/\/digalco.com\/fr\/wp-json\/wp\/v2\/media?parent=243352"}],"wp:term":[{"taxonomy":"product_brand","embeddable":true,"href":"https:\/\/digalco.com\/fr\/wp-json\/wp\/v2\/product_brand?post=243352"},{"taxonomy":"product_cat","embeddable":true,"href":"https:\/\/digalco.com\/fr\/wp-json\/wp\/v2\/product_cat?post=243352"},{"taxonomy":"product_tag","embeddable":true,"href":"https:\/\/digalco.com\/fr\/wp-json\/wp\/v2\/product_tag?post=243352"}],"curies":[{"name":"wp","href":"https:\/\/api.w.org\/{rel}","templated":true}]}}