{"id":244015,"date":"2025-03-11T15:40:57","date_gmt":"2025-03-11T14:40:57","guid":{"rendered":"https:\/\/digalco.com\/tienda\/hp-elite-x2-g8-impecable-13-reconditionne-core-i5-26ghz-16-gb-ram-256-gb-ssd-m2-1920x1280-fr-13378\/"},"modified":"2026-04-16T11:33:12","modified_gmt":"2026-04-16T09:33:12","slug":"hp-elite-x2-g8-impecable-13-reconditionne-core-i5-26ghz-16-gb-ram-256-gb-ssd-m2-1920x1280-fr-13378","status":"publish","type":"product","link":"https:\/\/digalco.com\/fr\/produit\/hp-elite-x2-g8-impecable-13-reconditionne-core-i5-26ghz-16-gb-ram-256-gb-ssd-m2-1920x1280-fr-13378\/","title":{"rendered":"HP Elite X2 G8-Impecable 13\u00a0\u00bb | Reconditionn\u00e9 | Core i5 2.6GHz | 16 GB RAM | 256 GB SSD M2 1920&#215;1280"},"content":{"rendered":"<p><strong>Processeur<\/strong><br \/>Intel Core i5 i5-1145G7 2.6 GHz.<br \/><strong>M\u00e9moire RAM<\/strong><br \/>16 Gb. SO-DDR4 RAM<br \/><strong>Disque dur<\/strong><br \/>256 Gb. SSD M2<br \/><strong>Cartes<\/strong><br \/>Graphique: Intel Irix Xe Graphics<br \/>Son: Audio Bang &amp; Olufsen<br \/><strong>Syst\u00e8me op\u00e9ratif<\/strong><br \/>Windows 11 Pro<br \/><strong>Ports<\/strong><br \/>3x USB-C<br \/><strong>\u00c9cran<\/strong><br \/>Tactile 13 \u00a0\u00bb FullHD 16:10  \u00b7 R\u00e9solution 1920&#215;1280<br \/><strong>Multim\u00e9dias<\/strong><br \/>Cam\u00e9ra arri\u00e8re<br \/>Cam\u00e9ra frontale<br \/><strong>Connectivit\u00e9<\/strong><br \/>WIFI<br \/>Bluetooth<br \/>4G<br \/><strong>Autres<\/strong><br \/>hR emballage<br \/><strong>Dimensions<\/strong><br \/>29&#215;22.5&#215;2 cm.<br \/><strong>Poids<\/strong><br \/>1.15 Kg.<br \/><strong>Sp\u00e9cifications suppl\u00e9mentaires<\/strong><br \/>Le HP Elite X2 G8 est con\u00e7u pour la productivit\u00e9 et la mobilit\u00e9. \u00c9quip\u00e9 d&rsquo;un puissant Intel Core i5-1145G7 \u00e0 2,6 GHz, de 16 Go de RAM SO-DDR4 et d&rsquo;un SSD M2 de 256 Go, il offre des performances fluides et efficaces dans n&rsquo;importe quel environnement.<br \/>Son \u00e9cran tactile FullHD (1920&#215;1280) de 13 pouces au format 16:10 garantit une exp\u00e9rience visuelle exceptionnelle, parfaite pour le travail et le divertissement. Avec Windows 11 Pro, il offre s\u00e9curit\u00e9 et fonctionnalit\u00e9s avanc\u00e9es.<br \/>Aspect ext\u00e9rieur impeccable. Si vous avez des questions, appelez-nous ou utilisez notre chat pour plus d&rsquo;informations ou pour demander plus de d\u00e9tails.<\/p>\n","protected":false},"excerpt":{"rendered":"<p>Intel Core i5 i5-1145G7 2.6 GHz. [TPM 2.0] \u00b7 16 Gb. SO-DDR4 RAM \u00b7 256 Gb. SSD M2 \u00b7 <strong>Windows 11 Pro<\/strong> \u00b7 Tactile 13 \u00a0\u00bb FullHD 16:10 \u00b7 R\u00e9solution 1920&#215;1280 [&#8230;]<\/p>\n<p><a class=\"btn btn-secondary understrap-read-more-link\" href=\"https:\/\/digalco.com\/fr\/produit\/hp-elite-x2-g8-impecable-13-reconditionne-core-i5-26ghz-16-gb-ram-256-gb-ssd-m2-1920x1280-fr-13378\/\">Lire la suite\u2026<span class=\"screen-reader-text\"> from HP Elite X2 G8-Impecable 13\u00a0\u00bb | Reconditionn\u00e9 | Core i5 2.6GHz | 16 GB RAM | 256 GB SSD M2 1920&#215;1280<\/span><\/a><\/p>\n","protected":false},"featured_media":244010,"template":"","meta":[],"product_brand":[3854],"product_cat":[1581,3094],"product_tag":[],"class_list":{"0":"post-244015","1":"product","2":"type-product","3":"status-publish","4":"has-post-thumbnail","6":"product_brand-hp","7":"product_cat-tablettes-fr","8":"product_cat-tablettes-tablettes-fr","10":"first","11":"instock","12":"taxable","13":"shipping-taxable","14":"purchasable","15":"product-type-simple"},"bundled_by":[],"bundle_stock_status":"instock","bundle_stock_quantity":11,"bundle_virtual":false,"bundle_layout":"","bundle_add_to_cart_form_location":"","bundle_editable_in_cart":false,"bundle_sold_individually_context":"","bundle_item_grouping":"","bundle_min_size":"","bundle_max_size":"","bundle_price":[],"bundled_items":[],"bundle_sell_ids":[],"exclude_global_add_ons":true,"addons":{"docking-station-upgrades":{"name":"Extension Docking Station","type":"multiple_choice","position":0,"required":false,"title_format":"heading","default":"","description_enable":false,"description":"","placeholder_enable":false,"placeholder":"","display":"radiobutton","restrictions_type":"any_text","adjust_price":false,"price":"","price_type":"quantity_based","restrictions":false,"min":"0","max":"0","options":[{"label":"Microsoft Surface Docking Station 1661 [AMP00061]","price":"45.0000","price_type":"quantity_based","image":0,"visibility":true}]},"pencil-upgrades":{"name":"Extension Crayon","type":"multiple_choice","position":0,"required":false,"title_format":"heading","default":"","description_enable":false,"description":"","placeholder_enable":false,"placeholder":"","display":"radiobutton","restrictions_type":"any_text","adjust_price":false,"price":"","price_type":"quantity_based","restrictions":false,"min":"0","max":"0","options":[{"label":"HP Elite X2 Active Pen [AMP00092]","price":"35.0000","price_type":"quantity_based","image":0,"visibility":true}]},"os-upgrades":{"name":"Expansion SO","type":"multiple_choice","position":0,"required":false,"title_format":"heading","default":"","description_enable":false,"description":"","placeholder_enable":false,"placeholder":"","display":"radiobutton","restrictions_type":"any_text","adjust_price":false,"price":"","price_type":"quantity_based","restrictions":false,"min":"0","max":"0","options":[{"label":"Changer la langue en fran\u00e7ais [AMP00125]","price":"0.0000","price_type":"quantity_based","image":0,"visibility":true},{"label":"Changer la langue en anglais [AMP00008]","price":"0.0000","price_type":"quantity_based","image":0,"visibility":true},{"label":"Changer la langue en portugais [AMP00009]","price":"0.0000","price_type":"quantity_based","image":0,"visibility":true}]}},"df_price":412,"df_sale_price":"","df_regular_price":412,"df_image_link":"https:\/\/digalco.com\/wp-content\/uploads\/images\/product\/13378\/hp02924_01-300x225.jpg","_links":{"self":[{"href":"https:\/\/digalco.com\/fr\/wp-json\/wp\/v2\/product\/244015","targetHints":{"allow":["GET"]}}],"collection":[{"href":"https:\/\/digalco.com\/fr\/wp-json\/wp\/v2\/product"}],"about":[{"href":"https:\/\/digalco.com\/fr\/wp-json\/wp\/v2\/types\/product"}],"wp:featuredmedia":[{"embeddable":true,"href":"https:\/\/digalco.com\/fr\/wp-json\/wp\/v2\/media\/244010"}],"wp:attachment":[{"href":"https:\/\/digalco.com\/fr\/wp-json\/wp\/v2\/media?parent=244015"}],"wp:term":[{"taxonomy":"product_brand","embeddable":true,"href":"https:\/\/digalco.com\/fr\/wp-json\/wp\/v2\/product_brand?post=244015"},{"taxonomy":"product_cat","embeddable":true,"href":"https:\/\/digalco.com\/fr\/wp-json\/wp\/v2\/product_cat?post=244015"},{"taxonomy":"product_tag","embeddable":true,"href":"https:\/\/digalco.com\/fr\/wp-json\/wp\/v2\/product_tag?post=244015"}],"curies":[{"name":"wp","href":"https:\/\/api.w.org\/{rel}","templated":true}]}}