{"id":246172,"date":"2025-03-26T15:09:23","date_gmt":"2025-03-26T14:09:23","guid":{"rendered":"https:\/\/digalco.com\/tienda\/switch-cisco-ws-c2960-48tt-l-reconditionne-fr-13435\/"},"modified":"2025-03-26T15:09:26","modified_gmt":"2025-03-26T14:09:26","slug":"switch-cisco-ws-c2960-48tt-l-reconditionne-fr-13435","status":"publish","type":"product","link":"https:\/\/digalco.com\/fr\/produit\/switch-cisco-ws-c2960-48tt-l-reconditionne-fr-13435\/","title":{"rendered":"Switch CISCO WS-C2960-48TT-L | Reconditionn\u00e9"},"content":{"rendered":"<p><strong>G\u00e9n\u00e9rale imprimante<\/strong><br \/>Switch<br \/><strong>Ports r\u00e9seau<\/strong><br \/>48x Ethernet 100 Mbps.<br \/>2x Ethernet 1000 Mbps.<br \/><strong>Autres<\/strong><br \/>hR emballage<br \/><strong>Dimensions<\/strong><br \/>44.5x28x4.5 cm.<br \/><strong>Poids<\/strong><br \/>4.20 Kg.<br \/><strong>Commentaires<\/strong><br \/><u>Switch &#8211; 48xEthernet 10\/100 Mbps RJ45 &#8211; 2x1000BT LAN Base Image RJ45<\/u><\/p>\n","protected":false},"excerpt":{"rendered":"<p>Switch \u00b7 48x Ethernet 100 Mbps. \u00b7 2x Ethernet 1000 Mbps. \u00b7 Montage en rack \u00b7 <u>Switch &#8211; 48xEthernet 10\/100 Mbps RJ45 &#8211; 2x1000BT LAN Base Image RJ45<\/u> [&#8230;]<\/p>\n<p><a class=\"btn btn-secondary understrap-read-more-link\" href=\"https:\/\/digalco.com\/fr\/produit\/switch-cisco-ws-c2960-48tt-l-reconditionne-fr-13435\/\">Lire la suite\u2026<span class=\"screen-reader-text\"> from Switch CISCO WS-C2960-48TT-L | Reconditionn\u00e9<\/span><\/a><\/p>\n","protected":false},"featured_media":246167,"template":"","meta":[],"product_brand":[3882],"product_cat":[3787,1665],"product_tag":[],"class_list":{"0":"post-246172","1":"product","2":"type-product","3":"status-publish","4":"has-post-thumbnail","6":"product_brand-cisco","7":"product_cat-networking-switches-fr","8":"product_cat-networking-fr","10":"first","11":"instock","12":"taxable","13":"shipping-taxable","14":"purchasable","15":"product-type-simple"},"bundled_by":[],"bundle_stock_status":"instock","bundle_stock_quantity":1,"bundle_virtual":false,"bundle_layout":"","bundle_add_to_cart_form_location":"","bundle_editable_in_cart":false,"bundle_sold_individually_context":"","bundle_item_grouping":"","bundle_min_size":"","bundle_max_size":"","bundle_price":[],"bundled_items":[],"bundle_sell_ids":[],"exclude_global_add_ons":[],"addons":[],"df_price":72,"df_sale_price":"","df_regular_price":72,"df_image_link":"https:\/\/digalco.com\/wp-content\/uploads\/images\/product\/13435\/cisc00107_01-300x225.jpg","_links":{"self":[{"href":"https:\/\/digalco.com\/fr\/wp-json\/wp\/v2\/product\/246172","targetHints":{"allow":["GET"]}}],"collection":[{"href":"https:\/\/digalco.com\/fr\/wp-json\/wp\/v2\/product"}],"about":[{"href":"https:\/\/digalco.com\/fr\/wp-json\/wp\/v2\/types\/product"}],"wp:featuredmedia":[{"embeddable":true,"href":"https:\/\/digalco.com\/fr\/wp-json\/wp\/v2\/media\/246167"}],"wp:attachment":[{"href":"https:\/\/digalco.com\/fr\/wp-json\/wp\/v2\/media?parent=246172"}],"wp:term":[{"taxonomy":"product_brand","embeddable":true,"href":"https:\/\/digalco.com\/fr\/wp-json\/wp\/v2\/product_brand?post=246172"},{"taxonomy":"product_cat","embeddable":true,"href":"https:\/\/digalco.com\/fr\/wp-json\/wp\/v2\/product_cat?post=246172"},{"taxonomy":"product_tag","embeddable":true,"href":"https:\/\/digalco.com\/fr\/wp-json\/wp\/v2\/product_tag?post=246172"}],"curies":[{"name":"wp","href":"https:\/\/api.w.org\/{rel}","templated":true}]}}