{"id":247483,"date":"2025-04-04T12:27:51","date_gmt":"2025-04-04T10:27:51","guid":{"rendered":"https:\/\/digalco.com\/tienda\/hp-elitebook-830-g6-133-reconditionne-core-i5-16ghz-16-gb-ram-256-gb-ssd-m2-1920x1080-fr-13328\/"},"modified":"2025-07-28T08:41:13","modified_gmt":"2025-07-28T06:41:13","slug":"hp-elitebook-830-g6-133-reconditionne-core-i5-16ghz-16-gb-ram-256-gb-ssd-m2-1920x1080-fr-13328","status":"publish","type":"product","link":"https:\/\/digalco.com\/fr\/produit\/hp-elitebook-830-g6-133-reconditionne-core-i5-16ghz-16-gb-ram-256-gb-ssd-m2-1920x1080-fr-13328\/","title":{"rendered":"HP EliteBook 830 G6 13.3\u00a0\u00bb | Reconditionn\u00e9 | Core i5 1.6GHz | 16 GB RAM | 256 GB SSD M2 1920&#215;1080"},"content":{"rendered":"<p><strong>Processeur<\/strong><br \/>Intel Core i5 8365U 1.6 GHz. [TPM 2.0]<br \/><strong>M\u00e9moire RAM<\/strong><br \/>16 Gb. SO-DDR4 RAM<br \/><strong>Disque dur<\/strong><br \/>256 Gb. SSD M2<br \/><strong>Cartes<\/strong><br \/>Graphique: Intel UHD Graphics 620<br \/>Son: Bang&amp;Olufsen Audio<br \/>R\u00e9seau: intel(R) ethernet 219-V<br \/><strong>Syst\u00e8me op\u00e9ratif<\/strong><br \/>Windows 11 Pro<br \/><strong>Ports<\/strong><br \/>2x USB 3.0<br \/>USB-C<br \/><strong>\u00c9cran<\/strong><br \/>IPS 13.3 \u00a0\u00bb FullHD 16:9  \u00b7 R\u00e9solution 1920&#215;1080<br \/><strong>Ports vid\u00e9o<\/strong><br \/>HDMI<br \/><strong>Multim\u00e9dias<\/strong><br \/>Webcam<br \/>Lecteur d&#8217;empreintes<br \/>Lecteur carte d&rsquo;identit\u00e9<br \/><strong>Connectivit\u00e9<\/strong><br \/>RJ-45<br \/>WIFI<br \/>Bluetooth<br \/><strong>Notebook sp\u00e9cifique<\/strong><br \/>Langue du clavier Espagnol<br \/><strong>Autres<\/strong><br \/>hR emballage<br \/><strong>Dimensions<\/strong><br \/>31x23x1.8 cm.<br \/><strong>Poids<\/strong><br \/>1.45 Kg.<br \/><strong>Sp\u00e9cifications suppl\u00e9mentaires<\/strong><br \/>Le HP EliteBook 830 G6 est un ordinateur portable professionnel con\u00e7u pour ceux qui recherchent mobilit\u00e9, s\u00e9curit\u00e9 et hautes performances dans un appareil compact et efficace. Avec son processeur Intel Core i5 8365U \u00e0 1,6 GHz, 16 Go de RAM DDR4 et un SSD M.2 rapide de 256 Go, il garantit des performances fluides dans les t\u00e2ches exigeantes, de la bureautique au multit\u00e2che avanc\u00e9.<br \/>Son \u00e9cran IPS FullHD 13,3&Prime; 1920 x 1080 offre des images nettes et des couleurs \u00e9clatantes, id\u00e9ales pour les longues journ\u00e9es de travail. Equip\u00e9 de Windows 11 Pro, il offre un environnement s\u00e9curis\u00e9 et optimis\u00e9 pour la productivit\u00e9 des entreprises.<br \/>L&rsquo;EliteBook 830 G6 se distingue par sa s\u00e9curit\u00e9 avanc\u00e9e, avec un lecteur d&#8217;empreintes digitales et un lecteur d&rsquo;identit\u00e9 pour une authentification rapide et fiable. De plus, sa webcam HD permet de passer des appels vid\u00e9o de qualit\u00e9 professionnelle, parfaits pour les r\u00e9unions \u00e0 distance.<br \/>L\u00e9ger, durable et dot\u00e9 d&rsquo;un design haut de gamme, cet ordinateur portable HP EliteBook est le choix id\u00e9al pour les professionnels qui ont besoin de puissance, de fiabilit\u00e9 et de s\u00e9curit\u00e9 partout.<br \/>Bon aspect ext\u00e9rieur. Il peut y avoir de l\u00e9g\u00e8res traces d&rsquo;utilisation sur le bo\u00eetier. Regardez dans \u00ab + Photos \u00bb et \u00ab Vid\u00e9o \u00bb et si vous avez des questions, appelez-nous ou utilisez notre chat pour plus d&rsquo;informations ou pour demander plus de d\u00e9tails.<\/p>\n","protected":false},"excerpt":{"rendered":"<p>Intel Core i5 8365U 1.6 GHz. [TPM 2.0] \u00b7 16 Gb. SO-DDR4 RAM \u00b7 256 Gb. SSD M2 \u00b7 Windows 11 Pro \u00b7 IPS 13.3 \u00a0\u00bb FullHD 16:9  \u00b7 R\u00e9solution 1920&#215;1080 \u00b7 Webcam \u00b7 Lecteur d&#8217;empreintes \u00b7 Lecteur carte d&rsquo;identit\u00e9 [&#8230;]<\/p>\n<p><a class=\"btn btn-secondary understrap-read-more-link\" href=\"https:\/\/digalco.com\/fr\/produit\/hp-elitebook-830-g6-133-reconditionne-core-i5-16ghz-16-gb-ram-256-gb-ssd-m2-1920x1080-fr-13328\/\">Lire la suite\u2026<span class=\"screen-reader-text\"> from HP EliteBook 830 G6 13.3\u00a0\u00bb | Reconditionn\u00e9 | Core i5 1.6GHz | 16 GB RAM | 256 GB SSD M2 1920&#215;1080<\/span><\/a><\/p>\n","protected":false},"featured_media":247433,"template":"","meta":[],"product_brand":[3854],"product_cat":[3755,1517],"product_tag":[],"class_list":{"0":"post-247483","1":"product","2":"type-product","3":"status-publish","4":"has-post-thumbnail","6":"product_brand-hp","7":"product_cat-notebooks-13-fr","8":"product_cat-notebooks-fr","10":"first","11":"instock","12":"taxable","13":"shipping-taxable","14":"purchasable","15":"product-type-simple"},"bundled_by":[],"bundle_stock_status":"instock","bundle_stock_quantity":2,"bundle_virtual":false,"bundle_layout":"","bundle_add_to_cart_form_location":"","bundle_editable_in_cart":false,"bundle_sold_individually_context":"","bundle_item_grouping":"","bundle_min_size":"","bundle_max_size":"","bundle_price":[],"bundled_items":[],"bundle_sell_ids":[],"exclude_global_add_ons":true,"addons":{"keyboard-iso-upgrades":{"name":"Choisir langue du clavier","type":"multiple_choice","position":0,"required":false,"title_format":"heading","default":"","description_enable":false,"description":"","placeholder_enable":false,"placeholder":"","display":"radiobutton","restrictions_type":"any_text","adjust_price":false,"price":"","price_type":"quantity_based","restrictions":false,"min":"0","max":"0","options":[{"label":"Autocollants fran\u00e7ais [AMP00084]","price":"0.0000","price_type":"quantity_based","image":0,"visibility":true},{"label":"Autocollants portugais [AMP00083]","price":"0.0000","price_type":"quantity_based","image":0,"visibility":true}]},"ram-memory-upgrades":{"name":"Extension RAM","type":"multiple_choice","position":0,"required":false,"title_format":"heading","default":"","description_enable":false,"description":"","placeholder_enable":false,"placeholder":"","display":"radiobutton","restrictions_type":"any_text","adjust_price":false,"price":"","price_type":"quantity_based","restrictions":false,"min":"0","max":"0","options":[{"label":"Extension de 32 Gb de RAM SODIMM [AMP00098]","price":150,"price_type":"quantity_based","image":0,"visibility":true}]},"hdd-upgrades":{"name":"Extension disque dur","type":"multiple_choice","position":0,"required":false,"title_format":"heading","default":"","description_enable":false,"description":"","placeholder_enable":false,"placeholder":"","display":"radiobutton","restrictions_type":"any_text","adjust_price":false,"price":"","price_type":"quantity_based","restrictions":false,"min":"0","max":"0","options":[{"label":"Passez au disque SSD de 500 Gb. M.2 2280PCIe [AMP00106]","price":110,"price_type":"quantity_based","image":0,"visibility":true},{"label":"Passez au disque SSD 1 Tb. M.2 2280 PCIe [AMP00107]","price":165,"price_type":"quantity_based","image":0,"visibility":true}]},"os-upgrades":{"name":"Expansion SO","type":"multiple_choice","position":0,"required":false,"title_format":"heading","default":"","description_enable":false,"description":"","placeholder_enable":false,"placeholder":"","display":"radiobutton","restrictions_type":"any_text","adjust_price":false,"price":"","price_type":"quantity_based","restrictions":false,"min":"0","max":"0","options":[{"label":"Changer la langue en fran\u00e7ais [AMP00125]","price":"0.0000","price_type":"quantity_based","image":0,"visibility":true},{"label":"Changer la langue en anglais [AMP00008]","price":"0.0000","price_type":"quantity_based","image":0,"visibility":true},{"label":"Changer la langue en portugais [AMP00009]","price":"0.0000","price_type":"quantity_based","image":0,"visibility":true}]},"briefcase-upgrades":{"name":"Porte-documents","type":"multiple_choice","position":0,"required":false,"title_format":"heading","default":"","description_enable":false,"description":"","placeholder_enable":false,"placeholder":"","display":"radiobutton","restrictions_type":"any_text","adjust_price":false,"price":"","price_type":"quantity_based","restrictions":false,"min":"0","max":"0","options":[{"label":"Mallette Notebook [AMP00041]","price":"5.0000","price_type":"quantity_based","image":0,"visibility":true}]}},"df_price":282,"df_sale_price":"","df_regular_price":282,"df_image_link":"https:\/\/digalco.com\/wp-content\/uploads\/images\/product\/13328\/hp02900_01-300x225.jpg","_links":{"self":[{"href":"https:\/\/digalco.com\/fr\/wp-json\/wp\/v2\/product\/247483","targetHints":{"allow":["GET"]}}],"collection":[{"href":"https:\/\/digalco.com\/fr\/wp-json\/wp\/v2\/product"}],"about":[{"href":"https:\/\/digalco.com\/fr\/wp-json\/wp\/v2\/types\/product"}],"wp:featuredmedia":[{"embeddable":true,"href":"https:\/\/digalco.com\/fr\/wp-json\/wp\/v2\/media\/247433"}],"wp:attachment":[{"href":"https:\/\/digalco.com\/fr\/wp-json\/wp\/v2\/media?parent=247483"}],"wp:term":[{"taxonomy":"product_brand","embeddable":true,"href":"https:\/\/digalco.com\/fr\/wp-json\/wp\/v2\/product_brand?post=247483"},{"taxonomy":"product_cat","embeddable":true,"href":"https:\/\/digalco.com\/fr\/wp-json\/wp\/v2\/product_cat?post=247483"},{"taxonomy":"product_tag","embeddable":true,"href":"https:\/\/digalco.com\/fr\/wp-json\/wp\/v2\/product_tag?post=247483"}],"curies":[{"name":"wp","href":"https:\/\/api.w.org\/{rel}","templated":true}]}}