{"id":248210,"date":"2025-04-09T16:49:46","date_gmt":"2025-04-09T14:49:46","guid":{"rendered":"https:\/\/digalco.com\/tienda\/flytech-k936-c73-156-aio-reconditionne-celeron-14ghz-4-gb-ram-320-gb-hdd-fr-13509\/"},"modified":"2025-07-23T16:39:08","modified_gmt":"2025-07-23T14:39:08","slug":"flytech-k936-c73-156-aio-reconditionne-celeron-14ghz-4-gb-ram-320-gb-hdd-fr-13509","status":"publish","type":"product","link":"https:\/\/digalco.com\/fr\/produit\/flytech-k936-c73-156-aio-reconditionne-celeron-14ghz-4-gb-ram-320-gb-hdd-fr-13509\/","title":{"rendered":"Flytech K936-C73 15.6\u00a0\u00bb AIO | Reconditionn\u00e9 | Celeron 1.4GHz | 4 GB RAM | 320 GB HDD"},"content":{"rendered":"<p><strong>Processeur<\/strong><br \/>Intel Celeron 1047UE 1.4 GHz.<br \/><strong>Facteur de forme<\/strong><br \/>AIO<br \/><strong>M\u00e9moire RAM<\/strong><br \/>4 Gb. SO-DDR3 RAM<br \/><strong>Disque dur<\/strong><br \/>320 Gb. SATA<br \/><strong>Cartes<\/strong><br \/>Graphique: intel HD Graphics<br \/>Son: Realtek ALC662-GR HD<br \/>R\u00e9seau: Ethernet Gigabit<br \/><strong>Syst\u00e8me op\u00e9ratif<\/strong><br \/>Windows 10 Pro<br \/><strong>Ports<\/strong><br \/>3x USB 2.0<br \/>2x USB 3.0<br \/><strong>\u00c9cran<\/strong><br \/>Led 15.6 \u00a0\u00bb HD avec Haut-parleurs \u00b7  16:9  \u00b7 R\u00e9solution 1366&#215;768<br \/><strong>Ports vid\u00e9o<\/strong><br \/>DVI<br \/><strong>Multim\u00e9dias<\/strong><br \/>Webcam<br \/><strong>Affichage sp\u00e9cifique<\/strong><br \/>Stand VESA<br \/>Tension d&rsquo;alimentation externe 12V<br \/><strong>Connectivit\u00e9<\/strong><br \/>2x RJ-45<br \/><strong>Autres<\/strong><br \/>hR emballage<br \/><strong>Dimensions<\/strong><br \/>39&#215;29.7&#215;5.5 cm.<br \/><strong>Poids<\/strong><br \/>4.00 Kg.<br \/><strong>Sp\u00e9cifications suppl\u00e9mentaires<\/strong><br \/><b>Principales caract\u00e9ristiques\u00a0:<\/b><br \/>\u00c9cran tactile facile \u00e0 utiliser.<br \/>Logement avec traitement antimicrobien.<br \/>Fonctionnement silencieux (sans ventilateur).<br \/>Montage flexible : compatible avec bras articul\u00e9 ou support VESA.<br \/>Pr\u00e9par\u00e9 pour les environnements exigeant hygi\u00e8ne et fiabilit\u00e9.<br \/>Id\u00e9al pour l&rsquo;int\u00e9gration dans des solutions HIS, LIS, PACS ou des plateformes personnalis\u00e9es.<br \/><b>Secteurs d&rsquo;utilisation :<\/b><br \/>Point de vente (PDV)<br \/>Bornes interactives.<br \/>P\u00e9dagogique.<br \/>Centres de service \u00e0 la client\u00e8le.<br \/>Divertissement.<br \/>Assistance personnelle<br \/>Bon aspect ext\u00e9rieur. Si vous avez des questions, appelez-nous ou utilisez notre chat pour plus d&rsquo;informations ou pour demander plus de d\u00e9tails.<br \/><strong>Commentaires<\/strong><br \/><u>1xRJ48 \/ 1xRJ11 &#8211; VESA 75&#215;75 mm &#8211; Bo\u00eetier antibact\u00e9rien<\/u><\/p>\n","protected":false},"excerpt":{"rendered":"<p>Intel Celeron 1047UE 1.4 GHz. \u00b7 4 Gb. SO-DDR3 RAM \u00b7 320 Gb. SATA \u00b7 Windows 10 Pro \u00b7 Led 15.6 \u00a0\u00bb HD avec Haut-parleurs \u00b7  16:9  \u00b7 R\u00e9solution 1366&#215;768 \u00b7 <u>1xRJ48 \/ 1xRJ11 &#8211; VESA 75&#215;75 mm &#8211; Bo\u00eetier antibact\u00e9rien<\/u> [&#8230;]<\/p>\n<p><a class=\"btn btn-secondary understrap-read-more-link\" href=\"https:\/\/digalco.com\/fr\/produit\/flytech-k936-c73-156-aio-reconditionne-celeron-14ghz-4-gb-ram-320-gb-hdd-fr-13509\/\">Lire la suite\u2026<span class=\"screen-reader-text\"> from Flytech K936-C73 15.6\u00a0\u00bb AIO | Reconditionn\u00e9 | Celeron 1.4GHz | 4 GB RAM | 320 GB HDD<\/span><\/a><\/p>\n","protected":false},"featured_media":248170,"template":"","meta":[],"product_brand":[3943],"product_cat":[1601,1597],"product_tag":[],"class_list":{"0":"post-248210","1":"product","2":"type-product","3":"status-publish","4":"has-post-thumbnail","6":"product_brand-flytech","7":"product_cat-tpv-all-in-one-fr","8":"product_cat-tpv-fr","10":"first","11":"instock","12":"taxable","13":"shipping-taxable","14":"purchasable","15":"product-type-simple"},"bundled_by":[],"bundle_stock_status":"instock","bundle_stock_quantity":8,"bundle_virtual":false,"bundle_layout":"","bundle_add_to_cart_form_location":"","bundle_editable_in_cart":false,"bundle_sold_individually_context":"","bundle_item_grouping":"","bundle_min_size":"","bundle_max_size":"","bundle_price":[],"bundled_items":[],"bundle_sell_ids":[],"exclude_global_add_ons":true,"addons":{"ram-memory-upgrades":{"name":"Extension RAM","type":"multiple_choice","position":0,"required":false,"title_format":"heading","default":"","description_enable":false,"description":"","placeholder_enable":false,"placeholder":"","display":"radiobutton","restrictions_type":"any_text","adjust_price":false,"price":"","price_type":"quantity_based","restrictions":false,"min":"0","max":"0","options":[{"label":"Extension de 8 Gb de RAM SODIMM [AMP00003]","price":"20.0000","price_type":"quantity_based","image":0,"visibility":true}]},"hdd-upgrades":{"name":"Extension disque dur","type":"multiple_choice","position":0,"required":false,"title_format":"heading","default":"","description_enable":false,"description":"","placeholder_enable":false,"placeholder":"","display":"radiobutton","restrictions_type":"any_text","adjust_price":false,"price":"","price_type":"quantity_based","restrictions":false,"min":"0","max":"0","options":[{"label":"Passez au disque SSD de 120 Gb. [AMP00012]","price":"25.0000","price_type":"quantity_based","image":0,"visibility":true},{"label":"Passez au disque SSD de 240 Gb. [AMP00013]","price":"35.0000","price_type":"quantity_based","image":0,"visibility":true},{"label":"Passez au disque SSD de 480 Gb. [AMP00014]","price":59,"price_type":"quantity_based","image":0,"visibility":true}]},"network-card-upgrades":{"name":"Extension WIFI","type":"multiple_choice","position":0,"required":false,"title_format":"heading","default":"","description_enable":false,"description":"","placeholder_enable":false,"placeholder":"","display":"radiobutton","restrictions_type":"any_text","adjust_price":false,"price":"","price_type":"quantity_based","restrictions":false,"min":"0","max":"0","options":[{"label":"Mise \u00e0 niveau nano USB sans fil [AMP00018]","price":"12.0000","price_type":"quantity_based","image":0,"visibility":true}]},"os-upgrades":{"name":"Expansion SO","type":"multiple_choice","position":0,"required":false,"title_format":"heading","default":"","description_enable":false,"description":"","placeholder_enable":false,"placeholder":"","display":"radiobutton","restrictions_type":"any_text","adjust_price":false,"price":"","price_type":"quantity_based","restrictions":false,"min":"0","max":"0","options":[{"label":"Changer la langue en fran\u00e7ais [AMP00125]","price":"0.0000","price_type":"quantity_based","image":0,"visibility":true},{"label":"Changer la langue en anglais [AMP00008]","price":"0.0000","price_type":"quantity_based","image":0,"visibility":true},{"label":"Changer la langue en portugais [AMP00009]","price":"0.0000","price_type":"quantity_based","image":0,"visibility":true}]},"keyboard-upgrades":{"name":"Extension clavier","type":"multiple_choice","position":0,"required":false,"title_format":"heading","default":"","description_enable":false,"description":"","placeholder_enable":false,"placeholder":"","display":"radiobutton","restrictions_type":"any_text","adjust_price":false,"price":"","price_type":"quantity_based","restrictions":false,"min":"0","max":"0","options":[{"label":"Clavier et souris [AMP00020]","price":"8.0000","price_type":"quantity_based","image":0,"visibility":true},{"label":"Clavier et souris Portuguese New [AMP00088]","price":"15.0000","price_type":"quantity_based","image":0,"visibility":true},{"label":"Clavier et souris USB espagnols (Nouveau) [AMP00068]","price":"12.0000","price_type":"quantity_based","image":0,"visibility":true}]}},"df_price":105,"df_sale_price":"","df_regular_price":105,"df_image_link":"https:\/\/digalco.com\/wp-content\/uploads\/images\/product\/13509\/flyt00001_01-300x225.jpg","_links":{"self":[{"href":"https:\/\/digalco.com\/fr\/wp-json\/wp\/v2\/product\/248210","targetHints":{"allow":["GET"]}}],"collection":[{"href":"https:\/\/digalco.com\/fr\/wp-json\/wp\/v2\/product"}],"about":[{"href":"https:\/\/digalco.com\/fr\/wp-json\/wp\/v2\/types\/product"}],"wp:featuredmedia":[{"embeddable":true,"href":"https:\/\/digalco.com\/fr\/wp-json\/wp\/v2\/media\/248170"}],"wp:attachment":[{"href":"https:\/\/digalco.com\/fr\/wp-json\/wp\/v2\/media?parent=248210"}],"wp:term":[{"taxonomy":"product_brand","embeddable":true,"href":"https:\/\/digalco.com\/fr\/wp-json\/wp\/v2\/product_brand?post=248210"},{"taxonomy":"product_cat","embeddable":true,"href":"https:\/\/digalco.com\/fr\/wp-json\/wp\/v2\/product_cat?post=248210"},{"taxonomy":"product_tag","embeddable":true,"href":"https:\/\/digalco.com\/fr\/wp-json\/wp\/v2\/product_tag?post=248210"}],"curies":[{"name":"wp","href":"https:\/\/api.w.org\/{rel}","templated":true}]}}