{"id":248941,"date":"2025-04-15T09:31:07","date_gmt":"2025-04-15T07:31:07","guid":{"rendered":"https:\/\/digalco.com\/tienda\/asus-eb-1036-tiny-mini-reconditionne-celeron-199ghz-2-gb-ram-320-gb-hdd-fr-11203\/"},"modified":"2025-04-15T09:31:15","modified_gmt":"2025-04-15T07:31:15","slug":"asus-eb-1036-tiny-mini-reconditionne-celeron-199ghz-2-gb-ram-320-gb-hdd-fr-11203","status":"publish","type":"product","link":"https:\/\/digalco.com\/fr\/produit\/asus-eb-1036-tiny-mini-reconditionne-celeron-199ghz-2-gb-ram-320-gb-hdd-fr-11203\/","title":{"rendered":"Asus EB 1036 Tiny Mini | Reconditionn\u00e9 | Celeron 1.99GHz | 2 GB RAM | 320 GB HDD"},"content":{"rendered":"<p><strong>Processeur<\/strong><br \/>Intel Celeron J1900 1.99 GHz.<br \/><strong>Facteur de forme<\/strong><br \/>Mini<br \/><strong>M\u00e9moire RAM<\/strong><br \/>2 Gb. SO-DDR3 RAM<br \/><strong>Disque dur<\/strong><br \/>320 Gb. SATA<br \/><strong>Cartes<\/strong><br \/>Graphique: intel HD Graphics<br \/>Son: High Definition Audio<br \/>R\u00e9seau: Pcie Gbe Family Controller<br \/><strong>Syst\u00e8me op\u00e9ratif<\/strong><br \/>Ubuntu GNU\/Linux<br \/><strong>Ports<\/strong><br \/>S\u00e9rie<br \/>3x USB 2.0<br \/>USB 3.0<br \/><strong>Ports vid\u00e9o<\/strong><br \/>VGA<br \/>HDMI<br \/><strong>Multim\u00e9dias<\/strong><br \/>Lecteur SD<br \/><strong>Connectivit\u00e9<\/strong><br \/>RJ-45<br \/>WIFI<br \/><strong>Autres<\/strong><br \/>hR emballage<br \/><strong>Dimensions<\/strong><br \/>22&#215;17.5&#215;3 cm.<br \/><strong>Poids<\/strong><br \/>0.75 Kg.<br \/><strong>Sp\u00e9cifications suppl\u00e9mentaires<\/strong><br \/>L&rsquo;ASUS EB1036 Tiny est un mini PC compact, silencieux et \u00e9conome en \u00e9nergie, id\u00e9al pour les t\u00e2ches de base ou pour une utilisation en tant que client l\u00e9ger. Il int\u00e8gre un processeur Intel Celeron J1900 cadenc\u00e9 \u00e0 1,99 GHz, accompagn\u00e9 de 2 Go de RAM DDR3 et d&rsquo;un disque dur SATA de 320 Go, suffisant pour la navigation, le travail bureautique ou la lecture multim\u00e9dia l\u00e9g\u00e8re.<br \/>Ce mod\u00e8le est livr\u00e9 avec le syst\u00e8me d&rsquo;exploitation Ubuntu GNU\/Linux, garantissant stabilit\u00e9, s\u00e9curit\u00e9 et flexibilit\u00e9 pour les environnements \u00e9ducatifs, professionnels ou domestiques qui optent pour des solutions open source.<br \/>Gr\u00e2ce \u00e0 sa conception ultra-compacte, l&rsquo;EB1036 est parfait pour les bureaux avec un espace limit\u00e9 ou comme centre multim\u00e9dia discret. Sa faible consommation d&rsquo;\u00e9nergie en fait \u00e9galement un choix id\u00e9al pour les installations 24h\/24 et 7j\/7 ou les environnements industriels.<br \/>Bon aspect ext\u00e9rieur. Peut pr\u00e9senter de l\u00e9g\u00e8res traces d&rsquo;utilisation sur le bo\u00eetier. Regardez sous \u00ab + Photos \u00bb et si vous avez des questions, appelez-nous ou utilisez notre chat pour plus d\u2019informations ou pour demander plus de d\u00e9tails.<br \/><strong>Commentaires<\/strong><br \/><u>Comprend le Wi-Fi<\/u><\/p>\n","protected":false},"excerpt":{"rendered":"<p>Intel Celeron J1900 1.99 GHz. \u00b7 2 Gb. SO-DDR3 RAM \u00b7 320 Gb. SATA \u00b7 Ubuntu GNU\/Linux \u00b7 <u>Comprend le Wi-Fi<\/u> [&#8230;]<\/p>\n<p><a class=\"btn btn-secondary understrap-read-more-link\" href=\"https:\/\/digalco.com\/fr\/produit\/asus-eb-1036-tiny-mini-reconditionne-celeron-199ghz-2-gb-ram-320-gb-hdd-fr-11203\/\">Lire la suite\u2026<span class=\"screen-reader-text\"> from Asus EB 1036 Tiny Mini | Reconditionn\u00e9 | Celeron 1.99GHz | 2 GB RAM | 320 GB HDD<\/span><\/a><\/p>\n","protected":false},"featured_media":248906,"template":"","meta":[],"product_brand":[3862],"product_cat":[1481,1469],"product_tag":[],"class_list":{"0":"post-248941","1":"product","2":"type-product","3":"status-publish","4":"has-post-thumbnail","6":"product_brand-asus","7":"product_cat-ordinateurs-mini-fr","8":"product_cat-ordinateurs-fr","10":"first","11":"instock","12":"taxable","13":"shipping-taxable","14":"purchasable","15":"product-type-simple"},"bundled_by":[],"bundle_stock_status":"instock","bundle_stock_quantity":67,"bundle_virtual":false,"bundle_layout":"","bundle_add_to_cart_form_location":"","bundle_editable_in_cart":false,"bundle_sold_individually_context":"","bundle_item_grouping":"","bundle_min_size":"","bundle_max_size":"","bundle_price":[],"bundled_items":[],"bundle_sell_ids":[],"exclude_global_add_ons":true,"addons":{"hdd-upgrades":{"name":"Extension disque dur","type":"multiple_choice","position":0,"required":false,"title_format":"heading","default":"","description_enable":false,"description":"","placeholder_enable":false,"placeholder":"","display":"radiobutton","restrictions_type":"any_text","adjust_price":false,"price":"","price_type":"quantity_based","restrictions":false,"min":"0","max":"0","options":[{"label":"Passez au disque SSD de 120 Gb. [AMP00012]","price":"25.0000","price_type":"quantity_based","image":0,"visibility":true},{"label":"Passez au disque SSD de 240 Gb. [AMP00013]","price":"35.0000","price_type":"quantity_based","image":0,"visibility":true},{"label":"Passez au disque SSD de 480 Gb. [AMP00014]","price":59,"price_type":"quantity_based","image":0,"visibility":true}]},"keyboard-upgrades":{"name":"Extension clavier","type":"multiple_choice","position":0,"required":false,"title_format":"heading","default":"","description_enable":false,"description":"","placeholder_enable":false,"placeholder":"","display":"radiobutton","restrictions_type":"any_text","adjust_price":false,"price":"","price_type":"quantity_based","restrictions":false,"min":"0","max":"0","options":[{"label":"Clavier et souris [AMP00020]","price":"8.0000","price_type":"quantity_based","image":0,"visibility":true},{"label":"Clavier et souris Portuguese New [AMP00088]","price":"15.0000","price_type":"quantity_based","image":0,"visibility":true},{"label":"Clavier et souris USB espagnols (Nouveau) [AMP00068]","price":"12.0000","price_type":"quantity_based","image":0,"visibility":true}]}},"df_price":50,"df_sale_price":"","df_regular_price":50,"df_image_link":"https:\/\/digalco.com\/wp-content\/uploads\/images\/product\/11203\/asus00020_01-300x225.jpg","_links":{"self":[{"href":"https:\/\/digalco.com\/fr\/wp-json\/wp\/v2\/product\/248941","targetHints":{"allow":["GET"]}}],"collection":[{"href":"https:\/\/digalco.com\/fr\/wp-json\/wp\/v2\/product"}],"about":[{"href":"https:\/\/digalco.com\/fr\/wp-json\/wp\/v2\/types\/product"}],"wp:featuredmedia":[{"embeddable":true,"href":"https:\/\/digalco.com\/fr\/wp-json\/wp\/v2\/media\/248906"}],"wp:attachment":[{"href":"https:\/\/digalco.com\/fr\/wp-json\/wp\/v2\/media?parent=248941"}],"wp:term":[{"taxonomy":"product_brand","embeddable":true,"href":"https:\/\/digalco.com\/fr\/wp-json\/wp\/v2\/product_brand?post=248941"},{"taxonomy":"product_cat","embeddable":true,"href":"https:\/\/digalco.com\/fr\/wp-json\/wp\/v2\/product_cat?post=248941"},{"taxonomy":"product_tag","embeddable":true,"href":"https:\/\/digalco.com\/fr\/wp-json\/wp\/v2\/product_tag?post=248941"}],"curies":[{"name":"wp","href":"https:\/\/api.w.org\/{rel}","templated":true}]}}