{"id":249507,"date":"2025-04-22T15:32:21","date_gmt":"2025-04-22T13:32:21","guid":{"rendered":"https:\/\/digalco.com\/tienda\/hp-lp2475w-24-lcd-1610-reconditionne-1920x1200-fr-2756\/"},"modified":"2026-03-30T15:55:55","modified_gmt":"2026-03-30T13:55:55","slug":"hp-lp2475w-24-lcd-1610-reconditionne-1920x1200-fr-2756","status":"publish","type":"product","link":"https:\/\/digalco.com\/fr\/produit\/hp-lp2475w-24-lcd-1610-reconditionne-1920x1200-fr-2756\/","title":{"rendered":"HP LP2475W 24\u00a0\u00bb LCD 16:10 | Reconditionn\u00e9 | 1920&#215;1200"},"content":{"rendered":"<p><strong>\u00c9cran<\/strong><br \/>LCD 24 \u00a0\u00bb FullHD 16:10  \u00b7 R\u00e9solution 1920&#215;1200<br \/>Dot pitch 0.270 mm<br \/>R\u00e9ponse 6 ms<br \/>Contraste 1000:1<br \/>Luminosit\u00e9 400 cd\/m2<br \/>Angle vision 178\u00b0v\/178\u00b0h<br \/><strong>Ports vid\u00e9o<\/strong><br \/>HDMI<br \/>Display Port<br \/>2x DVI<br \/><strong>Affichage sp\u00e9cifique<\/strong><br \/>Base<br \/>R\u00e9glable en hauteur<br \/><strong>Autres<\/strong><br \/>hR emballage<br \/><strong>Dimensions<\/strong><br \/>41&#215;55.64&#215;26.5 cm.<br \/><strong>Poids<\/strong><br \/>9.00 Kg.<br \/><strong>Sp\u00e9cifications suppl\u00e9mentaires<\/strong><br \/>Le HP LP2475w est un moniteur LCD de 24 pouces con\u00e7u pour les utilisateurs exigeants qui appr\u00e9cient une zone de travail verticale plus grande. Sa r\u00e9solution WUXGA 1920&#215;1200 au format 16:10 offre un espace d&rsquo;\u00e9cran suppl\u00e9mentaire id\u00e9al pour l&rsquo;\u00e9dition, la conception, les feuilles de calcul ou la navigation professionnelle, le tout avec une qualit\u00e9 d&rsquo;image nette et pr\u00e9cise. Avec une luminosit\u00e9 exceptionnelle de 400 cd\/m\u00b2, un rapport de contraste de 1000:1 et un panneau grand angle de 178\u00b0, ce moniteur garantit une visualisation claire m\u00eame dans des environnements tr\u00e8s \u00e9clair\u00e9s.<br \/>La connectivit\u00e9 est un autre de ses points forts : elle comprend HDMI, DisplayPort et double DVI, ce qui en fait une option polyvalente pour plusieurs configurations, actuelles et h\u00e9rit\u00e9es. Il est livr\u00e9 avec un c\u00e2ble d&rsquo;alimentation et un DisplayPort inclus, permettant une connexion rapide et efficace d\u00e8s la sortie de la bo\u00eete.<br \/>Robuste, fiable et dot\u00e9 de fonctionnalit\u00e9s con\u00e7ues pour une utilisation intensive, le HP LP2475w est un excellent choix pour les professionnels de la cr\u00e9ation, les techniciens et les utilisateurs de bureau \u00e0 la recherche d&rsquo;une combinaison de r\u00e9solution am\u00e9lior\u00e9e, de connectivit\u00e9 avanc\u00e9e et de performances constantes dans leur environnement de travail.<br \/>Bon aspect ext\u00e9rieur. Peut pr\u00e9senter de l\u00e9g\u00e8res traces d&rsquo;utilisation sur le bo\u00eetier. Si vous avez des questions, appelez-nous ou utilisez notre chat pour plus d&rsquo;informations ou pour demander plus de d\u00e9tails.<br \/><strong>Commentaires<\/strong><br \/><u>C\u00e2ble actuel et DisplayPort inclus<\/u><\/p>\n","protected":false},"excerpt":{"rendered":"<p>LCD 24 \u00a0\u00bb FullHD 16:10\u00b7 Dot pitch 0.270 mm \u00b7 R\u00e9ponse 6 ms \u00b7 Contraste 1000:1 \u00b7 Luminosit\u00e9 400 cd\/m2\u00b7 HDMI \u00b7 Display Port \u00b7 2x DVI \u00b7<br \/>\n<u>C\u00e2ble actuel et DisplayPort inclus<br \/>\n<\/u> [&#8230;]<\/p>\n<p><a class=\"btn btn-secondary understrap-read-more-link\" href=\"https:\/\/digalco.com\/fr\/produit\/hp-lp2475w-24-lcd-1610-reconditionne-1920x1200-fr-2756\/\">Lire la suite\u2026<span class=\"screen-reader-text\"> from HP LP2475W 24\u00a0\u00bb LCD 16:10 | Reconditionn\u00e9 | 1920&#215;1200<\/span><\/a><\/p>\n","protected":false},"featured_media":249482,"template":"","meta":[],"product_brand":[3854],"product_cat":[2390,1493],"product_tag":[],"class_list":{"0":"post-249507","1":"product","2":"type-product","3":"status-publish","4":"has-post-thumbnail","6":"product_brand-hp","7":"product_cat-moniteurs-24-fr","8":"product_cat-moniteurs-fr","10":"first","11":"instock","12":"taxable","13":"shipping-taxable","14":"purchasable","15":"product-type-simple"},"bundled_by":[],"bundle_stock_status":"instock","bundle_stock_quantity":1,"bundle_virtual":false,"bundle_layout":"","bundle_add_to_cart_form_location":"","bundle_editable_in_cart":false,"bundle_sold_individually_context":"","bundle_item_grouping":"","bundle_min_size":"","bundle_max_size":"","bundle_price":[],"bundled_items":[],"bundle_sell_ids":[],"exclude_global_add_ons":true,"addons":{"webcam-upgrades":{"name":"Extension Webcam","type":"multiple_choice","position":0,"required":false,"title_format":"heading","default":"","description_enable":false,"description":"","placeholder_enable":false,"placeholder":"","display":"radiobutton","restrictions_type":"any_text","adjust_price":false,"price":"","price_type":"quantity_based","restrictions":false,"min":"0","max":"0","options":[{"label":"Conceptronic AMDIS FullHD [AMP00085]","price":"29.0000","price_type":"quantity_based","image":0,"visibility":true}]},"hdmi-upgrades":{"name":"Extension c\u00e2ble","type":"multiple_choice","position":0,"required":false,"title_format":"heading","default":"","description_enable":false,"description":"","placeholder_enable":false,"placeholder":"","display":"radiobutton","restrictions_type":"any_text","adjust_price":false,"price":"","price_type":"quantity_based","restrictions":false,"min":"0","max":"0","options":[{"label":"C\u00e2ble HDMI 2 mts. [AMP00104]","price":"6.0000","price_type":"quantity_based","image":0,"visibility":true},{"label":"C\u00e2ble DVI-D M\/M Dual Link 1,8 mts. [AMP00102]","price":"2.0000","price_type":"quantity_based","image":0,"visibility":true}]}},"df_price":80,"df_sale_price":"","df_regular_price":80,"df_image_link":"https:\/\/digalco.com\/wp-content\/uploads\/images\/product\/2756\/hp00593_01-300x225.jpg","_links":{"self":[{"href":"https:\/\/digalco.com\/fr\/wp-json\/wp\/v2\/product\/249507","targetHints":{"allow":["GET"]}}],"collection":[{"href":"https:\/\/digalco.com\/fr\/wp-json\/wp\/v2\/product"}],"about":[{"href":"https:\/\/digalco.com\/fr\/wp-json\/wp\/v2\/types\/product"}],"wp:featuredmedia":[{"embeddable":true,"href":"https:\/\/digalco.com\/fr\/wp-json\/wp\/v2\/media\/249482"}],"wp:attachment":[{"href":"https:\/\/digalco.com\/fr\/wp-json\/wp\/v2\/media?parent=249507"}],"wp:term":[{"taxonomy":"product_brand","embeddable":true,"href":"https:\/\/digalco.com\/fr\/wp-json\/wp\/v2\/product_brand?post=249507"},{"taxonomy":"product_cat","embeddable":true,"href":"https:\/\/digalco.com\/fr\/wp-json\/wp\/v2\/product_cat?post=249507"},{"taxonomy":"product_tag","embeddable":true,"href":"https:\/\/digalco.com\/fr\/wp-json\/wp\/v2\/product_tag?post=249507"}],"curies":[{"name":"wp","href":"https:\/\/api.w.org\/{rel}","templated":true}]}}