{"id":250540,"date":"2025-04-29T12:44:37","date_gmt":"2025-04-29T10:44:37","guid":{"rendered":"https:\/\/digalco.com\/tienda\/hp-dreamcolor-z32x-32-led-169-reconditionne-3840x2160-fr-13542\/"},"modified":"2026-01-26T09:20:09","modified_gmt":"2026-01-26T08:20:09","slug":"hp-dreamcolor-z32x-32-led-169-reconditionne-3840x2160-fr-13542","status":"publish","type":"product","link":"https:\/\/digalco.com\/fr\/produit\/hp-dreamcolor-z32x-32-led-169-reconditionne-3840x2160-fr-13542\/","title":{"rendered":"HP DreamColor Z32X 32\u00a0\u00bb Led 16:9 | Reconditionn\u00e9 | 3840&#215;2160"},"content":{"rendered":"<p><strong>\u00c9cran<\/strong><br \/>Led 32 \u00a0\u00bb 4K 16:9 \u00b7 R\u00e9solution 3840&#215;2160<br \/>Dot pitch 0.182 mm<br \/>R\u00e9ponse 8 ms<br \/>Contraste 1000:1<br \/>Luminosit\u00e9 300 cd\/m2<br \/>Angle vision 178\u00b0v\/178\u00b0h<br \/><strong>Ports vid\u00e9o<\/strong><br \/>2x HDMI<br \/>Display Port<br \/>Mini Display Port<br \/><strong>Affichage sp\u00e9cifique<\/strong><br \/>Stand VESA<br \/>Base<br \/>R\u00e9glable en hauteur<br \/><strong>Autres<\/strong><br \/>hR emballage<br \/><strong>Dimensions<\/strong><br \/>74&#215;47.7&#215;24.5 cm.<br \/><strong>Poids<\/strong><br \/>11.00 Kg.<br \/><strong>Sp\u00e9cifications suppl\u00e9mentaires<\/strong><br \/>Le HP DreamColor Z32x est un moniteur professionnel de 32 pouces qui offre une exp\u00e9rience visuelle sup\u00e9rieure gr\u00e2ce \u00e0 sa r\u00e9solution 4K UHD (3840&#215;2160) et \u00e0 sa technologie avanc\u00e9e DreamColor, con\u00e7ue pour ceux qui ont besoin d&rsquo;une fid\u00e9lit\u00e9 des couleurs maximale. Avec un pas de point de 0,182 mm, une luminosit\u00e9 de 300 cd\/m\u00b2, un rapport de contraste de 1000:1 et des angles de vision ultra-larges de 178\u00b0\/178\u00b0, il garantit des images incroyablement nettes et des couleurs parfaitement \u00e9quilibr\u00e9es pour chaque t\u00e2che.Sa connectivit\u00e9 compl\u00e8te comprend deux ports HDMI, DisplayPort, Mini DisplayPort et quatre ports USB 3.0, offrant la flexibilit\u00e9 de connecter plusieurs appareils et d&rsquo;optimiser votre espace de travail cr\u00e9atif. Il est livr\u00e9 avec un c\u00e2ble d&rsquo;alimentation et un DisplayPort inclus, pr\u00eat \u00e0 s&rsquo;int\u00e9grer imm\u00e9diatement dans n&rsquo;importe quel environnement professionnel.Le moniteur HP DreamColor Z32x est le choix id\u00e9al pour les cr\u00e9ateurs de contenu, les concepteurs et les professionnels de l&rsquo;imagerie qui exigent pr\u00e9cision, affichage grand \u00e9cran et v\u00e9ritable qualit\u00e9 4K pour chaque projet.Bon aspect ext\u00e9rieur. Si vous avez des questions, appelez-nous ou utilisez notre chat pour plus d&rsquo;informations ou pour demander plus de d\u00e9tails.<br \/><strong>Commentaires<\/strong><br \/><u>4xUSB 3.0 &#8211; C\u00e2ble d&rsquo;alimentation et DisplayPort inclus<\/u><\/p>\n","protected":false},"excerpt":{"rendered":"<p>Led 32 \u00a0\u00bb 4K 16:9\u00b7 Dot pitch 0.182 mm \u00b7 R\u00e9ponse 8 ms \u00b7 Contraste 1000:1 \u00b7 Luminosit\u00e9 300 cd\/m2\u00b7 2x HDMI \u00b7 Display Port \u00b7 Mini Display Port \u00b7<br \/>\n<u>4xUSB 3.0<\/u> &#8211; <u>C\u00e2ble d&rsquo;alimentation et DisplayPort inclus<br \/>\n<\/u> [&#8230;]<\/p>\n<p><a class=\"btn btn-secondary understrap-read-more-link\" href=\"https:\/\/digalco.com\/fr\/produit\/hp-dreamcolor-z32x-32-led-169-reconditionne-3840x2160-fr-13542\/\">Lire la suite\u2026<span class=\"screen-reader-text\"> from HP DreamColor Z32X 32\u00a0\u00bb Led 16:9 | Reconditionn\u00e9 | 3840&#215;2160<\/span><\/a><\/p>\n","protected":false},"featured_media":250515,"template":"","meta":[],"product_brand":[3854],"product_cat":[2390,2394,1493,3106],"product_tag":[],"class_list":{"0":"post-250540","1":"product","2":"type-product","3":"status-publish","4":"has-post-thumbnail","6":"product_brand-hp","7":"product_cat-moniteurs-24-fr","8":"product_cat-moniteurs-27-fr","9":"product_cat-moniteurs-fr","10":"product_cat-moniteurs-plus-de-27-fr","12":"first","13":"instock","14":"taxable","15":"shipping-taxable","16":"purchasable","17":"product-type-simple"},"bundled_by":[],"bundle_stock_status":"instock","bundle_stock_quantity":14,"bundle_virtual":false,"bundle_layout":"","bundle_add_to_cart_form_location":"","bundle_editable_in_cart":false,"bundle_sold_individually_context":"","bundle_item_grouping":"","bundle_min_size":"","bundle_max_size":"","bundle_price":[],"bundled_items":[],"bundle_sell_ids":[],"exclude_global_add_ons":true,"addons":{"webcam-upgrades":{"name":"Extension Webcam","type":"multiple_choice","position":0,"required":false,"title_format":"heading","default":"","description_enable":false,"description":"","placeholder_enable":false,"placeholder":"","display":"radiobutton","restrictions_type":"any_text","adjust_price":false,"price":"","price_type":"quantity_based","restrictions":false,"min":"0","max":"0","options":[{"label":"Conceptronic AMDIS FullHD [AMP00085]","price":"29.0000","price_type":"quantity_based","image":0,"visibility":true}]},"hdmi-upgrades":{"name":"Extension c\u00e2ble","type":"multiple_choice","position":0,"required":false,"title_format":"heading","default":"","description_enable":false,"description":"","placeholder_enable":false,"placeholder":"","display":"radiobutton","restrictions_type":"any_text","adjust_price":false,"price":"","price_type":"quantity_based","restrictions":false,"min":"0","max":"0","options":[{"label":"C\u00e2ble HDMI 2 mts. [AMP00104]","price":"6.0000","price_type":"quantity_based","image":0,"visibility":true}]}},"df_price":473,"df_sale_price":"","df_regular_price":473,"df_image_link":"https:\/\/digalco.com\/wp-content\/uploads\/images\/product\/13542\/hp02987_01-300x225.jpg","_links":{"self":[{"href":"https:\/\/digalco.com\/fr\/wp-json\/wp\/v2\/product\/250540","targetHints":{"allow":["GET"]}}],"collection":[{"href":"https:\/\/digalco.com\/fr\/wp-json\/wp\/v2\/product"}],"about":[{"href":"https:\/\/digalco.com\/fr\/wp-json\/wp\/v2\/types\/product"}],"wp:featuredmedia":[{"embeddable":true,"href":"https:\/\/digalco.com\/fr\/wp-json\/wp\/v2\/media\/250515"}],"wp:attachment":[{"href":"https:\/\/digalco.com\/fr\/wp-json\/wp\/v2\/media?parent=250540"}],"wp:term":[{"taxonomy":"product_brand","embeddable":true,"href":"https:\/\/digalco.com\/fr\/wp-json\/wp\/v2\/product_brand?post=250540"},{"taxonomy":"product_cat","embeddable":true,"href":"https:\/\/digalco.com\/fr\/wp-json\/wp\/v2\/product_cat?post=250540"},{"taxonomy":"product_tag","embeddable":true,"href":"https:\/\/digalco.com\/fr\/wp-json\/wp\/v2\/product_tag?post=250540"}],"curies":[{"name":"wp","href":"https:\/\/api.w.org\/{rel}","templated":true}]}}