{"id":251449,"date":"2025-05-06T13:43:03","date_gmt":"2025-05-06T11:43:03","guid":{"rendered":"https:\/\/digalco.com\/tienda\/benq-gl2460-24-led-169-reconditionne-1920x1080-fr-13585\/"},"modified":"2025-12-09T12:04:43","modified_gmt":"2025-12-09T11:04:43","slug":"benq-gl2460-24-led-169-reconditionne-1920x1080-fr-13585","status":"publish","type":"product","link":"https:\/\/digalco.com\/fr\/produit\/benq-gl2460-24-led-169-reconditionne-1920x1080-fr-13585\/","title":{"rendered":"Benq GL2460 24\u00a0\u00bb Led 16:9 | Reconditionn\u00e9 | 1920&#215;1080"},"content":{"rendered":"<p><strong>\u00c9cran<\/strong><br \/>Led 24 \u00a0\u00bb FullHD 16:9 \u00b7 R\u00e9solution 1920&#215;1080<br \/>Dot pitch 0.277 mm<br \/>R\u00e9ponse 2 ms<br \/>Contraste 1000:1<br \/>Luminosit\u00e9 250 cd\/m2<br \/>Angle vision 160\u00b0v\/170\u00b0h<br \/><strong>Ports vid\u00e9o<\/strong><br \/>VGA<br \/>DVI<br \/><strong>Affichage sp\u00e9cifique<\/strong><br \/>Stand VESA<br \/>Base<br \/><strong>Autres<\/strong><br \/>hR emballage<br \/><strong>Dimensions<\/strong><br \/>56.5x44x19 cm.<br \/><strong>Poids<\/strong><br \/>3.50 Kg.<br \/><strong>Sp\u00e9cifications suppl\u00e9mentaires<\/strong><br \/>Le BenQ GL2460 est un moniteur LED de 24 pouces qui se distingue par ses excellentes performances et sa vitesse de r\u00e9ponse, con\u00e7u pour les utilisateurs qui recherchent fluidit\u00e9 et clart\u00e9 dans chaque image. Avec une r\u00e9solution Full HD (1920&#215;1080), un format \u00e9cran large 16:9 et un pas de point de 0,277 mm, il offre une visualisation claire et d\u00e9taill\u00e9e. Son temps de r\u00e9ponse ultra-rapide de 2 ms en fait un choix id\u00e9al pour les t\u00e2ches exigeantes, la lecture vid\u00e9o ou les jeux occasionnels, tandis que la luminosit\u00e9 de 250 cd\/m\u00b2 et le contraste de 1000:1 garantissent une qualit\u00e9 visuelle \u00e9quilibr\u00e9e.Il dispose de connexions VGA et DVI pour une int\u00e9gration facile avec les ordinateurs de bureau ou portables, et comprend un c\u00e2ble d&rsquo;alimentation et VGA pour une installation imm\u00e9diate. Son design simple et fonctionnel s&rsquo;int\u00e8gre parfaitement aussi bien dans les bureaux que dans les environnements domestiques.Le moniteur BenQ GL2460 est une solution fiable et abordable pour ceux qui ont besoin de performances, de clart\u00e9 et de connectivit\u00e9 dans un format pratique et efficace.Bon aspect ext\u00e9rieur. Si vous avez des questions, appelez-nous ou utilisez notre chat pour plus d&rsquo;informations ou pour demander plus de d\u00e9tails.<br \/><strong>Commentaires<\/strong><br \/><u>C\u00e2ble d&rsquo;alimentation et VGA inclus<\/u><\/p>\n","protected":false},"excerpt":{"rendered":"<p>Led 24 \u00a0\u00bb FullHD 16:9\u00b7 Dot pitch 0.277 mm \u00b7 R\u00e9ponse 2 ms \u00b7 Contraste 1000:1 \u00b7 Luminosit\u00e9 250 cd\/m2\u00b7 VGA \u00b7 DVI \u00b7<br \/>\n<u>C\u00e2ble d&rsquo;alimentation et VGA inclus<br \/>\n<\/u> [&#8230;]<\/p>\n<p><a class=\"btn btn-secondary understrap-read-more-link\" href=\"https:\/\/digalco.com\/fr\/produit\/benq-gl2460-24-led-169-reconditionne-1920x1080-fr-13585\/\">Lire la suite\u2026<span class=\"screen-reader-text\"> from Benq GL2460 24\u00a0\u00bb Led 16:9 | Reconditionn\u00e9 | 1920&#215;1080<\/span><\/a><\/p>\n","protected":false},"featured_media":251429,"template":"","meta":[],"product_brand":[3870],"product_cat":[2390,1493],"product_tag":[],"class_list":{"0":"post-251449","1":"product","2":"type-product","3":"status-publish","4":"has-post-thumbnail","6":"product_brand-benq","7":"product_cat-moniteurs-24-fr","8":"product_cat-moniteurs-fr","10":"first","11":"instock","12":"taxable","13":"shipping-taxable","14":"purchasable","15":"product-type-simple"},"bundled_by":[],"bundle_stock_status":"instock","bundle_stock_quantity":1,"bundle_virtual":false,"bundle_layout":"","bundle_add_to_cart_form_location":"","bundle_editable_in_cart":false,"bundle_sold_individually_context":"","bundle_item_grouping":"","bundle_min_size":"","bundle_max_size":"","bundle_price":[],"bundled_items":[],"bundle_sell_ids":[],"exclude_global_add_ons":true,"addons":{"webcam-upgrades":{"name":"Extension Webcam","type":"multiple_choice","position":0,"required":false,"title_format":"heading","default":"","description_enable":false,"description":"","placeholder_enable":false,"placeholder":"","display":"radiobutton","restrictions_type":"any_text","adjust_price":false,"price":"","price_type":"quantity_based","restrictions":false,"min":"0","max":"0","options":[{"label":"Conceptronic AMDIS FullHD [AMP00085]","price":"29.0000","price_type":"quantity_based","image":0,"visibility":true}]},"hdmi-upgrades":{"name":"Extension c\u00e2ble","type":"multiple_choice","position":0,"required":false,"title_format":"heading","default":"","description_enable":false,"description":"","placeholder_enable":false,"placeholder":"","display":"radiobutton","restrictions_type":"any_text","adjust_price":false,"price":"","price_type":"quantity_based","restrictions":false,"min":"0","max":"0","options":[{"label":"C\u00e2ble DVI-D M\/M Dual Link 1,8 mts. [AMP00102]","price":"2.0000","price_type":"quantity_based","image":0,"visibility":true}]}},"df_price":70,"df_sale_price":"","df_regular_price":70,"df_image_link":"https:\/\/digalco.com\/wp-content\/uploads\/images\/product\/13585\/benq00011_01-300x225.jpg","_links":{"self":[{"href":"https:\/\/digalco.com\/fr\/wp-json\/wp\/v2\/product\/251449","targetHints":{"allow":["GET"]}}],"collection":[{"href":"https:\/\/digalco.com\/fr\/wp-json\/wp\/v2\/product"}],"about":[{"href":"https:\/\/digalco.com\/fr\/wp-json\/wp\/v2\/types\/product"}],"wp:featuredmedia":[{"embeddable":true,"href":"https:\/\/digalco.com\/fr\/wp-json\/wp\/v2\/media\/251429"}],"wp:attachment":[{"href":"https:\/\/digalco.com\/fr\/wp-json\/wp\/v2\/media?parent=251449"}],"wp:term":[{"taxonomy":"product_brand","embeddable":true,"href":"https:\/\/digalco.com\/fr\/wp-json\/wp\/v2\/product_brand?post=251449"},{"taxonomy":"product_cat","embeddable":true,"href":"https:\/\/digalco.com\/fr\/wp-json\/wp\/v2\/product_cat?post=251449"},{"taxonomy":"product_tag","embeddable":true,"href":"https:\/\/digalco.com\/fr\/wp-json\/wp\/v2\/product_tag?post=251449"}],"curies":[{"name":"wp","href":"https:\/\/api.w.org\/{rel}","templated":true}]}}