{"id":255058,"date":"2025-05-22T10:57:56","date_gmt":"2025-05-22T08:57:56","guid":{"rendered":"https:\/\/digalco.com\/tienda\/samsung-2243wm-22-tft-1610-reconditionne-1680x1050-fr-2311\/"},"modified":"2025-05-22T10:58:05","modified_gmt":"2025-05-22T08:58:05","slug":"samsung-2243wm-22-tft-1610-reconditionne-1680x1050-fr-2311","status":"publish","type":"product","link":"https:\/\/digalco.com\/fr\/produit\/samsung-2243wm-22-tft-1610-reconditionne-1680x1050-fr-2311\/","title":{"rendered":"Samsung 2243WM 22\u00a0\u00bb TFT 16:10 | Reconditionn\u00e9 | 1680&#215;1050"},"content":{"rendered":"<p><strong>\u00c9cran<\/strong><br \/>TFT 22 \u00a0\u00bb HD avec Haut-parleurs \u00b7  16:10  \u00b7 R\u00e9solution 1680&#215;1050<br \/>Dot pitch 0.282 mm<br \/>R\u00e9ponse 5 ms<br \/>Luminosit\u00e9 300 cd\/m2<br \/>Angle vision 170\u00b0v\/160\u00b0h<br \/><strong>Ports vid\u00e9o<\/strong><br \/>VGA<br \/>DVI<br \/><strong>Affichage sp\u00e9cifique<\/strong><br \/>Base<br \/>R\u00e9glable en hauteur<br \/><strong>Autres<\/strong><br \/>hR emballage<br \/><strong>Dimensions<\/strong><br \/>50&#215;37.5&#215;21 cm.<br \/><strong>Poids<\/strong><br \/>6.40 Kg.<br \/><strong>Sp\u00e9cifications suppl\u00e9mentaires<\/strong><br \/>Le Samsung 2243WM est un moniteur TFT de 22 pouces avec un rapport hauteur\/largeur de 16:10 qui offre une zone de travail verticale plus grande par rapport au format 16:9 standard, id\u00e9al pour les t\u00e2ches de bureau, la navigation sur le Web ou la gestion de documents. Sa r\u00e9solution de 1680&#215;1050, associ\u00e9e \u00e0 un pas de point de 0,282 mm, offre une image claire et d\u00e9finie, tandis que sa luminosit\u00e9 de 300 cd\/m\u00b2 et son temps de r\u00e9ponse de 5 ms assurent une visualisation fluide et nette. Il comprend des haut-parleurs int\u00e9gr\u00e9s et une fonction Pivot qui permet \u00e0 l&rsquo;\u00e9cran de pivoter pour s&rsquo;adapter \u00e0 diff\u00e9rents besoins d&rsquo;utilisation et d&rsquo;espace.<br \/>Le moniteur offre des connexions VGA et DVI, ce qui le rend compatible avec une grande vari\u00e9t\u00e9 d&rsquo;\u00e9quipements. Comprend des c\u00e2bles d&rsquo;alimentation et VGA pour un d\u00e9marrage imm\u00e9diat.<br \/>Le Samsung 2243WM est une option fonctionnelle, robuste et adaptable, parfaite pour les environnements professionnels o\u00f9 l&rsquo;ergonomie, les performances visuelles et la polyvalence sont valoris\u00e9es.<br \/>Bon aspect ext\u00e9rieur. Peut pr\u00e9senter de l\u00e9g\u00e8res traces d&rsquo;utilisation sur le bo\u00eetier. Si vous avez des questions, appelez-nous ou utilisez notre chat pour plus d&rsquo;informations ou pour demander plus de d\u00e9tails.<br \/><strong>Commentaires<\/strong><br \/><u>C\u00e2ble actuel et VGA inclus &#8211; Fonction de pivot<\/u><\/p>\n","protected":false},"excerpt":{"rendered":"<p>TFT 22 \u00a0\u00bb HD avec Haut-parleurs \u00b7 16:10 \u00b7 R\u00e9solution 1680&#215;1050 \u00b7 Dot pitch 0.282 mm \u00b7 R\u00e9ponse 5 ms \u00b7 Luminosit\u00e9 300 cd\/m2\u00b7 VGA \u00b7 DVI \u00b7<br \/>\n<u>C\u00e2ble actuel et VGA inclus &#8211; Fonction de pivot<br \/>\n<\/u> [&#8230;]<\/p>\n<p><a class=\"btn btn-secondary understrap-read-more-link\" href=\"https:\/\/digalco.com\/fr\/produit\/samsung-2243wm-22-tft-1610-reconditionne-1680x1050-fr-2311\/\">Lire la suite\u2026<span class=\"screen-reader-text\"> from Samsung 2243WM 22\u00a0\u00bb TFT 16:10 | Reconditionn\u00e9 | 1680&#215;1050<\/span><\/a><\/p>\n","protected":false},"featured_media":255033,"template":"","meta":[],"product_brand":[3868],"product_cat":[1493,2382],"product_tag":[],"class_list":{"0":"post-255058","1":"product","2":"type-product","3":"status-publish","4":"has-post-thumbnail","6":"product_brand-samsung","7":"product_cat-moniteurs-fr","8":"product_cat-moniteurs-22-fr","10":"first","11":"instock","12":"taxable","13":"shipping-taxable","14":"purchasable","15":"product-type-simple"},"bundled_by":[],"bundle_stock_status":"instock","bundle_stock_quantity":1,"bundle_virtual":false,"bundle_layout":"","bundle_add_to_cart_form_location":"","bundle_editable_in_cart":false,"bundle_sold_individually_context":"","bundle_item_grouping":"","bundle_min_size":"","bundle_max_size":"","bundle_price":[],"bundled_items":[],"bundle_sell_ids":[],"exclude_global_add_ons":[],"addons":[],"df_price":64,"df_sale_price":"","df_regular_price":64,"df_image_link":"https:\/\/digalco.com\/wp-content\/uploads\/images\/product\/2311\/sam00008_01-300x225.jpg","_links":{"self":[{"href":"https:\/\/digalco.com\/fr\/wp-json\/wp\/v2\/product\/255058","targetHints":{"allow":["GET"]}}],"collection":[{"href":"https:\/\/digalco.com\/fr\/wp-json\/wp\/v2\/product"}],"about":[{"href":"https:\/\/digalco.com\/fr\/wp-json\/wp\/v2\/types\/product"}],"wp:featuredmedia":[{"embeddable":true,"href":"https:\/\/digalco.com\/fr\/wp-json\/wp\/v2\/media\/255033"}],"wp:attachment":[{"href":"https:\/\/digalco.com\/fr\/wp-json\/wp\/v2\/media?parent=255058"}],"wp:term":[{"taxonomy":"product_brand","embeddable":true,"href":"https:\/\/digalco.com\/fr\/wp-json\/wp\/v2\/product_brand?post=255058"},{"taxonomy":"product_cat","embeddable":true,"href":"https:\/\/digalco.com\/fr\/wp-json\/wp\/v2\/product_cat?post=255058"},{"taxonomy":"product_tag","embeddable":true,"href":"https:\/\/digalco.com\/fr\/wp-json\/wp\/v2\/product_tag?post=255058"}],"curies":[{"name":"wp","href":"https:\/\/api.w.org\/{rel}","templated":true}]}}