{"id":256749,"date":"2025-05-30T13:05:40","date_gmt":"2025-05-30T11:05:40","guid":{"rendered":"https:\/\/digalco.com\/tienda\/hp-elite-x2-g8-impecable-13-reconditionne-core-i5-26ghz-8-gb-ram-256-gb-ssd-m2-3000x2000-fr-13334\/"},"modified":"2026-02-13T11:44:09","modified_gmt":"2026-02-13T10:44:09","slug":"hp-elite-x2-g8-impecable-13-reconditionne-core-i5-26ghz-8-gb-ram-256-gb-ssd-m2-3000x2000-fr-13334","status":"publish","type":"product","link":"https:\/\/digalco.com\/fr\/produit\/hp-elite-x2-g8-impecable-13-reconditionne-core-i5-26ghz-8-gb-ram-256-gb-ssd-m2-3000x2000-fr-13334\/","title":{"rendered":"HP Elite X2 G8-Impecable 13\u00a0\u00bb | Reconditionn\u00e9 | Core i5 2.6GHz | 8 GB RAM | 256 GB SSD M2 3000&#215;2000"},"content":{"rendered":"<p><strong>Processeur<\/strong><br \/>Intel Core i5 i5-1145G7 2.6 GHz.<br \/><strong>M\u00e9moire RAM<\/strong><br \/>8 Gb. SO-DDR4 RAM<br \/><strong>Disque dur<\/strong><br \/>256 Gb. SSD M2<br \/><strong>Cartes<\/strong><br \/>Graphique: Intel Irix Xe Graphics<br \/>Son: Audio Bang &amp; Olufsen<br \/><strong>Syst\u00e8me op\u00e9ratif<\/strong><br \/>Windows 11 Pro<br \/><strong>Ports<\/strong><br \/>3x USB-C<br \/><strong>\u00c9cran<\/strong><br \/>Tactile 13 \u00a0\u00bb 2K 16:10  \u00b7 R\u00e9solution 3000&#215;2000<br \/><strong>Multim\u00e9dias<\/strong><br \/>Lecteur d&#8217;empreintes<br \/>Cam\u00e9ra arri\u00e8re<br \/>Cam\u00e9ra frontale<br \/><strong>Connectivit\u00e9<\/strong><br \/>WIFI<br \/>Bluetooth<br \/>4G<br \/><strong>Autres<\/strong><br \/>hR emballage<br \/><strong>Dimensions<\/strong><br \/>29&#215;22.5&#215;2 cm.<br \/><strong>Poids<\/strong><br \/>1.15 Kg.<br \/><strong>Sp\u00e9cifications suppl\u00e9mentaires<\/strong><br \/>Le HP Elite X2 G8 est une solution informatique haut de gamme con\u00e7ue pour les professionnels qui ont besoin de mobilit\u00e9, de s\u00e9curit\u00e9 et de puissance dans un seul appareil. Il est dot\u00e9 d&rsquo;un processeur Intel Core i5-1145G7 \u00e0 2,6 GHz, de 8 Go de RAM SO-DDR4 et d&rsquo;un SSD M.2 rapide de 256 Go, garantissant des performances efficaces dans le multit\u00e2che, les applications professionnelles et la productivit\u00e9 mobile.<br \/>Son \u00e9cran tactile de 13 pouces avec une r\u00e9solution 2K (3000&#215;2000) et un format 16:10 offre une exp\u00e9rience visuelle exceptionnelle, id\u00e9ale pour le travail graphique, la lecture prolong\u00e9e ou les pr\u00e9sentations. \u00c9quip\u00e9e de Windows 11 Pro et TPM 2.0, cette tablette r\u00e9pond aux normes de s\u00e9curit\u00e9 et de compatibilit\u00e9 de l&rsquo;entreprise.<br \/>Compacte, durable et sophistiqu\u00e9e, la HP Elite X2 G8 est le choix id\u00e9al pour ceux qui recherchent une tablette professionnelle 2 en 1 avec un \u00e9cran haute r\u00e9solution et une grande fiabilit\u00e9.<br \/>Bon aspect ext\u00e9rieur. Regardez sous \u00ab + Photos \u00bb et si vous avez des questions, appelez-nous ou utilisez notre chat pour plus d\u2019informations ou pour demander plus de d\u00e9tails.<\/p>\n","protected":false},"excerpt":{"rendered":"<p>Intel Core i5 i5-1145G7 2.6 GHz. \u00b7 8 Gb. SO-DDR4 RAM \u00b7 256 Gb. SSD M2 \u00b7 <strong>Windows 11 Pro<\/strong> \u00b7 Tactile 13 \u00a0\u00bb 2K 16:10 \u00b7 R\u00e9solution 3000&#215;2000 \u00b7<u>Clavier international avec autocollants en fran\u00e7ais<\/u> [&#8230;]<\/p>\n<p><a class=\"btn btn-secondary understrap-read-more-link\" href=\"https:\/\/digalco.com\/fr\/produit\/hp-elite-x2-g8-impecable-13-reconditionne-core-i5-26ghz-8-gb-ram-256-gb-ssd-m2-3000x2000-fr-13334\/\">Lire la suite\u2026<span class=\"screen-reader-text\"> from HP Elite X2 G8-Impecable 13\u00a0\u00bb | Reconditionn\u00e9 | Core i5 2.6GHz | 8 GB RAM | 256 GB SSD M2 3000&#215;2000<\/span><\/a><\/p>\n","protected":false},"featured_media":256714,"template":"","meta":[],"product_brand":[3854],"product_cat":[3094,1581],"product_tag":[],"class_list":{"0":"post-256749","1":"product","2":"type-product","3":"status-publish","4":"has-post-thumbnail","6":"product_brand-hp","7":"product_cat-tablettes-tablettes-fr","8":"product_cat-tablettes-fr","10":"first","11":"outofstock","12":"taxable","13":"shipping-taxable","14":"purchasable","15":"product-type-simple"},"bundled_by":[],"bundle_stock_status":"outofstock","bundle_stock_quantity":0,"bundle_virtual":false,"bundle_layout":"","bundle_add_to_cart_form_location":"","bundle_editable_in_cart":false,"bundle_sold_individually_context":"","bundle_item_grouping":"","bundle_min_size":"","bundle_max_size":"","bundle_price":[],"bundled_items":[],"bundle_sell_ids":[],"exclude_global_add_ons":true,"addons":{"keyboard-iso-upgrades":{"name":"Choisir langue du clavier","type":"multiple_choice","position":0,"required":false,"title_format":"heading","default":"","description_enable":false,"description":"","placeholder_enable":false,"placeholder":"","display":"radiobutton","restrictions_type":"any_text","adjust_price":false,"price":"","price_type":"quantity_based","restrictions":false,"min":"0","max":"0","options":[{"label":"Autocollants espagnols [AMP00082]","price":"0.0000","price_type":"quantity_based","image":0,"visibility":true},{"label":"Autocollants fran\u00e7ais [AMP00084]","price":"0.0000","price_type":"quantity_based","image":0,"visibility":true},{"label":"Autocollants portugais [AMP00083]","price":"0.0000","price_type":"quantity_based","image":0,"visibility":true}]},"pencil-upgrades":{"name":"Extension Crayon","type":"multiple_choice","position":0,"required":false,"title_format":"heading","default":"","description_enable":false,"description":"","placeholder_enable":false,"placeholder":"","display":"radiobutton","restrictions_type":"any_text","adjust_price":false,"price":"","price_type":"quantity_based","restrictions":false,"min":"0","max":"0","options":[{"label":"HP Elite X2 Active Pen [AMP00092]","price":"35.0000","price_type":"quantity_based","image":0,"visibility":true}]},"os-upgrades":{"name":"Expansion SO","type":"multiple_choice","position":0,"required":false,"title_format":"heading","default":"","description_enable":false,"description":"","placeholder_enable":false,"placeholder":"","display":"radiobutton","restrictions_type":"any_text","adjust_price":false,"price":"","price_type":"quantity_based","restrictions":false,"min":"0","max":"0","options":[{"label":"Changer la langue en fran\u00e7ais [AMP00125]","price":"0.0000","price_type":"quantity_based","image":0,"visibility":true},{"label":"Changer la langue en anglais [AMP00008]","price":"0.0000","price_type":"quantity_based","image":0,"visibility":true},{"label":"Changer la langue en portugais [AMP00009]","price":"0.0000","price_type":"quantity_based","image":0,"visibility":true}]}},"df_price":389,"df_sale_price":"","df_regular_price":389,"df_image_link":"https:\/\/digalco.com\/wp-content\/uploads\/images\/product\/13334\/hp02905_01-300x225.jpg","_links":{"self":[{"href":"https:\/\/digalco.com\/fr\/wp-json\/wp\/v2\/product\/256749","targetHints":{"allow":["GET"]}}],"collection":[{"href":"https:\/\/digalco.com\/fr\/wp-json\/wp\/v2\/product"}],"about":[{"href":"https:\/\/digalco.com\/fr\/wp-json\/wp\/v2\/types\/product"}],"wp:featuredmedia":[{"embeddable":true,"href":"https:\/\/digalco.com\/fr\/wp-json\/wp\/v2\/media\/256714"}],"wp:attachment":[{"href":"https:\/\/digalco.com\/fr\/wp-json\/wp\/v2\/media?parent=256749"}],"wp:term":[{"taxonomy":"product_brand","embeddable":true,"href":"https:\/\/digalco.com\/fr\/wp-json\/wp\/v2\/product_brand?post=256749"},{"taxonomy":"product_cat","embeddable":true,"href":"https:\/\/digalco.com\/fr\/wp-json\/wp\/v2\/product_cat?post=256749"},{"taxonomy":"product_tag","embeddable":true,"href":"https:\/\/digalco.com\/fr\/wp-json\/wp\/v2\/product_tag?post=256749"}],"curies":[{"name":"wp","href":"https:\/\/api.w.org\/{rel}","templated":true}]}}