{"id":257918,"date":"2025-06-05T16:29:29","date_gmt":"2025-06-05T14:29:29","guid":{"rendered":"https:\/\/digalco.com\/tienda\/imprimante-thermique-pos-epson-tm-t88iv-usb-reconditionne-fr-13716\/"},"modified":"2025-10-09T08:52:51","modified_gmt":"2025-10-09T06:52:51","slug":"imprimante-thermique-pos-epson-tm-t88iv-usb-reconditionne-fr-13716","status":"publish","type":"product","link":"https:\/\/digalco.com\/fr\/produit\/imprimante-thermique-pos-epson-tm-t88iv-usb-reconditionne-fr-13716\/","title":{"rendered":"Imprimante thermique POS Epson TM-T88IV USB | Reconditionn\u00e9"},"content":{"rendered":"<p><strong>Technologie<\/strong><br \/>Thermique<br \/><strong>Copies<\/strong><br \/>Vitesse d&rsquo;imprimante 200 mm\/s<br \/>Caract\u00e8res par pouce 20<br \/><strong>Gestion du papier<\/strong><br \/>Largeur de papier 83mm<br \/>Couper automatique<br \/><strong>Connectivit\u00e9 imprimante<\/strong><br \/>USB, Ouverture de tiroir<br \/><strong>Dimensions<\/strong><br \/>19&#215;14.5&#215;15 cm.<br \/><strong>Poids<\/strong><br \/>2.00 Kg.<br \/><strong>Sp\u00e9cifications suppl\u00e9mentaires<\/strong><br \/>Bel aspect ext\u00e9rieur. Voir \u00ab + Photos \u00bb et, pour toute question, n&rsquo;h\u00e9sitez pas \u00e0 nous appeler ou \u00e0 utiliser notre chat pour obtenir plus d&rsquo;informations ou pour demander plus de d\u00e9tails.<\/p>\n","protected":false},"excerpt":{"rendered":"<p>Thermique \u00b7 Largeur de papier 83mm \u00b7 Couper automatique \u00b7 Vitesse d&rsquo;imprimante 200 mm\/s \u00b7 Caract\u00e8res par pouce 20 \u00b7 USB, Ouverture de tiroir \u00b7 Bo\u00eetier couleur blanc [&#8230;]<\/p>\n<p><a class=\"btn btn-secondary understrap-read-more-link\" href=\"https:\/\/digalco.com\/fr\/produit\/imprimante-thermique-pos-epson-tm-t88iv-usb-reconditionne-fr-13716\/\">Lire la suite\u2026<span class=\"screen-reader-text\"> from Imprimante thermique POS Epson TM-T88IV USB | Reconditionn\u00e9<\/span><\/a><\/p>\n","protected":false},"featured_media":257886,"template":"","meta":[],"product_brand":[3863],"product_cat":[1673,3102,3102,1673,1597,1597,1709,1709],"product_tag":[],"class_list":{"0":"post-257918","1":"product","2":"type-product","3":"status-publish","4":"has-post-thumbnail","6":"product_brand-epson","7":"product_cat-imprimantes-fr","8":"product_cat-tpv-imprimantes-fr","11":"product_cat-tpv-fr","13":"product_cat-imprimantes-tpv-fr","16":"first","17":"instock","18":"taxable","19":"shipping-taxable","20":"purchasable","21":"product-type-simple"},"bundled_by":[],"bundle_stock_status":"instock","bundle_stock_quantity":1,"bundle_virtual":false,"bundle_layout":"","bundle_add_to_cart_form_location":"","bundle_editable_in_cart":false,"bundle_sold_individually_context":"","bundle_item_grouping":"","bundle_min_size":"","bundle_max_size":"","bundle_price":[],"bundled_items":[],"bundle_sell_ids":[],"exclude_global_add_ons":[],"addons":[],"df_price":90,"df_sale_price":"","df_regular_price":90,"df_image_link":"https:\/\/digalco.com\/wp-content\/uploads\/images\/product\/13716\/epso00060_01-300x225.jpg","_links":{"self":[{"href":"https:\/\/digalco.com\/fr\/wp-json\/wp\/v2\/product\/257918","targetHints":{"allow":["GET"]}}],"collection":[{"href":"https:\/\/digalco.com\/fr\/wp-json\/wp\/v2\/product"}],"about":[{"href":"https:\/\/digalco.com\/fr\/wp-json\/wp\/v2\/types\/product"}],"wp:featuredmedia":[{"embeddable":true,"href":"https:\/\/digalco.com\/fr\/wp-json\/wp\/v2\/media\/257886"}],"wp:attachment":[{"href":"https:\/\/digalco.com\/fr\/wp-json\/wp\/v2\/media?parent=257918"}],"wp:term":[{"taxonomy":"product_brand","embeddable":true,"href":"https:\/\/digalco.com\/fr\/wp-json\/wp\/v2\/product_brand?post=257918"},{"taxonomy":"product_cat","embeddable":true,"href":"https:\/\/digalco.com\/fr\/wp-json\/wp\/v2\/product_cat?post=257918"},{"taxonomy":"product_tag","embeddable":true,"href":"https:\/\/digalco.com\/fr\/wp-json\/wp\/v2\/product_tag?post=257918"}],"curies":[{"name":"wp","href":"https:\/\/api.w.org\/{rel}","templated":true}]}}