{"id":258650,"date":"2025-06-10T16:43:49","date_gmt":"2025-06-10T14:43:49","guid":{"rendered":"https:\/\/digalco.com\/tienda\/hp-proliant-dl320-g5-barebone-rack-reconditionne-xeon-25ghz-8-gb-ram-sas-fr-12566\/"},"modified":"2025-06-10T16:43:56","modified_gmt":"2025-06-10T14:43:56","slug":"hp-proliant-dl320-g5-barebone-rack-reconditionne-xeon-25ghz-8-gb-ram-sas-fr-12566","status":"publish","type":"product","link":"https:\/\/digalco.com\/fr\/produit\/hp-proliant-dl320-g5-barebone-rack-reconditionne-xeon-25ghz-8-gb-ram-sas-fr-12566\/","title":{"rendered":"HP ProLiant DL320 G5 Barebone Rack | Reconditionn\u00e9 | Xeon 2.5GHz | 8 GB RAM | SAS"},"content":{"rendered":"<p><strong>Processeur<\/strong><br \/>Intel Xeon x3320 2.5 GHz.<br \/><strong>Facteur de forme<\/strong><br \/>Rack  (1U)<br \/><strong>M\u00e9moire RAM<\/strong><br \/>8 Gb. DDR2 ECC RAM<br \/>4 emplacements (0 vide )<br \/><strong>Disque dur<\/strong><br \/>SAS 3.5\u00a0\u00bb 10000rpm<br \/>SAS 3.5\u00a0\u00bb 10000rpm<br \/>4 emplacements<br \/><strong>Lecteur optique<\/strong><br \/>Combo (CD-RW\/DVD)<br \/><strong>Cartes<\/strong><br \/>Graphique: AMD ES1000<br \/>R\u00e9seau: BCM5715 Gigabit Ethernet<br \/><strong>Syst\u00e8me op\u00e9ratif<\/strong><br \/>&#8211; Sans SO &#8211;<br \/><strong>Ports<\/strong><br \/>S\u00e9rie<br \/>2x PS2<br \/>4x USB 3.0<br \/><strong>Connectivit\u00e9<\/strong><br \/>4x RJ-45<br \/><strong>Source de courant<\/strong><br \/>Alimentations<br \/><strong>Autres<\/strong><br \/>hR emballage<br \/><strong>Dimensions<\/strong><br \/>4.5&#215;48.5&#215;68 cm.<br \/><strong>Poids<\/strong><br \/>11.00 Kg.<br \/><strong>Sp\u00e9cifications suppl\u00e9mentaires<\/strong><br \/>Le HP ProLiant DL320 G5 est un serveur compact et fiable, con\u00e7u pour les PME recherchant une solution performante et \u00e9conomique. \u00c9quip\u00e9 d&rsquo;un processeur Intel Xeon x3320 \u00e0 2,5 GHz et de 8 Go de RAM DDR2 ECC, il offre une base solide pour les t\u00e2ches professionnelles, la virtualisation l\u00e9g\u00e8re et les applications critiques. Le serveur n&rsquo;inclut pas de disques durs. Il dispose de quatre baies SATA\/SAS pour des configurations de disques suppl\u00e9mentaires, ainsi que d&rsquo;un lecteur DVD-RW. Compact et performant, le HP ProLiant DL320 G5 est le choix id\u00e9al pour les entreprises \u00e0 la recherche d&rsquo;un serveur fiable et \u00e9volutif sans compromis sur les performances. Son esth\u00e9tique est soign\u00e9e. Pour toute question, n&rsquo;h\u00e9sitez pas \u00e0 nous appeler ou \u00e0 utiliser notre chat pour obtenir plus d&rsquo;informations.<br \/><strong>Commentaires<\/strong><br \/><u>Intel 82801GR Raid Controller &#8211; 2xPCIe X8 \/ 2xPCIe X1<\/u><\/p>\n","protected":false},"excerpt":{"rendered":"<p>Intel Xeon x3320 2.5 GHz. \u00b7 8 Gb. DDR2 ECC RAM \u00b7 4 emplacements (0 vide ) \u00b7 SAS 3.5\u00a0\u00bb 10000rpm \u00b7 SAS 3.5\u00a0\u00bb 10000rpm \u00b7 4 emplacements \u00b7 Combo (CD-RW\/DVD) \u00b7 <u>Intel 82801GR Raid Controller &#8211; 2xPCIe X8 \/ 2xPCIe X1<\/u> [&#8230;]<\/p>\n<p><a class=\"btn btn-secondary understrap-read-more-link\" href=\"https:\/\/digalco.com\/fr\/produit\/hp-proliant-dl320-g5-barebone-rack-reconditionne-xeon-25ghz-8-gb-ram-sas-fr-12566\/\">Lire la suite\u2026<span class=\"screen-reader-text\"> from HP ProLiant DL320 G5 Barebone Rack | Reconditionn\u00e9 | Xeon 2.5GHz | 8 GB RAM | SAS<\/span><\/a><\/p>\n","protected":false},"featured_media":258640,"template":"","meta":[],"product_brand":[3854],"product_cat":[3745,1641,1633],"product_tag":[],"class_list":{"0":"post-258650","1":"product","2":"type-product","3":"status-publish","4":"has-post-thumbnail","6":"product_brand-hp","7":"product_cat-barebone-fr","8":"product_cat-serveurs-rack-fr","9":"product_cat-serveurs-fr","11":"first","12":"instock","13":"taxable","14":"shipping-taxable","15":"purchasable","16":"product-type-simple"},"bundled_by":[],"bundle_stock_status":"instock","bundle_stock_quantity":1,"bundle_virtual":false,"bundle_layout":"","bundle_add_to_cart_form_location":"","bundle_editable_in_cart":false,"bundle_sold_individually_context":"","bundle_item_grouping":"","bundle_min_size":"","bundle_max_size":"","bundle_price":[],"bundled_items":[],"bundle_sell_ids":[],"exclude_global_add_ons":true,"addons":{"hdd-upgrades":{"name":"Extension disque dur","type":"multiple_choice","position":0,"required":false,"title_format":"heading","default":"","description_enable":false,"description":"","placeholder_enable":false,"placeholder":"","display":"radiobutton","restrictions_type":"any_text","adjust_price":false,"price":"","price_type":"quantity_based","restrictions":false,"min":"0","max":"0","options":[{"label":"2x disque SSD 240 Gb. [AMP00058]","price":"100.0000","price_type":"quantity_based","image":0,"visibility":true},{"label":"2x disque SSD 480 Gb. [AMP00059]","price":"200.0000","price_type":"quantity_based","image":0,"visibility":true}]}},"df_price":84,"df_sale_price":"","df_regular_price":84,"df_image_link":"https:\/\/digalco.com\/wp-content\/uploads\/images\/product\/12566\/hp02672_01-300x225.jpg","_links":{"self":[{"href":"https:\/\/digalco.com\/fr\/wp-json\/wp\/v2\/product\/258650","targetHints":{"allow":["GET"]}}],"collection":[{"href":"https:\/\/digalco.com\/fr\/wp-json\/wp\/v2\/product"}],"about":[{"href":"https:\/\/digalco.com\/fr\/wp-json\/wp\/v2\/types\/product"}],"wp:featuredmedia":[{"embeddable":true,"href":"https:\/\/digalco.com\/fr\/wp-json\/wp\/v2\/media\/258640"}],"wp:attachment":[{"href":"https:\/\/digalco.com\/fr\/wp-json\/wp\/v2\/media?parent=258650"}],"wp:term":[{"taxonomy":"product_brand","embeddable":true,"href":"https:\/\/digalco.com\/fr\/wp-json\/wp\/v2\/product_brand?post=258650"},{"taxonomy":"product_cat","embeddable":true,"href":"https:\/\/digalco.com\/fr\/wp-json\/wp\/v2\/product_cat?post=258650"},{"taxonomy":"product_tag","embeddable":true,"href":"https:\/\/digalco.com\/fr\/wp-json\/wp\/v2\/product_tag?post=258650"}],"curies":[{"name":"wp","href":"https:\/\/api.w.org\/{rel}","templated":true}]}}