{"id":258785,"date":"2025-06-11T13:50:34","date_gmt":"2025-06-11T11:50:34","guid":{"rendered":"https:\/\/digalco.com\/tienda\/microsoft-surface-pro-7-plus-123-reconditionne-core-i5-24ghz-16-gb-ram-256-gb-ssd-m2-2736x1824-fr-13704\/"},"modified":"2026-04-15T17:04:17","modified_gmt":"2026-04-15T15:04:17","slug":"microsoft-surface-pro-7-plus-123-reconditionne-core-i5-24ghz-16-gb-ram-256-gb-ssd-m2-2736x1824-fr-13704","status":"publish","type":"product","link":"https:\/\/digalco.com\/fr\/produit\/microsoft-surface-pro-7-plus-123-reconditionne-core-i5-24ghz-16-gb-ram-256-gb-ssd-m2-2736x1824-fr-13704\/","title":{"rendered":"Microsoft Surface Pro 7 Plus 12.3\u00a0\u00bb | Reconditionn\u00e9 | Core i5 2.4GHz | 16 GB RAM | 256 GB SSD M2 2736&#215;1824"},"content":{"rendered":"<p><strong>Processeur<\/strong><br \/>Intel Core i5 1135G7 2.4 GHz.<br \/><strong>M\u00e9moire RAM<\/strong><br \/>16 Gb. SO-DDR4 RAM<br \/><strong>Disque dur<\/strong><br \/>256 Gb. SSD M2<br \/><strong>Cartes<\/strong><br \/>Graphique: Intel Iris Xe Graphics<br \/>Son: High Definition Audio<br \/><strong>Syst\u00e8me op\u00e9ratif<\/strong><br \/>Windows 11 Pro<br \/><strong>Ports<\/strong><br \/>USB 3.0<br \/>USB-C<br \/><strong>\u00c9cran<\/strong><br \/>Tactile 12.3 \u00a0\u00bb 2K 16:9  \u00b7 R\u00e9solution 2736&#215;1824<br \/><strong>Multim\u00e9dias<\/strong><br \/>Cam\u00e9ra arri\u00e8re<br \/>Cam\u00e9ra frontale<br \/><strong>Connectivit\u00e9<\/strong><br \/>WIFI<br \/>Bluetooth<br \/><strong>Autres<\/strong><br \/>hR emballage<br \/><strong>Dimensions<\/strong><br \/>29.2&#215;20.1&#215;0.85 cm.<br \/><strong>Poids<\/strong><br \/>0.79 Kg.<br \/><strong>Sp\u00e9cifications suppl\u00e9mentaires<\/strong><br \/>La Microsoft Surface Pro 7 Plus est la solution id\u00e9ale pour ceux qui recherchent la mobilit\u00e9 sans sacrifier les performances. \u00c9quip\u00e9e d&rsquo;un processeur Intel Core i5-1135G7 \u00e0 2,4 GHz, de 16 Go de RAM SO-DDR4 et d&rsquo;un SSD M.2 rapide de 256 Go, cette tablette convertible garantit des performances agiles et fluides pour les t\u00e2ches professionnelles, cr\u00e9atives ou bureautiques.<br \/>Son \u00e9cran tactile de 12,3 pouces avec une r\u00e9solution 2K (2736 x 1824) et un format d&rsquo;image 16:9 offre une exp\u00e9rience visuelle nette et immersive. Avec Windows 11 Pro et TPM 2.0, elle offre un environnement moderne et s\u00e9curis\u00e9, id\u00e9al pour les environnements professionnels et le t\u00e9l\u00e9travail.<br \/>L\u00e9g\u00e8re, puissante et polyvalente, la Surface Pro 7 Plus est l&rsquo;outil id\u00e9al pour les utilisateurs \u00e0 la recherche d&rsquo;une tablette-ordinateur portable convertible haut de gamme offrant une efficacit\u00e9 et une portabilit\u00e9 maximales.<br \/>Ext\u00e9rieur \u00e9l\u00e9gant. Voir \u00ab + Photos \u00bb et \u00ab Vid\u00e9o \u00bb. Pour toute question, n&rsquo;h\u00e9sitez pas \u00e0 nous appeler ou \u00e0 utiliser notre chat pour plus d&rsquo;informations ou pour demander plus de d\u00e9tails.<\/p>\n","protected":false},"excerpt":{"rendered":"<p>Intel Core i5 1135G7 2.4 GHz. \u00b7 16 Gb. SO-DDR4 RAM \u00b7 256 Gb. SSD M2 \u00b7 <strong>Windows 11 Pro<\/strong> \u00b7 Tactile 12.3 \u00a0\u00bb 2K 16:9 \u00b7 R\u00e9solution 2736&#215;1824 [&#8230;]<\/p>\n<p><a class=\"btn btn-secondary understrap-read-more-link\" href=\"https:\/\/digalco.com\/fr\/produit\/microsoft-surface-pro-7-plus-123-reconditionne-core-i5-24ghz-16-gb-ram-256-gb-ssd-m2-2736x1824-fr-13704\/\">Lire la suite\u2026<span class=\"screen-reader-text\"> from Microsoft Surface Pro 7 Plus 12.3\u00a0\u00bb | Reconditionn\u00e9 | Core i5 2.4GHz | 16 GB RAM | 256 GB SSD M2 2736&#215;1824<\/span><\/a><\/p>\n","protected":false},"featured_media":258750,"template":"","meta":[],"product_brand":[3860],"product_cat":[3750,1581],"product_tag":[],"class_list":{"0":"post-258785","1":"product","2":"type-product","3":"status-publish","4":"has-post-thumbnail","6":"product_brand-microsoft","7":"product_cat-tablettes-surface-fr","8":"product_cat-tablettes-fr","10":"first","11":"outofstock","12":"taxable","13":"shipping-taxable","14":"purchasable","15":"product-type-simple"},"bundled_by":[],"bundle_stock_status":"outofstock","bundle_stock_quantity":0,"bundle_virtual":false,"bundle_layout":"","bundle_add_to_cart_form_location":"","bundle_editable_in_cart":false,"bundle_sold_individually_context":"","bundle_item_grouping":"","bundle_min_size":"","bundle_max_size":"","bundle_price":[],"bundled_items":[],"bundle_sell_ids":[],"exclude_global_add_ons":true,"addons":{"docking-station-upgrades":{"name":"Extension Docking Station","type":"multiple_choice","position":0,"required":false,"title_format":"heading","default":"","description_enable":false,"description":"","placeholder_enable":false,"placeholder":"","display":"radiobutton","restrictions_type":"any_text","adjust_price":false,"price":"","price_type":"quantity_based","restrictions":false,"min":"0","max":"0","options":[{"label":"Microsoft Surface Docking Station 1661 [AMP00061]","price":"45.0000","price_type":"quantity_based","image":0,"visibility":true}]},"pencil-upgrades":{"name":"Extension Crayon","type":"multiple_choice","position":0,"required":false,"title_format":"heading","default":"","description_enable":false,"description":"","placeholder_enable":false,"placeholder":"","display":"radiobutton","restrictions_type":"any_text","adjust_price":false,"price":"","price_type":"quantity_based","restrictions":false,"min":"0","max":"0","options":[{"label":"Stylet Microsoft Surface Original [AMP00087]","price":"50.0000","price_type":"quantity_based","image":0,"visibility":true}]},"os-upgrades":{"name":"Expansion SO","type":"multiple_choice","position":0,"required":false,"title_format":"heading","default":"","description_enable":false,"description":"","placeholder_enable":false,"placeholder":"","display":"radiobutton","restrictions_type":"any_text","adjust_price":false,"price":"","price_type":"quantity_based","restrictions":false,"min":"0","max":"0","options":[{"label":"Changer la langue en fran\u00e7ais [AMP00125]","price":"0.0000","price_type":"quantity_based","image":0,"visibility":true},{"label":"Changer la langue en anglais [AMP00008]","price":"0.0000","price_type":"quantity_based","image":0,"visibility":true},{"label":"Changer la langue en portugais [AMP00009]","price":"0.0000","price_type":"quantity_based","image":0,"visibility":true}]},"keyboard-upgrades":{"name":"Extension clavier","type":"multiple_choice","position":0,"required":false,"title_format":"heading","default":"","description_enable":false,"description":"","placeholder_enable":false,"placeholder":"","display":"radiobutton","restrictions_type":"any_text","adjust_price":false,"price":"","price_type":"quantity_based","restrictions":false,"min":"0","max":"0","options":[{"label":"Microsoft Keyboard Surface Pro [AMP00063]","price":"70.0000","price_type":"quantity_based","image":0,"visibility":true},{"label":"Microsoft Keyboard Surface Pro Portuguese [AMP00089]","price":"70.0000","price_type":"quantity_based","image":0,"visibility":true},{"label":"Clavier Surface Pro Inter. (autocollants) [AMP00064]","price":"55.0000","price_type":"quantity_based","image":0,"visibility":true}]}},"df_price":464,"df_sale_price":"","df_regular_price":464,"df_image_link":"https:\/\/digalco.com\/wp-content\/uploads\/images\/product\/13704\/ms00192_01-300x225.jpg","_links":{"self":[{"href":"https:\/\/digalco.com\/fr\/wp-json\/wp\/v2\/product\/258785","targetHints":{"allow":["GET"]}}],"collection":[{"href":"https:\/\/digalco.com\/fr\/wp-json\/wp\/v2\/product"}],"about":[{"href":"https:\/\/digalco.com\/fr\/wp-json\/wp\/v2\/types\/product"}],"wp:featuredmedia":[{"embeddable":true,"href":"https:\/\/digalco.com\/fr\/wp-json\/wp\/v2\/media\/258750"}],"wp:attachment":[{"href":"https:\/\/digalco.com\/fr\/wp-json\/wp\/v2\/media?parent=258785"}],"wp:term":[{"taxonomy":"product_brand","embeddable":true,"href":"https:\/\/digalco.com\/fr\/wp-json\/wp\/v2\/product_brand?post=258785"},{"taxonomy":"product_cat","embeddable":true,"href":"https:\/\/digalco.com\/fr\/wp-json\/wp\/v2\/product_cat?post=258785"},{"taxonomy":"product_tag","embeddable":true,"href":"https:\/\/digalco.com\/fr\/wp-json\/wp\/v2\/product_tag?post=258785"}],"curies":[{"name":"wp","href":"https:\/\/api.w.org\/{rel}","templated":true}]}}