{"id":262138,"date":"2025-07-01T17:02:55","date_gmt":"2025-07-01T15:02:55","guid":{"rendered":"https:\/\/digalco.com\/tienda\/carte-graphique-geforce-gtx-1060-3gb-reconditionne-fr-13552\/"},"modified":"2025-07-01T17:03:02","modified_gmt":"2025-07-01T15:03:02","slug":"carte-graphique-geforce-gtx-1060-3gb-reconditionne-fr-13552","status":"publish","type":"product","link":"https:\/\/digalco.com\/fr\/produit\/carte-graphique-geforce-gtx-1060-3gb-reconditionne-fr-13552\/","title":{"rendered":"Carte graphique GeForce GTX 1060 3GB | Reconditionn\u00e9"},"content":{"rendered":"<p><b>GPU :<\/b><br \/>nVidia GeForce GTX 1060 (architecture Pascal, 16 nm)<br \/><b>M\u00e9moire :<\/b><br \/>3 Go de GDDR5 \u00e0 8 000 MHz effectifs<br \/><b>Bus m\u00e9moire :<\/b><br \/>192 bits<br \/><b>Bande passante :<\/b><br \/>192 Go\/s<br \/><b>Coeurs CUDA :<\/b><br \/>1152<br \/><b>Fr\u00e9quence de base :<\/b><br \/>1 506 MHz<br \/><b>Fr\u00e9quence boost :<\/b><br \/>jusqu\u2019\u00e0 1 708 MHz<br \/><b>TDP :<\/b><br \/>120 W<br \/><b>Connecteur d\u2019alimentation :<\/b><br \/>1 x 6 broches<br \/><b>Sorties vid\u00e9o :<\/b><br \/>1 x HDMI 2.0b<br \/>1 x DVI-D<br \/>3 x DisplayPort 1.4<br \/>Prend en charge jusqu\u2019\u00e0 4 \u00e9crans simultan\u00e9ment<\/p>\n","protected":false},"excerpt":{"rendered":"<p>Con\u00e7u pour offrir d&rsquo;excellentes performances de jeu en r\u00e9solution Full HD (1080p), il est \u00e9galement id\u00e9al pour les applications graphiques l\u00e9g\u00e8res, le multim\u00e9dia avanc\u00e9 et les environnements de travail qui ne n\u00e9cessitent pas d&rsquo;acc\u00e9l\u00e9ration professionnelle. [&#8230;]<\/p>\n<p><a class=\"btn btn-secondary understrap-read-more-link\" href=\"https:\/\/digalco.com\/fr\/produit\/carte-graphique-geforce-gtx-1060-3gb-reconditionne-fr-13552\/\">Lire la suite\u2026<span class=\"screen-reader-text\"> from Carte graphique GeForce GTX 1060 3GB | Reconditionn\u00e9<\/span><\/a><\/p>\n","protected":false},"featured_media":262133,"template":"","meta":[],"product_brand":[3864],"product_cat":[1801,1911,1469,1473],"product_tag":[],"class_list":{"0":"post-262138","1":"product","2":"type-product","3":"status-publish","4":"has-post-thumbnail","6":"product_brand-generic","7":"product_cat-composants-cartes-graphiques-fr","8":"product_cat-composants-fr","9":"product_cat-ordinateurs-fr","10":"product_cat-ordinateurs-workstations-fr","12":"first","13":"instock","14":"taxable","15":"shipping-taxable","16":"purchasable","17":"product-type-simple"},"bundled_by":[],"bundle_stock_status":"instock","bundle_stock_quantity":1,"bundle_virtual":false,"bundle_layout":"","bundle_add_to_cart_form_location":"","bundle_editable_in_cart":false,"bundle_sold_individually_context":"","bundle_item_grouping":"","bundle_min_size":"","bundle_max_size":"","bundle_price":[],"bundled_items":[],"bundle_sell_ids":[],"exclude_global_add_ons":[],"addons":[],"df_price":99,"df_sale_price":"","df_regular_price":99,"df_image_link":"https:\/\/digalco.com\/wp-content\/uploads\/images\/product\/13552\/gene00315_01-300x225.jpg","_links":{"self":[{"href":"https:\/\/digalco.com\/fr\/wp-json\/wp\/v2\/product\/262138","targetHints":{"allow":["GET"]}}],"collection":[{"href":"https:\/\/digalco.com\/fr\/wp-json\/wp\/v2\/product"}],"about":[{"href":"https:\/\/digalco.com\/fr\/wp-json\/wp\/v2\/types\/product"}],"wp:featuredmedia":[{"embeddable":true,"href":"https:\/\/digalco.com\/fr\/wp-json\/wp\/v2\/media\/262133"}],"wp:attachment":[{"href":"https:\/\/digalco.com\/fr\/wp-json\/wp\/v2\/media?parent=262138"}],"wp:term":[{"taxonomy":"product_brand","embeddable":true,"href":"https:\/\/digalco.com\/fr\/wp-json\/wp\/v2\/product_brand?post=262138"},{"taxonomy":"product_cat","embeddable":true,"href":"https:\/\/digalco.com\/fr\/wp-json\/wp\/v2\/product_cat?post=262138"},{"taxonomy":"product_tag","embeddable":true,"href":"https:\/\/digalco.com\/fr\/wp-json\/wp\/v2\/product_tag?post=262138"}],"curies":[{"name":"wp","href":"https:\/\/api.w.org\/{rel}","templated":true}]}}