{"id":262150,"date":"2025-07-01T17:33:56","date_gmt":"2025-07-01T15:33:56","guid":{"rendered":"https:\/\/digalco.com\/tienda\/carte-graphique-geforce-gtx-1050-4gb-reconditionne-fr-13554\/"},"modified":"2025-07-01T17:34:02","modified_gmt":"2025-07-01T15:34:02","slug":"carte-graphique-geforce-gtx-1050-4gb-reconditionne-fr-13554","status":"publish","type":"product","link":"https:\/\/digalco.com\/fr\/produit\/carte-graphique-geforce-gtx-1050-4gb-reconditionne-fr-13554\/","title":{"rendered":"Carte graphique GeForce GTX 1050 4GB | Reconditionn\u00e9"},"content":{"rendered":"<p><b>GPU :<\/b><br \/>nVidia GeForce GTX 1050 (architecture Pascal, 14 nm)<br \/><b>M\u00e9moire :<\/b><br \/>4 Go de GDDR5 \u00e0 7 000 MHz effectifs<br \/><b>Bus m\u00e9moire :<\/b><br \/>128 bits<br \/><b>Bande passante :<\/b><br \/>112 Go\/s<br \/><b>Coeurs CUDA :<\/b><br \/>640<br \/><b>Fr\u00e9quence de base :<\/b><br \/>1 354 MHz<br \/><b>Fr\u00e9quence Boost :<\/b><br \/>jusqu\u2019\u00e0 1 455 MHz (variable selon le fabricant)<br \/><b>TDP :<\/b><br \/>75 W<br \/>Pas de connecteur d\u2019alimentation externe (alimentation directe par le port PCIe)<br \/><b>Sorties vid\u00e9o :<\/b><br \/>1 HDMI 2.0<br \/>1 DisplayPort 1.4<br \/>1 DVI-D<br \/>Prend en charge jusqu\u2019\u00e0 3 \u00e9crans<\/p>\n","protected":false},"excerpt":{"rendered":"<p>Con\u00e7u pour les utilisateurs recherchant des performances graphiques \u00e9lev\u00e9es en Full HD (1080p) sans alimentation puissante ni investissement important. Id\u00e9al pour les jeux occasionnels, le multim\u00e9dia acc\u00e9l\u00e9r\u00e9 mat\u00e9riellement et les logiciels graphiques l\u00e9gers. [&#8230;]<\/p>\n<p><a class=\"btn btn-secondary understrap-read-more-link\" href=\"https:\/\/digalco.com\/fr\/produit\/carte-graphique-geforce-gtx-1050-4gb-reconditionne-fr-13554\/\">Lire la suite\u2026<span class=\"screen-reader-text\"> from Carte graphique GeForce GTX 1050 4GB | Reconditionn\u00e9<\/span><\/a><\/p>\n","protected":false},"featured_media":262145,"template":"","meta":[],"product_brand":[3864],"product_cat":[1801,1911,1469,1473],"product_tag":[],"class_list":{"0":"post-262150","1":"product","2":"type-product","3":"status-publish","4":"has-post-thumbnail","6":"product_brand-generic","7":"product_cat-composants-cartes-graphiques-fr","8":"product_cat-composants-fr","9":"product_cat-ordinateurs-fr","10":"product_cat-ordinateurs-workstations-fr","12":"first","13":"instock","14":"taxable","15":"shipping-taxable","16":"purchasable","17":"product-type-simple"},"bundled_by":[],"bundle_stock_status":"instock","bundle_stock_quantity":1,"bundle_virtual":false,"bundle_layout":"","bundle_add_to_cart_form_location":"","bundle_editable_in_cart":false,"bundle_sold_individually_context":"","bundle_item_grouping":"","bundle_min_size":"","bundle_max_size":"","bundle_price":[],"bundled_items":[],"bundle_sell_ids":[],"exclude_global_add_ons":[],"addons":[],"df_price":120,"df_sale_price":"","df_regular_price":120,"df_image_link":"https:\/\/digalco.com\/wp-content\/uploads\/images\/product\/13554\/gene00317_01-300x225.jpg","_links":{"self":[{"href":"https:\/\/digalco.com\/fr\/wp-json\/wp\/v2\/product\/262150","targetHints":{"allow":["GET"]}}],"collection":[{"href":"https:\/\/digalco.com\/fr\/wp-json\/wp\/v2\/product"}],"about":[{"href":"https:\/\/digalco.com\/fr\/wp-json\/wp\/v2\/types\/product"}],"wp:featuredmedia":[{"embeddable":true,"href":"https:\/\/digalco.com\/fr\/wp-json\/wp\/v2\/media\/262145"}],"wp:attachment":[{"href":"https:\/\/digalco.com\/fr\/wp-json\/wp\/v2\/media?parent=262150"}],"wp:term":[{"taxonomy":"product_brand","embeddable":true,"href":"https:\/\/digalco.com\/fr\/wp-json\/wp\/v2\/product_brand?post=262150"},{"taxonomy":"product_cat","embeddable":true,"href":"https:\/\/digalco.com\/fr\/wp-json\/wp\/v2\/product_cat?post=262150"},{"taxonomy":"product_tag","embeddable":true,"href":"https:\/\/digalco.com\/fr\/wp-json\/wp\/v2\/product_tag?post=262150"}],"curies":[{"name":"wp","href":"https:\/\/api.w.org\/{rel}","templated":true}]}}