{"id":262683,"date":"2025-07-02T13:19:38","date_gmt":"2025-07-02T11:19:38","guid":{"rendered":"https:\/\/digalco.com\/tienda\/iiyama-prolite-xb2783hsu-b1dp-27-led-169-reconditionne-1920x1080-fr-13858\/"},"modified":"2026-03-10T16:09:35","modified_gmt":"2026-03-10T15:09:35","slug":"iiyama-prolite-xb2783hsu-b1dp-27-led-169-reconditionne-1920x1080-fr-13858","status":"publish","type":"product","link":"https:\/\/digalco.com\/fr\/produit\/iiyama-prolite-xb2783hsu-b1dp-27-led-169-reconditionne-1920x1080-fr-13858\/","title":{"rendered":"IIYAMA ProLite XB2783HSU-B1DP 27\u00a0\u00bb Led 16:9 | Reconditionn\u00e9 | 1920&#215;1080"},"content":{"rendered":"<p><strong>\u00c9cran<\/strong><br \/>Led 27 \u00a0\u00bb FullHD avec Haut-parleurs \u00b7  16:9  \u00b7 R\u00e9solution 1920&#215;1080<br \/>Dot pitch 0.233 mm<br \/>R\u00e9ponse 4 ms<br \/>Contraste 3000:1<br \/>Luminosit\u00e9 300 cd\/m2<br \/>Angle vision 178\u00b0v\/178\u00b0h<br \/><strong>Ports vid\u00e9o<\/strong><br \/>VGA<br \/>Display Port<br \/>DVI<br \/><strong>Affichage sp\u00e9cifique<\/strong><br \/>Stand VESA<br \/>Base<br \/>R\u00e9glable en hauteur<br \/><strong>Autres<\/strong><br \/>hR emballage<br \/><strong>Dimensions<\/strong><br \/>40.5&#215;62.1&#215;24 cm.<br \/><strong>Poids<\/strong><br \/>6.00 Kg.<br \/><strong>Sp\u00e9cifications suppl\u00e9mentaires<\/strong><br \/>Le iiyama ProLite XB2783HSU-B1DP est un moniteur LED 27 pouces alliant une excellente qualit\u00e9 d&rsquo;image, un son int\u00e9gr\u00e9 et de multiples options de connexion, id\u00e9al pour les environnements professionnels, cr\u00e9atifs ou multim\u00e9dias. Sa r\u00e9solution Full HD (1920 x 1080), son pas de masque de 0,233 mm et son excellent rapport de contraste de 3000:1 offrent des images profondes, nettes et tr\u00e8s d\u00e9taill\u00e9es. Les angles de vision de 178\u00b0\/178\u00b0 et la luminosit\u00e9 de 300 cd\/m\u00b2 de la dalle garantissent un affichage confortable et constant quelle que soit la position, m\u00eame pendant de longues p\u00e9riodes. Avec un temps de r\u00e9ponse de 4 ms et des haut-parleurs int\u00e9gr\u00e9s, ce mod\u00e8le est parfait pour le travail comme pour le divertissement. Il est \u00e9quip\u00e9 de ports VGA, DisplayPort, DVI et de deux ports USB 2.0 pour une connectivit\u00e9 flexible, ainsi que d&rsquo;un c\u00e2ble d&rsquo;alimentation et d&rsquo;un c\u00e2ble VGA pour une installation imm\u00e9diate. Le moniteur iiyama ProLite XB2783HSU-B1DP est le choix id\u00e9al pour ceux qui recherchent un moniteur grand format offrant des performances visuelles \u00e9lev\u00e9es, un son int\u00e9gr\u00e9 et une connectivit\u00e9 polyvalente, le tout dans un design fonctionnel et professionnel. Il arbore un design \u00e9l\u00e9gant. Pour toute question, n&rsquo;h\u00e9sitez pas \u00e0 nous appeler ou \u00e0 utiliser notre chat pour obtenir plus d&rsquo;informations.<br \/><strong>Commentaires<\/strong><br \/><u>C\u00e2ble actuel et VGA inclus &#8211; 2xUSB 2.0<\/u><\/p>\n","protected":false},"excerpt":{"rendered":"<p>Led 27 \u00a0\u00bb FullHD avec Haut-parleurs \u00b7  16:9  \u00b7 R\u00e9solution 1920&#215;1080 \u00b7 Dot pitch 0.233 mm \u00b7 R\u00e9ponse 4 ms \u00b7 Contraste 3000:1 \u00b7 Luminosit\u00e9 300 cd\/m2 \u00b7 Angle vision 178\u00b0v\/178\u00b0h \u00b7 VGA \u00b7 Display Port \u00b7 DVI \u00b7 <u>C\u00e2ble actuel et VGA inclus &#8211; 2xUSB 2.0<\/u> [&#8230;]<\/p>\n<p><a class=\"btn btn-secondary understrap-read-more-link\" href=\"https:\/\/digalco.com\/fr\/produit\/iiyama-prolite-xb2783hsu-b1dp-27-led-169-reconditionne-1920x1080-fr-13858\/\">Lire la suite\u2026<span class=\"screen-reader-text\"> from IIYAMA ProLite XB2783HSU-B1DP 27\u00a0\u00bb Led 16:9 | Reconditionn\u00e9 | 1920&#215;1080<\/span><\/a><\/p>\n","protected":false},"featured_media":262653,"template":"","meta":[],"product_brand":[3885],"product_cat":[2394,1493],"product_tag":[],"class_list":{"0":"post-262683","1":"product","2":"type-product","3":"status-publish","4":"has-post-thumbnail","6":"product_brand-iiyama","7":"product_cat-moniteurs-27-fr","8":"product_cat-moniteurs-fr","10":"first","11":"instock","12":"taxable","13":"shipping-taxable","14":"purchasable","15":"product-type-simple"},"bundled_by":[],"bundle_stock_status":"instock","bundle_stock_quantity":7,"bundle_virtual":false,"bundle_layout":"","bundle_add_to_cart_form_location":"","bundle_editable_in_cart":false,"bundle_sold_individually_context":"","bundle_item_grouping":"","bundle_min_size":"","bundle_max_size":"","bundle_price":[],"bundled_items":[],"bundle_sell_ids":[],"exclude_global_add_ons":true,"addons":{"hdmi-upgrades":{"name":"Extension c\u00e2ble","type":"multiple_choice","position":0,"required":false,"title_format":"heading","default":"","description_enable":false,"description":"","placeholder_enable":false,"placeholder":"","display":"radiobutton","restrictions_type":"any_text","adjust_price":false,"price":"","price_type":"quantity_based","restrictions":false,"min":"0","max":"0","options":[{"label":"C\u00e2ble DisplayPort vers DisplayPort 1,8 mts. [AMP00103]","price":"8.0000","price_type":"quantity_based","image":0,"visibility":true},{"label":"C\u00e2ble DVI-D M\/M Dual Link 1,8 mts. [AMP00102]","price":"2.0000","price_type":"quantity_based","image":0,"visibility":true}]}},"df_price":125,"df_sale_price":"","df_regular_price":125,"df_image_link":"https:\/\/digalco.com\/wp-content\/uploads\/images\/product\/13858\/iiya00023_01-300x225.jpg","_links":{"self":[{"href":"https:\/\/digalco.com\/fr\/wp-json\/wp\/v2\/product\/262683","targetHints":{"allow":["GET"]}}],"collection":[{"href":"https:\/\/digalco.com\/fr\/wp-json\/wp\/v2\/product"}],"about":[{"href":"https:\/\/digalco.com\/fr\/wp-json\/wp\/v2\/types\/product"}],"wp:featuredmedia":[{"embeddable":true,"href":"https:\/\/digalco.com\/fr\/wp-json\/wp\/v2\/media\/262653"}],"wp:attachment":[{"href":"https:\/\/digalco.com\/fr\/wp-json\/wp\/v2\/media?parent=262683"}],"wp:term":[{"taxonomy":"product_brand","embeddable":true,"href":"https:\/\/digalco.com\/fr\/wp-json\/wp\/v2\/product_brand?post=262683"},{"taxonomy":"product_cat","embeddable":true,"href":"https:\/\/digalco.com\/fr\/wp-json\/wp\/v2\/product_cat?post=262683"},{"taxonomy":"product_tag","embeddable":true,"href":"https:\/\/digalco.com\/fr\/wp-json\/wp\/v2\/product_tag?post=262683"}],"curies":[{"name":"wp","href":"https:\/\/api.w.org\/{rel}","templated":true}]}}