{"id":262771,"date":"2025-07-02T16:45:26","date_gmt":"2025-07-02T14:45:26","guid":{"rendered":"https:\/\/digalco.com\/tienda\/apple-macbook-air-101-133-reconditionne-m1-32ghz-8-gb-ram-250-gb-ssd-m2-2560x1600-fr-13844\/"},"modified":"2025-11-04T17:00:05","modified_gmt":"2025-11-04T16:00:05","slug":"apple-macbook-air-101-133-reconditionne-m1-32ghz-8-gb-ram-250-gb-ssd-m2-2560x1600-fr-13844","status":"publish","type":"product","link":"https:\/\/digalco.com\/fr\/produit\/apple-macbook-air-101-133-reconditionne-m1-32ghz-8-gb-ram-250-gb-ssd-m2-2560x1600-fr-13844\/","title":{"rendered":"Apple MacBook Air 10,1 13.3\u00a0\u00bb | Reconditionn\u00e9 | M1 3.2GHz | 8 GB RAM | 250 GB SSD M2 2560&#215;1600"},"content":{"rendered":"<p><strong>Processeur<\/strong><br \/>Apple M1 3.2 GHz.<br \/><strong>M\u00e9moire RAM<\/strong><br \/>8 Gb. SO-DDR4 RAM<br \/><strong>Disque dur<\/strong><br \/>250 Gb. SSD M2<br \/><strong>Cartes<\/strong><br \/>Graphique: Apple G13G<br \/><strong>Syst\u00e8me op\u00e9ratif<\/strong><br \/>macOS Sequoia<br \/><strong>Ports<\/strong><br \/>2x USB-C<br \/><strong>\u00c9cran<\/strong><br \/>Led 13.3 \u00a0\u00bb 2K 16:9  \u00b7 R\u00e9solution 2560&#215;1600<br \/><strong>Multim\u00e9dias<\/strong><br \/>Webcam<br \/><strong>Connectivit\u00e9<\/strong><br \/>WIFI<br \/>Bluetooth<br \/><strong>Notebook sp\u00e9cifique<\/strong><br \/>Langue du clavier International (autocollants espagnols)<br \/><strong>Autres<\/strong><br \/>hR emballage<br \/><strong>Dimensions<\/strong><br \/>30.4&#215;21.2&#215;1.6 cm.<br \/><strong>Poids<\/strong><br \/>1.30 Kg.<br \/><strong>Sp\u00e9cifications suppl\u00e9mentaires<\/strong><br \/>\u00c9l\u00e9gant, silencieux et plus puissant que vous ne l&rsquo;imaginez. Le MacBook Air 13,3 pouces (mod\u00e8le A2337) en Gris Sid\u00e9ral marque le d\u00e9but d&rsquo;une nouvelle \u00e8re avec la puce Apple M1 cadenc\u00e9e \u00e0 3,2 GHz, r\u00e9volutionnant votre fa\u00e7on de travailler, de cr\u00e9er et de profiter de vos contenus sur un ordinateur portable ultral\u00e9ger.<br \/>Gr\u00e2ce \u00e0 ses 8 Go de RAM DDR4 et \u00e0 son SSD M.2 de 250 Go, il offre une exp\u00e9rience fluide et r\u00e9active d\u00e8s la premi\u00e8re seconde : lancement instantan\u00e9 des applications, multit\u00e2che fluide et excellente autonomie. Id\u00e9al pour les \u00e9tudiants et les professionnels qui recherchent de v\u00e9ritables performances en d\u00e9placement.<br \/>L&rsquo;\u00e9cran LED Retina 13,3 pouces, avec une r\u00e9solution 2K (2560 x 1600), offre des images \u00e9clatantes et un texte parfaitement d\u00e9fini. Id\u00e9al pour un design l\u00e9ger, une navigation intensive ou tout simplement pour profiter de s\u00e9ries et d&rsquo;appels vid\u00e9o haute qualit\u00e9 gr\u00e2ce \u00e0 sa webcam HD int\u00e9gr\u00e9e. Le tout sous macOS Sequoia, le syst\u00e8me d&rsquo;exploitation le plus avanc\u00e9 d&rsquo;Apple \u00e0 ce jour.<br \/>Fin, robuste et au design impeccable, ce MacBook Air (A2337) d\u00e9montre qu&rsquo;il n&rsquo;est pas n\u00e9cessaire d&rsquo;\u00eatre grand pour \u00eatre incroyablement performant.<br \/>Belle apparence ext\u00e9rieure. Voir \u00ab + Photos \u00bb et, pour toute question, appelez-nous ou utilisez notre chat pour plus d&rsquo;informations ou pour demander plus de d\u00e9tails.<br \/><strong>Commentaires<\/strong><br \/><u>Mod\u00e8le A2337 (2020) &#8211; Couleur Space Grey<\/u><\/p>\n","protected":false},"excerpt":{"rendered":"<p><strong>Apple M1 3.2 GHz.<\/strong> \u00b7 8 Gb. SO-DDR4 RAM \u00b7 250 Gb. SSD M2 \u00b7 macOS Sequoia \u00b7 Led 13.3 \u00a0\u00bb 2K 16:9 \u00b7 R\u00e9solution 2560&#215;1600 \u00b7 Webcam \u00b7<br \/>\n<u>Mod\u00e8le A2337 (2020) &#8211; Couleur Space Grey<br \/>\n<\/u> [&#8230;]<\/p>\n<p><a class=\"btn btn-secondary understrap-read-more-link\" href=\"https:\/\/digalco.com\/fr\/produit\/apple-macbook-air-101-133-reconditionne-m1-32ghz-8-gb-ram-250-gb-ssd-m2-2560x1600-fr-13844\/\">Lire la suite\u2026<span class=\"screen-reader-text\"> from Apple MacBook Air 10,1 13.3\u00a0\u00bb | Reconditionn\u00e9 | M1 3.2GHz | 8 GB RAM | 250 GB SSD M2 2560&#215;1600<\/span><\/a><\/p>\n","protected":false},"featured_media":262734,"template":"","meta":[],"product_brand":[3857],"product_cat":[1430,3079,3082],"product_tag":[],"class_list":{"0":"post-262771","1":"product","2":"type-product","3":"status-publish","4":"has-post-thumbnail","6":"product_brand-apple","7":"product_cat-apple-es","8":"product_cat-apple-macbook-air-es","9":"product_cat-apple-macbook-air-fr","11":"first","12":"instock","13":"taxable","14":"shipping-taxable","15":"purchasable","16":"product-type-simple"},"bundled_by":[],"bundle_stock_status":"instock","bundle_stock_quantity":1,"bundle_virtual":false,"bundle_layout":"","bundle_add_to_cart_form_location":"","bundle_editable_in_cart":false,"bundle_sold_individually_context":"","bundle_item_grouping":"","bundle_min_size":"","bundle_max_size":"","bundle_price":[],"bundled_items":[],"bundle_sell_ids":[],"exclude_global_add_ons":true,"addons":{"keyboard-iso-upgrades":{"name":"Choisir langue du clavier","type":"multiple_choice","position":0,"required":false,"title_format":"heading","default":"","description_enable":false,"description":"","placeholder_enable":false,"placeholder":"","display":"radiobutton","restrictions_type":"any_text","adjust_price":false,"price":"","price_type":"quantity_based","restrictions":false,"min":"0","max":"0","options":[{"label":"Autocollants espagnols [AMP00082]","price":"0.0000","price_type":"quantity_based","image":0,"visibility":true},{"label":"Autocollants fran\u00e7ais [AMP00084]","price":"0.0000","price_type":"quantity_based","image":0,"visibility":true},{"label":"Autocollants portugais [AMP00083]","price":"0.0000","price_type":"quantity_based","image":0,"visibility":true}]},"mouse-upgrades":{"name":"Extension souris","type":"multiple_choice","position":0,"required":false,"title_format":"heading","default":"","description_enable":false,"description":"","placeholder_enable":false,"placeholder":"","display":"radiobutton","restrictions_type":"any_text","adjust_price":false,"price":"","price_type":"quantity_based","restrictions":false,"min":"0","max":"0","options":[{"label":"Apple Magic Mouse 2 (A1657) [AMP00060]","price":"60.0000","price_type":"quantity_based","image":0,"visibility":true}]}},"df_price":435,"df_sale_price":"","df_regular_price":435,"df_image_link":"https:\/\/digalco.com\/wp-content\/uploads\/images\/product\/13844\/appl00624_01-300x225.jpg","_links":{"self":[{"href":"https:\/\/digalco.com\/fr\/wp-json\/wp\/v2\/product\/262771","targetHints":{"allow":["GET"]}}],"collection":[{"href":"https:\/\/digalco.com\/fr\/wp-json\/wp\/v2\/product"}],"about":[{"href":"https:\/\/digalco.com\/fr\/wp-json\/wp\/v2\/types\/product"}],"wp:featuredmedia":[{"embeddable":true,"href":"https:\/\/digalco.com\/fr\/wp-json\/wp\/v2\/media\/262734"}],"wp:attachment":[{"href":"https:\/\/digalco.com\/fr\/wp-json\/wp\/v2\/media?parent=262771"}],"wp:term":[{"taxonomy":"product_brand","embeddable":true,"href":"https:\/\/digalco.com\/fr\/wp-json\/wp\/v2\/product_brand?post=262771"},{"taxonomy":"product_cat","embeddable":true,"href":"https:\/\/digalco.com\/fr\/wp-json\/wp\/v2\/product_cat?post=262771"},{"taxonomy":"product_tag","embeddable":true,"href":"https:\/\/digalco.com\/fr\/wp-json\/wp\/v2\/product_tag?post=262771"}],"curies":[{"name":"wp","href":"https:\/\/api.w.org\/{rel}","templated":true}]}}