{"id":263072,"date":"2025-07-03T13:43:10","date_gmt":"2025-07-03T11:43:10","guid":{"rendered":"https:\/\/digalco.com\/tienda\/fujitsu-p27-8-ts-pro-27-ips-1610-reconditionne-2560x1440-fr-13821\/"},"modified":"2026-03-10T16:10:18","modified_gmt":"2026-03-10T15:10:18","slug":"fujitsu-p27-8-ts-pro-27-ips-1610-reconditionne-2560x1440-fr-13821","status":"publish","type":"product","link":"https:\/\/digalco.com\/fr\/produit\/fujitsu-p27-8-ts-pro-27-ips-1610-reconditionne-2560x1440-fr-13821\/","title":{"rendered":"Fujitsu P27-8 TS Pro 27\u00a0\u00bb IPS 16:10 | Reconditionn\u00e9 | 2560&#215;1440"},"content":{"rendered":"<p><strong>\u00c9cran<\/strong><br \/>IPS 27 \u00a0\u00bb 2K avec Haut-parleurs \u00b7  16:10  \u00b7 R\u00e9solution 2560&#215;1440<br \/>Dot pitch 0.155 mm<br \/>R\u00e9ponse 5 ms<br \/>Contraste 1000:1<br \/>Luminosit\u00e9 350 cd\/m2<br \/>Angle vision 178\u00b0v\/178\u00b0h<br \/><strong>Ports vid\u00e9o<\/strong><br \/>HDMI<br \/>2x Display Port<br \/>DVI<br \/><strong>Affichage sp\u00e9cifique<\/strong><br \/>Stand VESA<br \/>Base<br \/>R\u00e9glable en hauteur<br \/><strong>Autres<\/strong><br \/>hR emballage<br \/><strong>Dimensions<\/strong><br \/>62x39x23 cm.<br \/><strong>Poids<\/strong><br \/>7.45 Kg.<br \/><strong>Sp\u00e9cifications suppl\u00e9mentaires<\/strong><br \/>Le Fujitsu P27-8 TS Pro est un \u00e9cran IPS de 27 pouces avec une r\u00e9solution 2K (2560 x 1440) au format 16:10, id\u00e9al pour ceux qui recherchent un espace de travail vertical plus important et une pr\u00e9cision visuelle maximale. Avec un pas de masque de 0,155 mm et une luminosit\u00e9 \u00e9lev\u00e9e de 350 cd\/m\u00b2, il offre une nettet\u00e9 exceptionnelle et une excellente visibilit\u00e9, m\u00eame dans les environnements lumineux. Sa dalle IPS offre des couleurs vives et uniformes sous tous les angles gr\u00e2ce \u00e0 son angle de vision horizontal et vertical de 178\u00b0. Son temps de r\u00e9ponse de 5 ms et son rapport de contraste de 1000:1 garantissent des performances fluides et \u00e9quilibr\u00e9es pour les t\u00e2ches de productivit\u00e9 intensives ou le montage de contenu. Il est dot\u00e9 de connexions professionnelles telles que HDMI, double DisplayPort, DVI et quatre ports USB 3.2 pour une int\u00e9gration compl\u00e8te avec les p\u00e9riph\u00e9riques et \u00e9quipements modernes. Il int\u00e8gre \u00e9galement des haut-parleurs et est livr\u00e9 avec un c\u00e2ble d&rsquo;alimentation et un c\u00e2ble DisplayPort, pr\u00eats \u00e0 l&#8217;emploi. Le Fujitsu P27-8 TS Pro est la solution id\u00e9ale pour les environnements professionnels, cr\u00e9atifs ou techniques exigeant une haute r\u00e9solution, une connectivit\u00e9 avanc\u00e9e et une qualit\u00e9 d&rsquo;image sup\u00e9rieure dans un \u00e9cran robuste et performant.<br \/>Excellent aspect ext\u00e9rieur. Pour toute question, n&rsquo;h\u00e9sitez pas \u00e0 nous appeler ou \u00e0 utiliser notre chat pour obtenir plus d&rsquo;informations.<br \/><strong>Commentaires<\/strong><br \/><u>C\u00e2ble d&rsquo;alimentation et DisplayPort inclus &#8211; 4xUSB 3.2<\/u><\/p>\n","protected":false},"excerpt":{"rendered":"<p><strong>IPS 27 \u00a0\u00bb 2K<\/strong> avec Haut-parleurs \u00b7 16:10 \u00b7 Dot pitch 0.155 mm \u00b7 R\u00e9ponse 5 ms \u00b7 Contraste 1000:1 \u00b7 Luminosit\u00e9 350 cd\/m2 \u00b7 HDMI \u00b7 2x Display Port \u00b7 DVI \u00b7<br \/>\n<u>C\u00e2ble d&rsquo;alimentation et DisplayPort inclus &#8211; 4xUSB 3.2<br \/>\n<\/u> [&#8230;]<\/p>\n<p><a class=\"btn btn-secondary understrap-read-more-link\" href=\"https:\/\/digalco.com\/fr\/produit\/fujitsu-p27-8-ts-pro-27-ips-1610-reconditionne-2560x1440-fr-13821\/\">Lire la suite\u2026<span class=\"screen-reader-text\"> from Fujitsu P27-8 TS Pro 27\u00a0\u00bb IPS 16:10 | Reconditionn\u00e9 | 2560&#215;1440<\/span><\/a><\/p>\n","protected":false},"featured_media":263042,"template":"","meta":[],"product_brand":[3859],"product_cat":[2394,1493],"product_tag":[],"class_list":{"0":"post-263072","1":"product","2":"type-product","3":"status-publish","4":"has-post-thumbnail","6":"product_brand-fujitsu","7":"product_cat-moniteurs-27-fr","8":"product_cat-moniteurs-fr","10":"first","11":"instock","12":"taxable","13":"shipping-taxable","14":"purchasable","15":"product-type-simple"},"bundled_by":[],"bundle_stock_status":"instock","bundle_stock_quantity":24,"bundle_virtual":false,"bundle_layout":"","bundle_add_to_cart_form_location":"","bundle_editable_in_cart":false,"bundle_sold_individually_context":"","bundle_item_grouping":"","bundle_min_size":"","bundle_max_size":"","bundle_price":[],"bundled_items":[],"bundle_sell_ids":[],"exclude_global_add_ons":true,"addons":{"hdmi-upgrades":{"name":"Extension c\u00e2ble","type":"multiple_choice","position":0,"required":false,"title_format":"heading","default":"","description_enable":false,"description":"","placeholder_enable":false,"placeholder":"","display":"radiobutton","restrictions_type":"any_text","adjust_price":false,"price":"","price_type":"quantity_based","restrictions":false,"min":"0","max":"0","options":[{"label":"C\u00e2ble HDMI 2 mts. [AMP00104]","price":"6.0000","price_type":"quantity_based","image":0,"visibility":true},{"label":"C\u00e2ble DVI-D M\/M Dual Link 1,8 mts. [AMP00102]","price":"2.0000","price_type":"quantity_based","image":0,"visibility":true}]}},"df_price":172,"df_sale_price":"","df_regular_price":172,"df_image_link":"https:\/\/digalco.com\/wp-content\/uploads\/images\/product\/13821\/fuji00266_01-300x225.jpg","_links":{"self":[{"href":"https:\/\/digalco.com\/fr\/wp-json\/wp\/v2\/product\/263072","targetHints":{"allow":["GET"]}}],"collection":[{"href":"https:\/\/digalco.com\/fr\/wp-json\/wp\/v2\/product"}],"about":[{"href":"https:\/\/digalco.com\/fr\/wp-json\/wp\/v2\/types\/product"}],"wp:featuredmedia":[{"embeddable":true,"href":"https:\/\/digalco.com\/fr\/wp-json\/wp\/v2\/media\/263042"}],"wp:attachment":[{"href":"https:\/\/digalco.com\/fr\/wp-json\/wp\/v2\/media?parent=263072"}],"wp:term":[{"taxonomy":"product_brand","embeddable":true,"href":"https:\/\/digalco.com\/fr\/wp-json\/wp\/v2\/product_brand?post=263072"},{"taxonomy":"product_cat","embeddable":true,"href":"https:\/\/digalco.com\/fr\/wp-json\/wp\/v2\/product_cat?post=263072"},{"taxonomy":"product_tag","embeddable":true,"href":"https:\/\/digalco.com\/fr\/wp-json\/wp\/v2\/product_tag?post=263072"}],"curies":[{"name":"wp","href":"https:\/\/api.w.org\/{rel}","templated":true}]}}