{"id":264808,"date":"2025-07-21T16:33:45","date_gmt":"2025-07-21T14:33:45","guid":{"rendered":"https:\/\/digalco.com\/tienda\/getac-s410-g3-rugerizado-14-reconditionne-core-i5-16ghz-8-gb-ram-512-gb-ssd-m2-1920x1080-fr-13906\/"},"modified":"2026-03-30T10:46:13","modified_gmt":"2026-03-30T08:46:13","slug":"getac-s410-g3-rugerizado-14-reconditionne-core-i5-16ghz-8-gb-ram-512-gb-ssd-m2-1920x1080-fr-13906","status":"publish","type":"product","link":"https:\/\/digalco.com\/fr\/produit\/getac-s410-g3-rugerizado-14-reconditionne-core-i5-16ghz-8-gb-ram-512-gb-ssd-m2-1920x1080-fr-13906\/","title":{"rendered":"GETAC S410 G3 Rugerizado 14\u00a0\u00bb | Reconditionn\u00e9 | Core i5 1.6GHz | 8 GB RAM | 512 GB SSD 1920&#215;1080"},"content":{"rendered":"<p><strong>Processeur<\/strong><br \/>Intel Core i5 8365U 1.6 GHz.<br \/><strong>M\u00e9moire RAM<\/strong><br \/>8 Gb. SO-DDR4 RAM<br \/><strong>Disque dur<\/strong><br \/>512 Gb. SSD<br \/><strong>Cartes<\/strong><br \/>Graphique: Intel HD 620<br \/>Son: Realtek HDA<br \/>R\u00e9seau: Intel I219-LM<br \/><strong>Syst\u00e8me op\u00e9ratif<\/strong><br \/>Windows 11 Pro<br \/><strong>Ports<\/strong><br \/>S\u00e9rie<br \/>USB 2.0<br \/>3x USB 3.0<br \/><strong>\u00c9cran<\/strong><br \/>Led 14 \u00a0\u00bb FullHD 16:9  \u00b7 R\u00e9solution 1920&#215;1080<br \/><strong>Ports vid\u00e9o<\/strong><br \/>HDMI<br \/><strong>Multim\u00e9dias<\/strong><br \/>Webcam<br \/>Lecteur SD<br \/>Lecteur carte d&rsquo;identit\u00e9<br \/><strong>Connectivit\u00e9<\/strong><br \/>2x RJ-45<br \/>WIFI<br \/>Bluetooth<br \/>4G<br \/><strong>Notebook sp\u00e9cifique<\/strong><br \/>Langue du clavier International (autocollants espagnols)<br \/><strong>Autres<\/strong><br \/>hR emballage<br \/><strong>Dimensions<\/strong><br \/>35&#215;29.3&#215;3.8 cm.<br \/><strong>Poids<\/strong><br \/>2.38 Kg.<br \/><strong>Sp\u00e9cifications suppl\u00e9mentaires<\/strong><br \/>Le GETAC S410 est un ordinateur portable semi-renforc\u00e9 haute performance, con\u00e7u pour les professionnels travaillant dans des environnements exigeants mais non extr\u00eames, comme la s\u00e9curit\u00e9 publique, l&rsquo;industrie, l&rsquo;automobile, la d\u00e9fense l\u00e9g\u00e8re ou les services techniques. Il offre un excellent compromis entre robustesse, l\u00e9g\u00e8ret\u00e9 et puissance, int\u00e9grant un processeur Intel Core i5 de 8e g\u00e9n\u00e9ration, 8 Go de RAM et un SSD rapide de 512 Go, le tout sous Windows 11 Pro.<br \/>Son \u00e9cran FullHD de 14\u201d offre une excellente lisibilit\u00e9, m\u00eame en ext\u00e9rieur, et sa structure renforc\u00e9e garantit une durabilit\u00e9 face \u00e0 une utilisation intensive. Il est \u00e9quip\u00e9 d\u2019une webcam, d\u2019un lecteur de cartes SD et d\u2019un lecteur de carte d\u2019identit\u00e9, ce qui en fait une solution professionnelle et polyvalente.<br \/><b>Caract\u00e9ristiques de Renforcement<\/b><br \/><u>Design semi-renforc\u00e9<\/u> avec un bo\u00eetier en polym\u00e8re renforc\u00e9 et en alliage de magn\u00e9sium, id\u00e9al pour les environnements \u00e0 risques de chocs, de poussi\u00e8re ou d\u2019humidit\u00e9 mod\u00e9r\u00e9e.<br \/><u>R\u00e9sistant aux chutes <\/u>jusqu\u2019\u00e0 90 cm, aux vibrations, aux \u00e9claboussures et aux temp\u00e9ratures extr\u00eames en fonctionnement.<br \/><u>\u00c9cran haute luminosit\u00e9 <\/u>(jusqu\u2019\u00e0 1000 nits sur les versions optionnelles), id\u00e9al pour une utilisation ext\u00e9rieure ou en v\u00e9hicule.<br \/><u>Syst\u00e8me de drainage interne<\/u>, charni\u00e8res renforc\u00e9es et clavier r\u00e9sistant aux liquides.<br \/><u>Dissipation thermique avanc\u00e9e<\/u> et faible niveau sonore, parfait pour les environnements mobiles et exigeants.<br \/><b>Certifications de Renforcement<\/b><br \/><u>MIL-STD-810H :<\/u> Certification militaire garantissant une r\u00e9sistance aux vibrations, aux chocs, \u00e0 l\u2019humidit\u00e9, \u00e0 la poussi\u00e8re et aux temp\u00e9ratures extr\u00eames.<br \/><u>IP53 :<\/u> Protection contre la p\u00e9n\u00e9tration limit\u00e9e de poussi\u00e8re et les projections d\u2019eau.<br \/><u>TPM 2.0 :<\/u> S\u00e9curit\u00e9 mat\u00e9rielle avanc\u00e9e pour la protection des donn\u00e9es et l\u2019authentification.<br \/>Le GETAC S410 est un ordinateur portable professionnel con\u00e7u pour ceux qui recherchent des performances solides et une durabilit\u00e9 accrue sans le poids ni le volume d\u2019un appareil totalement durci. Id\u00e9al pour les environnements techniques, logistiques ou mobiles o\u00f9 la fiabilit\u00e9 est essentielle.<br \/>Bon aspect ext\u00e9rieur. Regardez dans \u00ab\u00a0+ Photos\u00a0\u00bb et \u00ab\u00a0Vid\u00e9o\u00a0\u00bb et si vous avez des questions, appelez-nous ou utilisez notre chat pour d\u00e9velopper les informations ou demander plus de d\u00e9tails.<br \/><strong>Commentaires<\/strong><br \/><u>2xBattery &#8211; 1xM.2 2280 pour le stockage disponible<\/u><\/p>\n","protected":false},"excerpt":{"rendered":"<p>Intel Core i5 8365U 1.6 GHz. \u00b7 8 Gb. SO-DDR4 RAM \u00b7 512 Gb. SSD \u00b7 <strong>Windows 11 Pro<\/strong> \u00b7 Led 14 \u00a0\u00bb FullHD 16:9 \u00b7 Webcam \u00b7<br \/>\n<strong>2xBattery<\/strong> &#8211; <u>1xM.2 2280 pour le stockage disponible \u00b7Clavier international avec autocollants en fran\u00e7ais<\/u> [&#8230;]<\/p>\n<p><a class=\"btn btn-secondary understrap-read-more-link\" href=\"https:\/\/digalco.com\/fr\/produit\/getac-s410-g3-rugerizado-14-reconditionne-core-i5-16ghz-8-gb-ram-512-gb-ssd-m2-1920x1080-fr-13906\/\">Lire la suite\u2026<span class=\"screen-reader-text\"> from GETAC S410 G3 Rugerizado 14\u00a0\u00bb | Reconditionn\u00e9 | Core i5 1.6GHz | 8 GB RAM | 512 GB SSD 1920&#215;1080<\/span><\/a><\/p>\n","protected":false},"featured_media":264753,"template":"","meta":[],"product_brand":[3853],"product_cat":[3701,1517,1593,1545],"product_tag":[],"class_list":{"0":"post-264808","1":"product","2":"type-product","3":"status-publish","4":"has-post-thumbnail","6":"product_brand-getac","7":"product_cat-ruggerized-notebooks-fr","8":"product_cat-notebooks-fr","9":"product_cat-ruggerized-fr","10":"product_cat-notebooks-ruggerized-fr","12":"first","13":"instock","14":"taxable","15":"shipping-taxable","16":"purchasable","17":"product-type-simple"},"bundled_by":[],"bundle_stock_status":"instock","bundle_stock_quantity":35,"bundle_virtual":false,"bundle_layout":"","bundle_add_to_cart_form_location":"","bundle_editable_in_cart":false,"bundle_sold_individually_context":"","bundle_item_grouping":"","bundle_min_size":"","bundle_max_size":"","bundle_price":[],"bundled_items":[],"bundle_sell_ids":[],"exclude_global_add_ons":true,"addons":{"keyboard-iso-upgrades":{"name":"Choisir langue du clavier","type":"multiple_choice","position":0,"required":false,"title_format":"heading","default":"","description_enable":false,"description":"","placeholder_enable":false,"placeholder":"","display":"radiobutton","restrictions_type":"any_text","adjust_price":false,"price":"","price_type":"quantity_based","restrictions":false,"min":"0","max":"0","options":[{"label":"Autocollants espagnols [AMP00082]","price":"0.0000","price_type":"quantity_based","image":0,"visibility":true},{"label":"Autocollants fran\u00e7ais [AMP00084]","price":"0.0000","price_type":"quantity_based","image":0,"visibility":true},{"label":"Autocollants portugais [AMP00083]","price":"0.0000","price_type":"quantity_based","image":0,"visibility":true}]},"docking-station-upgrades":{"name":"Extension Docking Station","type":"multiple_choice","position":0,"required":false,"title_format":"heading","default":"","description_enable":false,"description":"","placeholder_enable":false,"placeholder":"","display":"radiobutton","restrictions_type":"any_text","adjust_price":false,"price":"","price_type":"quantity_based","restrictions":false,"min":"0","max":"0","options":[{"label":"GETAC Docking Station S410 [AMP00161]","price":"50.0000","price_type":"quantity_based","image":0,"visibility":true}]},"ram-memory-upgrades":{"name":"Extension RAM","type":"multiple_choice","position":0,"required":false,"title_format":"heading","default":"","description_enable":false,"description":"","placeholder_enable":false,"placeholder":"","display":"radiobutton","restrictions_type":"any_text","adjust_price":false,"price":"","price_type":"quantity_based","restrictions":false,"min":"0","max":"0","options":[{"label":"Extension de 16 Gb Gb de RAM SO-DIMM DDR4 [AMP00081]","price":"60.0000","price_type":"quantity_based","image":0,"visibility":true}]},"hdd-upgrades":{"name":"Extension disque dur","type":"multiple_choice","position":0,"required":false,"title_format":"heading","default":"","description_enable":false,"description":"","placeholder_enable":false,"placeholder":"","display":"radiobutton","restrictions_type":"any_text","adjust_price":false,"price":"","price_type":"quantity_based","restrictions":false,"min":"0","max":"0","options":[{"label":"Passez au disque SSD 1 Tb. [AMP00071]","price":"95.0000","price_type":"quantity_based","image":0,"visibility":true},{"label":"Passez au disque SSD 1 Tb. M.2 2280 PCIe [AMP00107]","price":"165.0000","price_type":"quantity_based","image":0,"visibility":true},{"label":"Passez au disque SSD 2 Tb. M.2 2280 PCIe [AMP00171]","price":"260.0000","price_type":"quantity_based","image":0,"visibility":true},{"label":"SSD suppl\u00e9mentaire 500 Gb. M.2 2280 PCIe [AMP00108]","price":"115.0000","price_type":"quantity_based","image":0,"visibility":true},{"label":"Disque SSD de 1 Tb. M.2 2280 PCIe suppl\u00e9mentaire [AMP00109]","price":"170.0000","price_type":"quantity_based","image":0,"visibility":true},{"label":"Disque SSD de 2 Tb. M.2 2280 PCIe suppl\u00e9mentaire [AMP00176]","price":"265.0000","price_type":"quantity_based","image":0,"visibility":true}]},"os-upgrades":{"name":"Expansion SO","type":"multiple_choice","position":0,"required":false,"title_format":"heading","default":"","description_enable":false,"description":"","placeholder_enable":false,"placeholder":"","display":"radiobutton","restrictions_type":"any_text","adjust_price":false,"price":"","price_type":"quantity_based","restrictions":false,"min":"0","max":"0","options":[{"label":"Changer la langue en fran\u00e7ais [AMP00125]","price":"0.0000","price_type":"quantity_based","image":0,"visibility":true},{"label":"Changer la langue en anglais [AMP00008]","price":"0.0000","price_type":"quantity_based","image":0,"visibility":true},{"label":"Changer la langue en portugais [AMP00009]","price":"0.0000","price_type":"quantity_based","image":0,"visibility":true}]},"briefcase-upgrades":{"name":"Porte-documents","type":"multiple_choice","position":0,"required":false,"title_format":"heading","default":"","description_enable":false,"description":"","placeholder_enable":false,"placeholder":"","display":"radiobutton","restrictions_type":"any_text","adjust_price":false,"price":"","price_type":"quantity_based","restrictions":false,"min":"0","max":"0","options":[{"label":"Mallette Notebook [AMP00041]","price":"5.0000","price_type":"quantity_based","image":0,"visibility":true}]}},"df_price":484,"df_sale_price":"","df_regular_price":484,"df_image_link":"https:\/\/digalco.com\/wp-content\/uploads\/images\/product\/13906\/gtc00055_01-300x225.jpg","_links":{"self":[{"href":"https:\/\/digalco.com\/fr\/wp-json\/wp\/v2\/product\/264808","targetHints":{"allow":["GET"]}}],"collection":[{"href":"https:\/\/digalco.com\/fr\/wp-json\/wp\/v2\/product"}],"about":[{"href":"https:\/\/digalco.com\/fr\/wp-json\/wp\/v2\/types\/product"}],"wp:featuredmedia":[{"embeddable":true,"href":"https:\/\/digalco.com\/fr\/wp-json\/wp\/v2\/media\/264753"}],"wp:attachment":[{"href":"https:\/\/digalco.com\/fr\/wp-json\/wp\/v2\/media?parent=264808"}],"wp:term":[{"taxonomy":"product_brand","embeddable":true,"href":"https:\/\/digalco.com\/fr\/wp-json\/wp\/v2\/product_brand?post=264808"},{"taxonomy":"product_cat","embeddable":true,"href":"https:\/\/digalco.com\/fr\/wp-json\/wp\/v2\/product_cat?post=264808"},{"taxonomy":"product_tag","embeddable":true,"href":"https:\/\/digalco.com\/fr\/wp-json\/wp\/v2\/product_tag?post=264808"}],"curies":[{"name":"wp","href":"https:\/\/api.w.org\/{rel}","templated":true}]}}