{"id":266174,"date":"2025-08-01T14:11:54","date_gmt":"2025-08-01T12:11:54","guid":{"rendered":"https:\/\/digalco.com\/tienda\/hp-proliant-dl380-g5-rack-reconditionne-xeon-233ghz-14-gb-ram-300-gb-sas-fr-12559\/"},"modified":"2025-08-01T14:12:01","modified_gmt":"2025-08-01T12:12:01","slug":"hp-proliant-dl380-g5-rack-reconditionne-xeon-233ghz-14-gb-ram-300-gb-sas-fr-12559","status":"publish","type":"product","link":"https:\/\/digalco.com\/fr\/produit\/hp-proliant-dl380-g5-rack-reconditionne-xeon-233ghz-14-gb-ram-300-gb-sas-fr-12559\/","title":{"rendered":"HP ProLiant DL380 G5 Rack | Reconditionn\u00e9 | Xeon 2.33GHz | 14 GB RAM | 300 GB SAS"},"content":{"rendered":"<p><strong>Processeur<\/strong><br \/>2x Intel Xeon e5345 2.33 GHz.<br \/><strong>Facteur de forme<\/strong><br \/>Rack (2U)<br \/><strong>M\u00e9moire RAM<\/strong><br \/>14 Gb. DDR2 ECC RAM<br \/>8 emplacements (0 vide )<br \/><strong>Disque dur<\/strong><br \/>3x 300 Gb. SAS 2.5\u00a0\u00bb 10000rpm<br \/>SAS 2.5\u00a0\u00bb 10000rpm<br \/>8 emplacements (5 vide )<br \/><strong>Lecteur optique<\/strong><br \/>Combo (CD-RW\/DVD)<br \/><strong>Cartes<\/strong><br \/>Graphique: intel HD Graphics<br \/>R\u00e9seau: Gigabit Ethernet<br \/><strong>Syst\u00e8me op\u00e9ratif<\/strong><br \/>&#8211; Sans SO &#8211;<br \/><strong>Ports<\/strong><br \/>S\u00e9rie<br \/>4x USB 2.0<br \/>PS2<br \/><strong>Connectivit\u00e9<\/strong><br \/>4x RJ-45<br \/><strong>Source de courant<\/strong><br \/>Alimentations (Hotplug)<br \/><strong>Autres<\/strong><br \/>hR emballage<br \/><strong>Dimensions<\/strong><br \/>8.5&#215;67.4&#215;48.5 cm.<br \/><strong>Poids<\/strong><br \/>20.00 Kg.<br \/><strong>Sp\u00e9cifications suppl\u00e9mentaires<\/strong><br \/>Le HP ProLiant DL380 G5 est un serveur rack 2U fiable et \u00e9volutif, id\u00e9al pour les PME qui recherchent une solution robuste pour des t\u00e2ches telles que le stockage, les services r\u00e9seau, la sauvegarde ou les environnements de laboratoire. Il est \u00e9quip\u00e9 de deux processeurs Intel Xeon E5345 quadric\u0153urs cadenc\u00e9s \u00e0 2,33 GHz, capables de g\u00e9rer efficacement plusieurs processus. Il dispose de 14 Go de m\u00e9moire DDR2 ECC, qui prot\u00e8ge l&rsquo;int\u00e9grit\u00e9 des donn\u00e9es gr\u00e2ce \u00e0 la correction d&rsquo;erreurs, id\u00e9ale pour les syst\u00e8mes critiques. Il est \u00e9quip\u00e9 de trois disques durs SAS de 300 Go \u00e0 10 000 tr\/min au format 2,5 pouces, mont\u00e9s dans un ch\u00e2ssis \u00e0 8 baies (plein) et un plateau suppl\u00e9mentaire \u00e0 8 baies (5 vides), permettant une capacit\u00e9 de stockage \u00e9volutive pour r\u00e9pondre aux besoins futurs.Le stockage est g\u00e9r\u00e9 par la solution fiable HP Smart Array P400, qui prend en charge les niveaux RAID pour allier performance et redondance. Il comprend un lecteur combin\u00e9 CD-RW\/DVD et deux emplacements PCIe X8, offrant une capacit\u00e9 d&rsquo;extension pour des contr\u00f4leurs suppl\u00e9mentaires, des cartes r\u00e9seau ou un stockage externe.Une option abordable et fonctionnelle pour les projets informatiques n\u00e9cessitant stabilit\u00e9 et \u00e9volutivit\u00e9.Belle apparence ext\u00e9rieure. Pour toute question, n&rsquo;h\u00e9sitez pas \u00e0 nous appeler ou \u00e0 utiliser notre chat pour obtenir plus d&rsquo;informations ou pour demander plus de d\u00e9tails.<br \/><strong>Commentaires<\/strong><br \/><u>HP Smart Array P400 RAID Controller &#8211; 2xPCIe X8<\/u><\/p>\n","protected":false},"excerpt":{"rendered":"<p>2x Intel Xeon e5345 2.33 GHz. \u00b7 14 Gb. DDR2 ECC RAM \u00b7 3x 300 Gb. SAS 2.5\u00a0\u00bb 10000rpm \u00b7 Combo (CD-RW\/DVD) \u00b7<br \/>\n<u>HP Smart Array P400 RAID Controller &#8211; 2xPCIe X8<br \/>\n<\/u> [&#8230;]<\/p>\n<p><a class=\"btn btn-secondary understrap-read-more-link\" href=\"https:\/\/digalco.com\/fr\/produit\/hp-proliant-dl380-g5-rack-reconditionne-xeon-233ghz-14-gb-ram-300-gb-sas-fr-12559\/\">Lire la suite\u2026<span class=\"screen-reader-text\"> from HP ProLiant DL380 G5 Rack | Reconditionn\u00e9 | Xeon 2.33GHz | 14 GB RAM | 300 GB SAS<\/span><\/a><\/p>\n","protected":false},"featured_media":266164,"template":"","meta":[],"product_brand":[3854],"product_cat":[1641,1633],"product_tag":[],"class_list":{"0":"post-266174","1":"product","2":"type-product","3":"status-publish","4":"has-post-thumbnail","6":"product_brand-hp","7":"product_cat-serveurs-rack-fr","8":"product_cat-serveurs-fr","10":"first","11":"instock","12":"taxable","13":"shipping-taxable","14":"purchasable","15":"product-type-simple"},"bundled_by":[],"bundle_stock_status":"instock","bundle_stock_quantity":1,"bundle_virtual":false,"bundle_layout":"","bundle_add_to_cart_form_location":"","bundle_editable_in_cart":false,"bundle_sold_individually_context":"","bundle_item_grouping":"","bundle_min_size":"","bundle_max_size":"","bundle_price":[],"bundled_items":[],"bundle_sell_ids":[],"exclude_global_add_ons":true,"addons":{"hdd-upgrades":{"name":"Extension disque dur","type":"multiple_choice","position":0,"required":false,"title_format":"heading","default":"","description_enable":false,"description":"","placeholder_enable":false,"placeholder":"","display":"radiobutton","restrictions_type":"any_text","adjust_price":false,"price":"","price_type":"quantity_based","restrictions":false,"min":"0","max":"0","options":[{"label":"2x disque SSD 240 Gb. [AMP00058]","price":"100.0000","price_type":"quantity_based","image":0,"visibility":true},{"label":"2x disque SSD 480 Gb. [AMP00059]","price":"200.0000","price_type":"quantity_based","image":0,"visibility":true}]}},"df_price":168,"df_sale_price":"","df_regular_price":168,"df_image_link":"https:\/\/digalco.com\/wp-content\/uploads\/images\/product\/12559\/hp02666_01-300x225.jpg","_links":{"self":[{"href":"https:\/\/digalco.com\/fr\/wp-json\/wp\/v2\/product\/266174","targetHints":{"allow":["GET"]}}],"collection":[{"href":"https:\/\/digalco.com\/fr\/wp-json\/wp\/v2\/product"}],"about":[{"href":"https:\/\/digalco.com\/fr\/wp-json\/wp\/v2\/types\/product"}],"wp:featuredmedia":[{"embeddable":true,"href":"https:\/\/digalco.com\/fr\/wp-json\/wp\/v2\/media\/266164"}],"wp:attachment":[{"href":"https:\/\/digalco.com\/fr\/wp-json\/wp\/v2\/media?parent=266174"}],"wp:term":[{"taxonomy":"product_brand","embeddable":true,"href":"https:\/\/digalco.com\/fr\/wp-json\/wp\/v2\/product_brand?post=266174"},{"taxonomy":"product_cat","embeddable":true,"href":"https:\/\/digalco.com\/fr\/wp-json\/wp\/v2\/product_cat?post=266174"},{"taxonomy":"product_tag","embeddable":true,"href":"https:\/\/digalco.com\/fr\/wp-json\/wp\/v2\/product_tag?post=266174"}],"curies":[{"name":"wp","href":"https:\/\/api.w.org\/{rel}","templated":true}]}}