{"id":266443,"date":"2025-08-05T09:16:19","date_gmt":"2025-08-05T07:16:19","guid":{"rendered":"https:\/\/digalco.com\/tienda\/switch-aruba-transceptor-aruba-1g-sfp-reconditionne-fr-13243\/"},"modified":"2025-08-05T09:16:24","modified_gmt":"2025-08-05T07:16:24","slug":"switch-aruba-transceptor-aruba-1g-sfp-reconditionne-fr-13243","status":"publish","type":"product","link":"https:\/\/digalco.com\/fr\/produit\/switch-aruba-transceptor-aruba-1g-sfp-reconditionne-fr-13243\/","title":{"rendered":"Switch Aruba Transceptor Aruba 1G SFP | Reconditionn\u00e9"},"content":{"rendered":"<p><strong>G\u00e9n\u00e9rale imprimante<\/strong><br \/>Switch<br \/><strong>Ports r\u00e9seau<\/strong><br \/>Fibre 1000 Mbps.<br \/><strong>Autres<\/strong><br \/>hR emballage<br \/><strong>Dimensions<\/strong><br \/>1x2x6 cm.<br \/><strong>Poids<\/strong><br \/>0.10 Kg.<br \/><strong>Commentaires<\/strong><br \/><u>Aruba 1G SFP LC SX 500 m OM2 MMF (J4858D)<\/u><\/p>\n","protected":false},"excerpt":{"rendered":"<p>Aruba 1G SFP LC SX 500 m OM2 MMF (J4858D) [&#8230;]<\/p>\n<p><a class=\"btn btn-secondary understrap-read-more-link\" href=\"https:\/\/digalco.com\/fr\/produit\/switch-aruba-transceptor-aruba-1g-sfp-reconditionne-fr-13243\/\">Lire la suite\u2026<span class=\"screen-reader-text\"> from Switch Aruba Transceptor Aruba 1G SFP | Reconditionn\u00e9<\/span><\/a><\/p>\n","protected":false},"featured_media":266438,"template":"","meta":[],"product_brand":[3941],"product_cat":[3807,1665],"product_tag":[],"class_list":{"0":"post-266443","1":"product","2":"type-product","3":"status-publish","4":"has-post-thumbnail","6":"product_brand-aruba","7":"product_cat-networking-autres-fr","8":"product_cat-networking-fr","10":"first","11":"instock","12":"taxable","13":"shipping-taxable","14":"purchasable","15":"product-type-simple"},"bundled_by":[],"bundle_stock_status":"instock","bundle_stock_quantity":16,"bundle_virtual":false,"bundle_layout":"","bundle_add_to_cart_form_location":"","bundle_editable_in_cart":false,"bundle_sold_individually_context":"","bundle_item_grouping":"","bundle_min_size":"","bundle_max_size":"","bundle_price":[],"bundled_items":[],"bundle_sell_ids":[],"exclude_global_add_ons":[],"addons":[],"df_price":96,"df_sale_price":"","df_regular_price":96,"df_image_link":"https:\/\/digalco.com\/wp-content\/uploads\/images\/product\/13243\/aru00003_01-300x225.jpg","_links":{"self":[{"href":"https:\/\/digalco.com\/fr\/wp-json\/wp\/v2\/product\/266443","targetHints":{"allow":["GET"]}}],"collection":[{"href":"https:\/\/digalco.com\/fr\/wp-json\/wp\/v2\/product"}],"about":[{"href":"https:\/\/digalco.com\/fr\/wp-json\/wp\/v2\/types\/product"}],"wp:featuredmedia":[{"embeddable":true,"href":"https:\/\/digalco.com\/fr\/wp-json\/wp\/v2\/media\/266438"}],"wp:attachment":[{"href":"https:\/\/digalco.com\/fr\/wp-json\/wp\/v2\/media?parent=266443"}],"wp:term":[{"taxonomy":"product_brand","embeddable":true,"href":"https:\/\/digalco.com\/fr\/wp-json\/wp\/v2\/product_brand?post=266443"},{"taxonomy":"product_cat","embeddable":true,"href":"https:\/\/digalco.com\/fr\/wp-json\/wp\/v2\/product_cat?post=266443"},{"taxonomy":"product_tag","embeddable":true,"href":"https:\/\/digalco.com\/fr\/wp-json\/wp\/v2\/product_tag?post=266443"}],"curies":[{"name":"wp","href":"https:\/\/api.w.org\/{rel}","templated":true}]}}