{"id":266782,"date":"2025-08-06T12:15:21","date_gmt":"2025-08-06T10:15:21","guid":{"rendered":"https:\/\/digalco.com\/tienda\/hp-probook-440-g7-14-reconditionne-core-i5-16ghz-16-gb-ram-256-gb-ssd-m2-1920x1080-fr-13896\/"},"modified":"2026-04-15T11:47:59","modified_gmt":"2026-04-15T09:47:59","slug":"hp-probook-440-g7-14-reconditionne-core-i5-16ghz-16-gb-ram-256-gb-ssd-m2-1920x1080-fr-13896","status":"publish","type":"product","link":"https:\/\/digalco.com\/fr\/produit\/hp-probook-440-g7-14-reconditionne-core-i5-16ghz-16-gb-ram-256-gb-ssd-m2-1920x1080-fr-13896\/","title":{"rendered":"HP ProBook 440 G7 14\u00a0\u00bb | Reconditionn\u00e9 | Core i5 1.6GHz | 16 GB RAM | 256 GB SSD M2 1920&#215;1080"},"content":{"rendered":"<p><strong>Processeur<\/strong><br \/>Intel Core i5 10210U 1.6 GHz.<br \/><strong>M\u00e9moire RAM<\/strong><br \/>16 Gb. SO-DDR4 RAM<br \/><strong>Disque dur<\/strong><br \/>256 Gb. SSD M2<br \/><strong>Cartes<\/strong><br \/>Graphique: Intel UHD Graphics<br \/>Son: Realtek Audio<br \/>R\u00e9seau: Realtek PCIe GBE<br \/><strong>Syst\u00e8me op\u00e9ratif<\/strong><br \/>Windows 11 Pro<br \/><strong>Ports<\/strong><br \/>USB 2.0<br \/>USB-C<br \/>2x USB 3.1<br \/><strong>\u00c9cran<\/strong><br \/>IPS 14 \u00a0\u00bb FullHD 16:9  \u00b7 R\u00e9solution 1920&#215;1080<br \/><strong>Ports vid\u00e9o<\/strong><br \/>HDMI<br \/><strong>Multim\u00e9dias<\/strong><br \/>Webcam<br \/>Lecteur SD<br \/>Lecteur d&#8217;empreintes<br \/><strong>Connectivit\u00e9<\/strong><br \/>RJ-45<br \/>WIFI<br \/>Bluetooth<br \/><strong>Notebook sp\u00e9cifique<\/strong><br \/>Langue du clavier International (autocollants espagnols)<br \/><strong>Autres<\/strong><br \/>hR emballage<br \/><strong>Dimensions<\/strong><br \/>32x23x1.8 cm.<br \/><strong>Poids<\/strong><br \/>1.60 Kg.<br \/><strong>Sp\u00e9cifications suppl\u00e9mentaires<\/strong><br \/>Le HP ProBook 440 G7 est un ordinateur portable professionnel polyvalent et \u00e9quilibr\u00e9, id\u00e9al pour les environnements de bureau comme pour les utilisateurs quotidiens en qu\u00eate de fiabilit\u00e9. \u00c9quip\u00e9 d&rsquo;un processeur Intel Core i5 de 10e g\u00e9n\u00e9ration, de 16 Go de RAM et d&rsquo;un SSD M.2 rapide de 256 Go, il offre des performances fluides et efficaces en multit\u00e2che.<br \/>Son \u00e9cran IPS Full HD de 14 pouces offre une excellente qualit\u00e9 d&rsquo;image, avec de larges angles de vision et une clart\u00e9 exceptionnelle. L&rsquo;appareil int\u00e8gre un lecteur d&#8217;empreintes digitales, un lecteur de carte SD et un module TPM 2.0, garantissant un niveau \u00e9lev\u00e9 de s\u00e9curit\u00e9 et de connectivit\u00e9. De plus, la webcam int\u00e9gr\u00e9e facilite les r\u00e9unions virtuelles et les appels vid\u00e9o clairs.<br \/>Avec son design \u00e9l\u00e9gant et professionnel, le ProBook 440 G7 est une solution robuste et actualis\u00e9e \u00e9quip\u00e9e de Windows 11 Pro, pr\u00eate \u00e0 g\u00e9rer les journ\u00e9es de travail intenses avec fiabilit\u00e9 et performances. Id\u00e9al pour les utilisateurs exigeants en qu\u00eate de portabilit\u00e9 sans sacrifier la puissance.<br \/>Belle apparence ext\u00e9rieure. Le bo\u00eetier peut pr\u00e9senter de l\u00e9g\u00e8res traces d&rsquo;utilisation. Pour toute question, n&rsquo;h\u00e9sitez pas \u00e0 nous appeler ou \u00e0 utiliser notre chat pour obtenir plus d&rsquo;informations.<\/p>\n","protected":false},"excerpt":{"rendered":"<p>Intel Core i5 10210U 1.6 GHz. \u00b7 16 Gb. SO-DDR4 RAM \u00b7 256 Gb. SSD M2 \u00b7 <strong>Windows 11 Pro<\/strong> \u00b7 IPS 14 \u00a0\u00bb FullHD 16:9 \u00b7 Webcam \u00b7<u>Clavier international avec autocollants en fran\u00e7ais<\/u> [&#8230;]<\/p>\n<p><a class=\"btn btn-secondary understrap-read-more-link\" href=\"https:\/\/digalco.com\/fr\/produit\/hp-probook-440-g7-14-reconditionne-core-i5-16ghz-16-gb-ram-256-gb-ssd-m2-1920x1080-fr-13896\/\">Lire la suite\u2026<span class=\"screen-reader-text\"> from HP ProBook 440 G7 14\u00a0\u00bb | Reconditionn\u00e9 | Core i5 1.6GHz | 16 GB RAM | 256 GB SSD M2 1920&#215;1080<\/span><\/a><\/p>\n","protected":false},"featured_media":266757,"template":"","meta":[],"product_brand":[3854],"product_cat":[3760,1517],"product_tag":[],"class_list":{"0":"post-266782","1":"product","2":"type-product","3":"status-publish","4":"has-post-thumbnail","6":"product_brand-hp","7":"product_cat-notebooks-14-fr","8":"product_cat-notebooks-fr","10":"first","11":"outofstock","12":"taxable","13":"shipping-taxable","14":"purchasable","15":"product-type-simple"},"bundled_by":[],"bundle_stock_status":"outofstock","bundle_stock_quantity":0,"bundle_virtual":false,"bundle_layout":"","bundle_add_to_cart_form_location":"","bundle_editable_in_cart":false,"bundle_sold_individually_context":"","bundle_item_grouping":"","bundle_min_size":"","bundle_max_size":"","bundle_price":[],"bundled_items":[],"bundle_sell_ids":[],"exclude_global_add_ons":true,"addons":{"keyboard-iso-upgrades":{"name":"Choisir langue du clavier","type":"multiple_choice","position":0,"required":false,"title_format":"heading","default":"","description_enable":false,"description":"","placeholder_enable":false,"placeholder":"","display":"radiobutton","restrictions_type":"any_text","adjust_price":false,"price":"","price_type":"quantity_based","restrictions":false,"min":"0","max":"0","options":[{"label":"Autocollants espagnols [AMP00082]","price":"0.0000","price_type":"quantity_based","image":0,"visibility":true},{"label":"Autocollants fran\u00e7ais [AMP00084]","price":"0.0000","price_type":"quantity_based","image":0,"visibility":true},{"label":"Autocollants portugais [AMP00083]","price":"0.0000","price_type":"quantity_based","image":0,"visibility":true}]},"ram-memory-upgrades":{"name":"Extension RAM","type":"multiple_choice","position":0,"required":false,"title_format":"heading","default":"","description_enable":false,"description":"","placeholder_enable":false,"placeholder":"","display":"radiobutton","restrictions_type":"any_text","adjust_price":false,"price":"","price_type":"quantity_based","restrictions":false,"min":"0","max":"0","options":[{"label":"Extension de 32 Gb de RAM SODIMM [AMP00098]","price":"150.0000","price_type":"quantity_based","image":0,"visibility":true}]},"hdd-upgrades":{"name":"Extension disque dur","type":"multiple_choice","position":0,"required":false,"title_format":"heading","default":"","description_enable":false,"description":"","placeholder_enable":false,"placeholder":"","display":"radiobutton","restrictions_type":"any_text","adjust_price":false,"price":"","price_type":"quantity_based","restrictions":false,"min":"0","max":"0","options":[{"label":"Passez au disque SSD de 500 Gb. M.2 2280PCIe [AMP00106]","price":"110.0000","price_type":"quantity_based","image":0,"visibility":true},{"label":"Passez au disque SSD 1 Tb. M.2 2280 PCIe [AMP00107]","price":"165.0000","price_type":"quantity_based","image":0,"visibility":true}]},"os-upgrades":{"name":"Expansion SO","type":"multiple_choice","position":0,"required":false,"title_format":"heading","default":"","description_enable":false,"description":"","placeholder_enable":false,"placeholder":"","display":"radiobutton","restrictions_type":"any_text","adjust_price":false,"price":"","price_type":"quantity_based","restrictions":false,"min":"0","max":"0","options":[{"label":"Changer la langue en fran\u00e7ais [AMP00125]","price":"0.0000","price_type":"quantity_based","image":0,"visibility":true},{"label":"Changer la langue en anglais [AMP00008]","price":"0.0000","price_type":"quantity_based","image":0,"visibility":true},{"label":"Changer la langue en portugais [AMP00009]","price":"0.0000","price_type":"quantity_based","image":0,"visibility":true}]},"briefcase-upgrades":{"name":"Porte-documents","type":"multiple_choice","position":0,"required":false,"title_format":"heading","default":"","description_enable":false,"description":"","placeholder_enable":false,"placeholder":"","display":"radiobutton","restrictions_type":"any_text","adjust_price":false,"price":"","price_type":"quantity_based","restrictions":false,"min":"0","max":"0","options":[{"label":"Mallette Notebook [AMP00041]","price":"5.0000","price_type":"quantity_based","image":0,"visibility":true}]}},"df_price":327,"df_sale_price":"","df_regular_price":327,"df_image_link":"https:\/\/digalco.com\/wp-content\/uploads\/images\/product\/13896\/hp03066_01-300x225.jpg","_links":{"self":[{"href":"https:\/\/digalco.com\/fr\/wp-json\/wp\/v2\/product\/266782","targetHints":{"allow":["GET"]}}],"collection":[{"href":"https:\/\/digalco.com\/fr\/wp-json\/wp\/v2\/product"}],"about":[{"href":"https:\/\/digalco.com\/fr\/wp-json\/wp\/v2\/types\/product"}],"wp:featuredmedia":[{"embeddable":true,"href":"https:\/\/digalco.com\/fr\/wp-json\/wp\/v2\/media\/266757"}],"wp:attachment":[{"href":"https:\/\/digalco.com\/fr\/wp-json\/wp\/v2\/media?parent=266782"}],"wp:term":[{"taxonomy":"product_brand","embeddable":true,"href":"https:\/\/digalco.com\/fr\/wp-json\/wp\/v2\/product_brand?post=266782"},{"taxonomy":"product_cat","embeddable":true,"href":"https:\/\/digalco.com\/fr\/wp-json\/wp\/v2\/product_cat?post=266782"},{"taxonomy":"product_tag","embeddable":true,"href":"https:\/\/digalco.com\/fr\/wp-json\/wp\/v2\/product_tag?post=266782"}],"curies":[{"name":"wp","href":"https:\/\/api.w.org\/{rel}","templated":true}]}}