{"id":267242,"date":"2025-08-13T09:54:47","date_gmt":"2025-08-13T07:54:47","guid":{"rendered":"https:\/\/digalco.com\/tienda\/imprimante-matricielle-epson-dfx-9000-reconditionne-fr-10166\/"},"modified":"2025-08-13T09:54:54","modified_gmt":"2025-08-13T07:54:54","slug":"imprimante-matricielle-epson-dfx-9000-reconditionne-fr-10166","status":"publish","type":"product","link":"https:\/\/digalco.com\/fr\/produit\/imprimante-matricielle-epson-dfx-9000-reconditionne-fr-10166\/","title":{"rendered":"Imprimante matricielle Epson DFX-9000 Reconditionn\u00e9"},"content":{"rendered":"<p><strong>G\u00e9n\u00e9rale imprimante<\/strong><br \/>Chariot Ancho<br \/>Colonnes 136<br \/>\u00c9pingles 9<br \/><strong>Copies<\/strong><br \/>Vitesse 10 cps<br \/>Nombre de copies 9<br \/><strong>Connectivit\u00e9 imprimante<\/strong><br \/>S\u00e9rie, USB, Ethernet<br \/><strong>Format papier<\/strong><br \/>Papier continu<br \/>Feuilles simples<br \/><strong>Consommables<\/strong><br \/>Ruban (nouveau)<br \/><strong>Dimensions<\/strong><br \/>70x38x36 cm.<br \/><strong>Poids<\/strong><br \/>34.00 Kg.<\/p>\n","protected":false},"excerpt":{"rendered":"<p>Colonnes 136 \u00b7 \u00c9pingles 9 \u00b7 Chariot Ancho \u00b7 Vitesse 10 cps \u00b7 Nombre de copies 9 \u00b7 S\u00e9rie, USB, Ethernet \u00b7 Papier continu \u00b7 Feuilles simples \u00b7 Ruban (Nouveau) [&#8230;]<\/p>\n<p><a class=\"btn btn-secondary understrap-read-more-link\" href=\"https:\/\/digalco.com\/fr\/produit\/imprimante-matricielle-epson-dfx-9000-reconditionne-fr-10166\/\">Lire la suite\u2026<span class=\"screen-reader-text\"> from Imprimante matricielle Epson DFX-9000 Reconditionn\u00e9<\/span><\/a><\/p>\n","protected":false},"featured_media":267212,"template":"","meta":[],"product_brand":[3863],"product_cat":[1673,1701],"product_tag":[],"class_list":{"0":"post-267242","1":"product","2":"type-product","3":"status-publish","4":"has-post-thumbnail","6":"product_brand-epson","7":"product_cat-imprimantes-fr","8":"product_cat-imprimantes-matricielle-fr","10":"first","11":"instock","12":"taxable","13":"shipping-taxable","14":"purchasable","15":"product-type-simple"},"bundled_by":[],"bundle_stock_status":"instock","bundle_stock_quantity":1,"bundle_virtual":false,"bundle_layout":"","bundle_add_to_cart_form_location":"","bundle_editable_in_cart":false,"bundle_sold_individually_context":"","bundle_item_grouping":"","bundle_min_size":"","bundle_max_size":"","bundle_price":[],"bundled_items":[],"bundle_sell_ids":[],"exclude_global_add_ons":[],"addons":[],"df_price":1000,"df_sale_price":"","df_regular_price":1000,"df_image_link":"https:\/\/digalco.com\/wp-content\/uploads\/images\/product\/10166\/epso00034_01-300x225.jpg","_links":{"self":[{"href":"https:\/\/digalco.com\/fr\/wp-json\/wp\/v2\/product\/267242","targetHints":{"allow":["GET"]}}],"collection":[{"href":"https:\/\/digalco.com\/fr\/wp-json\/wp\/v2\/product"}],"about":[{"href":"https:\/\/digalco.com\/fr\/wp-json\/wp\/v2\/types\/product"}],"wp:featuredmedia":[{"embeddable":true,"href":"https:\/\/digalco.com\/fr\/wp-json\/wp\/v2\/media\/267212"}],"wp:attachment":[{"href":"https:\/\/digalco.com\/fr\/wp-json\/wp\/v2\/media?parent=267242"}],"wp:term":[{"taxonomy":"product_brand","embeddable":true,"href":"https:\/\/digalco.com\/fr\/wp-json\/wp\/v2\/product_brand?post=267242"},{"taxonomy":"product_cat","embeddable":true,"href":"https:\/\/digalco.com\/fr\/wp-json\/wp\/v2\/product_cat?post=267242"},{"taxonomy":"product_tag","embeddable":true,"href":"https:\/\/digalco.com\/fr\/wp-json\/wp\/v2\/product_tag?post=267242"}],"curies":[{"name":"wp","href":"https:\/\/api.w.org\/{rel}","templated":true}]}}