{"id":268183,"date":"2025-09-01T09:34:47","date_gmt":"2025-09-01T07:34:47","guid":{"rendered":"https:\/\/digalco.com\/tienda\/dell-optiplex-5270-215-aio-reconditionne-core-i3-36ghz-16-gb-ram-256-gb-ssd-m2-fr-13977\/"},"modified":"2026-04-07T17:14:41","modified_gmt":"2026-04-07T15:14:41","slug":"dell-optiplex-5270-215-aio-reconditionne-core-i3-36ghz-16-gb-ram-256-gb-ssd-m2-fr-13977","status":"publish","type":"product","link":"https:\/\/digalco.com\/fr\/produit\/dell-optiplex-5270-215-aio-reconditionne-core-i3-36ghz-16-gb-ram-256-gb-ssd-m2-fr-13977\/","title":{"rendered":"Dell OptiPlex 5270 21.5\u00a0\u00bb AIO | Reconditionn\u00e9 | Core i3 3.6GHz | 16 GB RAM | 256 GB SSD M2"},"content":{"rendered":"<p><strong>Processeur<\/strong><br \/>Intel Core i3 9100 3.6 GHz.<br \/><strong>Facteur de forme<\/strong><br \/>AIO<br \/><strong>M\u00e9moire RAM<\/strong><br \/>16 Gb. SO-DDR4 RAM<br \/><strong>Disque dur<\/strong><br \/>256 Gb. SSD M2<br \/><strong>Cartes<\/strong><br \/>Graphique: Intel UHD Graphics 630<br \/>Son: Realtek Audio<br \/>R\u00e9seau: Intel Ethernet Connection I219-v<br \/><strong>Syst\u00e8me op\u00e9ratif<\/strong><br \/>Windows 11 Pro<br \/><strong>Ports<\/strong><br \/>2x USB 2.0<br \/>USB-C<br \/>3x USB 3.1<br \/><strong>\u00c9cran<\/strong><br \/>Led 21.5 \u00a0\u00bb FullHD avec Haut-parleurs \u00b7 16:9 \u00b7 R\u00e9solution 1920&#215;1080<br \/><strong>Ports vid\u00e9o<\/strong><br \/>Display Port<br \/><strong>Multim\u00e9dias<\/strong><br \/>Webcam<br \/>Lecteur SD<br \/><strong>Affichage sp\u00e9cifique<\/strong><br \/>Stand VESA<br \/>Base<br \/>R\u00e9glable en hauteur<br \/><strong>Connectivit\u00e9<\/strong><br \/>RJ-45<br \/>WIFI<br \/>Bluetooth<br \/><strong>Autres<\/strong><br \/>hR emballage<br \/><strong>Dimensions<\/strong><br \/>49.8x43x23 cm.<br \/><strong>Poids<\/strong><br \/>8.50 Kg.<br \/><strong>Sp\u00e9cifications suppl\u00e9mentaires<\/strong><br \/>Le DELL OptiPlex 5270 AIO combine performance et \u00e9l\u00e9gance dans un format compact et efficace.Il est \u00e9quip\u00e9 d\u2019un processeur Intel Core i3 9100 \u00e0 4 c\u0153urs cadenc\u00e9 \u00e0 3.6 GHz, id\u00e9al pour les t\u00e2ches bureautiques, la navigation et les applications professionnelles.Dot\u00e9 de 16 Go de m\u00e9moire SO-DDR4 RAM et d\u2019un SSD M.2 rapide de 256 Go, il garantit fluidit\u00e9, d\u00e9marrage instantan\u00e9 et gestion agile des programmes.Livr\u00e9 avec Windows 11 Pro, il offre une s\u00e9curit\u00e9 avanc\u00e9e, une productivit\u00e9 accrue et une compatibilit\u00e9 optimale pour les environnements professionnels.Son \u00e9cran LED de 21,5\u2019\u2019 FullHD (1920&#215;1080) au format 16:9 int\u00e8gre des haut-parleurs, offrant une exp\u00e9rience visuelle et sonore compl\u00e8te.Avec TPM 2.0, cet All-In-One assure la protection des donn\u00e9es et une fiabilit\u00e9 au quotidien.Un ordinateur All-In-One polyvalent, \u00e9l\u00e9gant et s\u00e9curis\u00e9, parfait pour les bureaux modernes, les r\u00e9ceptions et le t\u00e9l\u00e9travail.Bon \u00e9tat ext\u00e9rieur. Consultez \u201c+ Photos\u201d et si vous avez des questions, appelez-nous ou utilisez notre chat pour obtenir plus d\u2019informations ou demander des d\u00e9tails suppl\u00e9mentaires.<br \/><strong>Commentaires<\/strong><br \/><u>Clavier et souris inclus<\/u><\/p>\n","protected":false},"excerpt":{"rendered":"<p>Intel Core i3 9100 3.6 GHz. \u00b7 16 Gb. SO-DDR4 RAM \u00b7 256 Gb. SSD M2 \u00b7 <strong>Windows 11 Pro<\/strong> \u00b7 Led 21.5 \u00a0\u00bb FullHD avec Haut-parleurs \u00b7 <strong>Wi-Fi<\/strong> \u00b7 16:9 \u00b7<br \/>\n<u>Clavier et souris inclus<br \/>\n<\/u> [&#8230;]<\/p>\n<p><a class=\"btn btn-secondary understrap-read-more-link\" href=\"https:\/\/digalco.com\/fr\/produit\/dell-optiplex-5270-215-aio-reconditionne-core-i3-36ghz-16-gb-ram-256-gb-ssd-m2-fr-13977\/\">Lire la suite\u2026<span class=\"screen-reader-text\"> from Dell OptiPlex 5270 21.5\u00a0\u00bb AIO | Reconditionn\u00e9 | Core i3 3.6GHz | 16 GB RAM | 256 GB SSD M2<\/span><\/a><\/p>\n","protected":false},"featured_media":268143,"template":"","meta":[],"product_brand":[3852],"product_cat":[1477,1469],"product_tag":[],"class_list":{"0":"post-268183","1":"product","2":"type-product","3":"status-publish","4":"has-post-thumbnail","6":"product_brand-dell","7":"product_cat-ordinateurs-all-in-one-fr","8":"product_cat-ordinateurs-fr","10":"first","11":"outofstock","12":"taxable","13":"shipping-taxable","14":"purchasable","15":"product-type-simple"},"bundled_by":[],"bundle_stock_status":"outofstock","bundle_stock_quantity":0,"bundle_virtual":false,"bundle_layout":"","bundle_add_to_cart_form_location":"","bundle_editable_in_cart":false,"bundle_sold_individually_context":"","bundle_item_grouping":"","bundle_min_size":"","bundle_max_size":"","bundle_price":[],"bundled_items":[],"bundle_sell_ids":[],"exclude_global_add_ons":true,"addons":{"ram-memory-upgrades":{"name":"Extension RAM","type":"multiple_choice","position":0,"required":false,"title_format":"heading","default":"","description_enable":false,"description":"","placeholder_enable":false,"placeholder":"","display":"radiobutton","restrictions_type":"any_text","adjust_price":false,"price":"","price_type":"quantity_based","restrictions":false,"min":"0","max":"0","options":[{"label":"Extension de 32 Gb de RAM SODIMM [AMP00098]","price":"150.0000","price_type":"quantity_based","image":0,"visibility":true}]},"hdd-upgrades":{"name":"Extension disque dur","type":"multiple_choice","position":0,"required":false,"title_format":"heading","default":"","description_enable":false,"description":"","placeholder_enable":false,"placeholder":"","display":"radiobutton","restrictions_type":"any_text","adjust_price":false,"price":"","price_type":"quantity_based","restrictions":false,"min":"0","max":"0","options":[{"label":"Passez au disque SSD de 500 Gb. M.2 2280PCIe [AMP00106]","price":"110.0000","price_type":"quantity_based","image":0,"visibility":true},{"label":"Passez au disque SSD 1 Tb. M.2 2280 PCIe [AMP00107]","price":"165.0000","price_type":"quantity_based","image":0,"visibility":true}]},"os-upgrades":{"name":"Expansion SO","type":"multiple_choice","position":0,"required":false,"title_format":"heading","default":"","description_enable":false,"description":"","placeholder_enable":false,"placeholder":"","display":"radiobutton","restrictions_type":"any_text","adjust_price":false,"price":"","price_type":"quantity_based","restrictions":false,"min":"0","max":"0","options":[{"label":"Changer la langue en fran\u00e7ais [AMP00125]","price":"0.0000","price_type":"quantity_based","image":0,"visibility":true},{"label":"Changer la langue en anglais [AMP00008]","price":"0.0000","price_type":"quantity_based","image":0,"visibility":true},{"label":"Changer la langue en portugais [AMP00009]","price":"0.0000","price_type":"quantity_based","image":0,"visibility":true}]}},"df_price":274,"df_sale_price":"","df_regular_price":274,"df_image_link":"https:\/\/digalco.com\/wp-content\/uploads\/images\/product\/13977\/dell01497_01-300x225.jpg","_links":{"self":[{"href":"https:\/\/digalco.com\/fr\/wp-json\/wp\/v2\/product\/268183","targetHints":{"allow":["GET"]}}],"collection":[{"href":"https:\/\/digalco.com\/fr\/wp-json\/wp\/v2\/product"}],"about":[{"href":"https:\/\/digalco.com\/fr\/wp-json\/wp\/v2\/types\/product"}],"wp:featuredmedia":[{"embeddable":true,"href":"https:\/\/digalco.com\/fr\/wp-json\/wp\/v2\/media\/268143"}],"wp:attachment":[{"href":"https:\/\/digalco.com\/fr\/wp-json\/wp\/v2\/media?parent=268183"}],"wp:term":[{"taxonomy":"product_brand","embeddable":true,"href":"https:\/\/digalco.com\/fr\/wp-json\/wp\/v2\/product_brand?post=268183"},{"taxonomy":"product_cat","embeddable":true,"href":"https:\/\/digalco.com\/fr\/wp-json\/wp\/v2\/product_cat?post=268183"},{"taxonomy":"product_tag","embeddable":true,"href":"https:\/\/digalco.com\/fr\/wp-json\/wp\/v2\/product_tag?post=268183"}],"curies":[{"name":"wp","href":"https:\/\/api.w.org\/{rel}","templated":true}]}}