{"id":268901,"date":"2025-09-02T13:44:40","date_gmt":"2025-09-02T11:44:40","guid":{"rendered":"https:\/\/digalco.com\/tienda\/dell-7450-aio-238-tactil-238-aio-reconditionne-core-i5-34ghz-8-gb-ram-256-gb-ssd-m2-fr-13401\/"},"modified":"2026-04-06T17:32:11","modified_gmt":"2026-04-06T15:32:11","slug":"dell-7450-aio-238-tactil-238-aio-reconditionne-core-i5-34ghz-8-gb-ram-256-gb-ssd-m2-fr-13401","status":"publish","type":"product","link":"https:\/\/digalco.com\/fr\/produit\/dell-7450-aio-238-tactil-238-aio-reconditionne-core-i5-34ghz-8-gb-ram-256-gb-ssd-m2-fr-13401\/","title":{"rendered":"Dell 7450 AIO 23,8&Prime; T\u00e1ctil 23.8\u00a0\u00bb AIO | Reconditionn\u00e9 | Core i5 3.4GHz | 8 GB RAM | 256 GB SSD M2"},"content":{"rendered":"<p><strong>Processeur<\/strong><br \/>Intel Core i5 7500 3.4 GHz.<br \/><strong>Facteur de forme<\/strong><br \/>AIO<br \/><strong>M\u00e9moire RAM<\/strong><br \/>8 Gb. SO-DDR4 RAM<br \/><strong>Disque dur<\/strong><br \/>256 Gb. SSD M2<br \/><strong>Lecteur optique<\/strong><br \/>DVD-RW<br \/><strong>Cartes<\/strong><br \/>Graphique: AMD Radeon R9 M360 4GB GDDR5<br \/>Son: High Definition Audio<br \/>R\u00e9seau: Intel Ethernet Connection I219-LM<br \/><strong>Syst\u00e8me op\u00e9ratif<\/strong><br \/>Windows 10 Pro<br \/><strong>Ports<\/strong><br \/>2x USB 2.0<br \/>5x USB 3.0<br \/>USB-C<br \/><strong>\u00c9cran<\/strong><br \/>Tactile 23.8 \u00a0\u00bb 4K avec Haut-parleurs \u00b7  16:9  \u00b7 R\u00e9solution 3840&#215;2160<br \/><strong>Ports vid\u00e9o<\/strong><br \/>HDMI<br \/>Display Port<br \/><strong>Multim\u00e9dias<\/strong><br \/>Webcam<br \/>Lecteur SD<br \/><strong>Affichage sp\u00e9cifique<\/strong><br \/>Stand VESA<br \/><strong>Connectivit\u00e9<\/strong><br \/>RJ-45<br \/><strong>Autres<\/strong><br \/>hR emballage<br \/><strong>Dimensions<\/strong><br \/>45x57x22 cm.<br \/><strong>Poids<\/strong><br \/>9.50 Kg.<br \/><strong>Sp\u00e9cifications suppl\u00e9mentaires<\/strong><br \/>Le Dell 7450 AIO est un ordinateur tout-en-un con\u00e7u pour les professionnels et les cr\u00e9atifs \u00e0 la recherche de performances, de design et d&rsquo;efficacit\u00e9 r\u00e9unis dans un seul appareil. \u00c9quip\u00e9 d&rsquo;un processeur Intel Core i5 7500 cadenc\u00e9 \u00e0 3,4 GHz, il offre une exp\u00e9rience fluide pour le multit\u00e2che, la bureautique, la conception graphique et l&rsquo;\u00e9dition de contenu. Ses 8 Go de RAM SO-DDR4 et son SSD M.2 de 256 Go garantissent des temps de d\u00e9marrage et une r\u00e9activit\u00e9 syst\u00e8me rapides.<br \/>Il est dot\u00e9 d&rsquo;un \u00e9cran tactile 4K UHD de 23,8 pouces (3840 x 2160), id\u00e9al pour le travail visuel, les pr\u00e9sentations et le divertissement. Ses haut-parleurs int\u00e9gr\u00e9s offrent un son surround, id\u00e9al pour les appels vid\u00e9o et le contenu multim\u00e9dia. Il int\u00e8gre un lecteur DVD-RW permettant de lire et de graver des disques. Avec Windows 10 Pro, il offre un environnement professionnel s\u00e9curis\u00e9 et optimis\u00e9.<br \/>Ce PC tout-en-un est fourni avec un clavier et une souris, mais sans support, ce qui permet de l&rsquo;adapter \u00e0 des supports personnalis\u00e9s. Id\u00e9al pour les bureaux, le t\u00e9l\u00e9travail, le graphisme, la productivit\u00e9 et le divertissement num\u00e9rique.<br \/>Magnifique ext\u00e9rieur. Pour toute question, n&rsquo;h\u00e9sitez pas \u00e0 nous appeler ou \u00e0 utiliser notre chat pour obtenir plus d&rsquo;informations ou pour demander plus de d\u00e9tails.<br \/><strong>Commentaires<\/strong><br \/><u>AMD Radeon R9 M360 4GB GDDR5 &#8211; Clavier et souris inclus &#8211; n&rsquo;inclut pas de Penana<\/u><\/p>\n","protected":false},"excerpt":{"rendered":"<p>Intel Core i5 7500 3.4 GHz. \u00b7 8 Gb. SO-DDR4 RAM \u00b7 256 Gb. SSD M2 \u00b7 DVD-RW \u00b7 Windows 10 Pro \u00b7 <strong>Tactile 23.8 \u00a0\u00bb 4K<\/strong> avec Haut-parleurs \u00b7 16:9 \u00b7<strong>AMD Radeon R9 M360 4GB GDDR5<\/strong>&#8211; <u>Clavier et souris inclus &#8211; n&rsquo;inclut pas de Penana<br \/>\n<\/u> [&#8230;]<\/p>\n<p><a class=\"btn btn-secondary understrap-read-more-link\" href=\"https:\/\/digalco.com\/fr\/produit\/dell-7450-aio-238-tactil-238-aio-reconditionne-core-i5-34ghz-8-gb-ram-256-gb-ssd-m2-fr-13401\/\">Lire la suite\u2026<span class=\"screen-reader-text\"> from Dell 7450 AIO 23,8&Prime; T\u00e1ctil 23.8\u00a0\u00bb AIO | Reconditionn\u00e9 | Core i5 3.4GHz | 8 GB RAM | 256 GB SSD M2<\/span><\/a><\/p>\n","protected":false},"featured_media":268876,"template":"","meta":[],"product_brand":[3852],"product_cat":[1477,1469],"product_tag":[],"class_list":{"0":"post-268901","1":"product","2":"type-product","3":"status-publish","4":"has-post-thumbnail","6":"product_brand-dell","7":"product_cat-ordinateurs-all-in-one-fr","8":"product_cat-ordinateurs-fr","10":"first","11":"instock","12":"taxable","13":"shipping-taxable","14":"purchasable","15":"product-type-simple"},"bundled_by":[],"bundle_stock_status":"instock","bundle_stock_quantity":10,"bundle_virtual":false,"bundle_layout":"","bundle_add_to_cart_form_location":"","bundle_editable_in_cart":false,"bundle_sold_individually_context":"","bundle_item_grouping":"","bundle_min_size":"","bundle_max_size":"","bundle_price":[],"bundled_items":[],"bundle_sell_ids":[],"exclude_global_add_ons":true,"addons":{"ram-memory-upgrades":{"name":"Extension RAM","type":"multiple_choice","position":0,"required":false,"title_format":"heading","default":"","description_enable":false,"description":"","placeholder_enable":false,"placeholder":"","display":"radiobutton","restrictions_type":"any_text","adjust_price":false,"price":"","price_type":"quantity_based","restrictions":false,"min":"0","max":"0","options":[{"label":"Extension de 16 Gb Gb de RAM SO-DIMM DDR4 [AMP00081]","price":"60.0000","price_type":"quantity_based","image":0,"visibility":true}]},"hdd-upgrades":{"name":"Extension disque dur","type":"multiple_choice","position":0,"required":false,"title_format":"heading","default":"","description_enable":false,"description":"","placeholder_enable":false,"placeholder":"","display":"radiobutton","restrictions_type":"any_text","adjust_price":false,"price":"","price_type":"quantity_based","restrictions":false,"min":"0","max":"0","options":[{"label":"Passez au disque SSD de 500 Gb. M.2 2280PCIe [AMP00106]","price":"110.0000","price_type":"quantity_based","image":0,"visibility":true},{"label":"Passez au disque SSD 1 Tb. M.2 2280 PCIe [AMP00107]","price":"165.0000","price_type":"quantity_based","image":0,"visibility":true}]},"network-card-upgrades":{"name":"Extension WIFI","type":"multiple_choice","position":0,"required":false,"title_format":"heading","default":"","description_enable":false,"description":"","placeholder_enable":false,"placeholder":"","display":"radiobutton","restrictions_type":"any_text","adjust_price":false,"price":"","price_type":"quantity_based","restrictions":false,"min":"0","max":"0","options":[{"label":"Mise \u00e0 niveau nano USB sans fil [AMP00018]","price":"12.0000","price_type":"quantity_based","image":0,"visibility":true}]},"os-upgrades":{"name":"Expansion SO","type":"multiple_choice","position":0,"required":false,"title_format":"heading","default":"","description_enable":false,"description":"","placeholder_enable":false,"placeholder":"","display":"radiobutton","restrictions_type":"any_text","adjust_price":false,"price":"","price_type":"quantity_based","restrictions":false,"min":"0","max":"0","options":[{"label":"Changer la langue en fran\u00e7ais [AMP00125]","price":"0.0000","price_type":"quantity_based","image":0,"visibility":true},{"label":"Changer la langue en anglais [AMP00008]","price":"0.0000","price_type":"quantity_based","image":0,"visibility":true},{"label":"Changer la langue en portugais [AMP00009]","price":"0.0000","price_type":"quantity_based","image":0,"visibility":true},{"label":"MAR Windows 11 PRO [AMP00145]","price":"30.0000","price_type":"quantity_based","image":0,"visibility":true}]}},"df_price":327,"df_sale_price":"","df_regular_price":327,"df_image_link":"https:\/\/digalco.com\/wp-content\/uploads\/images\/product\/13401\/dell01425_01-300x225.jpg","_links":{"self":[{"href":"https:\/\/digalco.com\/fr\/wp-json\/wp\/v2\/product\/268901","targetHints":{"allow":["GET"]}}],"collection":[{"href":"https:\/\/digalco.com\/fr\/wp-json\/wp\/v2\/product"}],"about":[{"href":"https:\/\/digalco.com\/fr\/wp-json\/wp\/v2\/types\/product"}],"wp:featuredmedia":[{"embeddable":true,"href":"https:\/\/digalco.com\/fr\/wp-json\/wp\/v2\/media\/268876"}],"wp:attachment":[{"href":"https:\/\/digalco.com\/fr\/wp-json\/wp\/v2\/media?parent=268901"}],"wp:term":[{"taxonomy":"product_brand","embeddable":true,"href":"https:\/\/digalco.com\/fr\/wp-json\/wp\/v2\/product_brand?post=268901"},{"taxonomy":"product_cat","embeddable":true,"href":"https:\/\/digalco.com\/fr\/wp-json\/wp\/v2\/product_cat?post=268901"},{"taxonomy":"product_tag","embeddable":true,"href":"https:\/\/digalco.com\/fr\/wp-json\/wp\/v2\/product_tag?post=268901"}],"curies":[{"name":"wp","href":"https:\/\/api.w.org\/{rel}","templated":true}]}}