{"id":270212,"date":"2025-09-15T10:36:28","date_gmt":"2025-09-15T08:36:28","guid":{"rendered":"https:\/\/digalco.com\/tienda\/hp-probook-640-g5-14-reconditionne-core-i5-16ghz-16-gb-ram-256-gb-ssd-m2-1366x768-fr-13907\/"},"modified":"2026-02-11T09:34:04","modified_gmt":"2026-02-11T08:34:04","slug":"hp-probook-640-g5-14-reconditionne-core-i5-16ghz-16-gb-ram-256-gb-ssd-m2-1366x768-fr-13907","status":"publish","type":"product","link":"https:\/\/digalco.com\/fr\/produit\/hp-probook-640-g5-14-reconditionne-core-i5-16ghz-16-gb-ram-256-gb-ssd-m2-1366x768-fr-13907\/","title":{"rendered":"HP ProBook 640 G5 14\u00a0\u00bb | Reconditionn\u00e9 | Core i5 1.6GHz | 16 GB RAM | 256 GB SSD M2 1366&#215;768"},"content":{"rendered":"<p><strong>Processeur<\/strong><br \/>Intel Core i5 8265U 1.6 GHz.<br \/><strong>M\u00e9moire RAM<\/strong><br \/>16 Gb. SO-DDR4 RAM<br \/><strong>Disque dur<\/strong><br \/>256 Gb. SSD M2<br \/><strong>Cartes<\/strong><br \/>Graphique: Intel UHD Graphics 620<br \/>Son: Realtek HD Audio<br \/>R\u00e9seau: Intel Ethernet Connection I219-v<br \/><strong>Syst\u00e8me op\u00e9ratif<\/strong><br \/>Windows 11 Pro<br \/><strong>Ports<\/strong><br \/>USB-C<br \/>3x USB 3.1<br \/><strong>\u00c9cran<\/strong><br \/>Led 14 \u00a0\u00bb HD 16:10  \u00b7 R\u00e9solution 1366&#215;768<br \/><strong>Ports vid\u00e9o<\/strong><br \/>VGA<br \/>HDMI<br \/><strong>Multim\u00e9dias<\/strong><br \/>Lecteur d&#8217;empreintes<br \/>Lecteur carte d&rsquo;identit\u00e9<br \/><strong>Connectivit\u00e9<\/strong><br \/>RJ-45<br \/>WIFI<br \/>Bluetooth<br \/><strong>Notebook sp\u00e9cifique<\/strong><br \/>Langue du clavier Espagnol<br \/><strong>Autres<\/strong><br \/>hR emballage<br \/><strong>Dimensions<\/strong><br \/>34x24x2 cm.<br \/><strong>Poids<\/strong><br \/>1.70 Kg.<br \/><strong>Sp\u00e9cifications suppl\u00e9mentaires<\/strong><br \/>Le HP ProBook 640 G5 est un ordinateur portable professionnel con\u00e7u pour offrir fiabilit\u00e9, s\u00e9curit\u00e9 et performance dans un format compact et efficace. \u00c9quip\u00e9 d\u2019un processeur Intel Core i5 8265U de 8e g\u00e9n\u00e9ration et de 16 Go de m\u00e9moire RAM DDR4, cet appareil garantit des performances fluides pour les t\u00e2ches de bureau, la navigation web, le traitement de documents et la gestion de logiciels professionnels.<br \/>Son SSD M.2 de 256 Go assure un d\u00e9marrage rapide du syst\u00e8me et des temps de chargement r\u00e9duits pour les applications, offrant ainsi une exp\u00e9rience utilisateur r\u00e9active et productive. L\u2019\u00e9cran LED de 14 pouces avec une r\u00e9solution HD (1366&#215;768) et un format 16:10 permet un affichage fonctionnel, adapt\u00e9 aux environnements professionnels o\u00f9 l\u2019efficacit\u00e9 \u00e9nerg\u00e9tique et l\u2019autonomie sont \u00e9galement des crit\u00e8res importants.<br \/>C\u00f4t\u00e9 s\u00e9curit\u00e9, ce mod\u00e8le int\u00e8gre le TPM 2.0, un lecteur d\u2019empreintes digitales et un lecteur de carte d\u2019identit\u00e9 \u00e9lectronique, ce qui renforce son orientation vers un usage en entreprise et la gestion de donn\u00e9es sensibles. Bien qu\u2019il ne soit pas \u00e9quip\u00e9 d\u2019une webcam, il constitue une solution solide pour les utilisateurs ne n\u00e9cessitant pas d\u2019appels vid\u00e9o au quotidien.<br \/>Avec Windows 11 Pro pr\u00e9install\u00e9, le HP ProBook 640 G5 est pr\u00eat \u00e0 r\u00e9pondre aux exigences actuelles des logiciels professionnels et \u00e0 la compatibilit\u00e9 avec les r\u00e9seaux, offrant ainsi un outil fiable pour ceux qui recherchent stabilit\u00e9 et protection des donn\u00e9es.<br \/>Bon \u00e9tat ext\u00e9rieur. Consultez les sections \u201c+ Photos\u201d et \u201cVid\u00e9o\u201d et, si vous avez des questions, appelez-nous ou utilisez notre chat pour obtenir plus d\u2019informations ou demander des d\u00e9tails.<br \/><strong>Commentaires<\/strong><br \/><u>N&rsquo;inclut pas la webcam<\/u><\/p>\n","protected":false},"excerpt":{"rendered":"<p>Intel Core i5 8265U 1.6 GHz. \u00b7 16 Gb. SO-DDR4 RAM \u00b7 256 Gb. SSD M2 \u00b7 <strong>Windows 11 Pro<\/strong> \u00b7 Led 14 \u00a0\u00bb HD 16:10 \u00b7 Lecteur d&#8217;empreintes \u00b7 Lecteur carte d&rsquo;identit\u00e9 \u00b7<br \/>\n<u>N&rsquo;inclut pas la webcam<br \/>\n<\/u> [&#8230;]<\/p>\n<p><a class=\"btn btn-secondary understrap-read-more-link\" href=\"https:\/\/digalco.com\/fr\/produit\/hp-probook-640-g5-14-reconditionne-core-i5-16ghz-16-gb-ram-256-gb-ssd-m2-1366x768-fr-13907\/\">Lire la suite\u2026<span class=\"screen-reader-text\"> from HP ProBook 640 G5 14\u00a0\u00bb | Reconditionn\u00e9 | Core i5 1.6GHz | 16 GB RAM | 256 GB SSD M2 1366&#215;768<\/span><\/a><\/p>\n","protected":false},"featured_media":270162,"template":"","meta":[],"product_brand":[3854],"product_cat":[3760,1517],"product_tag":[],"class_list":{"0":"post-270212","1":"product","2":"type-product","3":"status-publish","4":"has-post-thumbnail","6":"product_brand-hp","7":"product_cat-notebooks-14-fr","8":"product_cat-notebooks-fr","10":"first","11":"outofstock","12":"taxable","13":"shipping-taxable","14":"purchasable","15":"product-type-simple"},"bundled_by":[],"bundle_stock_status":"outofstock","bundle_stock_quantity":0,"bundle_virtual":false,"bundle_layout":"","bundle_add_to_cart_form_location":"","bundle_editable_in_cart":false,"bundle_sold_individually_context":"","bundle_item_grouping":"","bundle_min_size":"","bundle_max_size":"","bundle_price":[],"bundled_items":[],"bundle_sell_ids":[],"exclude_global_add_ons":true,"addons":{"keyboard-iso-upgrades":{"name":"Choisir langue du clavier","type":"multiple_choice","position":0,"required":false,"title_format":"heading","default":"","description_enable":false,"description":"","placeholder_enable":false,"placeholder":"","display":"radiobutton","restrictions_type":"any_text","adjust_price":false,"price":"","price_type":"quantity_based","restrictions":false,"min":"0","max":"0","options":[{"label":"Autocollants fran\u00e7ais [AMP00084]","price":"0.0000","price_type":"quantity_based","image":0,"visibility":true},{"label":"Autocollants portugais [AMP00083]","price":"0.0000","price_type":"quantity_based","image":0,"visibility":true}]},"ram-memory-upgrades":{"name":"Extension RAM","type":"multiple_choice","position":0,"required":false,"title_format":"heading","default":"","description_enable":false,"description":"","placeholder_enable":false,"placeholder":"","display":"radiobutton","restrictions_type":"any_text","adjust_price":false,"price":"","price_type":"quantity_based","restrictions":false,"min":"0","max":"0","options":[{"label":"Extension de 32 Gb de RAM SODIMM [AMP00098]","price":"150.0000","price_type":"quantity_based","image":0,"visibility":true}]},"hdd-upgrades":{"name":"Extension disque dur","type":"multiple_choice","position":0,"required":false,"title_format":"heading","default":"","description_enable":false,"description":"","placeholder_enable":false,"placeholder":"","display":"radiobutton","restrictions_type":"any_text","adjust_price":false,"price":"","price_type":"quantity_based","restrictions":false,"min":"0","max":"0","options":[{"label":"Passez au disque SSD de 500 Gb. M.2 2280PCIe [AMP00106]","price":"65.0000","price_type":"quantity_based","image":0,"visibility":true},{"label":"Passez au disque SSD 1 Tb. M.2 2280 PCIe [AMP00107]","price":"120.0000","price_type":"quantity_based","image":0,"visibility":true}]},"os-upgrades":{"name":"Expansion SO","type":"multiple_choice","position":0,"required":false,"title_format":"heading","default":"","description_enable":false,"description":"","placeholder_enable":false,"placeholder":"","display":"radiobutton","restrictions_type":"any_text","adjust_price":false,"price":"","price_type":"quantity_based","restrictions":false,"min":"0","max":"0","options":[{"label":"Changer la langue en fran\u00e7ais [AMP00125]","price":"0.0000","price_type":"quantity_based","image":0,"visibility":true},{"label":"Changer la langue en anglais [AMP00008]","price":"0.0000","price_type":"quantity_based","image":0,"visibility":true},{"label":"Changer la langue en portugais [AMP00009]","price":"0.0000","price_type":"quantity_based","image":0,"visibility":true}]},"briefcase-upgrades":{"name":"Porte-documents","type":"multiple_choice","position":0,"required":false,"title_format":"heading","default":"","description_enable":false,"description":"","placeholder_enable":false,"placeholder":"","display":"radiobutton","restrictions_type":"any_text","adjust_price":false,"price":"","price_type":"quantity_based","restrictions":false,"min":"0","max":"0","options":[{"label":"Mallette Notebook [AMP00041]","price":"5.0000","price_type":"quantity_based","image":0,"visibility":true}]}},"df_price":229,"df_sale_price":"","df_regular_price":229,"df_image_link":"https:\/\/digalco.com\/wp-content\/uploads\/images\/product\/13907\/hp03068_01-300x225.jpg","_links":{"self":[{"href":"https:\/\/digalco.com\/fr\/wp-json\/wp\/v2\/product\/270212","targetHints":{"allow":["GET"]}}],"collection":[{"href":"https:\/\/digalco.com\/fr\/wp-json\/wp\/v2\/product"}],"about":[{"href":"https:\/\/digalco.com\/fr\/wp-json\/wp\/v2\/types\/product"}],"wp:featuredmedia":[{"embeddable":true,"href":"https:\/\/digalco.com\/fr\/wp-json\/wp\/v2\/media\/270162"}],"wp:attachment":[{"href":"https:\/\/digalco.com\/fr\/wp-json\/wp\/v2\/media?parent=270212"}],"wp:term":[{"taxonomy":"product_brand","embeddable":true,"href":"https:\/\/digalco.com\/fr\/wp-json\/wp\/v2\/product_brand?post=270212"},{"taxonomy":"product_cat","embeddable":true,"href":"https:\/\/digalco.com\/fr\/wp-json\/wp\/v2\/product_cat?post=270212"},{"taxonomy":"product_tag","embeddable":true,"href":"https:\/\/digalco.com\/fr\/wp-json\/wp\/v2\/product_tag?post=270212"}],"curies":[{"name":"wp","href":"https:\/\/api.w.org\/{rel}","templated":true}]}}