{"id":270873,"date":"2025-09-22T16:49:39","date_gmt":"2025-09-22T14:49:39","guid":{"rendered":"https:\/\/digalco.com\/tienda\/hp-elitebook-x360-g8-133-reconditionne-core-i5-26ghz-16-gb-ram-256-gb-ssd-m2-1920x1080-fr-13984\/"},"modified":"2025-09-22T16:49:51","modified_gmt":"2025-09-22T14:49:51","slug":"hp-elitebook-x360-g8-133-reconditionne-core-i5-26ghz-16-gb-ram-256-gb-ssd-m2-1920x1080-fr-13984","status":"publish","type":"product","link":"https:\/\/digalco.com\/fr\/produit\/hp-elitebook-x360-g8-133-reconditionne-core-i5-26ghz-16-gb-ram-256-gb-ssd-m2-1920x1080-fr-13984\/","title":{"rendered":"HP EliteBook x360 G8 13.3\u00a0\u00bb | Reconditionn\u00e9 | Core i5 2.6GHz | 16 GB RAM | 256 GB SSD M2 1920&#215;1080"},"content":{"rendered":"<p><strong>Processeur<\/strong><br \/>Intel Core i5 1145G7 2.6 GHz.<br \/><strong>M\u00e9moire RAM<\/strong><br \/>16 Gb. SO-DDR4 RAM<br \/><strong>Disque dur<\/strong><br \/>256 Gb. SSD M2<br \/><strong>Cartes<\/strong><br \/>Graphique: Intel Iris Xe Graphics<br \/>Son: Bang &amp; Olufsen audio<br \/><strong>Syst\u00e8me op\u00e9ratif<\/strong><br \/>Windows 11 Pro<br \/><strong>Ports<\/strong><br \/>2x USB 3.0<br \/>2x USB-C<br \/><strong>\u00c9cran<\/strong><br \/>Tactile 13.3 \u00a0\u00bb FullHD 16:9  \u00b7 R\u00e9solution 1920&#215;1080<br \/><strong>Ports vid\u00e9o<\/strong><br \/>HDMI<br \/><strong>Multim\u00e9dias<\/strong><br \/>Webcam<br \/>Lecteur d&#8217;empreintes<br \/>Lecteur carte d&rsquo;identit\u00e9<br \/><strong>Connectivit\u00e9<\/strong><br \/>WIFI<br \/>Bluetooth<br \/><strong>Notebook sp\u00e9cifique<\/strong><br \/>Langue du clavier International (autocollants espagnols)<br \/><strong>Autres<\/strong><br \/>hR emballage<br \/><strong>Dimensions<\/strong><br \/>31.70&#215;21.84&#215;1.50 cm.<br \/><strong>Poids<\/strong><br \/>1.40 Kg.<br \/><strong>Sp\u00e9cifications suppl\u00e9mentaires<\/strong><br \/>Le HP EliteBook x360 G8 est un convertible haut de gamme con\u00e7u pour les professionnels recherchant performance, s\u00e9curit\u00e9 et polyvalence dans un seul appareil. Il est \u00e9quip\u00e9 d\u2019un processeur Intel Core i5-1145G7 \u00e0 2.6 GHz et de 16 Go de m\u00e9moire RAM DDR4, garantissant rapidit\u00e9 et efficacit\u00e9 m\u00eame dans les t\u00e2ches exigeantes et le multit\u00e2che. Son SSD M.2 de 256 Go assure une grande vitesse d\u2019acc\u00e8s ainsi qu\u2019un espace suffisant pour documents, projets et applications professionnelles. Avec Windows 11 Pro et TPM 2.0, il offre un environnement s\u00e9curis\u00e9 et optimis\u00e9 pour la productivit\u00e9 en entreprise.<br \/>L\u2019\u00e9cran tactile de 13,3 pouces FullHD (1920&#215;1080) au format 16:9 offre des images nettes et une exp\u00e9rience interactive fluide, id\u00e9ale aussi bien pour le travail que pour les pr\u00e9sentations. Gr\u00e2ce \u00e0 son design convertible x360, l\u2019appareil peut \u00eatre utilis\u00e9 en diff\u00e9rents modes \u2014 ordinateur portable, tablette ou pr\u00e9sentation \u2014 pour s\u2019adapter \u00e0 chaque besoin. La Webcam int\u00e9gr\u00e9e facilite les visioconf\u00e9rences professionnelles, tandis que le lecteur d\u2019empreintes digitales ajoute un niveau suppl\u00e9mentaire de s\u00e9curit\u00e9 et un acc\u00e8s rapide au syst\u00e8me.<br \/>L\u2019EliteBook x360 G8 combine un design \u00e9l\u00e9gant et l\u00e9ger avec des fonctions avanc\u00e9es de connectivit\u00e9 et de s\u00e9curit\u00e9, en faisant le choix parfait pour les professionnels recherchant un portable convertible fiable, moderne et adapt\u00e9 aux environnements exigeants.<br \/>Bon \u00e9tat ext\u00e9rieur. Consultez \u201c+ Photos\u201d et contactez-nous par t\u00e9l\u00e9phone ou via le chat pour plus de d\u00e9tails.<\/p>\n","protected":false},"excerpt":{"rendered":"<p>Intel Core i5 1145G7 2.6 GHz. \u00b7 16 Gb. SO-DDR4 RAM \u00b7 256 Gb. SSD M2 \u00b7 <strong>Windows 11 Pro \u00b7 Tactile 13.3 \u00a0\u00bb FullHD<\/strong> 16:9 \u00b7 Webcam \u00b7<u>Clavier international avec autocollants en fran\u00e7ais<\/u> [&#8230;]<\/p>\n<p><a class=\"btn btn-secondary understrap-read-more-link\" href=\"https:\/\/digalco.com\/fr\/produit\/hp-elitebook-x360-g8-133-reconditionne-core-i5-26ghz-16-gb-ram-256-gb-ssd-m2-1920x1080-fr-13984\/\">Lire la suite\u2026<span class=\"screen-reader-text\"> from HP EliteBook x360 G8 13.3\u00a0\u00bb | Reconditionn\u00e9 | Core i5 2.6GHz | 16 GB RAM | 256 GB SSD M2 1920&#215;1080<\/span><\/a><\/p>\n","protected":false},"featured_media":270813,"template":"","meta":[],"product_brand":[3854],"product_cat":[3755,1517,1581,3094,1533],"product_tag":[],"class_list":{"0":"post-270873","1":"product","2":"type-product","3":"status-publish","4":"has-post-thumbnail","6":"product_brand-hp","7":"product_cat-notebooks-13-fr","8":"product_cat-notebooks-fr","9":"product_cat-tablettes-fr","10":"product_cat-tablettes-tablettes-fr","11":"product_cat-notebooks-tactiles-fr","13":"first","14":"instock","15":"taxable","16":"shipping-taxable","17":"purchasable","18":"product-type-simple"},"bundled_by":[],"bundle_stock_status":"instock","bundle_stock_quantity":18,"bundle_virtual":false,"bundle_layout":"","bundle_add_to_cart_form_location":"","bundle_editable_in_cart":false,"bundle_sold_individually_context":"","bundle_item_grouping":"","bundle_min_size":"","bundle_max_size":"","bundle_price":[],"bundled_items":[],"bundle_sell_ids":[],"exclude_global_add_ons":true,"addons":{"keyboard-iso-upgrades":{"name":"Choisir langue du clavier","type":"multiple_choice","position":0,"required":false,"title_format":"heading","default":"","description_enable":false,"description":"","placeholder_enable":false,"placeholder":"","display":"radiobutton","restrictions_type":"any_text","adjust_price":false,"price":"","price_type":"quantity_based","restrictions":false,"min":"0","max":"0","options":[{"label":"Autocollants espagnols [AMP00082]","price":"0.0000","price_type":"quantity_based","image":0,"visibility":true},{"label":"Autocollants fran\u00e7ais [AMP00084]","price":"0.0000","price_type":"quantity_based","image":0,"visibility":true},{"label":"Autocollants portugais [AMP00083]","price":"0.0000","price_type":"quantity_based","image":0,"visibility":true}]},"os-upgrades":{"name":"Expansion SO","type":"multiple_choice","position":0,"required":false,"title_format":"heading","default":"","description_enable":false,"description":"","placeholder_enable":false,"placeholder":"","display":"radiobutton","restrictions_type":"any_text","adjust_price":false,"price":"","price_type":"quantity_based","restrictions":false,"min":"0","max":"0","options":[{"label":"Changer la langue en fran\u00e7ais [AMP00125]","price":"0.0000","price_type":"quantity_based","image":0,"visibility":true},{"label":"Changer la langue en anglais [AMP00008]","price":"0.0000","price_type":"quantity_based","image":0,"visibility":true},{"label":"Changer la langue en portugais [AMP00009]","price":"0.0000","price_type":"quantity_based","image":0,"visibility":true}]},"briefcase-upgrades":{"name":"Porte-documents","type":"multiple_choice","position":0,"required":false,"title_format":"heading","default":"","description_enable":false,"description":"","placeholder_enable":false,"placeholder":"","display":"radiobutton","restrictions_type":"any_text","adjust_price":false,"price":"","price_type":"quantity_based","restrictions":false,"min":"0","max":"0","options":[{"label":"Mallette Notebook [AMP00041]","price":"5.0000","price_type":"quantity_based","image":0,"visibility":true}]}},"df_price":401,"df_sale_price":"","df_regular_price":401,"df_image_link":"https:\/\/digalco.com\/wp-content\/uploads\/images\/product\/13984\/hp03092_01-300x225.jpg","_links":{"self":[{"href":"https:\/\/digalco.com\/fr\/wp-json\/wp\/v2\/product\/270873","targetHints":{"allow":["GET"]}}],"collection":[{"href":"https:\/\/digalco.com\/fr\/wp-json\/wp\/v2\/product"}],"about":[{"href":"https:\/\/digalco.com\/fr\/wp-json\/wp\/v2\/types\/product"}],"wp:featuredmedia":[{"embeddable":true,"href":"https:\/\/digalco.com\/fr\/wp-json\/wp\/v2\/media\/270813"}],"wp:attachment":[{"href":"https:\/\/digalco.com\/fr\/wp-json\/wp\/v2\/media?parent=270873"}],"wp:term":[{"taxonomy":"product_brand","embeddable":true,"href":"https:\/\/digalco.com\/fr\/wp-json\/wp\/v2\/product_brand?post=270873"},{"taxonomy":"product_cat","embeddable":true,"href":"https:\/\/digalco.com\/fr\/wp-json\/wp\/v2\/product_cat?post=270873"},{"taxonomy":"product_tag","embeddable":true,"href":"https:\/\/digalco.com\/fr\/wp-json\/wp\/v2\/product_tag?post=270873"}],"curies":[{"name":"wp","href":"https:\/\/api.w.org\/{rel}","templated":true}]}}