{"id":274835,"date":"2025-10-10T13:09:34","date_gmt":"2025-10-10T11:09:34","guid":{"rendered":"https:\/\/digalco.com\/tienda\/imprimante-laser-samsung-ml-4510nd-reconditionne-fr-14185\/"},"modified":"2026-03-02T17:22:51","modified_gmt":"2026-03-02T16:22:51","slug":"imprimante-laser-samsung-ml-4510nd-reconditionne-fr-14185","status":"publish","type":"product","link":"https:\/\/digalco.com\/fr\/produit\/imprimante-laser-samsung-ml-4510nd-reconditionne-fr-14185\/","title":{"rendered":"Imprimante Laser Samsung ML-4510ND | Reconditionn\u00e9"},"content":{"rendered":"<p><strong>G\u00e9n\u00e9rale imprimante<\/strong><br \/>R\u00e9solution 1200x1200ppp<br \/>M\u00e9moire RAM 128Mb.<br \/>Langage d&rsquo;imprimante PCL6<br \/><strong>Copies<\/strong><br \/>Premi\u00e8re page 7 s<br \/>Noir et blanc 43 ppm<br \/><strong>Gestion du papier<\/strong><br \/>Bac: 520 feuilles<br \/>Bac manuel: 100 feuilles<br \/><strong>Connectivit\u00e9 imprimante<\/strong><br \/>USB, R\u00e9seau<br \/><strong>Dimensions<\/strong><br \/>44x42x36 cm.<br \/><strong>Poids<\/strong><br \/>26.00 Kg.<br \/><strong>Sp\u00e9cifications suppl\u00e9mentaires<\/strong><br \/><b>Contr\u00f4les de qualit\u00e9 \/ tests en laboratoire :<\/b><br \/>Fonctionne correctement et est fournie compl\u00e8te et sans casse. C\u00e2bles non inclus.<br \/>Page de test incluse (test d\u2019impression depuis la machine).<br \/>Tests d\u2019impression effectu\u00e9s depuis tous les ports de la machine.<br \/>Tests d\u2019impression effectu\u00e9s depuis tous les bacs.<br \/>Toner usag\u00e9 (original\/compatible). Pas de garantie.<br \/>Bon aspect ext\u00e9rieur. Si vous avez des questions, appelez-nous ou utilisez notre chat pour obtenir plus d\u2019informations ou demander plus de d\u00e9tails.<br \/><b>Pages : <\/b>299372<br \/><b>Toner : <\/b>97%<br \/><b>Tambour : <\/b>99%<br \/><b>Fuseur : <\/b>119616<br \/><b>Transfert : <\/b>119616<br \/><b>Rouleau MP : <\/b>1886<br \/><b>Rouleau de retenue MP : <\/b>1886<br \/><b>Rouleau du bac 1 : <\/b>198311<br \/><b>Rouleau de retenue du bac 1 : <\/b>198311<br \/><b>Ces machines sont fournies avec une garantie de 7 jours.<\/b> Particuli\u00e8rement destin\u00e9es aux professionnels de l\u2019impression, qui gr\u00e2ce \u00e0 leur qualification peuvent apporter une valeur finale \u00e0 leur client.<\/p>\n","protected":false},"excerpt":{"rendered":"<p>Taille de papier A4 \u00b7 Noir et blanc 43ppm \u00b7 R\u00e9solution 1200x1200ppp \u00b7 M\u00e9moire RAM 128Mb. \u00b7 USB, R\u00e9seau \u00b7 Bacs: 1&#215;520\/1&#215;100 feuilles [&#8230;]<\/p>\n<p><a class=\"btn btn-secondary understrap-read-more-link\" href=\"https:\/\/digalco.com\/fr\/produit\/imprimante-laser-samsung-ml-4510nd-reconditionne-fr-14185\/\">Lire la suite\u2026<span class=\"screen-reader-text\"> from Imprimante Laser Samsung ML-4510ND | Reconditionn\u00e9<\/span><\/a><\/p>\n","protected":false},"featured_media":274795,"template":"","meta":[],"product_brand":[3868],"product_cat":[1673,1693],"product_tag":[],"class_list":{"0":"post-274835","1":"product","2":"type-product","3":"status-publish","4":"has-post-thumbnail","6":"product_brand-samsung","7":"product_cat-imprimantes-fr","8":"product_cat-imprimantes-laser-fr","10":"first","11":"instock","12":"taxable","13":"shipping-taxable","14":"purchasable","15":"product-type-simple"},"bundled_by":[],"bundle_stock_status":"instock","bundle_stock_quantity":1,"bundle_virtual":false,"bundle_layout":"","bundle_add_to_cart_form_location":"","bundle_editable_in_cart":false,"bundle_sold_individually_context":"","bundle_item_grouping":"","bundle_min_size":"","bundle_max_size":"","bundle_price":[],"bundled_items":[],"bundle_sell_ids":[],"exclude_global_add_ons":[],"addons":[],"df_price":118,"df_sale_price":"","df_regular_price":118,"df_image_link":"https:\/\/digalco.com\/wp-content\/uploads\/images\/product\/14185\/sam00146_01-300x225.jpg","_links":{"self":[{"href":"https:\/\/digalco.com\/fr\/wp-json\/wp\/v2\/product\/274835","targetHints":{"allow":["GET"]}}],"collection":[{"href":"https:\/\/digalco.com\/fr\/wp-json\/wp\/v2\/product"}],"about":[{"href":"https:\/\/digalco.com\/fr\/wp-json\/wp\/v2\/types\/product"}],"wp:featuredmedia":[{"embeddable":true,"href":"https:\/\/digalco.com\/fr\/wp-json\/wp\/v2\/media\/274795"}],"wp:attachment":[{"href":"https:\/\/digalco.com\/fr\/wp-json\/wp\/v2\/media?parent=274835"}],"wp:term":[{"taxonomy":"product_brand","embeddable":true,"href":"https:\/\/digalco.com\/fr\/wp-json\/wp\/v2\/product_brand?post=274835"},{"taxonomy":"product_cat","embeddable":true,"href":"https:\/\/digalco.com\/fr\/wp-json\/wp\/v2\/product_cat?post=274835"},{"taxonomy":"product_tag","embeddable":true,"href":"https:\/\/digalco.com\/fr\/wp-json\/wp\/v2\/product_tag?post=274835"}],"curies":[{"name":"wp","href":"https:\/\/api.w.org\/{rel}","templated":true}]}}