{"id":274871,"date":"2025-10-10T14:04:56","date_gmt":"2025-10-10T12:04:56","guid":{"rendered":"https:\/\/digalco.com\/tienda\/panasonic-th-42tf20er-42-tft-169-reconditionne-1920x1080-fr-14122\/"},"modified":"2025-10-10T14:05:03","modified_gmt":"2025-10-10T12:05:03","slug":"panasonic-th-42tf20er-42-tft-169-reconditionne-1920x1080-fr-14122","status":"publish","type":"product","link":"https:\/\/digalco.com\/fr\/produit\/panasonic-th-42tf20er-42-tft-169-reconditionne-1920x1080-fr-14122\/","title":{"rendered":"Panasonic TH-42TF20ER 42\u00a0\u00bb TFT 16:9 | Reconditionn\u00e9 | 1920&#215;1080"},"content":{"rendered":"<p><strong>\u00c9cran<\/strong><br \/>TFT 42 \u00a0\u00bb FullHD 16:9 \u00b7 R\u00e9solution 1920&#215;1080<br \/>Contraste 5000:1<br \/>Luminosit\u00e9 1400 cd\/m2<br \/><strong>Ports vid\u00e9o<\/strong><br \/>VGA<br \/>HDMI<br \/>DVI<br \/><strong>Affichage sp\u00e9cifique<\/strong><br \/>Stand VESA<br \/><strong>Autres<\/strong><br \/>hR emballage<br \/><strong>Dimensions<\/strong><br \/>1020x61x9 cm.<br \/><strong>Poids<\/strong><br \/>24.00 Kg.<br \/><strong>Sp\u00e9cifications suppl\u00e9mentaires<\/strong><br \/>Le Panasonic TH-42TF20ER est un moniteur professionnel de 42 pouces au format 16:9 avec une r\u00e9solution Full HD (1920&#215;1080), id\u00e9al pour la signalisation num\u00e9rique, les environnements commerciaux, les salles de contr\u00f4le ou un usage corporatif n\u00e9cessitant une grande visibilit\u00e9 et fiabilit\u00e9.Gr\u00e2ce \u00e0 son taux de contraste \u00e9lev\u00e9 de 5000:1 et \u00e0 sa luminosit\u00e9 impressionnante de 1400 cd\/m\u00b2, il offre une image nette, des couleurs intenses et une excellente lisibilit\u00e9 m\u00eame dans les environnements tr\u00e8s \u00e9clair\u00e9s. Son panneau TFT garantit une reproduction fid\u00e8le du contenu et un fonctionnement 24\/7 stable et durable.En termes de connectivit\u00e9, le Panasonic TH-42TF20ER inclut VGA, HDMI et DVI, permettant de connecter des ordinateurs, lecteurs multim\u00e9dias ou dispositifs professionnels sans adaptateurs. Il dispose \u00e9galement d\u2019un port RJ45 pour le contr\u00f4le via r\u00e9seau et d\u2019un port s\u00e9rie pour l\u2019int\u00e9gration dans des syst\u00e8mes de gestion avanc\u00e9s.Le Panasonic TH-42TF20ER est une solution robuste et polyvalente, parfaite pour la signalisation num\u00e9rique, la publicit\u00e9, les salles de r\u00e9union ou les installations industrielles o\u00f9 la qualit\u00e9 d\u2019image et la connectivit\u00e9 sont essentielles.Bon aspect ext\u00e9rieur. Consultez \u00ab + Photos \u00bb et si vous avez des questions appelez-nous ou utilisez notre chat pour obtenir plus d\u2019informations ou demander plus de d\u00e9tails.<br \/><strong>Commentaires<\/strong><br \/><u>1xRJ45 &#8211; 1x Port s\u00e9rie &#8211; C\u00e2ble d&rsquo;alimentation et VGA inclus<\/u><\/p>\n","protected":false},"excerpt":{"rendered":"<p>TFT 42 \u00a0\u00bb FullHD 16:9 \u00b7 R\u00e9solution 1920&#215;1080 \u00b7 Contraste 5000:1 \u00b7 Luminosit\u00e9 1400 cd\/m2 \u00b7 VGA \u00b7 HDMI \u00b7 DVI \u00b7<br \/>\n<u>1xRJ45 &#8211; 1x Port s\u00e9rie &#8211; C\u00e2ble d&rsquo;alimentation et VGA inclus<br \/>\n<\/u> [&#8230;]<\/p>\n<p><a class=\"btn btn-secondary understrap-read-more-link\" href=\"https:\/\/digalco.com\/fr\/produit\/panasonic-th-42tf20er-42-tft-169-reconditionne-1920x1080-fr-14122\/\">Lire la suite\u2026<span class=\"screen-reader-text\"> from Panasonic TH-42TF20ER 42\u00a0\u00bb TFT 16:9 | Reconditionn\u00e9 | 1920&#215;1080<\/span><\/a><\/p>\n","protected":false},"featured_media":274846,"template":"","meta":[],"product_brand":[3873],"product_cat":[2394,1493],"product_tag":[],"class_list":{"0":"post-274871","1":"product","2":"type-product","3":"status-publish","4":"has-post-thumbnail","6":"product_brand-panasonic","7":"product_cat-moniteurs-27-fr","8":"product_cat-moniteurs-fr","10":"first","11":"instock","12":"taxable","13":"shipping-taxable","14":"purchasable","15":"product-type-simple"},"bundled_by":[],"bundle_stock_status":"instock","bundle_stock_quantity":3,"bundle_virtual":false,"bundle_layout":"","bundle_add_to_cart_form_location":"","bundle_editable_in_cart":false,"bundle_sold_individually_context":"","bundle_item_grouping":"","bundle_min_size":"","bundle_max_size":"","bundle_price":[],"bundled_items":[],"bundle_sell_ids":[],"exclude_global_add_ons":true,"addons":{"hdmi-upgrades":{"name":"Extension c\u00e2ble","type":"multiple_choice","position":0,"required":false,"title_format":"heading","default":"","description_enable":false,"description":"","placeholder_enable":false,"placeholder":"","display":"radiobutton","restrictions_type":"any_text","adjust_price":false,"price":"","price_type":"quantity_based","restrictions":false,"min":"0","max":"0","options":[{"label":"C\u00e2ble DVI-D M\/M Dual Link 1,8 mts. [AMP00102]","price":"2.0000","price_type":"quantity_based","image":0,"visibility":true},{"label":"C\u00e2ble HDMI 2 mts. [AMP00104]","price":"6.0000","price_type":"quantity_based","image":0,"visibility":true}]}},"df_price":246,"df_sale_price":"","df_regular_price":246,"df_image_link":"https:\/\/digalco.com\/wp-content\/uploads\/images\/product\/14122\/pana00130_01-300x225.jpg","_links":{"self":[{"href":"https:\/\/digalco.com\/fr\/wp-json\/wp\/v2\/product\/274871","targetHints":{"allow":["GET"]}}],"collection":[{"href":"https:\/\/digalco.com\/fr\/wp-json\/wp\/v2\/product"}],"about":[{"href":"https:\/\/digalco.com\/fr\/wp-json\/wp\/v2\/types\/product"}],"wp:featuredmedia":[{"embeddable":true,"href":"https:\/\/digalco.com\/fr\/wp-json\/wp\/v2\/media\/274846"}],"wp:attachment":[{"href":"https:\/\/digalco.com\/fr\/wp-json\/wp\/v2\/media?parent=274871"}],"wp:term":[{"taxonomy":"product_brand","embeddable":true,"href":"https:\/\/digalco.com\/fr\/wp-json\/wp\/v2\/product_brand?post=274871"},{"taxonomy":"product_cat","embeddable":true,"href":"https:\/\/digalco.com\/fr\/wp-json\/wp\/v2\/product_cat?post=274871"},{"taxonomy":"product_tag","embeddable":true,"href":"https:\/\/digalco.com\/fr\/wp-json\/wp\/v2\/product_tag?post=274871"}],"curies":[{"name":"wp","href":"https:\/\/api.w.org\/{rel}","templated":true}]}}