{"id":275208,"date":"2025-10-13T15:50:03","date_gmt":"2025-10-13T13:50:03","guid":{"rendered":"https:\/\/digalco.com\/tienda\/imprimante-laser-develop-ineo-3351-reconditionne-fr-14147\/"},"modified":"2026-03-02T17:18:07","modified_gmt":"2026-03-02T16:18:07","slug":"imprimante-laser-develop-ineo-3351-reconditionne-fr-14147","status":"publish","type":"product","link":"https:\/\/digalco.com\/fr\/produit\/imprimante-laser-develop-ineo-3351-reconditionne-fr-14147\/","title":{"rendered":"Imprimante Laser Develop Ineo +3351 | Reconditionn\u00e9"},"content":{"rendered":"<p><strong>G\u00e9n\u00e9rale imprimante<\/strong><br \/>Color<br \/>R\u00e9solution 1800x600ppp<br \/>M\u00e9moire RAM 2048Mb.<br \/>Langage d&rsquo;imprimante PCL6<br \/><strong>Multifonction<\/strong><br \/>R\u00e9solution du scanner 600dpi<br \/><strong>Copies<\/strong><br \/>Premi\u00e8re page 6.1 s<br \/>Noir et blanc 25 ppm<br \/>Couleur 25 ppm<br \/><strong>Gestion du papier<\/strong><br \/>Duplex<br \/>Bac: 500 feuilles<br \/>Bac manuel: 100 feuilles<br \/><strong>Connectivit\u00e9 imprimante<\/strong><br \/>USB, R\u00e9seau<br \/><strong>Dimensions<\/strong><br \/>115x62x68 cm.<br \/><strong>Poids<\/strong><br \/>85.00 Kg.<br \/><strong>Sp\u00e9cifications suppl\u00e9mentaires<\/strong><br \/><strong>\u00c9tat g\u00e9n\u00e9ral :<\/strong> Bon \u00e9tat esth\u00e9tique.<strong>Incident :<\/strong> Erreur de toner noir. Onglet de fermeture du carter de toner cass\u00e9.<strong>Commentaire technique : <\/strong>Panne typique due \u00e0 l\u2019obstruction du capteur de toner ou \u00e0 l\u2019engrenage de la cartouche.<strong>Argument commercial <\/strong>:\u00c9quipement avec un fort potentiel de r\u00e9introduction apr\u00e8s remplacement du syst\u00e8me de toner ou r\u00e9paration m\u00e9canique de la fermeture. Id\u00e9al pour les entreprises disposant d\u2019unit\u00e9s donneuses ou cherchant \u00e0 remettre en service des \u00e9quipements couleur de milieu de gamme avec structure compl\u00e8te.<strong>Ces machines sont fournies sans garantie.<\/strong> Particuli\u00e8rement destin\u00e9es aux professionnels de l\u2019impression qui, gr\u00e2ce \u00e0 leur qualification, peuvent apporter une partie de la valeur finale \u00e0 leur client.Consultez \u201c+ Photos\u201d et si vous avez des questions, appelez-nous ou utilisez notre chat pour obtenir plus d\u2019informations ou demander plus de d\u00e9tails.<\/p>\n","protected":false},"excerpt":{"rendered":"<p>Taille de papier A4 \u00b7 Duplex \u00b7 Noir et blanc 25ppm \u00b7 Couleur 25ppm \u00b7 R\u00e9solution 1800x600ppp \u00b7 M\u00e9moire RAM 2048Mb. \u00b7<u>Erreur de toner noir.<\/u> [&#8230;]<\/p>\n<p><a class=\"btn btn-secondary understrap-read-more-link\" href=\"https:\/\/digalco.com\/fr\/produit\/imprimante-laser-develop-ineo-3351-reconditionne-fr-14147\/\">Lire la suite\u2026<span class=\"screen-reader-text\"> from Imprimante Laser Develop Ineo +3351 | Reconditionn\u00e9<\/span><\/a><\/p>\n","protected":false},"featured_media":275173,"template":"","meta":[],"product_brand":[3939],"product_cat":[1673,1721,1705],"product_tag":[],"class_list":{"0":"post-275208","1":"product","2":"type-product","3":"status-publish","4":"has-post-thumbnail","6":"product_brand-develop","7":"product_cat-imprimantes-fr","8":"product_cat-photocopieurs-fr","9":"product_cat-imprimantes-multifonction-fr","11":"first","12":"instock","13":"taxable","14":"shipping-taxable","15":"purchasable","16":"product-type-simple"},"bundled_by":[],"bundle_stock_status":"instock","bundle_stock_quantity":1,"bundle_virtual":false,"bundle_layout":"","bundle_add_to_cart_form_location":"","bundle_editable_in_cart":false,"bundle_sold_individually_context":"","bundle_item_grouping":"","bundle_min_size":"","bundle_max_size":"","bundle_price":[],"bundled_items":[],"bundle_sell_ids":[],"exclude_global_add_ons":[],"addons":[],"df_price":233,"df_sale_price":"","df_regular_price":233,"df_image_link":"https:\/\/digalco.com\/wp-content\/uploads\/images\/product\/14147\/deve00006_01-300x225.jpg","_links":{"self":[{"href":"https:\/\/digalco.com\/fr\/wp-json\/wp\/v2\/product\/275208","targetHints":{"allow":["GET"]}}],"collection":[{"href":"https:\/\/digalco.com\/fr\/wp-json\/wp\/v2\/product"}],"about":[{"href":"https:\/\/digalco.com\/fr\/wp-json\/wp\/v2\/types\/product"}],"wp:featuredmedia":[{"embeddable":true,"href":"https:\/\/digalco.com\/fr\/wp-json\/wp\/v2\/media\/275173"}],"wp:attachment":[{"href":"https:\/\/digalco.com\/fr\/wp-json\/wp\/v2\/media?parent=275208"}],"wp:term":[{"taxonomy":"product_brand","embeddable":true,"href":"https:\/\/digalco.com\/fr\/wp-json\/wp\/v2\/product_brand?post=275208"},{"taxonomy":"product_cat","embeddable":true,"href":"https:\/\/digalco.com\/fr\/wp-json\/wp\/v2\/product_cat?post=275208"},{"taxonomy":"product_tag","embeddable":true,"href":"https:\/\/digalco.com\/fr\/wp-json\/wp\/v2\/product_tag?post=275208"}],"curies":[{"name":"wp","href":"https:\/\/api.w.org\/{rel}","templated":true}]}}