{"id":275300,"date":"2025-10-13T16:53:51","date_gmt":"2025-10-13T14:53:51","guid":{"rendered":"https:\/\/digalco.com\/tienda\/imprimante-laser-samsung-multixpress-x4300lx-reconditionne-fr-13802\/"},"modified":"2026-03-02T17:15:55","modified_gmt":"2026-03-02T16:15:55","slug":"imprimante-laser-samsung-multixpress-x4300lx-reconditionne-fr-13802","status":"publish","type":"product","link":"https:\/\/digalco.com\/fr\/produit\/imprimante-laser-samsung-multixpress-x4300lx-reconditionne-fr-13802\/","title":{"rendered":"Imprimante Laser Samsung MultiXpress X4300LX | Reconditionn\u00e9"},"content":{"rendered":"<p><strong>G\u00e9n\u00e9rale imprimante<\/strong><br \/>Color<br \/>R\u00e9solution 1200x1200ppp<br \/>M\u00e9moire RAM 2048Mb.<br \/>Langage d&rsquo;imprimante PCL6<br \/><strong>Multifonction<\/strong><br \/>R\u00e9solution du scanner 600dpi<br \/><strong>Copies<\/strong><br \/>Premi\u00e8re page 9 s<br \/>Noir et blanc 30 ppm<br \/>Couleur 30 ppm<br \/><strong>Gestion du papier<\/strong><br \/>Duplex<br \/>ADF: 100 feuilles<br \/>Bac: 500 feuilles<br \/>Bac suppl\u00e9mentaire: 500 feuilles<br \/><strong>Connectivit\u00e9 imprimante<\/strong><br \/>USB, R\u00e9seau, Fax<br \/><strong>Dimensions<\/strong><br \/>114x72x58 cm.<br \/><strong>Poids<\/strong><br \/>100.00 Kg.<br \/><strong>Sp\u00e9cifications suppl\u00e9mentaires<\/strong><br \/><strong>\u00c9tat g\u00e9n\u00e9ral <\/strong>: Bon \u00e9tat esth\u00e9tique.<strong>Incident <\/strong>: Erreur du disque dur au d\u00e9marrage. S\u2019\u00e9teint.<strong>Commentaire technique <\/strong>: Possible d\u00e9faillance du disque dur ou du syst\u00e8me d\u2019exploitation interne.<strong>Argument commercial :<\/strong>Mod\u00e8le de gamme professionnelle avec une grande valeur de r\u00e9cup\u00e9ration. En rempla\u00e7ant le disque dur et en r\u00e9installant le firmware, on obtient une machine pleinement fonctionnelle. Excellente base pour reconditionneurs ou exportateurs sp\u00e9cialis\u00e9s dans les MFP Samsung.<strong>Ces machines sont fournies sans garantie<\/strong>. Particuli\u00e8rement destin\u00e9es aux professionnels de l\u2019impression qui, gr\u00e2ce \u00e0 leur qualification, peuvent apporter une partie de la valeur finale \u00e0 leur client.Consultez \u201c+ Photos\u201d et si vous avez des questions, appelez-nous ou utilisez notre chat pour obtenir plus d\u2019informations ou demander des d\u00e9tails suppl\u00e9mentaires.<\/p>\n","protected":false},"excerpt":{"rendered":"<p>Taille de papier A3 \u00b7 Duplex \u00b7 Noir et blanc 30ppm \u00b7 Couleur 30ppm \u00b7 R\u00e9solution 1200x1200ppp \u00b7 M\u00e9moire RAM 2048Mb. \u00b7<u>Erreur disque dur<\/u> [&#8230;]<\/p>\n<p><a class=\"btn btn-secondary understrap-read-more-link\" href=\"https:\/\/digalco.com\/fr\/produit\/imprimante-laser-samsung-multixpress-x4300lx-reconditionne-fr-13802\/\">Lire la suite\u2026<span class=\"screen-reader-text\"> from Imprimante Laser Samsung MultiXpress X4300LX | Reconditionn\u00e9<\/span><\/a><\/p>\n","protected":false},"featured_media":275260,"template":"","meta":[],"product_brand":[3868],"product_cat":[1673,1721,1705],"product_tag":[],"class_list":{"0":"post-275300","1":"product","2":"type-product","3":"status-publish","4":"has-post-thumbnail","6":"product_brand-samsung","7":"product_cat-imprimantes-fr","8":"product_cat-photocopieurs-fr","9":"product_cat-imprimantes-multifonction-fr","11":"first","12":"outofstock","13":"taxable","14":"shipping-taxable","15":"purchasable","16":"product-type-simple"},"bundled_by":[],"bundle_stock_status":"outofstock","bundle_stock_quantity":0,"bundle_virtual":false,"bundle_layout":"","bundle_add_to_cart_form_location":"","bundle_editable_in_cart":false,"bundle_sold_individually_context":"","bundle_item_grouping":"","bundle_min_size":"","bundle_max_size":"","bundle_price":[],"bundled_items":[],"bundle_sell_ids":[],"exclude_global_add_ons":[],"addons":[],"df_price":233,"df_sale_price":"","df_regular_price":233,"df_image_link":"https:\/\/digalco.com\/wp-content\/uploads\/images\/product\/13802\/sam00140_01-300x225.jpg","_links":{"self":[{"href":"https:\/\/digalco.com\/fr\/wp-json\/wp\/v2\/product\/275300","targetHints":{"allow":["GET"]}}],"collection":[{"href":"https:\/\/digalco.com\/fr\/wp-json\/wp\/v2\/product"}],"about":[{"href":"https:\/\/digalco.com\/fr\/wp-json\/wp\/v2\/types\/product"}],"wp:featuredmedia":[{"embeddable":true,"href":"https:\/\/digalco.com\/fr\/wp-json\/wp\/v2\/media\/275260"}],"wp:attachment":[{"href":"https:\/\/digalco.com\/fr\/wp-json\/wp\/v2\/media?parent=275300"}],"wp:term":[{"taxonomy":"product_brand","embeddable":true,"href":"https:\/\/digalco.com\/fr\/wp-json\/wp\/v2\/product_brand?post=275300"},{"taxonomy":"product_cat","embeddable":true,"href":"https:\/\/digalco.com\/fr\/wp-json\/wp\/v2\/product_cat?post=275300"},{"taxonomy":"product_tag","embeddable":true,"href":"https:\/\/digalco.com\/fr\/wp-json\/wp\/v2\/product_tag?post=275300"}],"curies":[{"name":"wp","href":"https:\/\/api.w.org\/{rel}","templated":true}]}}