{"id":275386,"date":"2025-10-13T17:39:18","date_gmt":"2025-10-13T15:39:18","guid":{"rendered":"https:\/\/digalco.com\/tienda\/imprimante-laser-konica-minolta-bizhub-500-reconditionne-fr-14152\/"},"modified":"2026-03-02T17:13:30","modified_gmt":"2026-03-02T16:13:30","slug":"imprimante-laser-konica-minolta-bizhub-500-reconditionne-fr-14152","status":"publish","type":"product","link":"https:\/\/digalco.com\/fr\/produit\/imprimante-laser-konica-minolta-bizhub-500-reconditionne-fr-14152\/","title":{"rendered":"Imprimante Laser Konica-Minolta Bizhub 500 | Reconditionn\u00e9"},"content":{"rendered":"<p><strong>G\u00e9n\u00e9rale imprimante<\/strong><br \/>R\u00e9solution 1200x1200ppp<br \/>M\u00e9moire RAM 192Mb.<br \/>Langage d&rsquo;imprimante PCL6<br \/><strong>Multifonction<\/strong><br \/>R\u00e9solution du scanner 600dpi<br \/><strong>Copies<\/strong><br \/>Premi\u00e8re page 27 s<br \/>Noir et blanc 50 ppm<br \/><strong>Gestion du papier<\/strong><br \/>Bac: 500 feuilles<br \/>Bac manuel: 150 feuilles<br \/>Bac 2: 500 feuilles<br \/>Bac 3: 500 feuilles<br \/>Bac 4: 1500 feuilles<br \/><strong>Connectivit\u00e9 imprimante<\/strong><br \/>USB, R\u00e9seau<br \/><strong>Dimensions<\/strong><br \/>115x71x68 cm.<br \/><strong>Poids<\/strong><br \/>90.00 Kg.<br \/><strong>Sp\u00e9cifications suppl\u00e9mentaires<\/strong><br \/><strong>\u00c9tat g\u00e9n\u00e9ral <\/strong>: Bon \u00e9tat esth\u00e9tique.<strong>Incident <\/strong>: Toner et photoconducteur manquants.<strong>Commentaire technique <\/strong>: Cycle \u00e9lev\u00e9, mais structure m\u00e9canique intacte.<strong>Argument commercial :<\/strong>\u00c9quipement tr\u00e8s solide, avec une forte demande \u00e0 l\u2019exportation. Excellente source de fusors, rouleaux, scanner et syst\u00e8me ADF. Id\u00e9al pour les entreprises qui reconditionnent des bizhub en lot.<strong>Ces machines sont fournies sans garantie. <\/strong>Particuli\u00e8rement destin\u00e9es aux professionnels de l\u2019impression qui, gr\u00e2ce \u00e0 leur qualification, peuvent apporter une partie de la valeur finale \u00e0 leur client.Consultez \u201c+ Photos\u201d et si vous avez des questions, appelez-nous ou utilisez notre chat pour obtenir plus d\u2019informations ou demander des d\u00e9tails suppl\u00e9mentaires.<\/p>\n","protected":false},"excerpt":{"rendered":"<p>Taille de papier A3 \u00b7 Noir et blanc 50ppm \u00b7 R\u00e9solution 1200x1200ppp \u00b7 M\u00e9moire RAM 192Mb. \u00b7<u>Bo\u00eetier d&rsquo;acc\u00e8s duplex cass\u00e9 \u00b7 Photoconducteur endommag\u00e9<\/u> [&#8230;]<\/p>\n<p><a class=\"btn btn-secondary understrap-read-more-link\" href=\"https:\/\/digalco.com\/fr\/produit\/imprimante-laser-konica-minolta-bizhub-500-reconditionne-fr-14152\/\">Lire la suite\u2026<span class=\"screen-reader-text\"> from Imprimante Laser Konica-Minolta Bizhub 500 | Reconditionn\u00e9<\/span><\/a><\/p>\n","protected":false},"featured_media":275351,"template":"","meta":[],"product_brand":[3937],"product_cat":[1673,1721,1705],"product_tag":[],"class_list":{"0":"post-275386","1":"product","2":"type-product","3":"status-publish","4":"has-post-thumbnail","6":"product_brand-konica-minolta","7":"product_cat-imprimantes-fr","8":"product_cat-photocopieurs-fr","9":"product_cat-imprimantes-multifonction-fr","11":"first","12":"outofstock","13":"taxable","14":"shipping-taxable","15":"purchasable","16":"product-type-simple"},"bundled_by":[],"bundle_stock_status":"outofstock","bundle_stock_quantity":0,"bundle_virtual":false,"bundle_layout":"","bundle_add_to_cart_form_location":"","bundle_editable_in_cart":false,"bundle_sold_individually_context":"","bundle_item_grouping":"","bundle_min_size":"","bundle_max_size":"","bundle_price":[],"bundled_items":[],"bundle_sell_ids":[],"exclude_global_add_ons":[],"addons":[],"df_price":188,"df_sale_price":"","df_regular_price":188,"df_image_link":"https:\/\/digalco.com\/wp-content\/uploads\/images\/product\/14152\/koni00027_01-300x225.jpg","_links":{"self":[{"href":"https:\/\/digalco.com\/fr\/wp-json\/wp\/v2\/product\/275386","targetHints":{"allow":["GET"]}}],"collection":[{"href":"https:\/\/digalco.com\/fr\/wp-json\/wp\/v2\/product"}],"about":[{"href":"https:\/\/digalco.com\/fr\/wp-json\/wp\/v2\/types\/product"}],"wp:featuredmedia":[{"embeddable":true,"href":"https:\/\/digalco.com\/fr\/wp-json\/wp\/v2\/media\/275351"}],"wp:attachment":[{"href":"https:\/\/digalco.com\/fr\/wp-json\/wp\/v2\/media?parent=275386"}],"wp:term":[{"taxonomy":"product_brand","embeddable":true,"href":"https:\/\/digalco.com\/fr\/wp-json\/wp\/v2\/product_brand?post=275386"},{"taxonomy":"product_cat","embeddable":true,"href":"https:\/\/digalco.com\/fr\/wp-json\/wp\/v2\/product_cat?post=275386"},{"taxonomy":"product_tag","embeddable":true,"href":"https:\/\/digalco.com\/fr\/wp-json\/wp\/v2\/product_tag?post=275386"}],"curies":[{"name":"wp","href":"https:\/\/api.w.org\/{rel}","templated":true}]}}