{"id":275514,"date":"2025-10-14T15:10:54","date_gmt":"2025-10-14T13:10:54","guid":{"rendered":"https:\/\/digalco.com\/tienda\/imprimante-thermique-pos-zebra-z6m-reconditionne-fr-14084\/"},"modified":"2025-10-14T15:10:58","modified_gmt":"2025-10-14T13:10:58","slug":"imprimante-thermique-pos-zebra-z6m-reconditionne-fr-14084","status":"publish","type":"product","link":"https:\/\/digalco.com\/fr\/produit\/imprimante-thermique-pos-zebra-z6m-reconditionne-fr-14084\/","title":{"rendered":"Imprimante thermique POS Zebra Z6M | Reconditionn\u00e9"},"content":{"rendered":"<p><strong>Technologie<\/strong><br \/>Thermique<br \/><strong>Copies<\/strong><br \/>Vitesse d&rsquo;imprimante 254 mm\/s<br \/>Caract\u00e8res par pouce 203<br \/><strong>Gestion du papier<\/strong><br \/>Largeur de papier 104mm<br \/>Couper automatique<br \/><strong>Connectivit\u00e9 imprimante<\/strong><br \/>S\u00e9rie, Parall\u00e8le<br \/><strong>Dimensions<\/strong><br \/>27.8&#215;47.5&#215;33.8 cm.<br \/><strong>Poids<\/strong><br \/>15.00 Kg.<br \/><strong>Sp\u00e9cifications suppl\u00e9mentaires<\/strong><br \/>La Zebra Z6M est une imprimante thermique industrielle con\u00e7ue pour les environnements de travail intensifs o\u00f9 la vitesse, la fiabilit\u00e9 et la pr\u00e9cision sont indispensables. Avec une largeur de papier allant jusqu\u2019\u00e0 104 mm et une vitesse d\u2019impression de 254 mm par seconde, elle offre des performances remarquables dans la production d\u2019\u00e9tiquettes de haute qualit\u00e9, m\u00eame en grands volumes. Sa r\u00e9solution de 203 dpi garantit des textes, codes-barres et graphiques nets, tandis que le syst\u00e8me de coupe automatique acc\u00e9l\u00e8re le processus d\u2019impression et am\u00e9liore l\u2019efficacit\u00e9 op\u00e9rationnelle.\u00c9quip\u00e9e de connexions S\u00e9rie et Parall\u00e8le, elle s\u2019int\u00e8gre facilement aux syst\u00e8mes industriels et logistiques existants. Son bo\u00eetier noir robuste et r\u00e9sistant est con\u00e7u pour supporter des conditions exigeantes et une utilisation continue. Fiable, durable et pens\u00e9e pour maximiser la productivit\u00e9, la Zebra Z6M est une solution professionnelle id\u00e9ale pour les entrep\u00f4ts, usines, centres de distribution et tout environnement n\u00e9cessitant une impression thermique haute performance.Bon aspect ext\u00e9rieur. Si vous avez des questions, appelez-nous ou utilisez notre chat pour obtenir plus de d\u00e9tails.<br \/><strong>Commentaires<\/strong><br \/><u>1 Mo de Flash \/ 4 Mo de DRAM \/ Jusqu&rsquo;\u00e0 2 Mo sur la carte m\u00e8re et jusqu&rsquo;\u00e0 8 Mo de Flash PCMCIA<\/u><\/p>\n","protected":false},"excerpt":{"rendered":"<p>Thermique \u00b7 Largeur de papier 104mm \u00b7 Couper automatique \u00b7 Vitesse d&rsquo;imprimante 254 mm\/s \u00b7 Caract\u00e8res par pouce 203 \u00b7 <strong>S\u00e9rie, Parall\u00e8le<\/strong> \u00b7 Bo\u00eetier couleur noir \u00b7<br \/>\n<u>1 Mo de Flash \/ 4 Mo de DRAM \/ Jusqu&rsquo;\u00e0 2 Mo sur la carte m\u00e8re et jusqu&rsquo;\u00e0 8 Mo de Flash PCMCIA<br \/>\n<\/u> [&#8230;]<\/p>\n<p><a class=\"btn btn-secondary understrap-read-more-link\" href=\"https:\/\/digalco.com\/fr\/produit\/imprimante-thermique-pos-zebra-z6m-reconditionne-fr-14084\/\">Lire la suite\u2026<span class=\"screen-reader-text\"> from Imprimante thermique POS Zebra Z6M | Reconditionn\u00e9<\/span><\/a><\/p>\n","protected":false},"featured_media":275504,"template":"","meta":[],"product_brand":[3883],"product_cat":[3102,1673,1597,1709],"product_tag":[],"class_list":{"0":"post-275514","1":"product","2":"type-product","3":"status-publish","4":"has-post-thumbnail","6":"product_brand-zebra","7":"product_cat-tpv-imprimantes-fr","8":"product_cat-imprimantes-fr","9":"product_cat-tpv-fr","10":"product_cat-imprimantes-tpv-fr","12":"first","13":"instock","14":"taxable","15":"shipping-taxable","16":"purchasable","17":"product-type-simple"},"bundled_by":[],"bundle_stock_status":"instock","bundle_stock_quantity":1,"bundle_virtual":false,"bundle_layout":"","bundle_add_to_cart_form_location":"","bundle_editable_in_cart":false,"bundle_sold_individually_context":"","bundle_item_grouping":"","bundle_min_size":"","bundle_max_size":"","bundle_price":[],"bundled_items":[],"bundle_sell_ids":[],"exclude_global_add_ons":[],"addons":[],"df_price":270,"df_sale_price":"","df_regular_price":270,"df_image_link":"https:\/\/digalco.com\/wp-content\/uploads\/images\/product\/14084\/zebr00027_01-300x225.jpg","_links":{"self":[{"href":"https:\/\/digalco.com\/fr\/wp-json\/wp\/v2\/product\/275514","targetHints":{"allow":["GET"]}}],"collection":[{"href":"https:\/\/digalco.com\/fr\/wp-json\/wp\/v2\/product"}],"about":[{"href":"https:\/\/digalco.com\/fr\/wp-json\/wp\/v2\/types\/product"}],"wp:featuredmedia":[{"embeddable":true,"href":"https:\/\/digalco.com\/fr\/wp-json\/wp\/v2\/media\/275504"}],"wp:attachment":[{"href":"https:\/\/digalco.com\/fr\/wp-json\/wp\/v2\/media?parent=275514"}],"wp:term":[{"taxonomy":"product_brand","embeddable":true,"href":"https:\/\/digalco.com\/fr\/wp-json\/wp\/v2\/product_brand?post=275514"},{"taxonomy":"product_cat","embeddable":true,"href":"https:\/\/digalco.com\/fr\/wp-json\/wp\/v2\/product_cat?post=275514"},{"taxonomy":"product_tag","embeddable":true,"href":"https:\/\/digalco.com\/fr\/wp-json\/wp\/v2\/product_tag?post=275514"}],"curies":[{"name":"wp","href":"https:\/\/api.w.org\/{rel}","templated":true}]}}