{"id":275618,"date":"2025-10-14T16:35:44","date_gmt":"2025-10-14T14:35:44","guid":{"rendered":"https:\/\/digalco.com\/tienda\/telephonie-ip-cisco-spa504g-reconditionne-fr-14092\/"},"modified":"2026-03-16T10:56:37","modified_gmt":"2026-03-16T09:56:37","slug":"telephonie-ip-cisco-spa504g-reconditionne-fr-14092","status":"publish","type":"product","link":"https:\/\/digalco.com\/fr\/produit\/telephonie-ip-cisco-spa504g-reconditionne-fr-14092\/","title":{"rendered":"T\u00e9l\u00e9phonie IP CISCO SPA504G | Reconditionn\u00e9"},"content":{"rendered":"<p>Le Cisco SPA504G est un t\u00e9l\u00e9phone IP 4 lignes avec \u00e9cran LCD monochrome, deux ports Ethernet 10\/100 compatibles PoE et une prise casque de 2,5 mm. Il prend en charge les protocoles SIP et SPCP et comprend des codecs audio tels que G.711a\/u, G.726, G.729ab et G.722 (audio large bande). Le t\u00e9l\u00e9phone dispose d\u2019un haut-parleur mains libres en duplex int\u00e9gral, d\u2019un indicateur de message en attente int\u00e9gr\u00e9 et de plusieurs fonctions d\u2019appel, telles que l\u2019identification de l\u2019appelant, l\u2019appel en attente et la conf\u00e9rence \u00e0 3.<br \/><b>Sp\u00e9cifications cl\u00e9s<\/b><br \/><u>Lignes :<\/u> 4<br \/><u>\u00c9cran :<\/u> LCD monochrome r\u00e9tro\u00e9clair\u00e9<br \/><u>Ethernet :<\/u> commutateur 2 ports 10\/100 avec support PoE (Power over Ethernet)<br \/><u>Codecs audio :<\/u> G.711a\/u, G.726, G.729ab, G.722 (large bande)<br \/><u>Prise casque :<\/u> 2,5 mm<br \/><u>Protocoles :<\/u> SIP et SPCP<br \/><u>Haut-parleur mains libres :<\/u> duplex int\u00e9gral<br \/><u>Alimentation : <\/u>Power over Ethernet ou adaptateur 5 V CC (vendu s\u00e9par\u00e9ment)<br \/><u>Dimensions : <\/u>214\u00d7212\u00d744 mm<br \/><u>Poids : <\/u>0,9 kg<br \/><b>Fonctions et caract\u00e9ristiques d\u2019appel<\/b><br \/>Prise en charge jusqu\u2019\u00e0 8 appels simultan\u00e9s<br \/>Identification de l\u2019appelant, appel en attente et transfert d\u2019appel<br \/>Appels conf\u00e9rence \u00e0 3<br \/>Indicateur de message en attente<br \/>Ne pas d\u00e9ranger<br \/>Sonneries distinctives<\/p>\n","protected":false},"excerpt":{"rendered":"<p>Lignes : 4 &#8211; Affichage : LCD monochrome r\u00e9tro\u00e9clair\u00e9 &#8211; 2 ports 10\/100 avec prise en charge PoE &#8211; Protocoles : SIP et SPCP &#8211; Haut-parleur mains libres [&#8230;]<\/p>\n<p><a class=\"btn btn-secondary understrap-read-more-link\" href=\"https:\/\/digalco.com\/fr\/produit\/telephonie-ip-cisco-spa504g-reconditionne-fr-14092\/\">Lire la suite\u2026<span class=\"screen-reader-text\"> from T\u00e9l\u00e9phonie IP CISCO SPA504G | Reconditionn\u00e9<\/span><\/a><\/p>\n","protected":false},"featured_media":275603,"template":"","meta":[],"product_brand":[3882],"product_cat":[3799,1665],"product_tag":[],"class_list":{"0":"post-275618","1":"product","2":"type-product","3":"status-publish","4":"has-post-thumbnail","6":"product_brand-cisco","7":"product_cat-networking-telephonie-ip-fr","8":"product_cat-networking-fr","10":"first","11":"instock","12":"taxable","13":"shipping-taxable","14":"purchasable","15":"product-type-simple"},"bundled_by":[],"bundle_stock_status":"instock","bundle_stock_quantity":46,"bundle_virtual":false,"bundle_layout":"","bundle_add_to_cart_form_location":"","bundle_editable_in_cart":false,"bundle_sold_individually_context":"","bundle_item_grouping":"","bundle_min_size":"","bundle_max_size":"","bundle_price":[],"bundled_items":[],"bundle_sell_ids":[],"exclude_global_add_ons":[],"addons":[],"df_price":40,"df_sale_price":"","df_regular_price":40,"df_image_link":"https:\/\/digalco.com\/wp-content\/uploads\/images\/product\/14092\/cisc00108_01-300x225.jpg","_links":{"self":[{"href":"https:\/\/digalco.com\/fr\/wp-json\/wp\/v2\/product\/275618","targetHints":{"allow":["GET"]}}],"collection":[{"href":"https:\/\/digalco.com\/fr\/wp-json\/wp\/v2\/product"}],"about":[{"href":"https:\/\/digalco.com\/fr\/wp-json\/wp\/v2\/types\/product"}],"wp:featuredmedia":[{"embeddable":true,"href":"https:\/\/digalco.com\/fr\/wp-json\/wp\/v2\/media\/275603"}],"wp:attachment":[{"href":"https:\/\/digalco.com\/fr\/wp-json\/wp\/v2\/media?parent=275618"}],"wp:term":[{"taxonomy":"product_brand","embeddable":true,"href":"https:\/\/digalco.com\/fr\/wp-json\/wp\/v2\/product_brand?post=275618"},{"taxonomy":"product_cat","embeddable":true,"href":"https:\/\/digalco.com\/fr\/wp-json\/wp\/v2\/product_cat?post=275618"},{"taxonomy":"product_tag","embeddable":true,"href":"https:\/\/digalco.com\/fr\/wp-json\/wp\/v2\/product_tag?post=275618"}],"curies":[{"name":"wp","href":"https:\/\/api.w.org\/{rel}","templated":true}]}}