{"id":276017,"date":"2025-10-16T12:50:45","date_gmt":"2025-10-16T10:50:45","guid":{"rendered":"https:\/\/digalco.com\/tienda\/lenovo-thinkpad-t14-14-reconditionne-core-i5-17ghz-16-gb-ram-256-gb-ssd-m2-1920x1080-fr-14202\/"},"modified":"2026-04-20T11:33:24","modified_gmt":"2026-04-20T09:33:24","slug":"lenovo-thinkpad-t14-14-reconditionne-core-i5-17ghz-16-gb-ram-256-gb-ssd-m2-1920x1080-fr-14202","status":"publish","type":"product","link":"https:\/\/digalco.com\/fr\/produit\/lenovo-thinkpad-t14-14-reconditionne-core-i5-17ghz-16-gb-ram-256-gb-ssd-m2-1920x1080-fr-14202\/","title":{"rendered":"Lenovo ThinkPad T14 14\u00a0\u00bb | Reconditionn\u00e9 | Core i5 1.7GHz | 16 GB RAM | 256 GB SSD M2 1920&#215;1080"},"content":{"rendered":"<p><strong>Processeur<\/strong><br \/>Intel Core i5 10310U 1.7 GHz.<br \/><strong>M\u00e9moire RAM<\/strong><br \/>16 Gb. SO-DDR4 RAM<br \/><strong>Disque dur<\/strong><br \/>256 Gb. SSD M2<br \/><strong>Cartes<\/strong><br \/>Graphique: Intel UHD Graphics<br \/>Son: Realtek HDA<br \/>R\u00e9seau: intel(R) ethernet l219-LM<br \/><strong>Syst\u00e8me op\u00e9ratif<\/strong><br \/>Windows 11 Pro<br \/><strong>Ports<\/strong><br \/>USB-C<br \/>2x USB 3.1<br \/><strong>\u00c9cran<\/strong><br \/>Tactile 14 \u00a0\u00bb FullHD 16:9 \u00b7 R\u00e9solution 1920&#215;1080<br \/><strong>Ports vid\u00e9o<\/strong><br \/>HDMI<br \/><strong>Multim\u00e9dias<\/strong><br \/>Webcam<br \/><strong>Connectivit\u00e9<\/strong><br \/>RJ-45<br \/>WIFI<br \/>Bluetooth<br \/><strong>Notebook sp\u00e9cifique<\/strong><br \/>Langue du clavier International (autocollants espagnols)<br \/><strong>Autres<\/strong><br \/>hR emballage<br \/><strong>Dimensions<\/strong><br \/>31x21x17 cm.<br \/><strong>Poids<\/strong><br \/>1.38 Kg.<br \/><strong>Sp\u00e9cifications suppl\u00e9mentaires<\/strong><br \/>Le Lenovo ThinkPad T14 est le compagnon id\u00e9al pour les professionnels qui recherchent performance, fiabilit\u00e9 et mobilit\u00e9 dans un seul appareil. L\u00e9ger, robuste et dot\u00e9 du design embl\u00e9matique ThinkPad, cet ordinateur portable est fait pour travailler s\u00e9rieusement\u2026 de n\u2019importe o\u00f9.\u00c0 l\u2019int\u00e9rieur, il int\u00e8gre un Intel Core i5 10310U de 10e g\u00e9n\u00e9ration (1.7 GHz), offrant puissance et efficacit\u00e9 \u00e9nerg\u00e9tique. Associ\u00e9 \u00e0 16 Go de RAM DDR4 et un SSD M.2 de 256 Go, il garantit un d\u00e9marrage instantan\u00e9, un multit\u00e2che fluide et des performances constantes toute la journ\u00e9e.L\u2019\u00e9cran tactile FullHD 14\u2019\u2019 (1920&#215;1080) offre une exp\u00e9rience plus intuitive et productive : touchez, faites glisser ou \u00e9crivez directement sur la dalle avec pr\u00e9cision. La technologie IPS offre des couleurs vives et de larges angles de vision, id\u00e9al pour le travail comme pour le multim\u00e9dia.Il inclut Windows 11 Pro, con\u00e7u pour la productivit\u00e9 et la s\u00e9curit\u00e9 professionnelle, ainsi qu\u2019une Webcam int\u00e9gr\u00e9e, parfaite pour des appels vid\u00e9o de qualit\u00e9.Comme tout ThinkPad, il est construit selon des normes militaires, garantissant une durabilit\u00e9 et une fiabilit\u00e9 maximales.Un ordinateur portable \u00e0 l\u2019esprit professionnel, con\u00e7u pour ceux qui ont besoin de confiance, de performance et de flexibilit\u00e9 dans chaque projet.Lenovo ThinkPad T14 : productivit\u00e9 sans limites, o\u00f9 que vous soyez.Bon \u00e9tat ext\u00e9rieur. Si vous avez des questions, appelez-nous ou utilisez notre chat pour obtenir plus d\u2019informations ou demander davantage de d\u00e9tails.<\/p>\n","protected":false},"excerpt":{"rendered":"<p>Intel Core i5 10310U 1.7 GHz. \u00b7 16 Gb. SO-DDR4 RAM \u00b7 256 Gb. SSD M2 \u00b7 <strong>Windows 11 Pro \u00b7 Tactile 14 \u00a0\u00bb FullHD<\/strong> 16:9 \u00b7 Webcam \u00b7<u>Clavier international avec autocollants en fran\u00e7ais<\/u> [&#8230;]<\/p>\n<p><a class=\"btn btn-secondary understrap-read-more-link\" href=\"https:\/\/digalco.com\/fr\/produit\/lenovo-thinkpad-t14-14-reconditionne-core-i5-17ghz-16-gb-ram-256-gb-ssd-m2-1920x1080-fr-14202\/\">Lire la suite\u2026<span class=\"screen-reader-text\"> from Lenovo ThinkPad T14 14\u00a0\u00bb | Reconditionn\u00e9 | Core i5 1.7GHz | 16 GB RAM | 256 GB SSD M2 1920&#215;1080<\/span><\/a><\/p>\n","protected":false},"featured_media":275972,"template":"","meta":[],"product_brand":[3856],"product_cat":[3760,1517,1533],"product_tag":[],"class_list":{"0":"post-276017","1":"product","2":"type-product","3":"status-publish","4":"has-post-thumbnail","6":"product_brand-lenovo","7":"product_cat-notebooks-14-fr","8":"product_cat-notebooks-fr","9":"product_cat-notebooks-tactiles-fr","11":"first","12":"outofstock","13":"taxable","14":"shipping-taxable","15":"purchasable","16":"product-type-simple"},"bundled_by":[],"bundle_stock_status":"outofstock","bundle_stock_quantity":0,"bundle_virtual":false,"bundle_layout":"","bundle_add_to_cart_form_location":"","bundle_editable_in_cart":false,"bundle_sold_individually_context":"","bundle_item_grouping":"","bundle_min_size":"","bundle_max_size":"","bundle_price":[],"bundled_items":[],"bundle_sell_ids":[],"exclude_global_add_ons":true,"addons":{"keyboard-iso-upgrades":{"name":"Choisir langue du clavier","type":"multiple_choice","position":0,"required":false,"title_format":"heading","default":"","description_enable":false,"description":"","placeholder_enable":false,"placeholder":"","display":"radiobutton","restrictions_type":"any_text","adjust_price":false,"price":"","price_type":"quantity_based","restrictions":false,"min":"0","max":"0","options":[{"label":"Autocollants espagnols [AMP00082]","price":"0.0000","price_type":"quantity_based","image":0,"visibility":true},{"label":"Autocollants fran\u00e7ais [AMP00084]","price":"0.0000","price_type":"quantity_based","image":0,"visibility":true},{"label":"Autocollants portugais [AMP00083]","price":"0.0000","price_type":"quantity_based","image":0,"visibility":true}]},"ram-memory-upgrades":{"name":"Extension RAM","type":"multiple_choice","position":0,"required":false,"title_format":"heading","default":"","description_enable":false,"description":"","placeholder_enable":false,"placeholder":"","display":"radiobutton","restrictions_type":"any_text","adjust_price":false,"price":"","price_type":"quantity_based","restrictions":false,"min":"0","max":"0","options":[{"label":"Extension de 32 Gb de RAM SODIMM [AMP00098]","price":"150.0000","price_type":"quantity_based","image":0,"visibility":true}]},"hdd-upgrades":{"name":"Extension disque dur","type":"multiple_choice","position":0,"required":false,"title_format":"heading","default":"","description_enable":false,"description":"","placeholder_enable":false,"placeholder":"","display":"radiobutton","restrictions_type":"any_text","adjust_price":false,"price":"","price_type":"quantity_based","restrictions":false,"min":"0","max":"0","options":[{"label":"Passez au disque SSD de 500 Gb. M.2 2280PCIe [AMP00106]","price":"110.0000","price_type":"quantity_based","image":0,"visibility":true},{"label":"Passez au disque SSD 1 Tb. M.2 2280 PCIe [AMP00107]","price":"165.0000","price_type":"quantity_based","image":0,"visibility":true}]},"os-upgrades":{"name":"Expansion SO","type":"multiple_choice","position":0,"required":false,"title_format":"heading","default":"","description_enable":false,"description":"","placeholder_enable":false,"placeholder":"","display":"radiobutton","restrictions_type":"any_text","adjust_price":false,"price":"","price_type":"quantity_based","restrictions":false,"min":"0","max":"0","options":[{"label":"Changer la langue en fran\u00e7ais [AMP00125]","price":"0.0000","price_type":"quantity_based","image":0,"visibility":true},{"label":"Changer la langue en anglais [AMP00008]","price":"0.0000","price_type":"quantity_based","image":0,"visibility":true},{"label":"Changer la langue en portugais [AMP00009]","price":"0.0000","price_type":"quantity_based","image":0,"visibility":true}]},"briefcase-upgrades":{"name":"Porte-documents","type":"multiple_choice","position":0,"required":false,"title_format":"heading","default":"","description_enable":false,"description":"","placeholder_enable":false,"placeholder":"","display":"radiobutton","restrictions_type":"any_text","adjust_price":false,"price":"","price_type":"quantity_based","restrictions":false,"min":"0","max":"0","options":[{"label":"Mallette Notebook [AMP00041]","price":"5.0000","price_type":"quantity_based","image":0,"visibility":true}]}},"df_price":312,"df_sale_price":"","df_regular_price":312,"df_image_link":"https:\/\/digalco.com\/wp-content\/uploads\/images\/product\/14202\/leno01071_01-300x225.jpg","_links":{"self":[{"href":"https:\/\/digalco.com\/fr\/wp-json\/wp\/v2\/product\/276017","targetHints":{"allow":["GET"]}}],"collection":[{"href":"https:\/\/digalco.com\/fr\/wp-json\/wp\/v2\/product"}],"about":[{"href":"https:\/\/digalco.com\/fr\/wp-json\/wp\/v2\/types\/product"}],"wp:featuredmedia":[{"embeddable":true,"href":"https:\/\/digalco.com\/fr\/wp-json\/wp\/v2\/media\/275972"}],"wp:attachment":[{"href":"https:\/\/digalco.com\/fr\/wp-json\/wp\/v2\/media?parent=276017"}],"wp:term":[{"taxonomy":"product_brand","embeddable":true,"href":"https:\/\/digalco.com\/fr\/wp-json\/wp\/v2\/product_brand?post=276017"},{"taxonomy":"product_cat","embeddable":true,"href":"https:\/\/digalco.com\/fr\/wp-json\/wp\/v2\/product_cat?post=276017"},{"taxonomy":"product_tag","embeddable":true,"href":"https:\/\/digalco.com\/fr\/wp-json\/wp\/v2\/product_tag?post=276017"}],"curies":[{"name":"wp","href":"https:\/\/api.w.org\/{rel}","templated":true}]}}