{"id":276202,"date":"2025-10-17T12:00:35","date_gmt":"2025-10-17T10:00:35","guid":{"rendered":"https:\/\/digalco.com\/tienda\/imprimante-thermique-pos-epos-now-pos-80-gxa-reconditionne-fr-14026\/"},"modified":"2025-10-17T12:03:32","modified_gmt":"2025-10-17T10:03:32","slug":"imprimante-thermique-pos-epos-now-pos-80-gxa-reconditionne-fr-14026","status":"publish","type":"product","link":"https:\/\/digalco.com\/fr\/produit\/imprimante-thermique-pos-epos-now-pos-80-gxa-reconditionne-fr-14026\/","title":{"rendered":"Imprimante thermique POS Epos Now POS 80 GXA-Impecable | Reconditionn\u00e9"},"content":{"rendered":"<p><strong>Technologie<\/strong><br \/>Thermique<br \/><strong>Copies<\/strong><br \/>Vitesse d&rsquo;imprimante 300 mm\/s<br \/><strong>Gestion du papier<\/strong><br \/>Largeur de papier 80mm<br \/>Couper automatique<br \/><strong>Connectivit\u00e9 imprimante<\/strong><br \/>S\u00e9rie, USB, Ethernet, Ouverture de tiroir<br \/><strong>Dimensions<\/strong><br \/>19x14x20 cm.<br \/><strong>Poids<\/strong><br \/>2.00 Kg.<br \/><strong>Sp\u00e9cifications suppl\u00e9mentaires<\/strong><br \/>L\u2019Epos NowPOS 80 GXA est une imprimante thermique professionnelle con\u00e7ue sp\u00e9cialement pour les points de vente qui recherchent rapidit\u00e9, fiabilit\u00e9 et une pr\u00e9sentation irr\u00e9prochable. Avec une largeur de papier de 80 mm et une vitesse d\u2019impression impressionnante de 300 mm par seconde, elle garantit des tickets clairs et pr\u00e9cis m\u00eame en p\u00e9riode de forte affluence. Son coupe automatique acc\u00e9l\u00e8re le service client et am\u00e9liore le flux de travail au comptoir.<br \/>\u00c9quip\u00e9e de connexions S\u00e9rie, USB et R\u00e9seau, ainsi que d\u2019une sortie pour l\u2019ouverture du tiroir-caisse, elle s\u2019int\u00e8gre facilement \u00e0 tout syst\u00e8me de point de vente. Son bo\u00eetier noir pr\u00e9sente une <b>apparence ext\u00e9rieure impeccable,<\/b> offrant une image moderne et professionnelle sur le lieu de vente.<br \/>Fiable, rapide et esth\u00e9tiquement soign\u00e9e, l\u2019Epos NowPOS 80 GXA est le choix parfait pour les commerces, l\u2019h\u00f4tellerie et les entreprises qui ont besoin d\u2019une impression de tickets efficace avec une excellente pr\u00e9sentation.<br \/>Voir \u201c+ Photos\u201d et si vous avez des questions, appelez-nous ou utilisez notre chat pour plus d\u2019informations ou pour demander davantage de d\u00e9tails.<\/p>\n","protected":false},"excerpt":{"rendered":"<p>Thermique \u00b7 Largeur de papier 80mm \u00b7 Couper automatique \u00b7 Vitesse d&rsquo;imprimante 300 mm\/s \u00b7 <u>S\u00e9rie, USB, Ethernet<\/u>, Ouverture de tiroir \u00b7 Bo\u00eetier couleur noir [&#8230;]<\/p>\n<p><a class=\"btn btn-secondary understrap-read-more-link\" href=\"https:\/\/digalco.com\/fr\/produit\/imprimante-thermique-pos-epos-now-pos-80-gxa-reconditionne-fr-14026\/\">Lire la suite\u2026<span class=\"screen-reader-text\"> from Imprimante thermique POS Epos Now POS 80 GXA-Impecable | Reconditionn\u00e9<\/span><\/a><\/p>\n","protected":false},"featured_media":276170,"template":"","meta":[],"product_brand":[3936],"product_cat":[1673,3102,1673,3102,1597,1709,1709],"product_tag":[],"class_list":{"0":"post-276202","1":"product","2":"type-product","3":"status-publish","4":"has-post-thumbnail","6":"product_brand-epos-now","7":"product_cat-imprimantes-fr","8":"product_cat-tpv-imprimantes-fr","11":"product_cat-tpv-fr","12":"product_cat-imprimantes-tpv-fr","15":"first","16":"instock","17":"taxable","18":"shipping-taxable","19":"purchasable","20":"product-type-simple"},"bundled_by":[],"bundle_stock_status":"instock","bundle_stock_quantity":1,"bundle_virtual":false,"bundle_layout":"","bundle_add_to_cart_form_location":"","bundle_editable_in_cart":false,"bundle_sold_individually_context":"","bundle_item_grouping":"","bundle_min_size":"","bundle_max_size":"","bundle_price":[],"bundled_items":[],"bundle_sell_ids":[],"exclude_global_add_ons":[],"addons":[],"df_price":84,"df_sale_price":"","df_regular_price":84,"df_image_link":"https:\/\/digalco.com\/wp-content\/uploads\/images\/product\/14026\/epos00001_01-300x225.jpg","_links":{"self":[{"href":"https:\/\/digalco.com\/fr\/wp-json\/wp\/v2\/product\/276202","targetHints":{"allow":["GET"]}}],"collection":[{"href":"https:\/\/digalco.com\/fr\/wp-json\/wp\/v2\/product"}],"about":[{"href":"https:\/\/digalco.com\/fr\/wp-json\/wp\/v2\/types\/product"}],"wp:featuredmedia":[{"embeddable":true,"href":"https:\/\/digalco.com\/fr\/wp-json\/wp\/v2\/media\/276170"}],"wp:attachment":[{"href":"https:\/\/digalco.com\/fr\/wp-json\/wp\/v2\/media?parent=276202"}],"wp:term":[{"taxonomy":"product_brand","embeddable":true,"href":"https:\/\/digalco.com\/fr\/wp-json\/wp\/v2\/product_brand?post=276202"},{"taxonomy":"product_cat","embeddable":true,"href":"https:\/\/digalco.com\/fr\/wp-json\/wp\/v2\/product_cat?post=276202"},{"taxonomy":"product_tag","embeddable":true,"href":"https:\/\/digalco.com\/fr\/wp-json\/wp\/v2\/product_tag?post=276202"}],"curies":[{"name":"wp","href":"https:\/\/api.w.org\/{rel}","templated":true}]}}