{"id":276689,"date":"2025-10-20T14:00:44","date_gmt":"2025-10-20T12:00:44","guid":{"rendered":"https:\/\/digalco.com\/tienda\/hp-6300-pro-tour-reconditionne-core-i3-33ghz-8-gb-ram-500-gb-hdd-fr-14031\/"},"modified":"2026-02-04T09:23:41","modified_gmt":"2026-02-04T08:23:41","slug":"hp-6300-pro-tour-reconditionne-core-i3-33ghz-8-gb-ram-500-gb-hdd-fr-14031","status":"publish","type":"product","link":"https:\/\/digalco.com\/fr\/produit\/hp-6300-pro-tour-reconditionne-core-i3-33ghz-8-gb-ram-500-gb-hdd-fr-14031\/","title":{"rendered":"HP 6300 Pro Tour | Reconditionn\u00e9 | Core i3 3.3GHz | 8 GB RAM | 500 GB HDD"},"content":{"rendered":"<p><strong>Processeur<\/strong><br \/>Intel Core i3 2120 3.3 GHz.<br \/><strong>Facteur de forme<\/strong><br \/>Tour<br \/><strong>M\u00e9moire RAM<\/strong><br \/>8 Gb. DDR3 RAM<br \/><strong>Disque dur<\/strong><br \/>500 Gb. SATA<br \/><strong>Lecteur optique<\/strong><br \/>DVD-RW<br \/><strong>Cartes<\/strong><br \/>Graphique: Intel HD Graphics 2500<br \/>Son: High Definition Audio<br \/>R\u00e9seau: Intel 82579LM Gigabit Ethernet<br \/><strong>Syst\u00e8me op\u00e9ratif<\/strong><br \/>Ubuntu GNU\/Linux<br \/><strong>Ports<\/strong><br \/>S\u00e9rie<br \/>6x USB 2.0<br \/>2x PS2<br \/>4x USB 3.0<br \/><strong>Ports vid\u00e9o<\/strong><br \/>VGA<br \/>Display Port<br \/><strong>Multim\u00e9dias<\/strong><br \/>Lecteur SD<br \/><strong>Connectivit\u00e9<\/strong><br \/>RJ-45<br \/><strong>Autres<\/strong><br \/>hR emballage<br \/><strong>Dimensions<\/strong><br \/>43.5x38x18 cm.<br \/><strong>Poids<\/strong><br \/>9.05 Kg.<br \/><strong>Sp\u00e9cifications suppl\u00e9mentaires<\/strong><br \/>Bel aspect ext\u00e9rieur. Voir \u00ab + Photos \u00bb. Pour toute question, n&rsquo;h\u00e9sitez pas \u00e0 nous appeler ou \u00e0 utiliser notre chat pour obtenir plus d&rsquo;informations ou pour demander plus de d\u00e9tails.<br \/><strong>Commentaires<\/strong><br \/><u>1xPCIe X16 \/ 2xPCIe X1 \/ 1xPCI<\/u><\/p>\n","protected":false},"excerpt":{"rendered":"<p>Intel Core i3 2120 3.3 GHz. \u00b7 8 Gb. DDR3 RAM \u00b7 500 Gb. SATA \u00b7 DVD-RW \u00b7 Ubuntu GNU\/Linux \u00b7 <u>1xPCIe X16 \/ 2xPCIe X1 \/ 1xPCI<\/u> [&#8230;]<\/p>\n<p><a class=\"btn btn-secondary understrap-read-more-link\" href=\"https:\/\/digalco.com\/fr\/produit\/hp-6300-pro-tour-reconditionne-core-i3-33ghz-8-gb-ram-500-gb-hdd-fr-14031\/\">Lire la suite\u2026<span class=\"screen-reader-text\"> from HP 6300 Pro Tour | Reconditionn\u00e9 | Core i3 3.3GHz | 8 GB RAM | 500 GB HDD<\/span><\/a><\/p>\n","protected":false},"featured_media":276659,"template":"","meta":[],"product_brand":[3854],"product_cat":[2414,1469],"product_tag":[],"class_list":{"0":"post-276689","1":"product","2":"type-product","3":"status-publish","4":"has-post-thumbnail","6":"product_brand-hp","7":"product_cat-ordinateurs-intel-core-i3-fr","8":"product_cat-ordinateurs-fr","10":"first","11":"instock","12":"taxable","13":"shipping-taxable","14":"purchasable","15":"product-type-simple"},"bundled_by":[],"bundle_stock_status":"instock","bundle_stock_quantity":1,"bundle_virtual":false,"bundle_layout":"","bundle_add_to_cart_form_location":"","bundle_editable_in_cart":false,"bundle_sold_individually_context":"","bundle_item_grouping":"","bundle_min_size":"","bundle_max_size":"","bundle_price":[],"bundled_items":[],"bundle_sell_ids":[],"exclude_global_add_ons":true,"addons":{"webcam-upgrades":{"name":"Extension Webcam","type":"multiple_choice","position":0,"required":false,"title_format":"heading","default":"","description_enable":false,"description":"","placeholder_enable":false,"placeholder":"","display":"radiobutton","restrictions_type":"any_text","adjust_price":false,"price":"","price_type":"quantity_based","restrictions":false,"min":"0","max":"0","options":[{"label":"Conceptronic AMDIS FullHD [AMP00085]","price":"29.0000","price_type":"quantity_based","image":0,"visibility":true}]},"ram-memory-upgrades":{"name":"Extension RAM","type":"multiple_choice","position":0,"required":false,"title_format":"heading","default":"","description_enable":false,"description":"","placeholder_enable":false,"placeholder":"","display":"radiobutton","restrictions_type":"any_text","adjust_price":false,"price":"","price_type":"quantity_based","restrictions":false,"min":"0","max":"0","options":[{"label":"Extension de RAM 16 Gb DDR3 [AMP00002]","price":"30.0000","price_type":"quantity_based","image":0,"visibility":true}]},"graphic-card-upgrades":{"name":"Extension carte graphique","type":"multiple_choice","position":0,"required":false,"title_format":"heading","default":"","description_enable":false,"description":"","placeholder_enable":false,"placeholder":"","display":"radiobutton","restrictions_type":"any_text","adjust_price":false,"price":"","price_type":"quantity_based","restrictions":false,"min":"0","max":"0","options":[{"label":"Graphique T. 2 Gb. (1xDVI, 1xHDMI) [AMP00010]","price":"60.0000","price_type":"quantity_based","image":0,"visibility":true}]},"network-card-upgrades":{"name":"Extension WIFI","type":"multiple_choice","position":0,"required":false,"title_format":"heading","default":"","description_enable":false,"description":"","placeholder_enable":false,"placeholder":"","display":"radiobutton","restrictions_type":"any_text","adjust_price":false,"price":"","price_type":"quantity_based","restrictions":false,"min":"0","max":"0","options":[{"label":"Mise \u00e0 niveau de la carte PCI Wi-Fi [AMP00017]","price":"15.0000","price_type":"quantity_based","image":0,"visibility":true},{"label":"Mise \u00e0 niveau nano USB sans fil [AMP00018]","price":"12.0000","price_type":"quantity_based","image":0,"visibility":true}]},"os-upgrades":{"name":"Expansion SO","type":"multiple_choice","position":0,"required":false,"title_format":"heading","default":"","description_enable":false,"description":"","placeholder_enable":false,"placeholder":"","display":"radiobutton","restrictions_type":"any_text","adjust_price":false,"price":"","price_type":"quantity_based","restrictions":false,"min":"0","max":"0","options":[{"label":"Changer la langue en fran\u00e7ais [AMP00125]","price":"0.0000","price_type":"quantity_based","image":0,"visibility":true},{"label":"Changer la langue en anglais [AMP00008]","price":"0.0000","price_type":"quantity_based","image":0,"visibility":true},{"label":"Changer la langue en portugais [AMP00009]","price":"0.0000","price_type":"quantity_based","image":0,"visibility":true}]},"keyboard-upgrades":{"name":"Extension clavier","type":"multiple_choice","position":0,"required":false,"title_format":"heading","default":"","description_enable":false,"description":"","placeholder_enable":false,"placeholder":"","display":"radiobutton","restrictions_type":"any_text","adjust_price":false,"price":"","price_type":"quantity_based","restrictions":false,"min":"0","max":"0","options":[{"label":"Clavier et souris [AMP00020]","price":"8.0000","price_type":"quantity_based","image":0,"visibility":true},{"label":"Clavier et souris Portuguese New [AMP00088]","price":"15.0000","price_type":"quantity_based","image":0,"visibility":true},{"label":"Clavier et souris USB espagnols (Nouveau) [AMP00068]","price":"12.0000","price_type":"quantity_based","image":0,"visibility":true}]}},"df_price":82,"df_sale_price":"","df_regular_price":82,"df_image_link":"https:\/\/digalco.com\/wp-content\/uploads\/images\/product\/14031\/hp03113_01-300x225.jpg","_links":{"self":[{"href":"https:\/\/digalco.com\/fr\/wp-json\/wp\/v2\/product\/276689","targetHints":{"allow":["GET"]}}],"collection":[{"href":"https:\/\/digalco.com\/fr\/wp-json\/wp\/v2\/product"}],"about":[{"href":"https:\/\/digalco.com\/fr\/wp-json\/wp\/v2\/types\/product"}],"wp:featuredmedia":[{"embeddable":true,"href":"https:\/\/digalco.com\/fr\/wp-json\/wp\/v2\/media\/276659"}],"wp:attachment":[{"href":"https:\/\/digalco.com\/fr\/wp-json\/wp\/v2\/media?parent=276689"}],"wp:term":[{"taxonomy":"product_brand","embeddable":true,"href":"https:\/\/digalco.com\/fr\/wp-json\/wp\/v2\/product_brand?post=276689"},{"taxonomy":"product_cat","embeddable":true,"href":"https:\/\/digalco.com\/fr\/wp-json\/wp\/v2\/product_cat?post=276689"},{"taxonomy":"product_tag","embeddable":true,"href":"https:\/\/digalco.com\/fr\/wp-json\/wp\/v2\/product_tag?post=276689"}],"curies":[{"name":"wp","href":"https:\/\/api.w.org\/{rel}","templated":true}]}}