{"id":277227,"date":"2025-10-23T09:07:26","date_gmt":"2025-10-23T07:07:26","guid":{"rendered":"https:\/\/digalco.com\/tienda\/apple-mac-mini-81-impecable-reconditionne-core-i7-32ghz-8-gb-ram-128-gb-ssd-m2-fr-14140\/"},"modified":"2025-10-23T09:07:35","modified_gmt":"2025-10-23T07:07:35","slug":"apple-mac-mini-81-impecable-reconditionne-core-i7-32ghz-8-gb-ram-128-gb-ssd-m2-fr-14140","status":"publish","type":"product","link":"https:\/\/digalco.com\/fr\/produit\/apple-mac-mini-81-impecable-reconditionne-core-i7-32ghz-8-gb-ram-128-gb-ssd-m2-fr-14140\/","title":{"rendered":"Apple Mac Mini 8,1-Impecable | Reconditionn\u00e9 | Core i7 3.2GHz | 8 GB RAM | 128 GB SSD M2"},"content":{"rendered":"<p><strong>Processeur<\/strong><br \/>Intel Core i7 8700B 3.2 GHz.<br \/><strong>M\u00e9moire RAM<\/strong><br \/>8 Gb. SO-DDR4 RAM<br \/><strong>Disque dur<\/strong><br \/>128 Gb. SSD M2<br \/><strong>Cartes<\/strong><br \/>Graphique: Intel UHD Graphics 630<br \/>Son: HD Audio<br \/>R\u00e9seau: Gigabit Ethernet<br \/><strong>Syst\u00e8me op\u00e9ratif<\/strong><br \/>macOS Sequoia<br \/><strong>Ports<\/strong><br \/>2x USB 3.0<br \/>4x USB-C<br \/><strong>Ports vid\u00e9o<\/strong><br \/>HDMI<br \/><strong>Connectivit\u00e9<\/strong><br \/>RJ-45<br \/>WIFI<br \/>Bluetooth<br \/><strong>Autres<\/strong><br \/>hR emballage<br \/><strong>Dimensions<\/strong><br \/>20x20x3.6 cm.<br \/><strong>Poids<\/strong><br \/>1.30 Kg.<br \/><strong>Sp\u00e9cifications suppl\u00e9mentaires<\/strong><br \/>L\u2019Apple Mac Mini 8,1 (mod\u00e8le A1993, Fin 2018) associe la puissance d\u2019un processeur Intel Core i7 8700B \u00e0 3,2 GHz au design compact et \u00e9l\u00e9gant qui a rendu cet appareil embl\u00e9matique. Avec 8 Go de m\u00e9moire SO-DDR4 et un SSD M.2 rapide de 121 Go, il offre des performances rapides et stables, id\u00e9ales pour les professionnels ayant besoin de puissance dans un format r\u00e9duit.<br \/>Son syst\u00e8me d\u2019exploitation macOS Sequoia garantit une exp\u00e9rience fluide, s\u00e9curis\u00e9e et parfaitement optimis\u00e9e pour les t\u00e2ches quotidiennes, qu\u2019il s\u2019agisse d\u2019\u00e9dition de contenu ou de multit\u00e2che intensif. La finition Space Grey met en valeur son design sophistiqu\u00e9, ajoutant une touche moderne et professionnelle \u00e0 tout espace de travail.<br \/>Avec un aspect ext\u00e9rieur impeccable, le Mac Mini 8,1 reste un choix exceptionnel pour ceux qui recherchent le parfait \u00e9quilibre entre performance, fiabilit\u00e9 et esth\u00e9tique. Compact, silencieux et efficace, ce mod\u00e8le prouve que la puissance n\u2019a pas besoin de prendre de la place.<br \/><b>Aspect ext\u00e9rieur impeccable<\/b>. Si vous avez des questions, appelez-nous ou utilisez notre chat pour obtenir plus d\u2019informations ou demander des d\u00e9tails suppl\u00e9mentaires.<br \/><strong>Commentaires<\/strong><br \/><u>Mod\u00e8le A1993 (Late 2018)  &#8211; Couleur Space Grey<\/u><\/p>\n","protected":false},"excerpt":{"rendered":"<p>Intel Core i7 8700B 3.2 GHz. \u00b7 8 Gb. SO-DDR4 RAM \u00b7 128 Gb. SSD M2 \u00b7 macOS Sequoia \u00b7<br \/>\n<u>Mod\u00e8le A1993 (Late 2018) &#8211; Couleur Space Grey<br \/>\n<\/u> [&#8230;]<\/p>\n<p><a class=\"btn btn-secondary understrap-read-more-link\" href=\"https:\/\/digalco.com\/fr\/produit\/apple-mac-mini-81-impecable-reconditionne-core-i7-32ghz-8-gb-ram-128-gb-ssd-m2-fr-14140\/\">Lire la suite\u2026<span class=\"screen-reader-text\"> from Apple Mac Mini 8,1-Impecable | Reconditionn\u00e9 | Core i7 3.2GHz | 8 GB RAM | 128 GB SSD M2<\/span><\/a><\/p>\n","protected":false},"featured_media":277207,"template":"","meta":[],"product_brand":[3857],"product_cat":[1433,1453],"product_tag":[],"class_list":{"0":"post-277227","1":"product","2":"type-product","3":"status-publish","4":"has-post-thumbnail","6":"product_brand-apple","7":"product_cat-apple-fr","8":"product_cat-apple-mac-mini-fr","10":"first","11":"instock","12":"taxable","13":"shipping-taxable","14":"purchasable","15":"product-type-simple"},"bundled_by":[],"bundle_stock_status":"instock","bundle_stock_quantity":5,"bundle_virtual":false,"bundle_layout":"","bundle_add_to_cart_form_location":"","bundle_editable_in_cart":false,"bundle_sold_individually_context":"","bundle_item_grouping":"","bundle_min_size":"","bundle_max_size":"","bundle_price":[],"bundled_items":[],"bundle_sell_ids":[],"exclude_global_add_ons":true,"addons":{"mouse-upgrades":{"name":"Extension souris","type":"multiple_choice","position":0,"required":false,"title_format":"heading","default":"","description_enable":false,"description":"","placeholder_enable":false,"placeholder":"","display":"radiobutton","restrictions_type":"any_text","adjust_price":false,"price":"","price_type":"quantity_based","restrictions":false,"min":"0","max":"0","options":[{"label":"Apple Magic Mouse 2 (A1657) [AMP00060]","price":"60.0000","price_type":"quantity_based","image":0,"visibility":true}]},"ram-memory-upgrades":{"name":"Extension RAM","type":"multiple_choice","position":0,"required":false,"title_format":"heading","default":"","description_enable":false,"description":"","placeholder_enable":false,"placeholder":"","display":"radiobutton","restrictions_type":"any_text","adjust_price":false,"price":"","price_type":"quantity_based","restrictions":false,"min":"0","max":"0","options":[{"label":"Extension de 16 Gb Gb de RAM SO-DIMM DDR4 [AMP00081]","price":60,"price_type":"quantity_based","image":0,"visibility":true}]}},"df_price":368,"df_sale_price":"","df_regular_price":368,"df_image_link":"https:\/\/digalco.com\/wp-content\/uploads\/images\/product\/14140\/appl00647_01-300x225.jpg","_links":{"self":[{"href":"https:\/\/digalco.com\/fr\/wp-json\/wp\/v2\/product\/277227","targetHints":{"allow":["GET"]}}],"collection":[{"href":"https:\/\/digalco.com\/fr\/wp-json\/wp\/v2\/product"}],"about":[{"href":"https:\/\/digalco.com\/fr\/wp-json\/wp\/v2\/types\/product"}],"wp:featuredmedia":[{"embeddable":true,"href":"https:\/\/digalco.com\/fr\/wp-json\/wp\/v2\/media\/277207"}],"wp:attachment":[{"href":"https:\/\/digalco.com\/fr\/wp-json\/wp\/v2\/media?parent=277227"}],"wp:term":[{"taxonomy":"product_brand","embeddable":true,"href":"https:\/\/digalco.com\/fr\/wp-json\/wp\/v2\/product_brand?post=277227"},{"taxonomy":"product_cat","embeddable":true,"href":"https:\/\/digalco.com\/fr\/wp-json\/wp\/v2\/product_cat?post=277227"},{"taxonomy":"product_tag","embeddable":true,"href":"https:\/\/digalco.com\/fr\/wp-json\/wp\/v2\/product_tag?post=277227"}],"curies":[{"name":"wp","href":"https:\/\/api.w.org\/{rel}","templated":true}]}}