{"id":277386,"date":"2025-10-23T12:27:23","date_gmt":"2025-10-23T10:27:23","guid":{"rendered":"https:\/\/digalco.com\/tienda\/apple-mac-mini-51-usdt-reconditionne-core-i5-23ghz-8-gb-ram-500-gb-hdd-fr-2902\/"},"modified":"2026-01-26T09:56:24","modified_gmt":"2026-01-26T08:56:24","slug":"apple-mac-mini-51-usdt-reconditionne-core-i5-23ghz-8-gb-ram-500-gb-hdd-fr-2902","status":"publish","type":"product","link":"https:\/\/digalco.com\/fr\/produit\/apple-mac-mini-51-usdt-reconditionne-core-i5-23ghz-8-gb-ram-500-gb-hdd-fr-2902\/","title":{"rendered":"Apple Mac Mini 5,1 Mini | Reconditionn\u00e9 | Core i5 2.3GHz | 8 GB RAM | 500 GB HDD"},"content":{"rendered":"<p><strong>Processeur<\/strong><br \/>Intel Core i5 2415M 2.3 GHz.<br \/><strong>Facteur de forme<\/strong><br \/>Mini<br \/><strong>M\u00e9moire RAM<\/strong><br \/>8 Gb. SO-DDR3 RAM<br \/><strong>Disque dur<\/strong><br \/>500 Gb. SATA<br \/><strong>Cartes<\/strong><br \/>Graphique: Intel HD Graphics 3000<br \/>Son: High Definition Audio<br \/>R\u00e9seau: Ethernet Gigabit<br \/><strong>Syst\u00e8me op\u00e9ratif<\/strong><br \/>Mac OSX El Capitan<br \/><strong>Ports<\/strong><br \/>4x USB 2.0<br \/>Firewire<br \/>Thunderbolt<br \/><strong>Ports vid\u00e9o<\/strong><br \/>HDMI<br \/><strong>Multim\u00e9dias<\/strong><br \/>Lecteur SD<br \/><strong>Connectivit\u00e9<\/strong><br \/>RJ-45<br \/>WIFI<br \/>Bluetooth<br \/><strong>Autres<\/strong><br \/>hR emballage<br \/><strong>Dimensions<\/strong><br \/>20x4x20 cm.<br \/><strong>Poids<\/strong><br \/>1.00 Kg.<br \/><strong>Sp\u00e9cifications suppl\u00e9mentaires<\/strong><br \/>L\u2019Apple Mac Mini 5,1 (mod\u00e8le A1347, Mi-2011) incarne l\u2019essence du design intelligent d\u2019Apple : compact, \u00e9l\u00e9gant et \u00e9tonnamment performant. \u00c9quip\u00e9 d\u2019un processeur Intel Core i5 2415M \u00e0 2,3 GHz, il offre des performances \u00e9quilibr\u00e9es et efficaces, id\u00e9ales pour les t\u00e2ches quotidiennes telles que la bureautique, la navigation web, la lecture multim\u00e9dia ou la gestion de contenus num\u00e9riques.<br \/>Ses 8 Go de m\u00e9moire DDR3 assurent une bonne fluidit\u00e9 en multit\u00e2che, tandis que son disque dur SATA de 500 Go offre l\u2019espace n\u00e9cessaire pour stocker documents, photos et applications en toute tranquillit\u00e9. Le syst\u00e8me d\u2019exploitation Mac OS X El Capitan (COA) maintient la stabilit\u00e9, la s\u00e9curit\u00e9 et la convivialit\u00e9 propres \u00e0 l\u2019\u00e9cosyst\u00e8me Apple, garantissant une exp\u00e9rience fluide et agr\u00e9able.<br \/>Avec sa finition Silver et son design compact, le Mac Mini 5,1 s\u2019int\u00e8gre parfaitement sur n\u2019importe quel bureau, ajoutant une touche professionnelle et sobre. C\u2019est le choix id\u00e9al pour ceux qui recherchent un ordinateur Apple fiable, silencieux et fonctionnel, capable d\u2019offrir des performances constantes sans renoncer au style et \u00e0 la qualit\u00e9 qui font la r\u00e9putation de la marque.<br \/>Bon aspect ext\u00e9rieur. Si vous avez des questions, appelez-nous ou utilisez notre chat pour obtenir plus d\u2019informations ou demander des d\u00e9tails suppl\u00e9mentaires.<br \/><strong>Commentaires<\/strong><br \/><u>Mod\u00e8le A1347 (Mid. 2011) &#8211; Couleur Silver<\/u><\/p>\n","protected":false},"excerpt":{"rendered":"<p>Intel Core i5 2415M 2.3 GHz. \u00b7 8 Gb. SO-DDR3 RAM \u00b7 500 Gb. SATA \u00b7 Mac OSX El Capitan \u00b7<br \/>\n<u>Mod\u00e8le A1347 (Mid. 2011) &#8211; Couleur Silver<br \/>\n<\/u> [&#8230;]<\/p>\n<p><a class=\"btn btn-secondary understrap-read-more-link\" href=\"https:\/\/digalco.com\/fr\/produit\/apple-mac-mini-51-usdt-reconditionne-core-i5-23ghz-8-gb-ram-500-gb-hdd-fr-2902\/\">Lire la suite\u2026<span class=\"screen-reader-text\"> from Apple Mac Mini 5,1 Mini | Reconditionn\u00e9 | Core i5 2.3GHz | 8 GB RAM | 500 GB HDD<\/span><\/a><\/p>\n","protected":false},"featured_media":277366,"template":"","meta":[],"product_brand":[3857],"product_cat":[1433,1453],"product_tag":[],"class_list":{"0":"post-277386","1":"product","2":"type-product","3":"status-publish","4":"has-post-thumbnail","6":"product_brand-apple","7":"product_cat-apple-fr","8":"product_cat-apple-mac-mini-fr","10":"first","11":"instock","12":"taxable","13":"shipping-taxable","14":"purchasable","15":"product-type-simple"},"bundled_by":[],"bundle_stock_status":"instock","bundle_stock_quantity":1,"bundle_virtual":false,"bundle_layout":"","bundle_add_to_cart_form_location":"","bundle_editable_in_cart":false,"bundle_sold_individually_context":"","bundle_item_grouping":"","bundle_min_size":"","bundle_max_size":"","bundle_price":[],"bundled_items":[],"bundle_sell_ids":[],"exclude_global_add_ons":true,"addons":{"mouse-upgrades":{"name":"Extension souris","type":"multiple_choice","position":0,"required":false,"title_format":"heading","default":"","description_enable":false,"description":"","placeholder_enable":false,"placeholder":"","display":"radiobutton","restrictions_type":"any_text","adjust_price":false,"price":"","price_type":"quantity_based","restrictions":false,"min":"0","max":"0","options":[{"label":"Apple Magic Mouse 2 (A1657) [AMP00060]","price":"60.0000","price_type":"quantity_based","image":0,"visibility":true}]},"ram-memory-upgrades":{"name":"Extension RAM","type":"multiple_choice","position":0,"required":false,"title_format":"heading","default":"","description_enable":false,"description":"","placeholder_enable":false,"placeholder":"","display":"radiobutton","restrictions_type":"any_text","adjust_price":false,"price":"","price_type":"quantity_based","restrictions":false,"min":"0","max":"0","options":[{"label":"Extension de 16 Gb de RAM SODIMM DDR3 [AMP00004]","price":"50.0000","price_type":"quantity_based","image":0,"visibility":true}]},"hdd-upgrades":{"name":"Extension disque dur","type":"multiple_choice","position":0,"required":false,"title_format":"heading","default":"","description_enable":false,"description":"","placeholder_enable":false,"placeholder":"","display":"radiobutton","restrictions_type":"any_text","adjust_price":false,"price":"","price_type":"quantity_based","restrictions":false,"min":"0","max":"0","options":[{"label":"Passez au disque 1 Tb. SATA 2.5 &quot; [AMP00035]","price":"45.0000","price_type":"quantity_based","image":0,"visibility":true},{"label":"Passez au disque SSD de 120 Gb. [AMP00012]","price":"25.0000","price_type":"quantity_based","image":0,"visibility":true},{"label":"Passez au disque SSD de 240 Gb. [AMP00013]","price":"35.0000","price_type":"quantity_based","image":0,"visibility":true},{"label":"Passez au disque SSD de 480 Gb. [AMP00014]","price":"59.0000","price_type":"quantity_based","image":0,"visibility":true}]}},"df_price":188,"df_sale_price":"","df_regular_price":188,"df_image_link":"https:\/\/digalco.com\/wp-content\/uploads\/images\/product\/2902\/appl00019_01-300x225.jpg","_links":{"self":[{"href":"https:\/\/digalco.com\/fr\/wp-json\/wp\/v2\/product\/277386","targetHints":{"allow":["GET"]}}],"collection":[{"href":"https:\/\/digalco.com\/fr\/wp-json\/wp\/v2\/product"}],"about":[{"href":"https:\/\/digalco.com\/fr\/wp-json\/wp\/v2\/types\/product"}],"wp:featuredmedia":[{"embeddable":true,"href":"https:\/\/digalco.com\/fr\/wp-json\/wp\/v2\/media\/277366"}],"wp:attachment":[{"href":"https:\/\/digalco.com\/fr\/wp-json\/wp\/v2\/media?parent=277386"}],"wp:term":[{"taxonomy":"product_brand","embeddable":true,"href":"https:\/\/digalco.com\/fr\/wp-json\/wp\/v2\/product_brand?post=277386"},{"taxonomy":"product_cat","embeddable":true,"href":"https:\/\/digalco.com\/fr\/wp-json\/wp\/v2\/product_cat?post=277386"},{"taxonomy":"product_tag","embeddable":true,"href":"https:\/\/digalco.com\/fr\/wp-json\/wp\/v2\/product_tag?post=277386"}],"curies":[{"name":"wp","href":"https:\/\/api.w.org\/{rel}","templated":true}]}}