{"id":278431,"date":"2025-10-27T17:21:29","date_gmt":"2025-10-27T16:21:29","guid":{"rendered":"https:\/\/digalco.com\/tienda\/lenovo-v330-14ikb-14-reconditionne-core-i5-16ghz-8-gb-ram-256-gb-ssd-m2-1920x1080-fr-14237\/"},"modified":"2026-02-10T09:48:14","modified_gmt":"2026-02-10T08:48:14","slug":"lenovo-v330-14ikb-14-reconditionne-core-i5-16ghz-8-gb-ram-256-gb-ssd-m2-1920x1080-fr-14237","status":"publish","type":"product","link":"https:\/\/digalco.com\/fr\/produit\/lenovo-v330-14ikb-14-reconditionne-core-i5-16ghz-8-gb-ram-256-gb-ssd-m2-1920x1080-fr-14237\/","title":{"rendered":"Lenovo V330-14IKB 14\u00a0\u00bb | Reconditionn\u00e9 | Core i5 1.6GHz | 8 GB RAM | 256 GB SSD M2 1920&#215;1080"},"content":{"rendered":"<p><strong>Processeur<\/strong><br \/>Intel Core i5 8250U 1.6 GHz.<br \/><strong>M\u00e9moire RAM<\/strong><br \/>8 Gb. SO-DDR4 RAM<br \/><strong>Disque dur<\/strong><br \/>256 Gb. SSD M2<br \/><strong>Cartes<\/strong><br \/>Graphique: Intel Graphics 620<br \/>Son: Synaptics high definition audio<br \/>R\u00e9seau: Realtek PCIe GBE<br \/><strong>Syst\u00e8me op\u00e9ratif<\/strong><br \/>Windows 11 Pro<br \/><strong>Ports<\/strong><br \/>2x USB 3.0<br \/>2x USB-C<br \/><strong>\u00c9cran<\/strong><br \/>Led 14 \u00a0\u00bb FullHD 16:9 \u00b7 R\u00e9solution 1920&#215;1080<br \/><strong>Ports vid\u00e9o<\/strong><br \/>VGA<br \/>HDMI<br \/><strong>Multim\u00e9dias<\/strong><br \/>Webcam<br \/>Lecteur SD<br \/>Lecteur d&#8217;empreintes<br \/><strong>Connectivit\u00e9<\/strong><br \/>RJ-45<br \/>WIFI<br \/>Bluetooth<br \/><strong>Notebook sp\u00e9cifique<\/strong><br \/>Langue du clavier Espagnol<br \/><strong>Autres<\/strong><br \/>hR emballage<br \/><strong>Dimensions<\/strong><br \/>34.2&#215;24.5&#215;2.2 cm.<br \/><strong>Poids<\/strong><br \/>1.65 Kg.<br \/><strong>Sp\u00e9cifications suppl\u00e9mentaires<\/strong><br \/>Le Lenovo V330-14IKB est un ordinateur portable con\u00e7u pour les professionnels et les entreprises recherchant un appareil \u00e9quilibr\u00e9, rapide et fiable. \u00c9quip\u00e9 d\u2019un processeur Intel Core i5 8250U de 8e g\u00e9n\u00e9ration et de 8 Go de m\u00e9moire DDR4, il offre des performances fluides et efficaces pour les t\u00e2ches bureautiques, les appels vid\u00e9o ou la gestion de donn\u00e9es sans interruption.Son SSD M.2 de 256 Go assure des d\u00e9marrages instantan\u00e9s et une excellente vitesse d\u2019acc\u00e8s aux documents et applications, tandis que le TPM 2.0 garantit la s\u00e9curit\u00e9 des donn\u00e9es professionnelles. L\u2019\u00e9cran LED FullHD de 14\u201d (1920&#215;1080) offre une image claire et d\u00e9taill\u00e9e, id\u00e9ale pour travailler confortablement pendant de longues heures.Il inclut Windows 11 Pro, un lecteur d\u2019empreintes digitales, un lecteur de carte SD, une webcam et un clavier espagnol, en faisant un outil pratique et polyvalent pour l\u2019environnement professionnel moderne.Solide, l\u00e9ger et au design \u00e9l\u00e9gant, le Lenovo V330-14IKB combine la qualit\u00e9 reconnue de Lenovo avec les performances n\u00e9cessaires pour maintenir productivit\u00e9 et s\u00e9curit\u00e9 o\u00f9 que vous soyez.Bon \u00e9tat ext\u00e9rieur. Peut pr\u00e9senter de l\u00e9g\u00e8res marques d\u2019utilisation sur le bo\u00eetier. Si vous avez des questions, appelez-nous ou utilisez notre chat pour plus d\u2019informations ou pour demander plus de d\u00e9tails.<\/p>\n","protected":false},"excerpt":{"rendered":"<p>Intel Core i5 8250U 1.6 GHz. \u00b7 8 Gb. SO-DDR4 RAM \u00b7 256 Gb. SSD M2 \u00b7 <strong>Windows 11 Pro<\/strong> \u00b7 Led 14 \u00a0\u00bb FullHD 16:9 \u00b7 Webcam [&#8230;]<\/p>\n<p><a class=\"btn btn-secondary understrap-read-more-link\" href=\"https:\/\/digalco.com\/fr\/produit\/lenovo-v330-14ikb-14-reconditionne-core-i5-16ghz-8-gb-ram-256-gb-ssd-m2-1920x1080-fr-14237\/\">Lire la suite\u2026<span class=\"screen-reader-text\"> from Lenovo V330-14IKB 14\u00a0\u00bb | Reconditionn\u00e9 | Core i5 1.6GHz | 8 GB RAM | 256 GB SSD M2 1920&#215;1080<\/span><\/a><\/p>\n","protected":false},"featured_media":278411,"template":"","meta":[],"product_brand":[3856],"product_cat":[3760,1517],"product_tag":[],"class_list":{"0":"post-278431","1":"product","2":"type-product","3":"status-publish","4":"has-post-thumbnail","6":"product_brand-lenovo","7":"product_cat-notebooks-14-fr","8":"product_cat-notebooks-fr","10":"first","11":"outofstock","12":"taxable","13":"shipping-taxable","14":"purchasable","15":"product-type-simple"},"bundled_by":[],"bundle_stock_status":"outofstock","bundle_stock_quantity":0,"bundle_virtual":false,"bundle_layout":"","bundle_add_to_cart_form_location":"","bundle_editable_in_cart":false,"bundle_sold_individually_context":"","bundle_item_grouping":"","bundle_min_size":"","bundle_max_size":"","bundle_price":[],"bundled_items":[],"bundle_sell_ids":[],"exclude_global_add_ons":true,"addons":{"keyboard-iso-upgrades":{"name":"Choisir langue du clavier","type":"multiple_choice","position":0,"required":false,"title_format":"heading","default":"","description_enable":false,"description":"","placeholder_enable":false,"placeholder":"","display":"radiobutton","restrictions_type":"any_text","adjust_price":false,"price":"","price_type":"quantity_based","restrictions":false,"min":"0","max":"0","options":[{"label":"Autocollants fran\u00e7ais [AMP00084]","price":"0.0000","price_type":"quantity_based","image":0,"visibility":true},{"label":"Autocollants portugais [AMP00083]","price":"0.0000","price_type":"quantity_based","image":0,"visibility":true}]},"ram-memory-upgrades":{"name":"Extension RAM","type":"multiple_choice","position":0,"required":false,"title_format":"heading","default":"","description_enable":false,"description":"","placeholder_enable":false,"placeholder":"","display":"radiobutton","restrictions_type":"any_text","adjust_price":false,"price":"","price_type":"quantity_based","restrictions":false,"min":"0","max":"0","options":[{"label":"Extension de 16 Gb Gb de RAM SO-DIMM DDR4 [AMP00081]","price":"60.0000","price_type":"quantity_based","image":0,"visibility":true}]},"hdd-upgrades":{"name":"Extension disque dur","type":"multiple_choice","position":0,"required":false,"title_format":"heading","default":"","description_enable":false,"description":"","placeholder_enable":false,"placeholder":"","display":"radiobutton","restrictions_type":"any_text","adjust_price":false,"price":"","price_type":"quantity_based","restrictions":false,"min":"0","max":"0","options":[{"label":"Passez au disque SSD de 500 Gb. M.2 2280PCIe [AMP00106]","price":"65.0000","price_type":"quantity_based","image":0,"visibility":true},{"label":"Passez au disque SSD 1 Tb. M.2 2280 PCIe [AMP00107]","price":"120.0000","price_type":"quantity_based","image":0,"visibility":true},{"label":"Passez au disque SSD 2 Tb. M.2 2280 PCIe [AMP00171]","price":"200.0000","price_type":"quantity_based","image":0,"visibility":true}]},"os-upgrades":{"name":"Expansion SO","type":"multiple_choice","position":0,"required":false,"title_format":"heading","default":"","description_enable":false,"description":"","placeholder_enable":false,"placeholder":"","display":"radiobutton","restrictions_type":"any_text","adjust_price":false,"price":"","price_type":"quantity_based","restrictions":false,"min":"0","max":"0","options":[{"label":"Changer la langue en fran\u00e7ais [AMP00125]","price":"0.0000","price_type":"quantity_based","image":0,"visibility":true},{"label":"Changer la langue en anglais [AMP00008]","price":"0.0000","price_type":"quantity_based","image":0,"visibility":true},{"label":"Changer la langue en portugais [AMP00009]","price":"0.0000","price_type":"quantity_based","image":0,"visibility":true}]},"briefcase-upgrades":{"name":"Porte-documents","type":"multiple_choice","position":0,"required":false,"title_format":"heading","default":"","description_enable":false,"description":"","placeholder_enable":false,"placeholder":"","display":"radiobutton","restrictions_type":"any_text","adjust_price":false,"price":"","price_type":"quantity_based","restrictions":false,"min":"0","max":"0","options":[{"label":"Mallette Notebook [AMP00041]","price":"5.0000","price_type":"quantity_based","image":0,"visibility":true}]}},"df_price":222,"df_sale_price":"","df_regular_price":222,"df_image_link":"https:\/\/digalco.com\/wp-content\/uploads\/images\/product\/14237\/leno01086_01-300x225.jpg","_links":{"self":[{"href":"https:\/\/digalco.com\/fr\/wp-json\/wp\/v2\/product\/278431","targetHints":{"allow":["GET"]}}],"collection":[{"href":"https:\/\/digalco.com\/fr\/wp-json\/wp\/v2\/product"}],"about":[{"href":"https:\/\/digalco.com\/fr\/wp-json\/wp\/v2\/types\/product"}],"wp:featuredmedia":[{"embeddable":true,"href":"https:\/\/digalco.com\/fr\/wp-json\/wp\/v2\/media\/278411"}],"wp:attachment":[{"href":"https:\/\/digalco.com\/fr\/wp-json\/wp\/v2\/media?parent=278431"}],"wp:term":[{"taxonomy":"product_brand","embeddable":true,"href":"https:\/\/digalco.com\/fr\/wp-json\/wp\/v2\/product_brand?post=278431"},{"taxonomy":"product_cat","embeddable":true,"href":"https:\/\/digalco.com\/fr\/wp-json\/wp\/v2\/product_cat?post=278431"},{"taxonomy":"product_tag","embeddable":true,"href":"https:\/\/digalco.com\/fr\/wp-json\/wp\/v2\/product_tag?post=278431"}],"curies":[{"name":"wp","href":"https:\/\/api.w.org\/{rel}","templated":true}]}}