{"id":279273,"date":"2025-10-30T12:22:13","date_gmt":"2025-10-30T11:22:13","guid":{"rendered":"https:\/\/digalco.com\/tienda\/scanner-fujitsu-fi-7180-reconditionne-fr-14164\/"},"modified":"2025-10-30T17:20:57","modified_gmt":"2025-10-30T16:20:57","slug":"scanner-fujitsu-fi-7180-reconditionne-fr-14164","status":"publish","type":"product","link":"https:\/\/digalco.com\/fr\/produit\/scanner-fujitsu-fi-7180-reconditionne-fr-14164\/","title":{"rendered":"Scanner Fujitsu FI-7180 | Reconditionn\u00e9"},"content":{"rendered":"<p><b>Technologie<\/b><br \/>Scanner de documents couleur<br \/><b>Capteur d\u2019image<\/b><br \/>CCD couleur<br \/><b>Vitesse de num\u00e9risation<\/b><br \/>80 ppm<br \/><b>R\u00e9solution<\/b><br \/>Jusqu\u2019\u00e0 600 dpi<br \/><b>Connectivit\u00e9<\/b><br \/>USB 3.0 \/ USB 2.0 \/ USB 1.1<br \/><b>Recto verso<\/b><br \/>Int\u00e9gr\u00e9<br \/><b>Gestion du papier<\/b><br \/>Chargeur automatique de 80 feuilles<br \/><b>Zone de num\u00e9risation<\/b><br \/>ADF Max. A4<br \/><b>Dimensions<\/b><br \/>300 x 170 x 163 mm<br \/><b>Poids<\/b><br \/>4,2 kg<br \/><b>Sp\u00e9cifications suppl\u00e9mentaires :<br \/><\/b>Le Fujitsufi-7180 \u200b\u200best un scanner de documents performant et fiable, id\u00e9al pour les environnements de bureau exigeants en mati\u00e8re de productivit\u00e9 et de qualit\u00e9. Dot\u00e9 de la technologie de capteur CCD couleur et de la num\u00e9risation recto verso, il atteint des vitesses allant jusqu&rsquo;\u00e0 80 pages par minute (ppm) ou 160 images par minute (ipm) en mode recto verso. Sa r\u00e9solution optique jusqu&rsquo;\u00e0 600 dpi, associ\u00e9e \u00e0 un chargeur automatique de documents (ADF) de 80 feuilles, permet la num\u00e9risation rapide et efficace de gros volumes de documents. La connectivit\u00e9 USB 3.0\/2.0\/1.1 assure une int\u00e9gration facile avec tout poste de travail. De plus, il int\u00e8gre des fonctionnalit\u00e9s avanc\u00e9es telles que la d\u00e9tection de double alimentation, la r\u00e9duction du biais et la protection intelligente du papier, r\u00e9duisant ainsi les erreurs et garantissant une num\u00e9risation fiable. Le Fujitsufi-7180 \u200b\u200best le choix id\u00e9al pour les entreprises qui ont besoin d&rsquo;un scanner recto verso haute performance pour leurs factures, contrats, dossiers et autres documents importants.<br \/>Bon \u00e9tat ext\u00e9rieur. Le bo\u00eetier peut pr\u00e9senter un tr\u00e8s l\u00e9ger jaunissement. Voir les photos ci-dessous. Pour toute question, n&rsquo;h\u00e9sitez pas \u00e0 nous appeler ou \u00e0 utiliser notre chat pour obtenir plus d&rsquo;informations ou demander des pr\u00e9cisions.<\/p>\n","protected":false},"excerpt":{"rendered":"<p>Technologie : Scanner de documents couleur &#8211; Capteur d&rsquo;image : CCD couleur &#8211; Vitesse de num\u00e9risation : jusqu&rsquo;\u00e0 80 ppm &#8211; R\u00e9solution : jusqu&rsquo;\u00e0 600 dpi &#8211; Connectivit\u00e9 : USB 3.0\/2.0\/101 &#8211; Recto verso int\u00e9gr\u00e9 &#8211; Chargeur automatique de 80 feuilles. [&#8230;]<\/p>\n<p><a class=\"btn btn-secondary understrap-read-more-link\" href=\"https:\/\/digalco.com\/fr\/produit\/scanner-fujitsu-fi-7180-reconditionne-fr-14164\/\">Lire la suite\u2026<span class=\"screen-reader-text\"> from Scanner Fujitsu FI-7180 | Reconditionn\u00e9<\/span><\/a><\/p>\n","protected":false},"featured_media":279251,"template":"","meta":[],"product_brand":[3859],"product_cat":[1725,1725],"product_tag":[],"class_list":{"0":"post-279273","1":"product","2":"type-product","3":"status-publish","4":"has-post-thumbnail","6":"product_brand-fujitsu","7":"product_cat-scanners-fr","10":"first","11":"instock","12":"taxable","13":"shipping-taxable","14":"purchasable","15":"product-type-simple"},"bundled_by":[],"bundle_stock_status":"instock","bundle_stock_quantity":2,"bundle_virtual":false,"bundle_layout":"","bundle_add_to_cart_form_location":"","bundle_editable_in_cart":false,"bundle_sold_individually_context":"","bundle_item_grouping":"","bundle_min_size":"","bundle_max_size":"","bundle_price":[],"bundled_items":[],"bundle_sell_ids":[],"exclude_global_add_ons":[],"addons":[],"df_price":402,"df_sale_price":"","df_regular_price":402,"df_image_link":"https:\/\/digalco.com\/wp-content\/uploads\/images\/product\/14164\/fuji00273_01-300x225.jpg","_links":{"self":[{"href":"https:\/\/digalco.com\/fr\/wp-json\/wp\/v2\/product\/279273","targetHints":{"allow":["GET"]}}],"collection":[{"href":"https:\/\/digalco.com\/fr\/wp-json\/wp\/v2\/product"}],"about":[{"href":"https:\/\/digalco.com\/fr\/wp-json\/wp\/v2\/types\/product"}],"wp:featuredmedia":[{"embeddable":true,"href":"https:\/\/digalco.com\/fr\/wp-json\/wp\/v2\/media\/279251"}],"wp:attachment":[{"href":"https:\/\/digalco.com\/fr\/wp-json\/wp\/v2\/media?parent=279273"}],"wp:term":[{"taxonomy":"product_brand","embeddable":true,"href":"https:\/\/digalco.com\/fr\/wp-json\/wp\/v2\/product_brand?post=279273"},{"taxonomy":"product_cat","embeddable":true,"href":"https:\/\/digalco.com\/fr\/wp-json\/wp\/v2\/product_cat?post=279273"},{"taxonomy":"product_tag","embeddable":true,"href":"https:\/\/digalco.com\/fr\/wp-json\/wp\/v2\/product_tag?post=279273"}],"curies":[{"name":"wp","href":"https:\/\/api.w.org\/{rel}","templated":true}]}}