{"id":279917,"date":"2025-11-04T12:22:22","date_gmt":"2025-11-04T11:22:22","guid":{"rendered":"https:\/\/digalco.com\/tienda\/hp-proliant-dl360p-g8-barebone-rack-reconditionne-xeon-octa-core-2ghz-32-gb-ram-sas-fr-13998\/"},"modified":"2025-11-04T12:22:27","modified_gmt":"2025-11-04T11:22:27","slug":"hp-proliant-dl360p-g8-barebone-rack-reconditionne-xeon-octa-core-2ghz-32-gb-ram-sas-fr-13998","status":"publish","type":"product","link":"https:\/\/digalco.com\/fr\/produit\/hp-proliant-dl360p-g8-barebone-rack-reconditionne-xeon-octa-core-2ghz-32-gb-ram-sas-fr-13998\/","title":{"rendered":"HP ProLiant DL360p G8-Barebone Rack | Reconditionn\u00e9 | Xeon Octa Core 2GHz | 32 GB RAM | SAS"},"content":{"rendered":"<p><strong>Processeur<\/strong><br \/>Intel Xeon Octa Core E5 2650 2 GHz.<br \/><strong>Facteur de forme<\/strong><br \/>Rack (1U)<br \/><strong>M\u00e9moire RAM<\/strong><br \/>32 Gb. DDR3 ECC RAM<br \/>24 emplacements (22 vide )<br \/><strong>Disque dur<\/strong><br \/>SAS 2.5\u00a0\u00bb 10000rpm<br \/>SAS 2.5\u00a0\u00bb 10000rpm<br \/>8 emplacements<br \/><strong>Lecteur optique<\/strong><br \/>DVD-RW<br \/><strong>Cartes<\/strong><br \/>R\u00e9seau: HP FlexibleLOM 1Gb 331FLR Ethernet<br \/><strong>Syst\u00e8me op\u00e9ratif<\/strong><br \/>&#8211; Sans SO &#8211;<br \/><strong>Ports<\/strong><br \/>S\u00e9rie<br \/>6x USB 3.0<br \/><strong>Multim\u00e9dias<\/strong><br \/>Lecteur SD<br \/><strong>Connectivit\u00e9<\/strong><br \/>4x RJ-45<br \/><strong>Source de courant<\/strong><br \/>2x Alimentations (Hotplug)<br \/><strong>Autres<\/strong><br \/>hR emballage<br \/><strong>Dimensions<\/strong><br \/>43.2&#215;43.5&#215;69.8 cm.<br \/><strong>Poids<\/strong><br \/>20.00 Kg.<br \/><strong>Sp\u00e9cifications suppl\u00e9mentaires<\/strong><br \/>Le HP ProLiant DL360p G8 est un serveur rack 1U con\u00e7u pour offrir une puissance maximale et une fiabilit\u00e9 optimale dans des espaces restreints. \u00c9quip\u00e9 d\u2019un processeur Intel Xeon Octa Core E5-2650 \u00e0 2,0 GHz et de 32 Go de m\u00e9moire DDR3 ECC, il garantit des performances stables et une grande efficacit\u00e9, m\u00eame dans les environnements professionnels les plus exigeants tels que la virtualisation, les bases de donn\u00e9es ou les services r\u00e9seau.Ce mod\u00e8le est propos\u00e9 en version barebone, sans disques install\u00e9s, offrant une totale libert\u00e9 pour configurer le stockage selon les besoins du client. Il dispose de 24 baies (22 vides) pour disques SAS de 2,5\u201d \u00e0 10 000 tr\/min, g\u00e9r\u00e9es par le contr\u00f4leur HP Smart Array P420i RAID, qui assure une protection avanc\u00e9e et une flexibilit\u00e9 totale dans la gestion des volumes et de la redondance des donn\u00e9es.Ses deux alimentations redondantes de 460W garantissent un fonctionnement continu et une disponibilit\u00e9 maximale, tandis que les emplacements d\u2019extension PCIe (1x X16 et 1x X8) permettent de personnaliser le serveur avec des cartes r\u00e9seau, de stockage ou d\u2019acc\u00e9l\u00e9ration sp\u00e9cifiques.Le DL360p G8 se distingue par son design compact, son efficacit\u00e9 \u00e9nerg\u00e9tique et la fiabilit\u00e9 HP ProLiant, en faisant un choix id\u00e9al pour les revendeurs informatiques, int\u00e9grateurs et centres de donn\u00e9es recherchant une plateforme professionnelle \u00e9volutive, robuste et pr\u00eate \u00e0 s\u2019adapter \u00e0 tout environnement informatique.Serveur barebone, id\u00e9al pour des configurations personnalis\u00e9es selon les besoins du client.Bel aspect ext\u00e9rieur. Si vous avez des questions, appelez-nous ou utilisez notre chat pour obtenir plus d\u2019informations ou demander davantage de d\u00e9tails.<br \/><strong>Commentaires<\/strong><br \/><u>Contr\u00f4leur RAID P420i &#8211; 1xPCIe X16 \/ 1xPCe X8 &#8211; 2xFte. Puissance 460W<\/u><\/p>\n","protected":false},"excerpt":{"rendered":"<p>Processeur Intel Xeon Octa Core E5 2650 \u00e0 2 GHz \u00b7 32 Go de m\u00e9moire vive DDR3 ECC \u00b7 24 baies (22 libres) \u00b7 8 baies SAS\/SATA 2,5&Prime; \u00b7 Graveur DVD \u00b7 <strong>Contr\u00f4leur RAID P420i <\/strong>\u00b7 <u>1 port PCIe x16 \/ 1 port PCIe x8 \u00b7 2 alimentations de 460 W<\/u> [&#8230;]<\/p>\n<p><a class=\"btn btn-secondary understrap-read-more-link\" href=\"https:\/\/digalco.com\/fr\/produit\/hp-proliant-dl360p-g8-barebone-rack-reconditionne-xeon-octa-core-2ghz-32-gb-ram-sas-fr-13998\/\">Lire la suite\u2026<span class=\"screen-reader-text\"> from HP ProLiant DL360p G8-Barebone Rack | Reconditionn\u00e9 | Xeon Octa Core 2GHz | 32 GB RAM | SAS<\/span><\/a><\/p>\n","protected":false},"featured_media":279907,"template":"","meta":[],"product_brand":[3854],"product_cat":[3745,1641,1633],"product_tag":[],"class_list":{"0":"post-279917","1":"product","2":"type-product","3":"status-publish","4":"has-post-thumbnail","6":"product_brand-hp","7":"product_cat-barebone-fr","8":"product_cat-serveurs-rack-fr","9":"product_cat-serveurs-fr","11":"first","12":"instock","13":"taxable","14":"shipping-taxable","15":"purchasable","16":"product-type-simple"},"bundled_by":[],"bundle_stock_status":"instock","bundle_stock_quantity":2,"bundle_virtual":false,"bundle_layout":"","bundle_add_to_cart_form_location":"","bundle_editable_in_cart":false,"bundle_sold_individually_context":"","bundle_item_grouping":"","bundle_min_size":"","bundle_max_size":"","bundle_price":[],"bundled_items":[],"bundle_sell_ids":[],"exclude_global_add_ons":[],"addons":[],"df_price":516,"df_sale_price":"","df_regular_price":516,"df_image_link":"https:\/\/digalco.com\/wp-content\/uploads\/images\/product\/13998\/hp03101_01-300x225.jpg","_links":{"self":[{"href":"https:\/\/digalco.com\/fr\/wp-json\/wp\/v2\/product\/279917","targetHints":{"allow":["GET"]}}],"collection":[{"href":"https:\/\/digalco.com\/fr\/wp-json\/wp\/v2\/product"}],"about":[{"href":"https:\/\/digalco.com\/fr\/wp-json\/wp\/v2\/types\/product"}],"wp:featuredmedia":[{"embeddable":true,"href":"https:\/\/digalco.com\/fr\/wp-json\/wp\/v2\/media\/279907"}],"wp:attachment":[{"href":"https:\/\/digalco.com\/fr\/wp-json\/wp\/v2\/media?parent=279917"}],"wp:term":[{"taxonomy":"product_brand","embeddable":true,"href":"https:\/\/digalco.com\/fr\/wp-json\/wp\/v2\/product_brand?post=279917"},{"taxonomy":"product_cat","embeddable":true,"href":"https:\/\/digalco.com\/fr\/wp-json\/wp\/v2\/product_cat?post=279917"},{"taxonomy":"product_tag","embeddable":true,"href":"https:\/\/digalco.com\/fr\/wp-json\/wp\/v2\/product_tag?post=279917"}],"curies":[{"name":"wp","href":"https:\/\/api.w.org\/{rel}","templated":true}]}}