{"id":281918,"date":"2025-11-13T12:34:25","date_gmt":"2025-11-13T11:34:25","guid":{"rendered":"https:\/\/digalco.com\/tienda\/lenovo-m70q-gen-3-nuevo-mini-nouveau-core-i5-18ghz-16-gb-ram-512-gb-ssd-m2-fr-14286\/"},"modified":"2025-12-03T12:53:45","modified_gmt":"2025-12-03T11:53:45","slug":"lenovo-m70q-gen-3-nuevo-mini-nouveau-core-i5-18ghz-16-gb-ram-512-gb-ssd-m2-fr-14286","status":"publish","type":"product","link":"https:\/\/digalco.com\/fr\/produit\/lenovo-m70q-gen-3-nuevo-mini-nouveau-core-i5-18ghz-16-gb-ram-512-gb-ssd-m2-fr-14286\/","title":{"rendered":"Lenovo M70Q Gen 3-Semi Nuevo Mini | Nouveau | Core i5 1.8GHz | 16 GB RAM | 512 GB SSD M2"},"content":{"rendered":"<p><strong>Processeur<\/strong><br \/>Intel Core i5 12400T 1.8 GHz.<br \/><strong>Facteur de forme<\/strong><br \/>Mini<br \/><strong>M\u00e9moire RAM<\/strong><br \/>16 Gb. SO-DDR4 RAM<br \/><strong>Disque dur<\/strong><br \/>512 Gb. SSD M2<br \/><strong>Cartes<\/strong><br \/>Graphique: INTEL GRAPHICS 730<br \/>Son: Realtek Audio Effects<br \/>R\u00e9seau: L219-LM<br \/><strong>Syst\u00e8me op\u00e9ratif<\/strong><br \/>Windows 11 Pro<br \/><strong>Ports<\/strong><br \/>USB 2.0<br \/>USB-C<br \/>5x USB 3.1<br \/><strong>Ports vid\u00e9o<\/strong><br \/>HDMI<br \/>Display Port<br \/><strong>Connectivit\u00e9<\/strong><br \/>RJ-45<br \/>WIFI<br \/>Bluetooth<br \/><strong>Autres<\/strong><br \/>hR emballage<br \/><strong>Dimensions<\/strong><br \/>18x18x3.5 cm.<br \/><strong>Poids<\/strong><br \/>1.25 Kg.<br \/><strong>Sp\u00e9cifications suppl\u00e9mentaires<\/strong><br \/>Le Lenovo M70Q Tiny Gen 3 red\u00e9finit le concept de mini PC professionnel, alliant performances de derni\u00e8re g\u00e9n\u00e9ration, efficacit\u00e9 \u00e9nerg\u00e9tique et polyvalence maximale. \u00c9quip\u00e9 d\u2019un processeur Intel Core i5-12400T de 12e g\u00e9n\u00e9ration \u00e0 1,8 GHz, il offre des performances fluides et stables, m\u00eame dans les environnements multit\u00e2ches exigeants, id\u00e9al pour les bureaux, les points de vente ou les espaces professionnels o\u00f9 la fiabilit\u00e9 est primordiale.<br \/>Ses 16 Go de m\u00e9moire SO-DDR4 et son SSD M.2 rapide de 512 Go garantissent des d\u00e9marrages quasi instantan\u00e9s, un acc\u00e8s rapide aux donn\u00e9es et une productivit\u00e9 continue. Gr\u00e2ce au TPM 2.0 et \u00e0 Windows 11 Pro, le syst\u00e8me offre un niveau avanc\u00e9 de s\u00e9curit\u00e9 et de gestion, assurant la protection des informations et la compatibilit\u00e9 avec les infrastructures informatiques les plus modernes.<br \/>Le M70Q Tiny Gen 3 se distingue \u00e9galement par son design compact et silencieux, pouvant \u00eatre install\u00e9 derri\u00e8re l\u2019\u00e9cran gr\u00e2ce au support VESA inclus, lib\u00e9rant ainsi de l\u2019espace et offrant un poste de travail propre et ordonn\u00e9. Il est \u00e9galement livr\u00e9 avec un clavier et une souris internationaux, permettant une utilisation imm\u00e9diate d\u00e8s la premi\u00e8re mise en marche.<br \/>Le Lenovo M70Q Tiny Gen 3 est une solution id\u00e9ale pour les revendeurs et les entreprises \u00e0 la recherche d\u2019un mini PC fiable, puissant et pr\u00eat pour l\u2019avenir, alliant parfaitement performance, efficacit\u00e9 et design professionnel.<br \/>Bon aspect ext\u00e9rieur. Si vous avez des questions, appelez-nous ou utilisez notre chat pour obtenir plus d\u2019informations ou demander des d\u00e9tails suppl\u00e9mentaires.<br \/><strong>Commentaires<\/strong><br \/><u>Comprend un clavier international, une souris et un support VESA<\/u><\/p>\n","protected":false},"excerpt":{"rendered":"<p>Intel Core i5 12400T 1.8 GHz. \u00b7 16 Gb. SO-DDR4 RAM \u00b7 512 Gb. SSD M2 \u00b7 <strong>Windows 11 Pro \u00b7 Wi-Fi \u00b7 Bluetooth<\/strong> \u00b7<br \/>\n<u>Comprend un clavier international, une souris et un support VESA<br \/>\n<\/u> [&#8230;]<\/p>\n<p><a class=\"btn btn-secondary understrap-read-more-link\" href=\"https:\/\/digalco.com\/fr\/produit\/lenovo-m70q-gen-3-nuevo-mini-nouveau-core-i5-18ghz-16-gb-ram-512-gb-ssd-m2-fr-14286\/\">Lire la suite\u2026<span class=\"screen-reader-text\"> from Lenovo M70Q Gen 3-Semi Nuevo Mini | Nouveau | Core i5 1.8GHz | 16 GB RAM | 512 GB SSD M2<\/span><\/a><\/p>\n","protected":false},"featured_media":281893,"template":"","meta":[],"product_brand":[3856],"product_cat":[1481,1469],"product_tag":[],"class_list":{"0":"post-281918","1":"product","2":"type-product","3":"status-publish","4":"has-post-thumbnail","6":"product_brand-lenovo","7":"product_cat-ordinateurs-mini-fr","8":"product_cat-ordinateurs-fr","10":"first","11":"instock","12":"taxable","13":"shipping-taxable","14":"purchasable","15":"product-type-simple"},"bundled_by":[],"bundle_stock_status":"instock","bundle_stock_quantity":1,"bundle_virtual":false,"bundle_layout":"","bundle_add_to_cart_form_location":"","bundle_editable_in_cart":false,"bundle_sold_individually_context":"","bundle_item_grouping":"","bundle_min_size":"","bundle_max_size":"","bundle_price":[],"bundled_items":[],"bundle_sell_ids":[],"exclude_global_add_ons":true,"addons":{"ram-memory-upgrades":{"name":"Extension RAM","type":"multiple_choice","position":0,"required":false,"title_format":"heading","default":"","description_enable":false,"description":"","placeholder_enable":false,"placeholder":"","display":"radiobutton","restrictions_type":"any_text","adjust_price":false,"price":"","price_type":"quantity_based","restrictions":false,"min":"0","max":"0","options":[{"label":"Extension de 32 Gb de RAM SODIMM [AMP00098]","price":150,"price_type":"quantity_based","image":0,"visibility":true}]},"hdd-upgrades":{"name":"Extension disque dur","type":"multiple_choice","position":0,"required":false,"title_format":"heading","default":"","description_enable":false,"description":"","placeholder_enable":false,"placeholder":"","display":"radiobutton","restrictions_type":"any_text","adjust_price":false,"price":"","price_type":"quantity_based","restrictions":false,"min":"0","max":"0","options":[{"label":"Passez au disque SSD 1 Tb. M.2 2280 PCIe [AMP00107]","price":165,"price_type":"quantity_based","image":0,"visibility":true},{"label":"Passez au disque SSD 2 Tb. M.2 2280 PCIe [AMP00171]","price":260,"price_type":"quantity_based","image":0,"visibility":true}]},"os-upgrades":{"name":"Expansion SO","type":"multiple_choice","position":0,"required":false,"title_format":"heading","default":"","description_enable":false,"description":"","placeholder_enable":false,"placeholder":"","display":"radiobutton","restrictions_type":"any_text","adjust_price":false,"price":"","price_type":"quantity_based","restrictions":false,"min":"0","max":"0","options":[{"label":"Changer la langue en fran\u00e7ais [AMP00125]","price":"0.0000","price_type":"quantity_based","image":0,"visibility":true},{"label":"Changer la langue en anglais [AMP00008]","price":"0.0000","price_type":"quantity_based","image":0,"visibility":true},{"label":"Changer la langue en portugais [AMP00009]","price":"0.0000","price_type":"quantity_based","image":0,"visibility":true}]}},"df_price":590,"df_sale_price":"","df_regular_price":590,"df_image_link":"https:\/\/digalco.com\/wp-content\/uploads\/images\/product\/14286\/leno01096_01-300x225.jpg","_links":{"self":[{"href":"https:\/\/digalco.com\/fr\/wp-json\/wp\/v2\/product\/281918","targetHints":{"allow":["GET"]}}],"collection":[{"href":"https:\/\/digalco.com\/fr\/wp-json\/wp\/v2\/product"}],"about":[{"href":"https:\/\/digalco.com\/fr\/wp-json\/wp\/v2\/types\/product"}],"wp:featuredmedia":[{"embeddable":true,"href":"https:\/\/digalco.com\/fr\/wp-json\/wp\/v2\/media\/281893"}],"wp:attachment":[{"href":"https:\/\/digalco.com\/fr\/wp-json\/wp\/v2\/media?parent=281918"}],"wp:term":[{"taxonomy":"product_brand","embeddable":true,"href":"https:\/\/digalco.com\/fr\/wp-json\/wp\/v2\/product_brand?post=281918"},{"taxonomy":"product_cat","embeddable":true,"href":"https:\/\/digalco.com\/fr\/wp-json\/wp\/v2\/product_cat?post=281918"},{"taxonomy":"product_tag","embeddable":true,"href":"https:\/\/digalco.com\/fr\/wp-json\/wp\/v2\/product_tag?post=281918"}],"curies":[{"name":"wp","href":"https:\/\/api.w.org\/{rel}","templated":true}]}}