{"id":282229,"date":"2025-11-17T11:41:52","date_gmt":"2025-11-17T10:41:52","guid":{"rendered":"https:\/\/digalco.com\/tienda\/hp-eliteone-800-g6-238-aio-reconditionne-core-i5-31ghz-16-gb-ram-256-gb-ssd-m2-fr-14289\/"},"modified":"2026-04-10T11:07:39","modified_gmt":"2026-04-10T09:07:39","slug":"hp-eliteone-800-g6-238-aio-reconditionne-core-i5-31ghz-16-gb-ram-256-gb-ssd-m2-fr-14289","status":"publish","type":"product","link":"https:\/\/digalco.com\/fr\/produit\/hp-eliteone-800-g6-238-aio-reconditionne-core-i5-31ghz-16-gb-ram-256-gb-ssd-m2-fr-14289\/","title":{"rendered":"HP EliteOne 800 G6 23.8&Prime; AIO | Reconditionn\u00e9 | Core i5 3.1GHz | 16 GB RAM | 256 GB SSD M2"},"content":{"rendered":"<p><strong>Processeur<\/strong><br \/>Intel Core i5 10500 3.1 GHz.<br \/><strong>Facteur de forme<\/strong><br \/>AIO<br \/><strong>M\u00e9moire RAM<\/strong><br \/>16 Gb. SO-DDR4 RAM<br \/><strong>Disque dur<\/strong><br \/>256 Gb. SSD M2<br \/><strong>Cartes<\/strong><br \/>Graphique: Intel UHD Graphics 630<br \/>Son: Bang&amp;Olufsen Audio<br \/>R\u00e9seau: Intel I219-LM<br \/><strong>Syst\u00e8me op\u00e9ratif<\/strong><br \/>Windows 11 Pro<br \/><strong>Ports<\/strong><br \/>USB-C<br \/>6x USB 3.1<br \/><strong>\u00c9cran<\/strong><br \/>Tactile 23.8 \u00a0\u00bb FullHD avec Haut-parleurs \u00b7  16:9  \u00b7 R\u00e9solution 1920&#215;1080<br \/><strong>Ports vid\u00e9o<\/strong><br \/>HDMI<br \/>Display Port<br \/><strong>Multim\u00e9dias<\/strong><br \/>Webcam<br \/>Lecteur SD<br \/><strong>Affichage sp\u00e9cifique<\/strong><br \/>Stand VESA<br \/>Base<br \/><strong>Connectivit\u00e9<\/strong><br \/>RJ-45<br \/><strong>Autres<\/strong><br \/>hR emballage<br \/><strong>Dimensions<\/strong><br \/>40.5x54x20.5 cm.<br \/><strong>Poids<\/strong><br \/>9.55 Kg.<br \/><strong>Sp\u00e9cifications suppl\u00e9mentaires<\/strong><br \/>D\u00e9couvrez le HP EliteOne 800 G6 23,8&Prime;, un All-In-One con\u00e7u pour les professionnels recherchant performance, design et efficacit\u00e9 dans un seul appareil. \u00c9quip\u00e9 d\u2019un puissant processeur Intel Core i5 10500 \u00e0 3,1 GHz et de 16 Go de m\u00e9moire DDR4, il garantit un multit\u00e2che fluide et une grande rapidit\u00e9 dans tous les environnements de travail. Son SSD M.2 de 256 Go offre un d\u00e9marrage instantan\u00e9 et un acc\u00e8s ultra-rapide \u00e0 vos fichiers, tandis que Windows 11 Pro assure compatibilit\u00e9 et s\u00e9curit\u00e9 professionnelle.<br \/>L\u2019\u00e9cran tactile FullHD de 23,8&Prime; combine productivit\u00e9 et ergonomie, id\u00e9al pour les visioconf\u00e9rences, pr\u00e9sentations ou design interactif. Gr\u00e2ce \u00e0 son format All-In-One, il r\u00e9duit l\u2019encombrement des c\u00e2bles et apporte un aspect moderne et professionnel \u00e0 tout bureau. Il inclut des haut-parleurs int\u00e9gr\u00e9s, un clavier et une souris, pr\u00eat \u00e0 l\u2019emploi d\u00e8s le premier instant.<br \/>Parfait pour les distributeurs souhaitant offrir \u00e0 leurs clients une solution compl\u00e8te et de haute qualit\u00e9, capable de r\u00e9pondre tant aux bureaux d\u2019entreprise qu\u2019aux environnements \u00e9ducatifs. Avec le HP EliteOne 800 G6, efficacit\u00e9, style et technologie avanc\u00e9e vont de pair.<br \/>Mots-cl\u00e9s SEO : HP EliteOne 800 G6, All-In-One professionnel, PC d\u2019entreprise, ordinateur tactile FullHD, \u00e9quipement de bureau, performance Intel Core i5.<br \/>Bon \u00e9tat ext\u00e9rieur. Peut pr\u00e9senter de l\u00e9g\u00e8res traces d\u2019usage sur le bo\u00eetier. Regardez dans \u00ab\u00a0+ Photos\u00a0\u00bb et \u00ab\u00a0Vid\u00e9o\u00a0\u00bb et si vous avez des questions, appelez-nous ou utilisez notre chat pour d\u00e9velopper les informations ou demander plus de d\u00e9tails.<br \/><strong>Commentaires<\/strong><br \/><u>Clavier et souris inclus<\/u><\/p>\n","protected":false},"excerpt":{"rendered":"<p>Intel Core i5 10500 3.1 GHz. \u00b7 16 Gb. SO-DDR4 RAM \u00b7 256 Gb. SSD M2 \u00b7 <strong>Windows 11 Pro \u00b7 Tactile 23.8 \u00a0\u00bb FullHD<\/strong> avec Haut-parleurs \u00b7 16:9 \u00b7<br \/>\n<u>Clavier et souris inclus<br \/>\n<\/u> [&#8230;]<\/p>\n<p><a class=\"btn btn-secondary understrap-read-more-link\" href=\"https:\/\/digalco.com\/fr\/produit\/hp-eliteone-800-g6-238-aio-reconditionne-core-i5-31ghz-16-gb-ram-256-gb-ssd-m2-fr-14289\/\">Lire la suite\u2026<span class=\"screen-reader-text\"> from HP EliteOne 800 G6 23.8&Prime; AIO | Reconditionn\u00e9 | Core i5 3.1GHz | 16 GB RAM | 256 GB SSD M2<\/span><\/a><\/p>\n","protected":false},"featured_media":282199,"template":"","meta":[],"product_brand":[3854],"product_cat":[1469,1477],"product_tag":[],"class_list":{"0":"post-282229","1":"product","2":"type-product","3":"status-publish","4":"has-post-thumbnail","6":"product_brand-hp","7":"product_cat-ordinateurs-fr","8":"product_cat-ordinateurs-all-in-one-fr","10":"first","11":"instock","12":"taxable","13":"shipping-taxable","14":"purchasable","15":"product-type-simple"},"bundled_by":[],"bundle_stock_status":"instock","bundle_stock_quantity":1,"bundle_virtual":false,"bundle_layout":"","bundle_add_to_cart_form_location":"","bundle_editable_in_cart":false,"bundle_sold_individually_context":"","bundle_item_grouping":"","bundle_min_size":"","bundle_max_size":"","bundle_price":[],"bundled_items":[],"bundle_sell_ids":[],"exclude_global_add_ons":true,"addons":{"ram-memory-upgrades":{"name":"Extension RAM","type":"multiple_choice","position":0,"required":false,"title_format":"heading","default":"","description_enable":false,"description":"","placeholder_enable":false,"placeholder":"","display":"radiobutton","restrictions_type":"any_text","adjust_price":false,"price":"","price_type":"quantity_based","restrictions":false,"min":"0","max":"0","options":[{"label":"Extension de 32 Gb de RAM SODIMM [AMP00098]","price":"150.0000","price_type":"quantity_based","image":0,"visibility":true}]},"hdd-upgrades":{"name":"Extension disque dur","type":"multiple_choice","position":0,"required":false,"title_format":"heading","default":"","description_enable":false,"description":"","placeholder_enable":false,"placeholder":"","display":"radiobutton","restrictions_type":"any_text","adjust_price":false,"price":"","price_type":"quantity_based","restrictions":false,"min":"0","max":"0","options":[{"label":"Passez au disque SSD de 500 Gb. M.2 2280PCIe [AMP00106]","price":"110.0000","price_type":"quantity_based","image":0,"visibility":true},{"label":"Passez au disque SSD 1 Tb. M.2 2280 PCIe [AMP00107]","price":"165.0000","price_type":"quantity_based","image":0,"visibility":true},{"label":"Passez au disque SSD 2 Tb. M.2 2280 PCIe [AMP00171]","price":"260.0000","price_type":"quantity_based","image":0,"visibility":true}]},"network-card-upgrades":{"name":"Extension WIFI","type":"multiple_choice","position":0,"required":false,"title_format":"heading","default":"","description_enable":false,"description":"","placeholder_enable":false,"placeholder":"","display":"radiobutton","restrictions_type":"any_text","adjust_price":false,"price":"","price_type":"quantity_based","restrictions":false,"min":"0","max":"0","options":[{"label":"Mise \u00e0 niveau nano USB sans fil [AMP00018]","price":"12.0000","price_type":"quantity_based","image":0,"visibility":true}]},"os-upgrades":{"name":"Expansion SO","type":"multiple_choice","position":0,"required":false,"title_format":"heading","default":"","description_enable":false,"description":"","placeholder_enable":false,"placeholder":"","display":"radiobutton","restrictions_type":"any_text","adjust_price":false,"price":"","price_type":"quantity_based","restrictions":false,"min":"0","max":"0","options":[{"label":"Changer la langue en fran\u00e7ais [AMP00125]","price":"0.0000","price_type":"quantity_based","image":0,"visibility":true},{"label":"Changer la langue en anglais [AMP00008]","price":"0.0000","price_type":"quantity_based","image":0,"visibility":true},{"label":"Changer la langue en portugais [AMP00009]","price":"0.0000","price_type":"quantity_based","image":0,"visibility":true}]}},"df_price":658,"df_sale_price":"","df_regular_price":658,"df_image_link":"https:\/\/digalco.com\/wp-content\/uploads\/images\/product\/14289\/hp03157_01-300x225.jpg","_links":{"self":[{"href":"https:\/\/digalco.com\/fr\/wp-json\/wp\/v2\/product\/282229","targetHints":{"allow":["GET"]}}],"collection":[{"href":"https:\/\/digalco.com\/fr\/wp-json\/wp\/v2\/product"}],"about":[{"href":"https:\/\/digalco.com\/fr\/wp-json\/wp\/v2\/types\/product"}],"wp:featuredmedia":[{"embeddable":true,"href":"https:\/\/digalco.com\/fr\/wp-json\/wp\/v2\/media\/282199"}],"wp:attachment":[{"href":"https:\/\/digalco.com\/fr\/wp-json\/wp\/v2\/media?parent=282229"}],"wp:term":[{"taxonomy":"product_brand","embeddable":true,"href":"https:\/\/digalco.com\/fr\/wp-json\/wp\/v2\/product_brand?post=282229"},{"taxonomy":"product_cat","embeddable":true,"href":"https:\/\/digalco.com\/fr\/wp-json\/wp\/v2\/product_cat?post=282229"},{"taxonomy":"product_tag","embeddable":true,"href":"https:\/\/digalco.com\/fr\/wp-json\/wp\/v2\/product_tag?post=282229"}],"curies":[{"name":"wp","href":"https:\/\/api.w.org\/{rel}","templated":true}]}}