{"id":283016,"date":"2025-11-19T10:25:20","date_gmt":"2025-11-19T09:25:20","guid":{"rendered":"https:\/\/digalco.com\/tienda\/dell-latitude-5410-14-reconditionne-core-i7-18ghz-16-gb-ram-256-gb-ssd-m2-1920x1080-fr-14315\/"},"modified":"2025-11-19T11:29:46","modified_gmt":"2025-11-19T10:29:46","slug":"dell-latitude-5410-14-reconditionne-core-i7-18ghz-16-gb-ram-256-gb-ssd-m2-1920x1080-fr-14315","status":"publish","type":"product","link":"https:\/\/digalco.com\/fr\/produit\/dell-latitude-5410-14-reconditionne-core-i7-18ghz-16-gb-ram-256-gb-ssd-m2-1920x1080-fr-14315\/","title":{"rendered":"Dell Latitude 5410 14\u00a0\u00bb | Reconditionn\u00e9 | Core i7 1.8GHz | 16 GB RAM | 256 GB SSD M2 1920&#215;1080"},"content":{"rendered":"<p><strong>Processeur<\/strong><br \/>Intel Core i7 10610U 1.8 GHz.<br \/><strong>M\u00e9moire RAM<\/strong><br \/>16 Gb. SO-DDR4 RAM<br \/><strong>Disque dur<\/strong><br \/>256 Gb. SSD M2<br \/><strong>Cartes<\/strong><br \/>Graphique: Intel UHD Graphics<br \/>Son: Realtek HDA<br \/>R\u00e9seau: intel(R) ethernet l219-LM<br \/><strong>Syst\u00e8me op\u00e9ratif<\/strong><br \/>Windows 11 Pro<br \/><strong>Ports<\/strong><br \/>USB-C<br \/>3x USB 3.1<br \/><strong>\u00c9cran<\/strong><br \/>Led 14 \u00a0\u00bb FullHD 16:9 \u00b7 R\u00e9solution 1920&#215;1080<br \/><strong>Ports vid\u00e9o<\/strong><br \/>HDMI<br \/><strong>Multim\u00e9dias<\/strong><br \/>Webcam<br \/>Lecteur carte d&rsquo;identit\u00e9<br \/><strong>Connectivit\u00e9<\/strong><br \/>RJ-45<br \/>WIFI<br \/>Bluetooth<br \/><strong>Notebook sp\u00e9cifique<\/strong><br \/>Langue du clavier International (autocollants espagnols)<br \/><strong>Autres<\/strong><br \/>hR emballage<br \/><strong>Dimensions<\/strong><br \/>22x33x2 cm.<br \/><strong>Poids<\/strong><br \/>1.40 Kg.<br \/><strong>Sp\u00e9cifications suppl\u00e9mentaires<\/strong><br \/>Le Dell Latitude 5410 est un ordinateur portable professionnel con\u00e7u pour ceux qui recherchent puissance, stabilit\u00e9 et s\u00e9curit\u00e9 dans leur environnement de travail. \u00c9quip\u00e9 d\u2019un processeur Intel Core i7 10610U \u00e0 1.8 GHz, ce mod\u00e8le offre des performances agiles m\u00eame dans les t\u00e2ches exigeantes, garantissant une utilisation fluide dans les applications professionnelles, le multit\u00e2che intensif et les vid\u00e9oconf\u00e9rences. Ses 16 Go de RAM DDR4 et son SSD M.2 de 256 Go assurent des d\u00e9marrages instantan\u00e9s, des temps de chargement r\u00e9duits et une exp\u00e9rience de travail toujours dynamique.L\u2019\u00e9cran LED FullHD de 14\u2019\u2019 (1920&#215;1080) offre une visualisation claire et pr\u00e9cise, parfaite pour l\u2019analyse de donn\u00e9es, le contenu multim\u00e9dia ou les longues sessions de travail. De plus, la webcam int\u00e9gr\u00e9e facilite les r\u00e9unions en ligne avec une excellente qualit\u00e9 d\u2019image, un \u00e9l\u00e9ment essentiel dans l\u2019environnement professionnel actuel.En mati\u00e8re de s\u00e9curit\u00e9, le Latitude 5410 se distingue par l\u2019int\u00e9gration du TPM 2.0 et d\u2019un lecteur de carte d\u2019identit\u00e9, permettant une authentification robuste et une protection avanc\u00e9e des informations, conforme aux normes professionnelles les plus \u00e9lev\u00e9es. Son design robuste et \u00e9quilibr\u00e9, pens\u00e9 pour un usage quotidien, en fait un appareil fiable, facile \u00e0 transporter et pr\u00eat pour les longues journ\u00e9es de travail.Avec Windows 11 Pro, le syst\u00e8me offre un environnement moderne, s\u00e9curis\u00e9 et optimis\u00e9 pour la productivit\u00e9. Dans l\u2019ensemble, le Dell Latitude 5410 est une solution id\u00e9ale pour les professionnels et les entreprises ayant besoin d\u2019un ordinateur portable rapide, s\u00fbr et durable, capable d\u2019offrir des performances maximales dans toutes les situations.Bon aspect ext\u00e9rieur. Peut pr\u00e9senter des marques d\u2019usage sur le ch\u00e2ssis. Consultez \u201c+ Photos\u201d et \u201cVid\u00e9o\u201d et si vous avez des questions, appelez-nous ou utilisez notre chat pour obtenir plus d\u2019informations ou demander davantage de d\u00e9tails.<\/p>\n","protected":false},"excerpt":{"rendered":"<p>Intel Core i7 10610U 1.8 GHz. \u00b7 16 Gb. SO-DDR4 RAM \u00b7 256 Gb. SSD M2 \u00b7 <strong>Windows 11 Pro<\/strong> \u00b7 Led 14 \u00a0\u00bb FullHD 16:9 \u00b7 Webcam \u00b7<u>Clavier international avec autocollants en fran\u00e7ais<\/u> [&#8230;]<\/p>\n<p><a class=\"btn btn-secondary understrap-read-more-link\" href=\"https:\/\/digalco.com\/fr\/produit\/dell-latitude-5410-14-reconditionne-core-i7-18ghz-16-gb-ram-256-gb-ssd-m2-1920x1080-fr-14315\/\">Lire la suite\u2026<span class=\"screen-reader-text\"> from Dell Latitude 5410 14\u00a0\u00bb | Reconditionn\u00e9 | Core i7 1.8GHz | 16 GB RAM | 256 GB SSD M2 1920&#215;1080<\/span><\/a><\/p>\n","protected":false},"featured_media":282966,"template":"","meta":[],"product_brand":[3852],"product_cat":[3760,1517],"product_tag":[],"class_list":{"0":"post-283016","1":"product","2":"type-product","3":"status-publish","4":"has-post-thumbnail","6":"product_brand-dell","7":"product_cat-notebooks-14-fr","8":"product_cat-notebooks-fr","10":"first","11":"outofstock","12":"taxable","13":"shipping-taxable","14":"purchasable","15":"product-type-simple"},"bundled_by":[],"bundle_stock_status":"outofstock","bundle_stock_quantity":0,"bundle_virtual":false,"bundle_layout":"","bundle_add_to_cart_form_location":"","bundle_editable_in_cart":false,"bundle_sold_individually_context":"","bundle_item_grouping":"","bundle_min_size":"","bundle_max_size":"","bundle_price":[],"bundled_items":[],"bundle_sell_ids":[],"exclude_global_add_ons":true,"addons":{"keyboard-iso-upgrades":{"name":"Choisir langue du clavier","type":"multiple_choice","position":0,"required":false,"title_format":"heading","default":"","description_enable":false,"description":"","placeholder_enable":false,"placeholder":"","display":"radiobutton","restrictions_type":"any_text","adjust_price":false,"price":"","price_type":"quantity_based","restrictions":false,"min":"0","max":"0","options":[{"label":"Autocollants espagnols [AMP00082]","price":"0.0000","price_type":"quantity_based","image":0,"visibility":true},{"label":"Autocollants fran\u00e7ais [AMP00084]","price":"0.0000","price_type":"quantity_based","image":0,"visibility":true},{"label":"Autocollants portugais [AMP00083]","price":"0.0000","price_type":"quantity_based","image":0,"visibility":true}]},"ram-memory-upgrades":{"name":"Extension RAM","type":"multiple_choice","position":0,"required":false,"title_format":"heading","default":"","description_enable":false,"description":"","placeholder_enable":false,"placeholder":"","display":"radiobutton","restrictions_type":"any_text","adjust_price":false,"price":"","price_type":"quantity_based","restrictions":false,"min":"0","max":"0","options":[{"label":"Extension de 32 Gb de RAM SODIMM [AMP00098]","price":150,"price_type":"quantity_based","image":0,"visibility":true}]},"hdd-upgrades":{"name":"Extension disque dur","type":"multiple_choice","position":0,"required":false,"title_format":"heading","default":"","description_enable":false,"description":"","placeholder_enable":false,"placeholder":"","display":"radiobutton","restrictions_type":"any_text","adjust_price":false,"price":"","price_type":"quantity_based","restrictions":false,"min":"0","max":"0","options":[{"label":"Passez au disque SSD de 500 Gb. M.2 2280PCIe [AMP00106]","price":110,"price_type":"quantity_based","image":0,"visibility":true},{"label":"Passez au disque SSD 1 Tb. M.2 2280 PCIe [AMP00107]","price":165,"price_type":"quantity_based","image":0,"visibility":true},{"label":"Passez au disque SSD 2 Tb. M.2 2280 PCIe [AMP00171]","price":260,"price_type":"quantity_based","image":0,"visibility":true}]},"os-upgrades":{"name":"Expansion SO","type":"multiple_choice","position":0,"required":false,"title_format":"heading","default":"","description_enable":false,"description":"","placeholder_enable":false,"placeholder":"","display":"radiobutton","restrictions_type":"any_text","adjust_price":false,"price":"","price_type":"quantity_based","restrictions":false,"min":"0","max":"0","options":[{"label":"Changer la langue en fran\u00e7ais [AMP00125]","price":"0.0000","price_type":"quantity_based","image":0,"visibility":true},{"label":"Changer la langue en anglais [AMP00008]","price":"0.0000","price_type":"quantity_based","image":0,"visibility":true},{"label":"Changer la langue en portugais [AMP00009]","price":"0.0000","price_type":"quantity_based","image":0,"visibility":true}]},"briefcase-upgrades":{"name":"Porte-documents","type":"multiple_choice","position":0,"required":false,"title_format":"heading","default":"","description_enable":false,"description":"","placeholder_enable":false,"placeholder":"","display":"radiobutton","restrictions_type":"any_text","adjust_price":false,"price":"","price_type":"quantity_based","restrictions":false,"min":"0","max":"0","options":[{"label":"Mallette Notebook [AMP00041]","price":"5.0000","price_type":"quantity_based","image":0,"visibility":true}]}},"df_price":362,"df_sale_price":"","df_regular_price":362,"df_image_link":"https:\/\/digalco.com\/wp-content\/uploads\/images\/product\/14315\/dell01553_01-300x225.jpg","_links":{"self":[{"href":"https:\/\/digalco.com\/fr\/wp-json\/wp\/v2\/product\/283016","targetHints":{"allow":["GET"]}}],"collection":[{"href":"https:\/\/digalco.com\/fr\/wp-json\/wp\/v2\/product"}],"about":[{"href":"https:\/\/digalco.com\/fr\/wp-json\/wp\/v2\/types\/product"}],"wp:featuredmedia":[{"embeddable":true,"href":"https:\/\/digalco.com\/fr\/wp-json\/wp\/v2\/media\/282966"}],"wp:attachment":[{"href":"https:\/\/digalco.com\/fr\/wp-json\/wp\/v2\/media?parent=283016"}],"wp:term":[{"taxonomy":"product_brand","embeddable":true,"href":"https:\/\/digalco.com\/fr\/wp-json\/wp\/v2\/product_brand?post=283016"},{"taxonomy":"product_cat","embeddable":true,"href":"https:\/\/digalco.com\/fr\/wp-json\/wp\/v2\/product_cat?post=283016"},{"taxonomy":"product_tag","embeddable":true,"href":"https:\/\/digalco.com\/fr\/wp-json\/wp\/v2\/product_tag?post=283016"}],"curies":[{"name":"wp","href":"https:\/\/api.w.org\/{rel}","templated":true}]}}