{"id":283177,"date":"2025-11-20T10:59:47","date_gmt":"2025-11-20T09:59:47","guid":{"rendered":"https:\/\/digalco.com\/tienda\/dell-poweredge-r640-barebone-rack-reconditionne-xeon-22ghz-32-gb-ram-sas-fr-13999\/"},"modified":"2025-11-20T10:59:53","modified_gmt":"2025-11-20T09:59:53","slug":"dell-poweredge-r640-barebone-rack-reconditionne-xeon-22ghz-32-gb-ram-sas-fr-13999","status":"publish","type":"product","link":"https:\/\/digalco.com\/fr\/produit\/dell-poweredge-r640-barebone-rack-reconditionne-xeon-22ghz-32-gb-ram-sas-fr-13999\/","title":{"rendered":"Dell PowerEdge R640-Barebone Rack | Reconditionn\u00e9 | Xeon 2.2GHz | 32 GB RAM | SAS"},"content":{"rendered":"<p><strong>Processeur<\/strong><br \/>Intel Xeon Silver 4210 2.2 GHz.<br \/><strong>Facteur de forme<\/strong><br \/>Rack (1U)<br \/><strong>M\u00e9moire RAM<\/strong><br \/>32 Gb. DDR4 ECC RAM<br \/>24 emplacements (22 vide )<br \/><strong>Disque dur<\/strong><br \/>SAS 2.5\u00a0\u00bb<br \/>8 emplacements<br \/><strong>Cartes<\/strong><br \/>R\u00e9seau: Gigabit Ethernet Quad Port<br \/><strong>Syst\u00e8me op\u00e9ratif<\/strong><br \/>&#8211; Sans SO &#8211;<br \/><strong>Ports<\/strong><br \/>S\u00e9rie<br \/>3x USB 3.0<br \/>USB-C<br \/><strong>Connectivit\u00e9<\/strong><br \/>4x RJ-45<br \/><strong>Source de courant<\/strong><br \/>2x Alimentations (Hotplug)<br \/><strong>Autres<\/strong><br \/>hR emballage<br \/><strong>Dimensions<\/strong><br \/>74.5&#215;48.5&#215;4.5 cm.<br \/><strong>Poids<\/strong><br \/>13.60 Kg.<br \/><strong>Sp\u00e9cifications suppl\u00e9mentaires<\/strong><br \/>Le Dell PowerEdge R640 est un serveur rack 1U haute performance, con\u00e7u pour offrir une densit\u00e9 maximale, une efficacit\u00e9 \u00e9nerg\u00e9tique optimale et une grande puissance de calcul dans des environnements professionnels o\u00f9 l\u2019espace est une ressource essentielle. \u00c9quip\u00e9 d\u2019un processeur Intel Xeon Silver 4210 \u00e0 2,2 GHz et de 32 Go de m\u00e9moire DDR4 ECC, il garantit des performances stables et s\u00e9curis\u00e9es pour des charges de travail telles que la virtualisation, le VDI, l\u2019analyse de donn\u00e9es ou les applications professionnelles intensives.Ce mod\u00e8le est propos\u00e9 au format barebone, sans disques install\u00e9s, permettant aux distributeurs et int\u00e9grateurs de personnaliser le stockage selon les besoins du projet. Il dispose de 24 baies pour disques 2,5&Prime; (22 vides) avec support SAS, ainsi que 8 baies suppl\u00e9mentaires, offrant une plateforme extr\u00eamement \u00e9volutive et flexible qui grandit au rythme de l\u2019activit\u00e9. Le contr\u00f4leur RAID PERC H730P Mini assure une protection avanc\u00e9e des donn\u00e9es, d\u2019excellentes performances d\u2019E\/S et une compatibilit\u00e9 avec les configurations RAID les plus exigeantes.Le R640 se distingue par sa capacit\u00e9 d\u2019extension intelligente, avec un slot PCIe X16, id\u00e9al pour des cartes r\u00e9seau haute performance ou des adaptateurs sp\u00e9cifiques. Il inclut \u00e9galement une remarque importante : les caddies de disques ne sont pas fournis, laissant \u00e0 l\u2019int\u00e9grateur le soin de choisir les accessoires les mieux adapt\u00e9s \u00e0 la configuration finale.Avec un design robuste, efficace et optimis\u00e9 pour un fonctionnement 24\/7, le Dell PowerEdge R640 est une solution id\u00e9ale pour les centres de donn\u00e9es, int\u00e9grateurs et distributeurs recherchant un serveur de nouvelle g\u00e9n\u00e9ration, hautement \u00e9volutif et adaptable \u00e0 toute infrastructure professionnelle.Serveur barebone, id\u00e9al pour des configurations personnalis\u00e9es selon les besoins du client.Bon aspect ext\u00e9rieur. Si vous avez des questions, appelez-nous ou utilisez notre chat pour obtenir davantage d\u2019informations ou demander plus de d\u00e9tails.<br \/><strong>Commentaires<\/strong><br \/><u>Perc H730P Mini Raid Controller &#8211; 1xPCIe X16 &#8211; Guides de disque non inclus<\/u><\/p>\n","protected":false},"excerpt":{"rendered":"<p>Intel Xeon Silver 4210 2.2 GHz. \u00b7 32 Gb. DDR4 ECC RAM \u00b7 24 emplacements (22 vide ) \u00b7 SAS 2.5\u00a0\u00bb \u00b7 8 emplacements \u00b7<br \/>\n<strong>Perc H730P Mini Raid Controller<\/strong> &#8211; <u>1xPCIe X16 &#8211; Guides de disque non inclus<br \/>\n<\/u> [&#8230;]<\/p>\n<p><a class=\"btn btn-secondary understrap-read-more-link\" href=\"https:\/\/digalco.com\/fr\/produit\/dell-poweredge-r640-barebone-rack-reconditionne-xeon-22ghz-32-gb-ram-sas-fr-13999\/\">Lire la suite\u2026<span class=\"screen-reader-text\"> from Dell PowerEdge R640-Barebone Rack | Reconditionn\u00e9 | Xeon 2.2GHz | 32 GB RAM | SAS<\/span><\/a><\/p>\n","protected":false},"featured_media":283162,"template":"","meta":[],"product_brand":[3852],"product_cat":[3745,1641,1633],"product_tag":[],"class_list":{"0":"post-283177","1":"product","2":"type-product","3":"status-publish","4":"has-post-thumbnail","6":"product_brand-dell","7":"product_cat-barebone-fr","8":"product_cat-serveurs-rack-fr","9":"product_cat-serveurs-fr","11":"first","12":"instock","13":"taxable","14":"shipping-taxable","15":"purchasable","16":"product-type-simple"},"bundled_by":[],"bundle_stock_status":"instock","bundle_stock_quantity":3,"bundle_virtual":false,"bundle_layout":"","bundle_add_to_cart_form_location":"","bundle_editable_in_cart":false,"bundle_sold_individually_context":"","bundle_item_grouping":"","bundle_min_size":"","bundle_max_size":"","bundle_price":[],"bundled_items":[],"bundle_sell_ids":[],"exclude_global_add_ons":[],"addons":[],"df_price":984,"df_sale_price":"","df_regular_price":984,"df_image_link":"https:\/\/digalco.com\/wp-content\/uploads\/images\/product\/13999\/dell01499_01-300x225.jpg","_links":{"self":[{"href":"https:\/\/digalco.com\/fr\/wp-json\/wp\/v2\/product\/283177","targetHints":{"allow":["GET"]}}],"collection":[{"href":"https:\/\/digalco.com\/fr\/wp-json\/wp\/v2\/product"}],"about":[{"href":"https:\/\/digalco.com\/fr\/wp-json\/wp\/v2\/types\/product"}],"wp:featuredmedia":[{"embeddable":true,"href":"https:\/\/digalco.com\/fr\/wp-json\/wp\/v2\/media\/283162"}],"wp:attachment":[{"href":"https:\/\/digalco.com\/fr\/wp-json\/wp\/v2\/media?parent=283177"}],"wp:term":[{"taxonomy":"product_brand","embeddable":true,"href":"https:\/\/digalco.com\/fr\/wp-json\/wp\/v2\/product_brand?post=283177"},{"taxonomy":"product_cat","embeddable":true,"href":"https:\/\/digalco.com\/fr\/wp-json\/wp\/v2\/product_cat?post=283177"},{"taxonomy":"product_tag","embeddable":true,"href":"https:\/\/digalco.com\/fr\/wp-json\/wp\/v2\/product_tag?post=283177"}],"curies":[{"name":"wp","href":"https:\/\/api.w.org\/{rel}","templated":true}]}}