{"id":283221,"date":"2025-11-20T12:38:12","date_gmt":"2025-11-20T11:38:12","guid":{"rendered":"https:\/\/digalco.com\/tienda\/dell-poweredge-r410-barebone-rack-reconditionne-xeon-quad-core-24ghz-4-gb-ram-sin-disco-fr-14000\/"},"modified":"2026-01-22T13:56:39","modified_gmt":"2026-01-22T12:56:39","slug":"dell-poweredge-r410-barebone-rack-reconditionne-xeon-quad-core-24ghz-4-gb-ram-sin-disco-fr-14000","status":"publish","type":"product","link":"https:\/\/digalco.com\/fr\/produit\/dell-poweredge-r410-barebone-rack-reconditionne-xeon-quad-core-24ghz-4-gb-ram-sin-disco-fr-14000\/","title":{"rendered":"Dell PowerEdge R410-Barebone Rack | Reconditionn\u00e9 | Xeon Quad Core 2.4GHz | 4 GB RAM | &#8211; Sin disco &#8211;"},"content":{"rendered":"<p><strong>Processeur<\/strong><br \/>2x Intel Xeon Quad Core E5620 2.4 GHz.<br \/><strong>Facteur de forme<\/strong><br \/>Rack (1U)<br \/><strong>M\u00e9moire RAM<\/strong><br \/>4 Gb. DDR3 ECC RAM<br \/>8 emplacements (6 vide )<br \/><strong>Disque dur<\/strong><br \/>&#8211; Sin disco &#8211; 3.5\u00a0\u00bb<br \/>4 emplacements<br \/><strong>Lecteur optique<\/strong><br \/>DVD<br \/><strong>Cartes<\/strong><br \/>Graphique: MATROX G200EW<br \/>R\u00e9seau: broadcom BCM5716<br \/><strong>Syst\u00e8me op\u00e9ratif<\/strong><br \/>COA Windows Server 2008 mis \u00e0 jour vers &#8211; Sans SO &#8211;<br \/><strong>Ports<\/strong><br \/>S\u00e9rie<br \/>4x USB 2.0<br \/><strong>Connectivit\u00e9<\/strong><br \/>2x RJ-45<br \/><strong>Source de courant<\/strong><br \/>2x Alimentations (Hotplug)<br \/><strong>Autres<\/strong><br \/>hR emballage<br \/><strong>Dimensions<\/strong><br \/>xx cm.<br \/><strong>Poids<\/strong><br \/>15.00 Kg.<br \/><strong>Sp\u00e9cifications suppl\u00e9mentaires<\/strong><br \/>Le Dell PowerEdge R410-Barebone avec processeurs Intel Xeon E5620 Quad Core est la solution dont votre r\u00e9seau a besoin pour r\u00e9pondre \u00e0 des projets exigeants avec des budgets comp\u00e9titifs. Avec 2 CPU Xeon \u00e0 2,4 GHz, ce serveur garantit une plateforme stable et efficace, capable de g\u00e9rer des services d\u00e9di\u00e9s, la virtualisation initiale et la gestion de fichiers pour des entreprises de toute taille.Sa m\u00e9moire DDR3 ECC de 4 Go est id\u00e9ale pour les t\u00e2ches r\u00e9seau, les services p\u00e9riph\u00e9riques ou les applications d&rsquo;entreprise basiques, permettant aux int\u00e9grateurs d&rsquo;ajuster facilement la RAM selon les besoins du client final. De plus, la capacit\u00e9 de 8 baies pour disques 3,5\u201d \u2014 dont 6 sont libres \u2014 offre une grande marge pour des adaptations futures, du stockage \u00e9volutif et des configurations RAID avanc\u00e9es gr\u00e2ce au contr\u00f4leur fiable Dell PERC 6i.Le format rack compact 1U est parfait pour optimiser l&rsquo;espace physique, facilitant l&rsquo;installation dans des structures \u00e0 grand volume ou des centres de donn\u00e9es avec des infrastructures en pleine expansion. Son slot PCIe X16 assure la possibilit\u00e9 de mettre \u00e0 jour et d&rsquo;adapter le mat\u00e9riel en fonction des d\u00e9fis du march\u00e9, tandis que le lecteur DVD simplifie les migrations, restaurations et d\u00e9ploiements personnalis\u00e9s.Il s&rsquo;agit d&rsquo;un syst\u00e8me polyvalent, pr\u00eat \u00e0 s&rsquo;adapter \u00e0 toute exigence professionnelle, mettant en avant un excellent rapport performance-co\u00fbt et le soutien d&rsquo;une marque leader en serveurs. Le Dell R410-Barebone E5620 est le choix id\u00e9al pour ceux qui recherchent fiabilit\u00e9, \u00e9volutivit\u00e9 et flexibilit\u00e9 en un seul produit.Bon aspect ext\u00e9rieur. Si vous avez des questions, appelez-nous ou utilisez notre chat pour obtenir plus d&rsquo;informations ou demander des d\u00e9tails suppl\u00e9mentaires.\ufeff<br \/><strong>Commentaires<\/strong><br \/><u>Perc 6i Raid Controller &#8211; 1xPCIe X16<\/u><\/p>\n","protected":false},"excerpt":{"rendered":"<p>2x Intel Xeon Quad Core E5620 2.4 GHz. \u00b7 4 Gb. DDR3 ECC RAM \u00b7 8 emplacements (6 vide ) \u00b7 3.5\u00a0\u00bb \u00b7 4 emplacements \u00b7 DVD \u00b7<br \/>\n<strong>Perc 6i Raid Controller<\/strong> &#8211; <u>1xPCIe X16<br \/>\n<\/u> [&#8230;]<\/p>\n<p><a class=\"btn btn-secondary understrap-read-more-link\" href=\"https:\/\/digalco.com\/fr\/produit\/dell-poweredge-r410-barebone-rack-reconditionne-xeon-quad-core-24ghz-4-gb-ram-sin-disco-fr-14000\/\">Lire la suite\u2026<span class=\"screen-reader-text\"> from Dell PowerEdge R410-Barebone Rack | Reconditionn\u00e9 | Xeon Quad Core 2.4GHz | 4 GB RAM | &#8211; Sin disco &#8211;<\/span><\/a><\/p>\n","protected":false},"featured_media":283216,"template":"","meta":[],"product_brand":[3852],"product_cat":[3745,1641,1633],"product_tag":[],"class_list":{"0":"post-283221","1":"product","2":"type-product","3":"status-publish","4":"has-post-thumbnail","6":"product_brand-dell","7":"product_cat-barebone-fr","8":"product_cat-serveurs-rack-fr","9":"product_cat-serveurs-fr","11":"first","12":"instock","13":"taxable","14":"shipping-taxable","15":"purchasable","16":"product-type-simple"},"bundled_by":[],"bundle_stock_status":"instock","bundle_stock_quantity":1,"bundle_virtual":false,"bundle_layout":"","bundle_add_to_cart_form_location":"","bundle_editable_in_cart":false,"bundle_sold_individually_context":"","bundle_item_grouping":"","bundle_min_size":"","bundle_max_size":"","bundle_price":[],"bundled_items":[],"bundle_sell_ids":[],"exclude_global_add_ons":[],"addons":[],"df_price":120,"df_sale_price":"","df_regular_price":120,"df_image_link":"https:\/\/digalco.com\/wp-content\/uploads\/images\/product\/14000\/dell01500_01-300x225.jpg","_links":{"self":[{"href":"https:\/\/digalco.com\/fr\/wp-json\/wp\/v2\/product\/283221","targetHints":{"allow":["GET"]}}],"collection":[{"href":"https:\/\/digalco.com\/fr\/wp-json\/wp\/v2\/product"}],"about":[{"href":"https:\/\/digalco.com\/fr\/wp-json\/wp\/v2\/types\/product"}],"wp:featuredmedia":[{"embeddable":true,"href":"https:\/\/digalco.com\/fr\/wp-json\/wp\/v2\/media\/283216"}],"wp:attachment":[{"href":"https:\/\/digalco.com\/fr\/wp-json\/wp\/v2\/media?parent=283221"}],"wp:term":[{"taxonomy":"product_brand","embeddable":true,"href":"https:\/\/digalco.com\/fr\/wp-json\/wp\/v2\/product_brand?post=283221"},{"taxonomy":"product_cat","embeddable":true,"href":"https:\/\/digalco.com\/fr\/wp-json\/wp\/v2\/product_cat?post=283221"},{"taxonomy":"product_tag","embeddable":true,"href":"https:\/\/digalco.com\/fr\/wp-json\/wp\/v2\/product_tag?post=283221"}],"curies":[{"name":"wp","href":"https:\/\/api.w.org\/{rel}","templated":true}]}}