{"id":283253,"date":"2025-11-20T12:51:24","date_gmt":"2025-11-20T11:51:24","guid":{"rendered":"https:\/\/digalco.com\/tienda\/dell-poweredge-r310-barebone-rack-reconditionne-xeon-quad-core-24ghz-4-gb-ram-sas-fr-5232\/"},"modified":"2025-11-20T12:51:32","modified_gmt":"2025-11-20T11:51:32","slug":"dell-poweredge-r310-barebone-rack-reconditionne-xeon-quad-core-24ghz-4-gb-ram-sas-fr-5232","status":"publish","type":"product","link":"https:\/\/digalco.com\/fr\/produit\/dell-poweredge-r310-barebone-rack-reconditionne-xeon-quad-core-24ghz-4-gb-ram-sas-fr-5232\/","title":{"rendered":"Dell PowerEdge R310-Barebone Rack | Reconditionn\u00e9 | Xeon Quad Core 2.4GHz | 4 GB RAM | SAS"},"content":{"rendered":"<p><strong>Processeur<\/strong><br \/>Intel Xeon Quad Core X3430 2.4 GHz.<br \/><strong>Facteur de forme<\/strong><br \/>Rack  (1U)<br \/><strong>M\u00e9moire RAM<\/strong><br \/>4 Gb. DDR3 ECC RAM<br \/>6 emplacements (5 vide )<br \/><strong>Disque dur<\/strong><br \/>SAS 3.5\u00a0\u00bb<br \/>4 emplacements<br \/><strong>Lecteur optique<\/strong><br \/>DVD-RW<br \/><strong>Cartes<\/strong><br \/>Graphique: G200<br \/>R\u00e9seau: Gigabit B5709C<br \/><strong>Syst\u00e8me op\u00e9ratif<\/strong><br \/>&#8211; Sans SO &#8211;<br \/><strong>Ports<\/strong><br \/>S\u00e9rie<br \/>4x USB 2.0<br \/><strong>Connectivit\u00e9<\/strong><br \/>2x RJ-45<br \/><strong>Source de courant<\/strong><br \/>2x Alimentations (Hotplug)<br \/><strong>Autres<\/strong><br \/>hR emballage<br \/><strong>Dimensions<\/strong><br \/>67.5&#215;48.5&#215;4.5 cm.<br \/><strong>Poids<\/strong><br \/>18.00 Kg.<br \/><strong>Sp\u00e9cifications suppl\u00e9mentaires<\/strong><br \/>D\u00e9couvrez le Dell PowerEdge R310-Barebone, un serveur con\u00e7u pour ceux qui recherchent une efficacit\u00e9 maximale dans un format compact, sans renoncer \u00e0 la performance et \u00e0 la scalabilit\u00e9. Anim\u00e9 par le processeur Intel Xeon Quad Core X3430 \u00e0 2,4 GHz et 4 Go de m\u00e9moire DDR3 ECC, cet \u00e9quipement offre la base parfaite aux projets d&rsquo;entreprise n\u00e9cessitant des services fiables, un stockage centralis\u00e9 ou une gestion des donn\u00e9es critiques pour les PME et les filiales.<br \/>Avec 6 baies SAS de 3,5\u201d \u2014 dont 5 libres pour \u00e9tendre le stockage sur mesure \u2014 le R310 s\u2019adapte aux besoins d\u2019\u00e9volution du client, id\u00e9al pour les sauvegardes locales, comme serveur de fichiers ou pour lancer des applications essentielles. Le contr\u00f4leur RAID SAS 6\/IR int\u00e9gr\u00e9 offre s\u00e9curit\u00e9 et flexibilit\u00e9 accrues dans la gestion des volumes, essentiel pour les environnements IT qui ne tol\u00e8rent ni arr\u00eats ni pertes de donn\u00e9es.<br \/>L\u2019int\u00e9gration d\u2019un lecteur DVD-RW facilite les installations et maintenances sur site, tandis que l\u2019extension PCIe X16 permet de personnaliser l\u2019appareil avec des cartes additionnelles selon les d\u00e9fis futurs. Le tout r\u00e9uni dans un ch\u00e2ssis robuste et efficace, optimis\u00e9 pour rack mais parfait aussi pour les environnements de bureau \u00e0 la recherche de fiabilit\u00e9 professionnelle \u00e0 co\u00fbt ma\u00eetris\u00e9.<br \/>Le PowerEdge R310-Barebone est la meilleure option de sa cat\u00e9gorie, offrant qualit\u00e9, \u00e9volutivit\u00e9 et service diff\u00e9renci\u00e9, gr\u00e2ce \u00e0 l\u2019exp\u00e9rience Dell et \u00e0 la polyvalence d\u2019un barebone pr\u00eat \u00e0 \u00eatre d\u00e9ploy\u00e9 dans toute infrastructure moderne.<br \/>Bon aspect ext\u00e9rieur. Si vous avez des questions, appelez-nous ou utilisez notre chat pour obtenir plus d\u2019informations ou demander des d\u00e9tails suppl\u00e9mentaires.<br \/><strong>Commentaires<\/strong><br \/><u>SAS 6\/IR Integrated Raid Controller &#8211; 1xPCIe X16<\/u><\/p>\n","protected":false},"excerpt":{"rendered":"<p>Intel Xeon Quad Core X3430 2.4 GHz. \u00b7 4 Gb. DDR3 ECC RAM \u00b7 6 emplacements (5 vide ) \u00b7 SAS 3.5\u00a0\u00bb \u00b7 4 emplacements \u00b7 DVD-RW \u00b7<br \/>\n<strong>SAS 6\/IR Integrated Raid Controller<\/strong> &#8211; <u>1xPCIe X16<br \/>\n<\/u> [&#8230;]<\/p>\n<p><a class=\"btn btn-secondary understrap-read-more-link\" href=\"https:\/\/digalco.com\/fr\/produit\/dell-poweredge-r310-barebone-rack-reconditionne-xeon-quad-core-24ghz-4-gb-ram-sas-fr-5232\/\">Lire la suite\u2026<span class=\"screen-reader-text\"> from Dell PowerEdge R310-Barebone Rack | Reconditionn\u00e9 | Xeon Quad Core 2.4GHz | 4 GB RAM | SAS<\/span><\/a><\/p>\n","protected":false},"featured_media":283228,"template":"","meta":[],"product_brand":[3852],"product_cat":[3745,1641,1633],"product_tag":[],"class_list":{"0":"post-283253","1":"product","2":"type-product","3":"status-publish","4":"has-post-thumbnail","6":"product_brand-dell","7":"product_cat-barebone-fr","8":"product_cat-serveurs-rack-fr","9":"product_cat-serveurs-fr","11":"first","12":"instock","13":"taxable","14":"shipping-taxable","15":"purchasable","16":"product-type-simple"},"bundled_by":[],"bundle_stock_status":"instock","bundle_stock_quantity":2,"bundle_virtual":false,"bundle_layout":"","bundle_add_to_cart_form_location":"","bundle_editable_in_cart":false,"bundle_sold_individually_context":"","bundle_item_grouping":"","bundle_min_size":"","bundle_max_size":"","bundle_price":[],"bundled_items":[],"bundle_sell_ids":[],"exclude_global_add_ons":true,"addons":{"hdd-upgrades":{"name":"Extension disque dur","type":"multiple_choice","position":0,"required":false,"title_format":"heading","default":"","description_enable":false,"description":"","placeholder_enable":false,"placeholder":"","display":"radiobutton","restrictions_type":"any_text","adjust_price":false,"price":"","price_type":"quantity_based","restrictions":false,"min":"0","max":"0","options":[{"label":"2x disque SSD 240 Gb. [AMP00058]","price":"100.0000","price_type":"quantity_based","image":0,"visibility":true},{"label":"2x disque SSD 480 Gb. [AMP00059]","price":"200.0000","price_type":"quantity_based","image":0,"visibility":true}]}},"df_price":108,"df_sale_price":"","df_regular_price":108,"df_image_link":"https:\/\/digalco.com\/wp-content\/uploads\/images\/product\/5232\/dell00739_01-300x225.jpg","_links":{"self":[{"href":"https:\/\/digalco.com\/fr\/wp-json\/wp\/v2\/product\/283253","targetHints":{"allow":["GET"]}}],"collection":[{"href":"https:\/\/digalco.com\/fr\/wp-json\/wp\/v2\/product"}],"about":[{"href":"https:\/\/digalco.com\/fr\/wp-json\/wp\/v2\/types\/product"}],"wp:featuredmedia":[{"embeddable":true,"href":"https:\/\/digalco.com\/fr\/wp-json\/wp\/v2\/media\/283228"}],"wp:attachment":[{"href":"https:\/\/digalco.com\/fr\/wp-json\/wp\/v2\/media?parent=283253"}],"wp:term":[{"taxonomy":"product_brand","embeddable":true,"href":"https:\/\/digalco.com\/fr\/wp-json\/wp\/v2\/product_brand?post=283253"},{"taxonomy":"product_cat","embeddable":true,"href":"https:\/\/digalco.com\/fr\/wp-json\/wp\/v2\/product_cat?post=283253"},{"taxonomy":"product_tag","embeddable":true,"href":"https:\/\/digalco.com\/fr\/wp-json\/wp\/v2\/product_tag?post=283253"}],"curies":[{"name":"wp","href":"https:\/\/api.w.org\/{rel}","templated":true}]}}