{"id":283263,"date":"2025-11-20T13:15:58","date_gmt":"2025-11-20T12:15:58","guid":{"rendered":"https:\/\/digalco.com\/tienda\/hp-proliant-dl120-g6-barebone-rack-reconditionne-xeon-quad-core-24ghz-4-gb-ram-hdd-fr-14008\/"},"modified":"2025-11-20T13:16:07","modified_gmt":"2025-11-20T12:16:07","slug":"hp-proliant-dl120-g6-barebone-rack-reconditionne-xeon-quad-core-24ghz-4-gb-ram-hdd-fr-14008","status":"publish","type":"product","link":"https:\/\/digalco.com\/fr\/produit\/hp-proliant-dl120-g6-barebone-rack-reconditionne-xeon-quad-core-24ghz-4-gb-ram-hdd-fr-14008\/","title":{"rendered":"HP Proliant DL120 G6-Barebone Rack | Reconditionn\u00e9 | Xeon Quad Core 2.4GHz | 4 GB RAM | HDD"},"content":{"rendered":"<p><strong>Processeur<\/strong><br \/>Intel Xeon Quad Core X3430 2.4 GHz.<br \/><strong>Facteur de forme<\/strong><br \/>Rack (1U)<br \/><strong>M\u00e9moire RAM<\/strong><br \/>4 Gb. DDR2 RAM<br \/>4 emplacements (2 vide )<br \/><strong>Disque dur<\/strong><br \/>SATA 3.5\u00a0\u00bb<br \/>4 emplacements<br \/><strong>Syst\u00e8me op\u00e9ratif<\/strong><br \/>&#8211; Sans SO &#8211;<br \/><strong>Ports<\/strong><br \/>S\u00e9rie<br \/>6x USB 2.0<br \/><strong>Connectivit\u00e9<\/strong><br \/>2x RJ-45<br \/><strong>Source de courant<\/strong><br \/>Alimentations<br \/><strong>Dimensions<\/strong><br \/>70&#215;48.5&#215;4.5 cm.<br \/><strong>Poids<\/strong><br \/>15.00 Kg.<br \/><strong>Sp\u00e9cifications suppl\u00e9mentaires<\/strong><br \/>Le HP Proliant DL120 G6-Barebone, \u00e9quip\u00e9 d\u2019un processeur Intel Xeon Quad Core X3430 \u00e0 2,4 GHz et de 4 Go de RAM DDR2, est la solution pour ceux qui recherchent une option robuste et \u00e9conomique au format rack 1U. Parfait pour les environnements de d\u00e9ploiement rapide, le d\u00e9ploiement de services web, la gestion documentaire ou les plateformes de travail partag\u00e9es.Gr\u00e2ce \u00e0 ses 4 baies SATA de 3,5\u201d \u2014 dont 2 pr\u00eates \u00e0 \u00eatre \u00e9tendues selon les besoins de stockage \u2014 le DL120 G6 assure une flexibilit\u00e9 pour \u00e9voluer avec l\u2019activit\u00e9. Il int\u00e8gre aussi un slot PCIe X16 pour ajouter des cartes r\u00e9seau, de stockage ou des adaptateurs sp\u00e9cifiques, offrant de nombreuses possibilit\u00e9s pour des projets sur mesure.Ce mod\u00e8le se distingue par son efficacit\u00e9 \u00e9nerg\u00e9tique et sa faible consommation, ce qui le rend id\u00e9al pour les infrastructures exigeant une efficacit\u00e9 op\u00e9rationnelle et une optimisation des co\u00fbts sans sacrifier la fiabilit\u00e9. HP propose une ing\u00e9nierie fiable, une excellente capacit\u00e9 de gestion \u00e0 distance et une int\u00e9gration facile dans des racks de toute taille.Des serveurs applicatifs d\u2019entreprise, contr\u00f4leurs de domaine, aux solutions de sauvegarde, le DL120 G6-Barebone s\u2019adapte aux d\u00e9fis de ceux qui appr\u00e9cient la rapidit\u00e9 de livraison, la garantie de marque et la possibilit\u00e9 d\u2019offrir des configurations personnalis\u00e9es.Le meilleur choix pour ceux qui recherchent un serveur fiable, \u00e9volutif et rentable, avec le soutien de HP et des possibilit\u00e9s d\u2019expansion d\u00e8s le premier jour.Bon aspect ext\u00e9rieur. Si vous avez des questions, appelez-nous ou utilisez notre chat pour obtenir plus d\u2019informations ou demander plus de d\u00e9tails.<br \/><strong>Commentaires<\/strong><br \/><u>1xPCIe X16<\/u><\/p>\n","protected":false},"excerpt":{"rendered":"<p>Intel Xeon Quad Core X3430 2.4 GHz. \u00b7 4 Gb. DDR2 RAM \u00b7 4 emplacements (2 vide ) \u00b7 SATA 3.5\u00a0\u00bb \u00b7 4 emplacements \u00b7<br \/>\n<u>1xPCIe X16<br \/>\n<\/u> [&#8230;]<\/p>\n<p><a class=\"btn btn-secondary understrap-read-more-link\" href=\"https:\/\/digalco.com\/fr\/produit\/hp-proliant-dl120-g6-barebone-rack-reconditionne-xeon-quad-core-24ghz-4-gb-ram-hdd-fr-14008\/\">Lire la suite\u2026<span class=\"screen-reader-text\"> from HP Proliant DL120 G6-Barebone Rack | Reconditionn\u00e9 | Xeon Quad Core 2.4GHz | 4 GB RAM | HDD<\/span><\/a><\/p>\n","protected":false},"featured_media":283258,"template":"","meta":[],"product_brand":[3854],"product_cat":[3745,1641,1633],"product_tag":[],"class_list":{"0":"post-283263","1":"product","2":"type-product","3":"status-publish","4":"has-post-thumbnail","6":"product_brand-hp","7":"product_cat-barebone-fr","8":"product_cat-serveurs-rack-fr","9":"product_cat-serveurs-fr","11":"first","12":"instock","13":"taxable","14":"shipping-taxable","15":"purchasable","16":"product-type-simple"},"bundled_by":[],"bundle_stock_status":"instock","bundle_stock_quantity":1,"bundle_virtual":false,"bundle_layout":"","bundle_add_to_cart_form_location":"","bundle_editable_in_cart":false,"bundle_sold_individually_context":"","bundle_item_grouping":"","bundle_min_size":"","bundle_max_size":"","bundle_price":[],"bundled_items":[],"bundle_sell_ids":[],"exclude_global_add_ons":[],"addons":[],"df_price":108,"df_sale_price":"","df_regular_price":108,"df_image_link":"https:\/\/digalco.com\/wp-content\/uploads\/images\/product\/14008\/hp03105_01-300x225.jpg","_links":{"self":[{"href":"https:\/\/digalco.com\/fr\/wp-json\/wp\/v2\/product\/283263","targetHints":{"allow":["GET"]}}],"collection":[{"href":"https:\/\/digalco.com\/fr\/wp-json\/wp\/v2\/product"}],"about":[{"href":"https:\/\/digalco.com\/fr\/wp-json\/wp\/v2\/types\/product"}],"wp:featuredmedia":[{"embeddable":true,"href":"https:\/\/digalco.com\/fr\/wp-json\/wp\/v2\/media\/283258"}],"wp:attachment":[{"href":"https:\/\/digalco.com\/fr\/wp-json\/wp\/v2\/media?parent=283263"}],"wp:term":[{"taxonomy":"product_brand","embeddable":true,"href":"https:\/\/digalco.com\/fr\/wp-json\/wp\/v2\/product_brand?post=283263"},{"taxonomy":"product_cat","embeddable":true,"href":"https:\/\/digalco.com\/fr\/wp-json\/wp\/v2\/product_cat?post=283263"},{"taxonomy":"product_tag","embeddable":true,"href":"https:\/\/digalco.com\/fr\/wp-json\/wp\/v2\/product_tag?post=283263"}],"curies":[{"name":"wp","href":"https:\/\/api.w.org\/{rel}","templated":true}]}}